{"id":78,"date":"2024-12-23T20:01:18","date_gmt":"2024-12-23T20:01:18","guid":{"rendered":"https:\/\/epar-service.com\/?page_id=78"},"modified":"2025-03-15T15:32:10","modified_gmt":"2025-03-15T15:32:10","slug":"avtryck","status":"publish","type":"page","link":"https:\/\/epar-service.com\/sv\/avtryck\/","title":{"rendered":"Avtryck"},"content":{"rendered":"<div class=\"wp-block-group alignfull has-background-background-color has-background has-global-padding is-layout-constrained wp-container-core-group-is-layout-7276a2bb wp-block-group-is-layout-constrained\" style=\"margin-top:0;margin-bottom:0;padding-top:var(--wp--preset--spacing--60);padding-right:var(--wp--preset--spacing--30);padding-bottom:var(--wp--preset--spacing--60);padding-left:var(--wp--preset--spacing--30)\">\n<div class=\"wp-block-columns alignwide are-vertically-aligned-center is-layout-flex wp-container-core-columns-is-layout-47c06fe3 wp-block-columns-is-layout-flex\">\n<div class=\"wp-block-column is-vertically-aligned-center is-layout-flow wp-container-core-column-is-layout-f5bb311e wp-block-column-is-layout-flow\" style=\"flex-basis:50%\">\n<div class=\"wp-block-group has-global-padding is-layout-constrained wp-container-core-group-is-layout-279e0ccb wp-block-group-is-layout-constrained\">\n<figure class=\"wp-block-image has-custom-border\"><img loading=\"lazy\" decoding=\"async\" width=\"1280\" height=\"853\" src=\"https:\/\/epar-service.com\/wp-content\/uploads\/2024\/12\/ea3a0ec2b0c23cad93c2dbdf0fc7f796010ab0d8.jpg\" alt=\"Avtryck\" class=\"wp-image-86\" style=\"border-radius:20rem;aspect-ratio:3\/4;object-fit:cover\" srcset=\"https:\/\/epar-service.com\/wp-content\/uploads\/2024\/12\/ea3a0ec2b0c23cad93c2dbdf0fc7f796010ab0d8.jpg 1280w, https:\/\/epar-service.com\/wp-content\/uploads\/2024\/12\/ea3a0ec2b0c23cad93c2dbdf0fc7f796010ab0d8-300x200.jpg 300w, https:\/\/epar-service.com\/wp-content\/uploads\/2024\/12\/ea3a0ec2b0c23cad93c2dbdf0fc7f796010ab0d8-1024x682.jpg 1024w, https:\/\/epar-service.com\/wp-content\/uploads\/2024\/12\/ea3a0ec2b0c23cad93c2dbdf0fc7f796010ab0d8-768x512.jpg 768w, https:\/\/epar-service.com\/wp-content\/uploads\/2024\/12\/ea3a0ec2b0c23cad93c2dbdf0fc7f796010ab0d8-600x400.jpg 600w\" sizes=\"auto, (max-width: 1280px) 100vw, 1280px\" \/><\/figure>\n<\/div>\n<\/div>\n\n\n\n<div class=\"wp-block-column is-vertically-aligned-center is-layout-flow wp-block-column-is-layout-flow\" style=\"flex-basis:60%\">\n<h2 class=\"wp-block-heading has-text-align-left has-large-font-size\">Information enligt \u00a7 5 TMG:.<\/h2>\n\n\n\n<p style=\"margin-top:16px\"><strong>Ansvarig:<\/strong><\/p>\n\n\n\n<p>EPAR-service GmbH<\/p>\n\n\n\n<p>info@epar-service.com<\/p>\n\n\n\n<p><strong>Kontakta oss:<\/strong><\/p>\n\n\n\n<p>Haller Stra\u00dfe 71 - 74613 \u00d6hringen - DE<\/p>\n\n\n\n<p>Tel: +49 (0)7941 9598448<\/p>\n\n\n\n<p>Mobil: +49 (0)151 41893417<\/p>\n\n\n\n<p><strong>Registrera inmatning:<\/strong> HRB 798207 Stuttgarts lokala domstol<\/p>\n\n\n\n<p><strong>F\u00f6retr\u00e4ds av:<\/strong><br>Jacques EPARVIER Verkst\u00e4llande direkt\u00f6r<\/p>\n\n\n\n<p><strong>ID f\u00f6r f\u00f6rs\u00e4ljningsskatt:<\/strong> DE452272087<\/p>\n\n\n\n<p><strong>DUNS-nummer:<\/strong> 316474056<\/p>\n\n\n\n<p style=\"margin-top:16px\"><strong>EORI-nummer<\/strong>DE287573374168634<\/p>\n<\/div>\n<\/div>\n<\/div>\n\n\n\n<p><\/p>","protected":false},"excerpt":{"rendered":"<p>Information enligt \u00a7 5 TMG:. Ansvarig: EPAR-service GmbH info@epar-service.com Kontakt: Haller Stra\u00dfe 71 - 74613 \u00d6hringen - DE Tel: +49 (0)7941 9598448 Mobil: +49 (0)151 41893417 Registernummer: HRB 798207 Stuttgart Local Court F\u00f6retr\u00e4ds av: Jacques EPARVIER Verkst\u00e4llande direkt\u00f6r VAT ID: DE452272087 DUNS nummer: 316474056 EORI nummer: DE287573374168634<\/p>","protected":false},"author":1,"featured_media":0,"parent":0,"menu_order":0,"comment_status":"closed","ping_status":"closed","template":"","meta":{"om_disable_all_campaigns":false,"_monsterinsights_skip_tracking":false,"_monsterinsights_sitenote_active":false,"_monsterinsights_sitenote_note":"","_monsterinsights_sitenote_category":0,"footnotes":""},"class_list":["post-78","page","type-page","status-publish","hentry"],"aioseo_notices":[],"_links":{"self":[{"href":"https:\/\/epar-service.com\/sv\/wp-json\/wp\/v2\/pages\/78","targetHints":{"allow":["GET"]}}],"collection":[{"href":"https:\/\/epar-service.com\/sv\/wp-json\/wp\/v2\/pages"}],"about":[{"href":"https:\/\/epar-service.com\/sv\/wp-json\/wp\/v2\/types\/page"}],"author":[{"embeddable":true,"href":"https:\/\/epar-service.com\/sv\/wp-json\/wp\/v2\/users\/1"}],"replies":[{"embeddable":true,"href":"https:\/\/epar-service.com\/sv\/wp-json\/wp\/v2\/comments?post=78"}],"version-history":[{"count":10,"href":"https:\/\/epar-service.com\/sv\/wp-json\/wp\/v2\/pages\/78\/revisions"}],"predecessor-version":[{"id":309,"href":"https:\/\/epar-service.com\/sv\/wp-json\/wp\/v2\/pages\/78\/revisions\/309"}],"wp:attachment":[{"href":"https:\/\/epar-service.com\/sv\/wp-json\/wp\/v2\/media?parent=78"}],"curies":[{"name":"wp","href":"https:\/\/api.w.org\/{rel}","templated":true}]}}