{"id":415,"date":"2025-08-23T15:58:20","date_gmt":"2025-08-23T15:58:20","guid":{"rendered":"https:\/\/epar-service.com\/?page_id=415"},"modified":"2025-08-23T16:04:47","modified_gmt":"2025-08-23T16:04:47","slug":"upplyftande-laett","status":"publish","type":"page","link":"https:\/\/epar-service.com\/sv\/upplyftande-laett\/","title":{"rendered":"UPLIFT Leight"},"content":{"rendered":"<div class=\"wp-block-group alignfull has-white-color has-pale-cyan-blue-background-color has-text-color has-background has-global-padding is-layout-constrained wp-container-core-group-is-layout-6493990a wp-block-group-is-layout-constrained\" style=\"padding-top:0vw;padding-right:0vw;padding-bottom:0vw;padding-left:0vw\">\n<h1 class=\"wp-block-heading has-text-align-center\">V\u00e5rt l\u00e4tta och extremt bekv\u00e4ma exoskelett,<\/h1>\n\n\n\n<p class=\"has-text-align-center has-medium-font-size\">Mekanik i m\u00e4nniskans muskuloskeletala systems tj\u00e4nst<\/p>\n\n\n\n<div class=\"wp-block-buttons is-content-justification-center is-layout-flex wp-container-core-buttons-is-layout-a89b3969 wp-block-buttons-is-layout-flex\">\n<div class=\"wp-block-button is-style-outline is-style-outline--1\"><a class=\"wp-block-button__link has-white-color has-text-color wp-element-button\" href=\"https:\/\/epar-service.com\/sv\/rueckerstattung_rueckgaben\/\">Kontakta oss<\/a><\/div>\n<\/div>\n<\/div>\n\n\n\n<figure class=\"wp-block-image size-full\"><img loading=\"lazy\" decoding=\"async\" width=\"487\" height=\"608\" src=\"https:\/\/epar-service.com\/wp-content\/uploads\/2025\/08\/UPLIFT-Leight-1.jpg\" alt=\"UPLIFT Leight\" class=\"wp-image-417\" srcset=\"https:\/\/epar-service.com\/wp-content\/uploads\/2025\/08\/UPLIFT-Leight-1.jpg 487w, https:\/\/epar-service.com\/wp-content\/uploads\/2025\/08\/UPLIFT-Leight-1-240x300.jpg 240w, https:\/\/epar-service.com\/wp-content\/uploads\/2025\/08\/UPLIFT-Leight-1-10x12.jpg 10w\" sizes=\"auto, (max-width: 487px) 100vw, 487px\" \/><\/figure>\n\n\n\n<h2 class=\"wp-block-heading\">10 sk\u00e4l att v\u00e4lja exoskelettet UPLIFT\u2122 Lite som utvecklats av Mawashi<\/h2>\n\n\n\n<figure class=\"wp-block-image\"><img decoding=\"async\" src=\"https:\/\/uplift.mawashi.ca\/wp-content\/uploads\/2023\/07\/separator-left.svg\" alt=\"UPLIFT Leight\" class=\"wp-image-2712\" title=\"separator-v\u00e4nster\"\/><\/figure>\n\n\n\n<ul class=\"wp-block-list\">\n<li>Mer m\u00e5ngsidighet<\/li>\n\n\n\n<li>St\u00f6rre r\u00f6relsefrihet<\/li>\n\n\n\n<li>F\u00f6rb\u00e4ttrad ergonomi och komfort<\/li>\n\n\n\n<li>Obegr\u00e4nsat sj\u00e4lvbest\u00e4mmande<\/li>\n\n\n\n<li>Intuitivt och naturligt st\u00f6d som f\u00f6ljer m\u00e4nniskokroppens biomekaniska principer<\/li>\n<\/ul>\n\n\n\n<ul class=\"wp-block-list\">\n<li>En skr\u00e4ddarsydd l\u00f6sning<\/li>\n\n\n\n<li>Ett exoskelett av h\u00f6gsta kvalitet<\/li>\n\n\n\n<li>St\u00f6d och ett n\u00e4tverk f\u00f6r hj\u00e4lp<\/li>\n\n\n\n<li>En teknik som utvecklats av ett ledande f\u00f6retag inom detta omr\u00e5de<\/li>\n\n\n\n<li>En praktisk och anv\u00e4ndarv\u00e4nlig l\u00f6sning<\/li>\n\n\n\n<li><\/li>\n<\/ul>\n\n\n\n<figure class=\"wp-block-embed is-type-video is-provider-youtube wp-block-embed-youtube wp-embed-aspect-16-9 wp-has-aspect-ratio\"><div class=\"wp-block-embed__wrapper\">\n<iframe loading=\"lazy\" title=\"Mawashi | UPLIFT Lite lansering\" width=\"500\" height=\"281\" src=\"https:\/\/www.youtube.com\/embed\/JC-URQKIaBc?feature=oembed\" frameborder=\"0\" allow=\"accelerometer; autoplay; clipboard-write; encrypted-media; gyroscope; picture-in-picture; web-share\" referrerpolicy=\"strict-origin-when-cross-origin\" allowfullscreen><\/iframe>\n<\/div><\/figure>\n\n\n\n<h2 class=\"wp-block-heading\">Viktigaste funktionerna<\/h2>\n\n\n\n<figure class=\"wp-block-image\"><img decoding=\"async\" src=\"https:\/\/uplift.mawashi.ca\/wp-content\/uploads\/2023\/07\/shape-angle-2.svg\" alt=\"UPLIFT Leight\" class=\"wp-image-2723\" title=\"form-vinkel\"\/><\/figure>\n\n\n\n<ul class=\"wp-block-list\">\n<li>Anpassningsbart st\u00f6d som anpassas i realtid<\/li>\n\n\n\n<li>Snabb och intuitiv manuell kontroll f\u00f6r att aktivera eller avaktivera st\u00f6d f\u00f6r alla hj\u00e4lpmoduler<\/li>\n\n\n\n<li>Intuitiv, enkel att anv\u00e4nda och skapa<\/li>\n\n\n\n<li>Prisv\u00e4rd f\u00f6r alla budgetar<\/li>\n<\/ul>\n\n\n\n<ul class=\"wp-block-list\">\n<li>H\u00f6gkvalitativa material<\/li>\n\n\n\n<li>Ultral\u00e4tt, endast 1,6 kg (3,5 lbs)<\/li>\n\n\n\n<li>Andningsbara material fr\u00e4mjar luftcirkulationen f\u00f6r optimal reglering av kroppsv\u00e4rmen<\/li>\n<\/ul>","protected":false},"excerpt":{"rendered":"<p>V\u00e5rt l\u00e4tta, extremt bekv\u00e4ma exoskelett, mekanik i tj\u00e4nst hos m\u00e4nniskans muskuloskeletala system 10 sk\u00e4l att v\u00e4lja exoskelettet UPLIFT\u2122 Lite utvecklat av Mawashi Viktiga funktioner<\/p>","protected":false},"author":1,"featured_media":0,"parent":0,"menu_order":0,"comment_status":"closed","ping_status":"closed","template":"","meta":{"om_disable_all_campaigns":false,"_monsterinsights_skip_tracking":false,"_monsterinsights_sitenote_active":false,"_monsterinsights_sitenote_note":"","_monsterinsights_sitenote_category":0,"footnotes":""},"class_list":["post-415","page","type-page","status-publish","hentry"],"aioseo_notices":[],"_links":{"self":[{"href":"https:\/\/epar-service.com\/sv\/wp-json\/wp\/v2\/pages\/415","targetHints":{"allow":["GET"]}}],"collection":[{"href":"https:\/\/epar-service.com\/sv\/wp-json\/wp\/v2\/pages"}],"about":[{"href":"https:\/\/epar-service.com\/sv\/wp-json\/wp\/v2\/types\/page"}],"author":[{"embeddable":true,"href":"https:\/\/epar-service.com\/sv\/wp-json\/wp\/v2\/users\/1"}],"replies":[{"embeddable":true,"href":"https:\/\/epar-service.com\/sv\/wp-json\/wp\/v2\/comments?post=415"}],"version-history":[{"count":2,"href":"https:\/\/epar-service.com\/sv\/wp-json\/wp\/v2\/pages\/415\/revisions"}],"predecessor-version":[{"id":422,"href":"https:\/\/epar-service.com\/sv\/wp-json\/wp\/v2\/pages\/415\/revisions\/422"}],"wp:attachment":[{"href":"https:\/\/epar-service.com\/sv\/wp-json\/wp\/v2\/media?parent=415"}],"curies":[{"name":"wp","href":"https:\/\/api.w.org\/{rel}","templated":true}]}}