{"id":378,"date":"2025-08-10T14:49:45","date_gmt":"2025-08-10T14:49:45","guid":{"rendered":"https:\/\/epar-service.com\/?page_id=378"},"modified":"2025-08-10T14:49:45","modified_gmt":"2025-08-10T14:49:45","slug":"exia-fran-tyska-bionic","status":"publish","type":"page","link":"https:\/\/epar-service.com\/sv\/exia-fran-tyska-bionic\/","title":{"rendered":"EXIA fr\u00e5n tyska Bionic"},"content":{"rendered":"<figure class=\"wp-block-image\"><img decoding=\"async\" src=\"https:\/\/framerusercontent.com\/images\/2HpIMMxn0cO3dSmhtr0t0lTWepg.jpg\" alt=\"GB Exia Hero Bild\"\/><\/figure>\n\n\n\n<h3 class=\"wp-block-heading\">V\u00e4rldens mest kraftfulla exoskelett<\/h3>\n\n\n\n<h3 class=\"wp-block-heading\">AI-exoskelett f\u00f6r alla anv\u00e4ndningsomr\u00e5den: fr\u00e5n det tuffaste jobbet i industrin till empatisk patientv\u00e5rd<\/h3>\n\n\n\n<p>Exia - Augmented AI som f\u00f6rst\u00e5r hur m\u00e4nniskor arbetar. Exia har l\u00e4rt sig i flera \u00e5r. Fr\u00e5n m\u00e4nniskor. Fr\u00e5n miljarder applikationsdata som samlats in i det verkliga arbetslivet. Resultatet \u00e4r intelligent och personligt anpassat st\u00f6d som g\u00f6r m\u00e4nniskor mer effektiva. Den kombinerar alla anv\u00e4ndningsomr\u00e5den i ett enda h\u00f6gpresterande exoskelett. Detta beror p\u00e5 att Exia, som har designats om fr\u00e5n grunden, anpassar sig flexibelt till anv\u00e4ndare, uppgifter och branscher.<\/p>\n\n\n\n<figure class=\"wp-block-image\"><img decoding=\"async\" src=\"https:\/\/framerusercontent.com\/images\/s9V9e4zDbzVc3Oddsn7ARkdYpfw.jpg\" alt=\"AI-drivna tyska exoskelettet Bionic Exia st\u00f6djer en lagerarbetare som lyfter tunga l\u00e5dor f\u00f6r att f\u00f6rb\u00e4ttra ergonomin och f\u00f6rebygga ryggskador inom logistik\"\/><\/figure>\n\n\n\n<figure class=\"wp-block-image\"><img decoding=\"async\" src=\"https:\/\/framerusercontent.com\/images\/v7vYQaELJQwJFn61qziMts3VBw.jpg\" alt=\"Tyska Bionic Exia \u00e4r ett exoskelett som hj\u00e4lper industriarbetare med b\u00f6jda arbetsuppgifter, ger st\u00f6d f\u00f6r nedre delen av ryggen och \u00f6kar effektiviteten i lagerverksamheten.\"\/><\/figure>\n\n\n\n<figure class=\"wp-block-image\"><img decoding=\"async\" src=\"https:\/\/framerusercontent.com\/images\/eVguWHxDFW6zQ09rnGbirnnSwVs.jpg\" alt=\"Tyska Bionic Exia \u00e4r ett exoskelett som st\u00f6der tunga lyft, hj\u00e4lper till att f\u00f6rebygga muskuloskeletala sjukdomar och \u00f6kar produktiviteten.\"\/><\/figure>\n\n\n\n<h1 class=\"wp-block-heading\">AI-kraft f\u00f6r alla uppgifter<\/h1>\n\n\n\n<h2 class=\"wp-block-heading\">Mindre belastning, b\u00e4ttre h\u00e4lsa - och d\u00e4rmed arbetsplatser som \u00e4r s\u00e4krare, mer inkluderande och mer attraktiva: Exia avlastar personer som har fysiska utmaningar p\u00e5 jobbet med viktkompensation p\u00e5 upp till 38 kg per lyftr\u00f6relse. Detta motverkar ocks\u00e5 bristen p\u00e5 kvalificerad arbetskraft. Detta eftersom det minskar sjukfr\u00e5nvaron, f\u00f6rl\u00e4nger arbetslivet och g\u00f6r jobben mer h\u00e5llbara - oavsett om det g\u00e4ller logistik, byggnation eller v\u00e5rd.<\/h2>\n\n\n\n<h2 class=\"wp-block-heading\">Ett verktyg som anpassar sig till m\u00e4nniskor.<\/h2>\n\n\n\n<p>Alla m\u00e4nniskor \u00e4r olika. Varje uppgift \u00e4r unik. Exia \u00e4r baserad p\u00e5 AI och maskininl\u00e4rning och anv\u00e4nder miljarder anonymiserade data fr\u00e5n verkliga arbetssituationer - f\u00f6r att f\u00f6rst\u00e5 individuella r\u00f6relser och ge riktat st\u00f6d. Den anpassar sig till personen och aktiviteten i realtid och ger st\u00f6d precis d\u00e4r det beh\u00f6vs som mest.<\/p>\n\n\n\n<p>F\u00f6rdelar vid en \u00f6verblick:<\/p>\n\n\n\n<ul class=\"wp-block-list\">\n<li>St\u00f6djer upp till 38 kg per lyftr\u00f6relse<\/li>\n\n\n\n<li>Avlastar vid lyft, g\u00e5ng, b\u00e4rande och lastning samt vid arbete i fram\u00e5tb\u00f6jd st\u00e4llning<\/li>\n\n\n\n<li>Hj\u00e4lper till att f\u00f6rebygga skador och muskuloskeletala besv\u00e4r (MSD)<\/li>\n\n\n\n<li>L\u00e4r sig med varje anv\u00e4ndning och f\u00f6rb\u00e4ttras kontinuerligt genom AI<\/li>\n\n\n\n<li>F\u00e5r regelbundna uppdateringar \u00f6ver luften<\/li>\n\n\n\n<li>Integreras i digitala arbetsfl\u00f6den och dataplattformar<\/li>\n\n\n\n<li>Robust, dammt\u00e4t och vattent\u00e4t<\/li>\n\n\n\n<li>Utprovade och testade i verkliga arbetssituationer inom industri och v\u00e5rd<\/li>\n<\/ul>\n\n\n\n<h1 class=\"wp-block-heading\">360\u00b0 m\u00e4nsklig f\u00f6rst\u00e4rkning med AI<\/h1>\n\n\n\n<h2 class=\"wp-block-heading\">Fullt uppkopplad och designad med fokus p\u00e5 m\u00e4nniskor: Exoskelettets applikationsdata fl\u00f6dar in i avancerad maskininl\u00e4rning. P\u00e5 s\u00e5 s\u00e4tt g\u00f6r AI det m\u00f6jligt f\u00f6r Exia att kontinuerligt anpassa sig till m\u00e4nniskors individuella behov, r\u00f6relser och aktiviteter i deras dagliga arbetsliv.<\/h2>\n\n\n\n<p>Smart s\u00e4kerhetskompanjon<\/p>\n\n\n\n<p>AI-st\u00f6tt tidigt varningssystem f\u00f6r ergonomi<\/p>\n\n\n\n<p>Tysk Bionic IO-plattform<\/p>\n\n\n\n<p>Omfattande AI-driven dataanalys, \u00f6vervakning och rapportering f\u00f6r att optimera arbetsprocesser<\/p>\n\n\n\n<p>Tyska Bionic Connect-appen<\/p>\n\n\n\n<p>Integrerar och erk\u00e4nner anv\u00e4ndaren som en integrerad del av systemet med dubbelriktad feedback<\/p>\n\n\n\n<figure class=\"wp-block-video\"><video height=\"1080\" style=\"aspect-ratio: 1920 \/ 1080;\" width=\"1920\" controls src=\"https:\/\/epar-service.com\/wp-content\/uploads\/2025\/08\/Suevch4oN7z26XXZBTL83XeeU.mp4\"><\/video><\/figure>","protected":false},"excerpt":{"rendered":"<p>Das weltweit leistungsst\u00e4rkste Exoskelett KI-Exoskelett f\u00fcr alle Use Cases: vom h\u00e4rtesten Job in der Industrie bis zur einf\u00fchlsamen Pflege von Patienten Exia \u2013 Augmented AI, die versteht, wie Menschen arbeiten. Das Exia hat jahrelang gelernt. Vom Menschen. Aus Milliarden von Anwendungsdaten, die im realen Arbeitsalltag gesammelt wurden. Das Ergebnis: Es unterst\u00fctzt intelligent und personalisiert und [&hellip;]<\/p>\n","protected":false},"author":1,"featured_media":0,"parent":0,"menu_order":0,"comment_status":"closed","ping_status":"closed","template":"","meta":{"om_disable_all_campaigns":false,"_monsterinsights_skip_tracking":false,"_monsterinsights_sitenote_active":false,"_monsterinsights_sitenote_note":"","_monsterinsights_sitenote_category":0,"footnotes":""},"class_list":["post-378","page","type-page","status-publish","hentry"],"aioseo_notices":[],"_links":{"self":[{"href":"https:\/\/epar-service.com\/sv\/wp-json\/wp\/v2\/pages\/378","targetHints":{"allow":["GET"]}}],"collection":[{"href":"https:\/\/epar-service.com\/sv\/wp-json\/wp\/v2\/pages"}],"about":[{"href":"https:\/\/epar-service.com\/sv\/wp-json\/wp\/v2\/types\/page"}],"author":[{"embeddable":true,"href":"https:\/\/epar-service.com\/sv\/wp-json\/wp\/v2\/users\/1"}],"replies":[{"embeddable":true,"href":"https:\/\/epar-service.com\/sv\/wp-json\/wp\/v2\/comments?post=378"}],"version-history":[{"count":1,"href":"https:\/\/epar-service.com\/sv\/wp-json\/wp\/v2\/pages\/378\/revisions"}],"predecessor-version":[{"id":380,"href":"https:\/\/epar-service.com\/sv\/wp-json\/wp\/v2\/pages\/378\/revisions\/380"}],"wp:attachment":[{"href":"https:\/\/epar-service.com\/sv\/wp-json\/wp\/v2\/media?parent=378"}],"curies":[{"name":"wp","href":"https:\/\/api.w.org\/{rel}","templated":true}]}}