{"id":284,"date":"2025-01-25T19:55:55","date_gmt":"2025-01-25T19:55:55","guid":{"rendered":"https:\/\/epar-service.com\/?page_id=284"},"modified":"2025-01-25T19:55:55","modified_gmt":"2025-01-25T19:55:55","slug":"intressanta-fakta-om-aktivering-och-teknik","status":"publish","type":"page","link":"https:\/\/epar-service.com\/sv\/intressanta-fakta-om-aktivering-och-teknik\/","title":{"rendered":"Intressanta fakta om aktivering och teknik"},"content":{"rendered":"<h6 class=\"wp-block-heading\"><br>LUFTKONDITIONERINGSTEKNIK 5.0<\/h6>\n\n\n\n<h2 class=\"wp-block-heading\">KOLIN SX3<\/h2>\n\n\n\n<h1 class=\"wp-block-heading\">3D-HIGHTECH<br>KYLNING<\/h1>\n\n\n\n<p><strong>PATENTERAD<br><\/strong><strong>UNIK<br>UTM\u00c4RKT<\/strong><\/p>\n\n\n\n<figure class=\"wp-block-image\"><img decoding=\"async\" src=\"https:\/\/e-cooline.de\/wp-content\/uploads\/2023\/02\/Cooline-SX3-Technologie-Verdunstungsdarstellung-1024%C3%971024px.webp\" alt=\"Visning av avdunstning med COOLINE SX3-teknik\" class=\"wp-image-2931\"\/><\/figure>\n\n\n\n<h2 class=\"wp-block-heading\">LUFTKONDITIONERINGEN F\u00d6R ATT B\u00c4RA<\/h2>\n\n\n\n<p>H\u00f6g kvalitet, briljant 3D-teknik, naturliga k\u00f6ldmedier som vatten och luft och en h\u00f6gkvalitativ finish i snygg design: COOLINE SX3 erbjuder allt du beh\u00f6ver f\u00f6r en h\u00e5llbar luftkonditionering i toppklass.<\/p>\n\n\n\n<p>Den h\u00f6gteknologiska fleecen COOLINE SX3 har f\u00f6rm\u00e5gan att binda stora m\u00e4ngder vatten inom n\u00e5gra sekunder och lagra det direkt p\u00e5 de smarta 3D-fibrerna. F\u00f6rdelen: det skapas en enormt stor yta av vattenmolekyler, som kan avdunsta omedelbart och effektivt kyla. Inga vattendroppar eller kondens bildas under tryck - inte ens om du ut\u00f6var extremt tryck.<\/p>\n\n\n\n<figure class=\"wp-block-image\"><img decoding=\"async\" src=\"https:\/\/e-cooline.de\/wp-content\/uploads\/2023\/01\/UN-Woman-300x150px.jpg\" alt=\"Logotyp UN-Women\"\/><\/figure>\n\n\n\n<figure class=\"wp-block-image\"><img decoding=\"async\" src=\"https:\/\/e-cooline.de\/wp-content\/uploads\/2023\/02\/Logo-cool-coalition-300x150px.webp\" alt=\"Logotyp cool koalition-300x150px\"\/><\/figure>\n\n\n\n<figure class=\"wp-block-image\"><img decoding=\"async\" src=\"https:\/\/e-cooline.de\/wp-content\/uploads\/2023\/02\/Logo-Green-cooling-Initiative-300x150px.webp\" alt=\"Logotyp Initiativ f\u00f6r gr\u00f6n kylning-300x150px\"\/><\/figure>\n\n\n\n<figure class=\"wp-block-image\"><img decoding=\"async\" src=\"https:\/\/e-cooline.de\/wp-content\/uploads\/2024\/06\/E-COOLINE-CP-Klimaneutrale-Produkte.png\" alt=\"E-COOLINE-CP klimatneutrala produkter\"\/><\/figure>\n\n\n\n<figure class=\"wp-block-image\"><img decoding=\"async\" src=\"https:\/\/e-cooline.de\/wp-content\/uploads\/2023\/01\/ecooline-made-in-germany.jpg\" alt=\"ekoline tillverkad i tyskland\"\/><\/figure>\n\n\n\n<figure class=\"wp-block-image\"><img decoding=\"async\" src=\"https:\/\/e-cooline.de\/wp-content\/uploads\/2023\/01\/ecooline-patentierte-technologie.jpg\" alt=\"ecooline patenterad teknik\"\/><\/figure>\n\n\n\n<figure class=\"wp-block-image\"><img decoding=\"async\" src=\"https:\/\/e-cooline.de\/wp-content\/uploads\/2023\/01\/Logo-ecooline-cooling-effekt-durch-hohenstein-bestaetigt.jpg\" alt=\"Logo-ecooline-cooling-effekt-av-h\u00f6g-sten-bekr\u00e4ftat\"\/><\/figure>\n\n\n\n<figure class=\"wp-block-image\"><img decoding=\"async\" src=\"https:\/\/e-cooline.de\/wp-content\/uploads\/2023\/01\/Caring-for-Climate-300x150uex.jpg\" alt=\"Caring-for-Climate-300x150\u00fcx\"\/><\/figure>\n\n\n\n<figure class=\"wp-block-image\"><img decoding=\"async\" src=\"https:\/\/e-cooline.de\/wp-content\/uploads\/2023\/01\/ecooline-alliance-for-climate-Kopie.jpg\" alt=\"ecooline-alliance-for-climate - Kopia\"\/><\/figure>\n\n\n\n<figure class=\"wp-block-image\"><img decoding=\"async\" src=\"https:\/\/e-cooline.de\/wp-content\/uploads\/2023\/01\/Logo_Textilbuendnis-Kopie.png\" alt=\"Logo_Textilb\u00fcndnis - Kopia\"\/><\/figure>\n\n\n\n<figure class=\"wp-block-image\"><img decoding=\"async\" src=\"https:\/\/e-cooline.de\/wp-content\/uploads\/2023\/01\/Senat-der-Wirtschaft-300x150px-Kopie.jpg\" alt=\"Ekonomins senat-300x150px - Kopia\"\/><\/figure>\n\n\n\n<figure class=\"wp-block-image\"><img decoding=\"async\" src=\"https:\/\/e-cooline.de\/wp-content\/uploads\/2023\/01\/suedwesttextil-Kopie.png\" alt=\"sydv\u00e4sttextil - Kopia\"\/><\/figure>\n\n\n\n<figure class=\"wp-block-image\"><img decoding=\"async\" src=\"https:\/\/e-cooline.de\/wp-content\/uploads\/2023\/01\/UN-Woman-300x150px.jpg\" alt=\"Logotyp UN-Women\"\/><\/figure>\n\n\n\n<figure class=\"wp-block-image\"><img decoding=\"async\" src=\"https:\/\/e-cooline.de\/wp-content\/uploads\/2023\/02\/Logo-cool-coalition-300x150px.webp\" alt=\"Logotyp cool koalition-300x150px\"\/><\/figure>\n\n\n\n<figure class=\"wp-block-image\"><img decoding=\"async\" src=\"https:\/\/e-cooline.de\/wp-content\/uploads\/2023\/02\/Logo-Green-cooling-Initiative-300x150px.webp\" alt=\"Logotyp Initiativ f\u00f6r gr\u00f6n kylning-300x150px\"\/><\/figure>\n\n\n\n<figure class=\"wp-block-image\"><img decoding=\"async\" src=\"https:\/\/e-cooline.de\/wp-content\/uploads\/2024\/06\/E-COOLINE-CP-Klimaneutrale-Produkte.png\" alt=\"E-COOLINE-CP klimatneutrala produkter\"\/><\/figure>\n\n\n\n<figure class=\"wp-block-image\"><img decoding=\"async\" src=\"https:\/\/e-cooline.de\/wp-content\/uploads\/2023\/01\/ecooline-made-in-germany.jpg\" alt=\"ekoline tillverkad i tyskland\"\/><\/figure>\n\n\n\n<figure class=\"wp-block-image\"><img decoding=\"async\" src=\"https:\/\/e-cooline.de\/wp-content\/uploads\/2023\/01\/ecooline-patentierte-technologie.jpg\" alt=\"ecooline patenterad teknik\"\/><\/figure>\n\n\n\n<figure class=\"wp-block-image\"><img decoding=\"async\" src=\"https:\/\/e-cooline.de\/wp-content\/uploads\/2023\/01\/Logo-ecooline-cooling-effekt-durch-hohenstein-bestaetigt.jpg\" alt=\"Logo-ecooline-cooling-effekt-av-h\u00f6g-sten-bekr\u00e4ftat\"\/><\/figure>\n\n\n\n<figure class=\"wp-block-image\"><img decoding=\"async\" src=\"https:\/\/e-cooline.de\/wp-content\/uploads\/2023\/01\/Caring-for-Climate-300x150uex.jpg\" alt=\"Caring-for-Climate-300x150\u00fcx\"\/><\/figure>\n\n\n\n<p>EFFEKTIVT SVALT, MEN BEHAGLIGT TORRT<\/p>\n\n\n\n<h2 class=\"wp-block-heading\">KLIMATTEKNIK<br>MED SMARTA FIBRER<\/h2>\n\n\n\n<p>De potentiella anv\u00e4ndningsomr\u00e5dena f\u00f6r 3D-COOL-materialet \u00e4r enorma och har redan visat sig framg\u00e5ngsrika inom m\u00e5nga omr\u00e5den under de senaste \u00e5ren. N\u00e4r den h\u00f6gteknologiska fleecen integreras i kl\u00e4der kan den anv\u00e4ndas som ett luftkonditioneringssystem. Enkelt, effektivt och klimatneutralt - med en feelgood-faktor.<\/p>\n\n\n\n<p>Tack vare sin utm\u00e4rkta prestanda anv\u00e4nds materialet av ledande f\u00f6retag inom h\u00e4lsoskydd p\u00e5 arbetsplatser som uts\u00e4tts f\u00f6r v\u00e4rme, p\u00e5 kliniker och av l\u00e4kare inom det neurologiska omr\u00e5det, t.ex. vid MS, men ocks\u00e5 inom fritid och sport. COOLINE SX3-materialet spelar nu ocks\u00e5 en ledande roll inom viktminskning.<\/p>\n\n\n\n<p>Materialet, som \u00e4r bearbetat i trendiga m\u00f6nster, \u00e4r snabbt att anv\u00e4nda och torrt p\u00e5 utsidan. Tack vare en naturlig antibakteriell ytbehandling med DEOXX fresh h\u00e5ller du dig inte bara sval, utan ocks\u00e5 hygieniskt ren. Det \u00e4r just dessa f\u00f6rdelar som g\u00f6r att COOLINE SX3 skiljer sig fr\u00e5n alla andra material som finns p\u00e5 marknaden. F\u00f6r en h\u00e4rligt sval k\u00e4nsla av friskhet.<\/p>\n\n\n\n<p><a href=\"https:\/\/e-cooline.de\/shop\">K\u00d6P NU<\/a><\/p>\n\n\n\n<figure class=\"wp-block-image\"><a href=\"https:\/\/e-cooline.de\/shop\/kuehlwesten\/e-cooline-powercool-sx3-raceweste\/\"><img decoding=\"async\" src=\"https:\/\/e-cooline.de\/wp-content\/uploads\/2023\/02\/Raceweste_Site-IF-award-Logo-links-Kopie.webp\" alt=\"Race-v\u00e4st med iF Award-logotyp p\u00e5 sidan\" class=\"wp-image-2858\"\/><\/a><\/figure>\n\n\n\n<figure class=\"wp-block-image\"><img decoding=\"async\" src=\"https:\/\/e-cooline.de\/wp-content\/uploads\/2023\/03\/if_designaward2021_red_p_rgb-154x300.png\" alt=\"Logotyp IF Design Award 2021\" class=\"wp-image-6364\"\/><\/figure>\n\n\n\n<figure class=\"wp-block-image\"><a href=\"https:\/\/e-cooline.de\/shop\/kuehlshirts\/e-cooline-powercool-sx3-t-shirt\/\"><img decoding=\"async\" src=\"https:\/\/e-cooline.de\/wp-content\/uploads\/2023\/02\/Powercool-SX3-T-Shirt-Design-Award.webp\" alt=\"Powercool SX3 T-shirt med logotyp f\u00f6r iF Design Award\" class=\"wp-image-2857\"\/><\/a><\/figure>\n\n\n\n<h5 class=\"wp-block-heading\">REDO ATT ANV\u00c4NDAS P\u00c5 N\u00c5GRA SEKUNDER<\/h5>\n\n\n\n<p>E.COOLINE-produkterna aktiveras med vatten p\u00e5 n\u00e5gra sekunder, torkar snabbt och \u00e4r omedelbart klara f\u00f6r anv\u00e4ndning med en kylkapacitet p\u00e5 660 watt per liter.<\/p>\n\n\n\n<h5 class=\"wp-block-heading\">10 TIMMAR KYLA<\/h5>\n\n\n\n<p>COOLINE SX3-materialet lagrar tillr\u00e4ckligt med vatten f\u00f6r att h\u00e5lla dig torr och sval hela dagen.<\/p>\n\n\n\n<h5 class=\"wp-block-heading\">TV\u00c4TTBAR<\/h5>\n\n\n\n<p>E.COOLINE-produkterna \u00e4r de enda tv\u00e4ttbara funktionella kyltextilierna med DEOXX fresh. Tv\u00e4tta helt enkelt f\u00f6r hand eller i tv\u00e4ttmaskin i 30\u00b0C.<\/p>\n\n\n\n<p>M\u00d6JLIG SKILLNAD I KYLNING<\/p>\n\n\n\n<p>12\u00b0C<\/p>\n\n\n\n<figure class=\"wp-block-image\"><img decoding=\"async\" src=\"https:\/\/e-cooline.de\/wp-content\/uploads\/2023\/02\/COOLINE-SX3-Hybrid-Technologie-1500x1500px.webp\" alt=\"COOLINE SX3 Hybridteknik\" class=\"wp-image-2967\"\/><\/figure>\n\n\n\n<h2 class=\"wp-block-heading\">INDIVIDUELL ANPASSNING TILL OMGIVNINGSTEMPERATUREN<\/h2>\n\n\n\n<p>Den unika och patenterade 3D-tekniken g\u00f6r det m\u00f6jligt: varje produkt med COOLINE SX3-fleece kan anpassas av varje anv\u00e4ndare efter behov. I \u00f6ver 90% av fallen fungerar E.COOLINE enligt 3D COOL-f\u00f6r\u00e5ngningsprincipen. Om du beh\u00f6ver mer kylning kan du naturligtvis boosta systemet n\u00e4r som helst efter behov. L\u00e4s mer om hur nedan.<\/p>\n\n\n\n<p>Det fina med dem \u00e4r att de kyler effektivt och h\u00e5llbart. Vi anv\u00e4nder bara naturliga k\u00f6ldmedier som vatten och luft. Tekniken \u00e4r ocks\u00e5 snabb, enkel, praktisk och mobil och kan anv\u00e4ndas var som helst. Med den coola designen p\u00e5&nbsp;<strong><a href=\"https:\/\/e-cooline.de\/shop\">E.COOLINE<\/a><\/strong>&nbsp;och SlimCOOL-kollektionerna kommer du ocks\u00e5 att se bra ut.<\/p>\n\n\n\n<figure class=\"wp-block-image\"><img decoding=\"async\" src=\"https:\/\/e-cooline.de\/wp-content\/uploads\/2023\/02\/Logo-HNU-Award-150x150px-sw.webp\" alt=\"Logo Employer Branding Award 2021\"\/><\/figure>\n\n\n\n<figure class=\"wp-block-image\"><img decoding=\"async\" src=\"https:\/\/e-cooline.de\/wp-content\/uploads\/2023\/02\/Logo-IFaward-150x150px-sw.webp\" alt=\"Logotyp iF Design Award 2021\"\/><\/figure>\n\n\n\n<figure class=\"wp-block-image\"><img decoding=\"async\" src=\"https:\/\/e-cooline.de\/wp-content\/uploads\/2023\/02\/Logo-Land-der-Ideen-150x150px.webp\" alt=\"Logotyp Id\u00e9ernas land-150x150px\"\/><\/figure>\n\n\n\n<figure class=\"wp-block-image\"><img decoding=\"async\" src=\"https:\/\/e-cooline.de\/wp-content\/uploads\/2023\/02\/Logo-PlusX-150x150px-sw.webp\" alt=\"Logotyp PlusX-150x150px-sw\"\/><\/figure>\n\n\n\n<figure class=\"wp-block-image\"><img decoding=\"async\" src=\"https:\/\/e-cooline.de\/wp-content\/uploads\/2023\/02\/LogoMarketing-for-Future-150x150px-sw.webp\" alt=\"LogotypMarknadsf\u00f6ring f\u00f6r framtiden-150x150px-sw\"\/><\/figure>\n\n\n\n<figure class=\"wp-block-image\"><img decoding=\"async\" src=\"https:\/\/e-cooline.de\/wp-content\/uploads\/2023\/02\/Logo-Excellent-Award-150x150px-sw.webp\" alt=\"Logotypens utm\u00e4rkelse\"\/><\/figure>\n\n\n\n<figure class=\"wp-block-image\"><img decoding=\"async\" src=\"https:\/\/e-cooline.de\/wp-content\/uploads\/2023\/02\/Logo-HNU-Award-150x150px-sw.webp\" alt=\"Logo Employer Branding Award 2021\"\/><\/figure>\n\n\n\n<figure class=\"wp-block-image\"><img decoding=\"async\" src=\"https:\/\/e-cooline.de\/wp-content\/uploads\/2023\/02\/Logo-IFaward-150x150px-sw.webp\" alt=\"Logotyp iF Design Award 2021\"\/><\/figure>\n\n\n\n<figure class=\"wp-block-image\"><img decoding=\"async\" src=\"https:\/\/e-cooline.de\/wp-content\/uploads\/2023\/02\/Logo-Land-der-Ideen-150x150px.webp\" alt=\"Logotyp Id\u00e9ernas land-150x150px\"\/><\/figure>\n\n\n\n<figure class=\"wp-block-image\"><img decoding=\"async\" src=\"https:\/\/e-cooline.de\/wp-content\/uploads\/2023\/02\/Logo-PlusX-150x150px-sw.webp\" alt=\"Logotyp PlusX-150x150px-sw\"\/><\/figure>\n\n\n\n<figure class=\"wp-block-image\"><img decoding=\"async\" src=\"https:\/\/e-cooline.de\/wp-content\/uploads\/2023\/02\/LogoMarketing-for-Future-150x150px-sw.webp\" alt=\"LogotypMarknadsf\u00f6ring f\u00f6r framtiden-150x150px-sw\"\/><\/figure>\n\n\n\n<figure class=\"wp-block-image\"><img decoding=\"async\" src=\"https:\/\/e-cooline.de\/wp-content\/uploads\/2023\/02\/Logo-Excellent-Award-150x150px-sw.webp\" alt=\"Logotypens utm\u00e4rkelse\"\/><\/figure>\n\n\n\n<figure class=\"wp-block-image\"><img decoding=\"async\" src=\"https:\/\/e-cooline.de\/wp-content\/uploads\/2023\/02\/Logo-HNU-Award-150x150px-sw.webp\" alt=\"Logo Employer Branding Award 2021\"\/><\/figure>\n\n\n\n<figure class=\"wp-block-image\"><img decoding=\"async\" src=\"https:\/\/e-cooline.de\/wp-content\/uploads\/2023\/02\/Logo-IFaward-150x150px-sw.webp\" alt=\"Logotyp iF Design Award 2021\"\/><\/figure>\n\n\n\n<figure class=\"wp-block-image\"><img decoding=\"async\" src=\"https:\/\/e-cooline.de\/wp-content\/uploads\/2023\/02\/Logo-Land-der-Ideen-150x150px.webp\" alt=\"Logotyp Id\u00e9ernas land-150x150px\"\/><\/figure>\n\n\n\n<figure class=\"wp-block-image\"><img decoding=\"async\" src=\"https:\/\/e-cooline.de\/wp-content\/uploads\/2023\/02\/Logo-PlusX-150x150px-sw.webp\" alt=\"Logotyp PlusX-150x150px-sw\"\/><\/figure>\n\n\n\n<h5 class=\"wp-block-heading\">HYBRIDTEKNIKEN FR\u00c5N PERVORMANCE<\/h5>\n\n\n\n<h2 class=\"wp-block-heading\">EN KYLTEKNIK F\u00d6R ALLA V\u00c4RMESITUATIONER<\/h2>\n\n\n\n<h5 class=\"wp-block-heading\">3D COOL TEKNIK<\/h5>\n\n\n\n<p>P\u00e5 grund av kroppens normala v\u00e4rmeutveckling avdunstar de vattenmolekyler som \u00e4r bundna till fibrerna i 3D-COOL-materialet COOLINE SX3 s\u00e5 effektivt att en behaglig temperatur p\u00e5 16 - 20\u00b0C uppn\u00e5s med en kylkapacitet p\u00e5 upp till 660 watt\/l.<\/p>\n\n\n\n<p>P\u00e5 grund av den fysikaliska principen f\u00f6r evaporativ kylning kyler COOLINE mer vid h\u00f6gre temperaturer och mindre vid l\u00e4gre temperaturer. Detta ger alltid ett optimalt kylningsresultat - automatiskt. Och det b\u00e4sta med det hela: du beh\u00f6ver ingen extern energik\u00e4lla, du kan r\u00f6ra dig fritt - du best\u00e4mmer var och n\u00e4r du vill svalka dig. Oavsett om det \u00e4r inomhus eller utomhus. P\u00e5 s\u00e5 s\u00e4tt f\u00e5r du en sj\u00e4lvf\u00f6rs\u00f6rjande luftkonditionering som snabbt och enkelt kan anv\u00e4ndas var som helst.<\/p>\n\n\n\n<h5 class=\"wp-block-heading\">3D COOL BOOSTER<\/h5>\n\n\n\n<p>Men COOLINE kan g\u00f6ra \u00e4nnu mer. Medan du m\u00e5ste v\u00e4nta i timmar under extrema f\u00f6rh\u00e5llanden med is eller PCM-material, kan 3D-ytan p\u00e5 COOLINE lagra kylkapacitet fr\u00e5n 0 - 10\u00b0C p\u00e5 en rekordtid p\u00e5 5-20 minuter (beroende p\u00e5 produkt) och frig\u00f6ra den effektivt ut\u00f6ver evaporativ kylning. Genom att anv\u00e4nda enkla, mobila kylv\u00e4skor och isp\u00e5sar eller krossad is \u00e4r E.COOLINE effektiv \u00e4ven vid extrema temperaturer och \u00f6ver 90% luftfuktighet eller luftt\u00e4ta skyddskl\u00e4der. Produkten \u00e4r alltid klar f\u00f6r anv\u00e4ndning inom n\u00e5gra minuter. SlimCOOL-produkter drar ocks\u00e5 nytta av detta.<\/p>\n\n\n\n<p>I 90%-fall beh\u00f6ver du inte Cool Booster alls. 3D-tekniken med enbart evaporativ kylning \u00e4r vanligtvis helt tillr\u00e4cklig. Det b\u00e4sta med det hela \u00e4r att du har en produkt f\u00f6r alla chassin.<\/p>\n\n\n\n<p><strong>I 90% alla applikationer kyler 3D-COOL-tekniken med ren evaporativ kylning effektivt kroppen ner till 12\u00b0C med upp till 660 Wh. Du beh\u00f6ver ingen kyl eller frys. Spara 97% CO2 med den h\u00e4r!<\/strong><\/p>\n\n\n\n<p><strong>COOLINE SX3 fungerar ocks\u00e5 perfekt under extrema f\u00f6rh\u00e5llanden (\u00f6ver 90% luftfuktighet). I dessa fall (endast ca 10%) r\u00e4cker det med en enkel kylv\u00e4ska med isp\u00e5sar eller isp\u00e5sar f\u00f6r f\u00f6rkylning.<\/strong><\/p>","protected":false},"excerpt":{"rendered":"<p>KLIMATECHNIK 5.0 COOLINE SX3 3D-HIGHTECHK\u00dcHLUNG PATENTIERTEINZIGARTIGAUSGEZEICHNET DIE KLIMAANLAGE ZUM ANZIEHEN Hohe Qualit\u00e4t, brillante 3D-Technologie, nat\u00fcrliche K\u00e4ltemittel, wie Wasser und Luft und eine hochwertige Verarbeitung in schickem Design: COOLINE SX3 bietet alles, was nachhaltige Klimatisierung der Spitzenklasse ben\u00f6tigt. Das COOLINE SX3 Hightech- Vlies hat die Eigenschaft, gro\u00dfe Mengen Wasser sekundenschnell im Innern zu binden und direkt [&hellip;]<\/p>\n","protected":false},"author":1,"featured_media":0,"parent":0,"menu_order":0,"comment_status":"closed","ping_status":"closed","template":"","meta":{"om_disable_all_campaigns":false,"_monsterinsights_skip_tracking":false,"_monsterinsights_sitenote_active":false,"_monsterinsights_sitenote_note":"","_monsterinsights_sitenote_category":0,"footnotes":""},"class_list":["post-284","page","type-page","status-publish","hentry"],"aioseo_notices":[],"_links":{"self":[{"href":"https:\/\/epar-service.com\/sv\/wp-json\/wp\/v2\/pages\/284","targetHints":{"allow":["GET"]}}],"collection":[{"href":"https:\/\/epar-service.com\/sv\/wp-json\/wp\/v2\/pages"}],"about":[{"href":"https:\/\/epar-service.com\/sv\/wp-json\/wp\/v2\/types\/page"}],"author":[{"embeddable":true,"href":"https:\/\/epar-service.com\/sv\/wp-json\/wp\/v2\/users\/1"}],"replies":[{"embeddable":true,"href":"https:\/\/epar-service.com\/sv\/wp-json\/wp\/v2\/comments?post=284"}],"version-history":[{"count":1,"href":"https:\/\/epar-service.com\/sv\/wp-json\/wp\/v2\/pages\/284\/revisions"}],"predecessor-version":[{"id":285,"href":"https:\/\/epar-service.com\/sv\/wp-json\/wp\/v2\/pages\/284\/revisions\/285"}],"wp:attachment":[{"href":"https:\/\/epar-service.com\/sv\/wp-json\/wp\/v2\/media?parent=284"}],"curies":[{"name":"wp","href":"https:\/\/api.w.org\/{rel}","templated":true}]}}