{"id":280,"date":"2025-01-25T19:49:26","date_gmt":"2025-01-25T19:49:26","guid":{"rendered":"https:\/\/epar-service.com\/?page_id=280"},"modified":"2025-01-25T20:08:21","modified_gmt":"2025-01-25T20:08:21","slug":"e-cooline-powercool-sx3-race-vaest-kylande-vaest-din-kylande-vaest-mot-vaermestress","status":"publish","type":"page","link":"https:\/\/epar-service.com\/sv\/e-cooline-powercool-sx3-race-vaest-kylande-vaest-din-kylande-vaest-mot-vaermestress\/","title":{"rendered":"E.COOLINE Powercool SX3 RaceVest - kylande v\u00e4st - din kylande v\u00e4st mot v\u00e4rmestress"},"content":{"rendered":"<h5 class=\"wp-block-heading\">Powercool SX3 RaceVest - den perfekta kylv\u00e4sten f\u00f6r sport<\/h5>\n\n\n\n<p>Med E.COOLINE&nbsp;<strong>Powercool SX3 RaceVest<\/strong>&nbsp;Med COOLINE SX3 3D-kylteknik h\u00e5ller du dig underbart sval \u00e4ven i hettan. Oavsett om du \u00e4r p\u00e5&nbsp;<strong>p\u00e5 jobbet, n\u00e4r du joggar, cyklar eller \u00e5ker motorcykel<\/strong>&nbsp;eller helt enkelt&nbsp;<strong>vid grillfesten<\/strong>&nbsp;- Med upp till 660 watt ger kylv\u00e4sten en behagligt torr kylning och d\u00e4rmed ett perfekt klimat f\u00f6r v\u00e4lbefinnande.&nbsp;<strong>Inomhus och utomhus<\/strong>! Det lindrar v\u00e4rmestress och h\u00e4lsoproblem som orsakas av h\u00f6ga temperaturer och ger dig en extra portion energi. Vetenskapliga studier har bekr\u00e4ftat effektiviteten hos E.COOLINE.<\/p>\n\n\n\n<p>Det l\u00e4tta, smidiga materialet med inbyggt, stretchigt n\u00e4t ger den sportiga t\u00e4vlingsv\u00e4sten en bekv\u00e4m passform och enast\u00e5ende b\u00e4rkomfort! Tack vare den \u00e5tsittande passformen och den platta dragkedjan kan den svalkande v\u00e4sten b\u00e4ras b\u00e5de \u00f6ver och under andra kl\u00e4der, t.ex. motorcykelutrustning, brandmansskyddsdr\u00e4kt eller helt enkelt under kostymen p\u00e5 kontoret.<\/p>\n\n\n\n<p>RaceVest har en sportig kort sk\u00e4rning. Observera informationen om ryggl\u00e4ngd f\u00f6r produkten.<\/p>\n\n\n\n<p><strong>Material:&nbsp;<\/strong>Yttermaterial: 100% polyester; N\u00e4tmaterial: 83% polyester \/17% elastan; Fyllning: 100% COOLINE polyester<\/p>\n\n\n\n<p>H\u00e5ll dig sval med t\u00e4vlingsv\u00e4sten E.COOLINE&nbsp;<strong>klimatneutral<\/strong>&nbsp;med en&nbsp;<strong>Teknik \"Tillverkad i Tyskland\"<\/strong>&nbsp;<br>&nbsp;<\/p>\n\n\n\n<hr class=\"wp-block-separator has-alpha-channel-opacity\"\/>\n\n\n\n<h5 class=\"wp-block-heading\">360\u00b0 vy - E.COOLINE Powercool SX3 RaceVest \/ kylv\u00e4st<\/h5>\n\n\n\n<figure class=\"wp-block-image\"><img decoding=\"async\" src=\"https:\/\/cdn02.plentymarkets.com\/07jvlffix7ng\/frontend\/Gifs\/E_COOLINE_Westen\/Powercool_SX3_Raceweste_-_animiert_WEB.gif\" alt=\"360\u00b0 vy - E.COOLINE Powercool SX3 RaceVest \/ kylv\u00e4st\"\/><\/figure>\n\n\n\n<h5 class=\"wp-block-heading\">STORLEK TABELL<\/h5>\n\n\n\n<figure class=\"wp-block-table\"><table class=\"has-fixed-layout\"><tbody><tr><td>&nbsp;Storlek<\/td><td>&nbsp;Bredd\/br\u00f6stomf\u00e5ng<\/td><td>&nbsp;L\u00e4ngd&nbsp;&nbsp;<\/td><\/tr><tr><td>XXS&nbsp;&nbsp;<\/td><td>77 - 84 cm<\/td><td>44 cm<\/td><\/tr><tr><td>XS<\/td><td>&nbsp;84 - 88 cm<\/td><td>46 cm<\/td><\/tr><tr><td>S<\/td><td>88 - 92 cm<\/td><td>48 cm<\/td><\/tr><tr><td>M<\/td><td>92 - 96 cm<\/td><td>50 cm<\/td><\/tr><tr><td>&nbsp;L<\/td><td>&nbsp;96 - 100 cm<\/td><td>52 cm<\/td><\/tr><tr><td>&nbsp;XL<\/td><td>&nbsp;100 - 106 cm<\/td><td>56 cm<\/td><\/tr><tr><td>&nbsp;XXL<\/td><td>&nbsp;106 - 114 cm<\/td><td>59 cm<\/td><\/tr><tr><td>&nbsp;3XL<\/td><td>&nbsp;114 - 120 cm<\/td><td>62 cm<\/td><\/tr><tr><td>4XL<\/td><td>&nbsp;120 - 126 cm<\/td><td>64 cm<\/td><\/tr><\/tbody><\/table><\/figure>\n\n\n\n<h5 class=\"wp-block-heading\">AKTIVERING<\/h5>\n\n\n\n<p>Det g\u00e5r snabbt och enkelt att aktivera E.COOLINE-produkter. Applicera vatten - rulla upp - torka av.<\/p>\n\n\n\n<figure class=\"wp-block-embed is-type-video is-provider-youtube wp-block-embed-youtube wp-embed-aspect-16-9 wp-has-aspect-ratio\"><div class=\"wp-block-embed__wrapper\">\n<iframe loading=\"lazy\" title=\"S\u00e5 h\u00e4r aktiverar du din E.COOLINE Powercool SX3-skjortv\u00e4st\" width=\"500\" height=\"281\" src=\"https:\/\/www.youtube.com\/embed\/yaru7NmcFLo?feature=oembed\" frameborder=\"0\" allow=\"accelerometer; autoplay; clipboard-write; encrypted-media; gyroscope; picture-in-picture; web-share\" referrerpolicy=\"strict-origin-when-cross-origin\" allowfullscreen><\/iframe>\n<\/div><\/figure>\n\n\n\n<h5 class=\"wp-block-heading\">SK\u00d6TSELANVISNINGAR<\/h5>\n\n\n\n<p><strong>E.COOLINE kylande kl\u00e4der<\/strong>&nbsp;\u00e4r - i motsats till de flesta andra funktionella kyltextilier&nbsp;<strong>tv\u00e4ttbar<\/strong>.<\/p>\n\n\n\n<figure class=\"wp-block-image is-resized\"><img decoding=\"async\" src=\"https:\/\/cdn02.plentymarkets.com\/07jvlffix7ng\/frontend\/E_COOLINE_E_COMMERCE\/Bilder_fuer_Produktbeschreibungen_allg\/Gluehbirne_pix_Artikeldetail1.png\" alt=\"Intressanta fakta om aktivering och teknik\" style=\"width:41px;height:auto\"\/><\/figure>\n\n\n\n<p><strong><a href=\"https:\/\/epar-service.com\/sv\/intressanta-fakta-om-aktivering-och-teknik\/\" title=\"Intressanta fakta om aktivering och teknik\">Intressanta fakta om aktivering och teknik<\/a><\/strong><\/p>\n\n\n\n<p><\/p>","protected":false},"excerpt":{"rendered":"<p>Powercool SX3 RaceWeste \u2013 die perfekte K\u00fchlweste beim Sport Mit der E.COOLINE&nbsp;Powercool SX3 RaceWeste&nbsp;mit der 3D -K\u00fchltechnologie COOLINE SX3 bleiben Sie auch bei Hitze herrlich cool. Ob bei&nbsp;der Arbeit, beim Joggen, Motorrad- oder Radfahren&nbsp;oder einfach&nbsp;beim Grillen&nbsp;\u2013 die K\u00fchlweste sorgt mit bis zu 660 Watt f\u00fcr eine angenehm trockene K\u00fchlung und damit f\u00fcr ein perfektes Wohlf\u00fchlklima.&nbsp;Indoor [&hellip;]<\/p>\n","protected":false},"author":1,"featured_media":0,"parent":0,"menu_order":0,"comment_status":"closed","ping_status":"closed","template":"","meta":{"om_disable_all_campaigns":false,"_monsterinsights_skip_tracking":false,"_monsterinsights_sitenote_active":false,"_monsterinsights_sitenote_note":"","_monsterinsights_sitenote_category":0,"footnotes":""},"class_list":["post-280","page","type-page","status-publish","hentry"],"aioseo_notices":[],"_links":{"self":[{"href":"https:\/\/epar-service.com\/sv\/wp-json\/wp\/v2\/pages\/280","targetHints":{"allow":["GET"]}}],"collection":[{"href":"https:\/\/epar-service.com\/sv\/wp-json\/wp\/v2\/pages"}],"about":[{"href":"https:\/\/epar-service.com\/sv\/wp-json\/wp\/v2\/types\/page"}],"author":[{"embeddable":true,"href":"https:\/\/epar-service.com\/sv\/wp-json\/wp\/v2\/users\/1"}],"replies":[{"embeddable":true,"href":"https:\/\/epar-service.com\/sv\/wp-json\/wp\/v2\/comments?post=280"}],"version-history":[{"count":4,"href":"https:\/\/epar-service.com\/sv\/wp-json\/wp\/v2\/pages\/280\/revisions"}],"predecessor-version":[{"id":289,"href":"https:\/\/epar-service.com\/sv\/wp-json\/wp\/v2\/pages\/280\/revisions\/289"}],"wp:attachment":[{"href":"https:\/\/epar-service.com\/sv\/wp-json\/wp\/v2\/media?parent=280"}],"curies":[{"name":"wp","href":"https:\/\/api.w.org\/{rel}","templated":true}]}}