{"id":216,"date":"2025-01-01T18:02:32","date_gmt":"2025-01-01T18:02:32","guid":{"rendered":"https:\/\/epar-service.com\/?page_id=216"},"modified":"2025-07-21T20:32:25","modified_gmt":"2025-07-21T20:32:25","slug":"kompis-xt-xt-4-0","status":"publish","type":"page","link":"https:\/\/epar-service.com\/sv\/kompis-xt-xt-4-0\/","title":{"rendered":"KOMPIS - XT &amp; XT 4.0"},"content":{"rendered":"<div class=\"wp-block-group alignfull has-white-color has-pale-cyan-blue-background-color has-text-color has-background has-global-padding is-layout-constrained wp-container-core-group-is-layout-6493990a wp-block-group-is-layout-constrained\" style=\"padding-top:0vw;padding-right:0vw;padding-bottom:0vw;padding-left:0vw\">\n<h1 class=\"wp-block-heading has-text-align-center\">MATE-XT passar f\u00f6r anst\u00e4llda<\/h1>\n\n\n\n<h1 class=\"wp-block-heading has-text-align-center\"> Var fungerar det? <\/h1>\n\n\n\n<h1 class=\"wp-block-heading has-text-align-center\">Var du arbetar<\/h1>\n\n\n\n<p class=\"has-text-align-center\">MATE-XT \u00e4r ett mekaniskt drivet exoskelett (inga batterier, inga motorer) f\u00f6r att avlasta musklerna i axelomr\u00e5det hos medarbetare som arbetar med armen\/armarna upplyfta genom att ge fysiologiskt st\u00f6d under repetitiva och statiska arbetsuppgifter.<\/p>\n\n\n\n<div class=\"wp-block-buttons is-content-justification-center is-layout-flex wp-container-core-buttons-is-layout-a89b3969 wp-block-buttons-is-layout-flex\">\n<div class=\"wp-block-button is-style-outline is-style-outline--1\"><a class=\"wp-block-button__link has-white-color has-text-color wp-element-button\" href=\"https:\/\/epar-service.com\/sv\/rueckerstattung_rueckgaben\/\">Kontakta oss<\/a><\/div>\n<\/div>\n<\/div>\n\n\n\n<div class=\"wp-block-group alignfull has-white-background-color has-background has-global-padding is-layout-constrained wp-container-core-group-is-layout-a4e63d72 wp-block-group-is-layout-constrained\" style=\"margin-top:0px;padding-top:4vw;padding-right:4vw;padding-bottom:4vw;padding-left:4vw\">\n<div class=\"wp-block-columns alignwide is-layout-flex wp-container-core-columns-is-layout-828b44bc wp-block-columns-is-layout-flex\">\n<div class=\"wp-block-column is-layout-flow wp-block-column-is-layout-flow\">\n<figure class=\"wp-block-image size-large is-style-default\"><img decoding=\"async\" src=\"https:\/\/www.comau.com\/wp-content\/webp-express\/webp-images\/uploads\/2024\/02\/Img_Hotspot_MATE-XT-1-2048x1179.jpg.webp\" alt=\"KOMPIS - XT &amp; XT 4.0\"\/><\/figure>\n\n\n\n<div class=\"wp-block-buttons is-layout-flex wp-block-buttons-is-layout-flex\">\n<div class=\"wp-block-button\"><a class=\"wp-block-button__link wp-element-button\">Ta med dig det l\u00e4tta och mycket andningsbara ergonomiska st\u00f6det i eXTreme<\/a><\/div>\n<\/div>\n<\/div>\n\n\n\n<div class=\"wp-block-column is-layout-flow wp-block-column-is-layout-flow\">\n<figure class=\"wp-block-image size-full\"><img loading=\"lazy\" decoding=\"async\" width=\"800\" height=\"800\" src=\"https:\/\/epar-service.com\/wp-content\/uploads\/2025\/07\/Extension-bras-dos-Exosquelette.jpg\" alt=\"KOMPIS - XT &amp; XT 4.0\" class=\"wp-image-339\" srcset=\"https:\/\/epar-service.com\/wp-content\/uploads\/2025\/07\/Extension-bras-dos-Exosquelette.jpg 800w, https:\/\/epar-service.com\/wp-content\/uploads\/2025\/07\/Extension-bras-dos-Exosquelette-300x300.jpg 300w, https:\/\/epar-service.com\/wp-content\/uploads\/2025\/07\/Extension-bras-dos-Exosquelette-150x150.jpg 150w, https:\/\/epar-service.com\/wp-content\/uploads\/2025\/07\/Extension-bras-dos-Exosquelette-768x768.jpg 768w, https:\/\/epar-service.com\/wp-content\/uploads\/2025\/07\/Extension-bras-dos-Exosquelette-12x12.jpg 12w\" sizes=\"auto, (max-width: 800px) 100vw, 800px\" \/><\/figure>\n\n\n\n<div class=\"wp-block-buttons is-layout-flex wp-block-buttons-is-layout-flex\">\n<div class=\"wp-block-button\"><a class=\"wp-block-button__link wp-element-button\">Vi presenterar: MATE-XT: Comaus nya, robusta men \u00e4nd\u00e5 l\u00e4tta exoskelett f\u00f6r inomhus- och utomhusbruk.<br>MATE-XT<strong>&nbsp;Minskar muskul\u00e4r anstr\u00e4ngning&nbsp;<\/strong>f\u00f6r kr\u00e4vande arbetsuppgifter inomhus och utomhus.<\/a><\/div>\n<\/div>\n<\/div>\n\n\n\n<div class=\"wp-block-column is-layout-flow wp-block-column-is-layout-flow\">\n<figure class=\"wp-block-image size-large is-style-default\"><img decoding=\"async\" src=\"https:\/\/www.comau.com\/wp-content\/uploads\/2024\/02\/app-gepet.jpg\" alt=\"KOMPIS - XT &amp; XT 4.0\"\/><\/figure>\n\n\n\n<div class=\"wp-block-buttons is-layout-flex wp-block-buttons-is-layout-flex\">\n<div class=\"wp-block-button\"><a class=\"wp-block-button__link wp-element-button\"><br><strong>Exoskelettet MATE-XT fungerar n\u00e4r, var och hur du g\u00f6r det<\/strong>.<\/a><\/div>\n\n\n\n<div class=\"wp-block-button\"><a class=\"wp-block-button__link wp-element-button\">Vad skapades MATE f\u00f6r?<br>Exoskelettdr\u00e4kten MATE \u00e4r utformad f\u00f6r att f\u00f6rb\u00e4ttra livskvaliteten p\u00e5 arbetsplatsen genom att ge ett konsekvent, avancerat st\u00f6d f\u00f6r axlar och armar under repetitiva operationer och dagliga arbetsuppgifter.<\/a><\/div>\n<\/div>\n<\/div>\n<\/div>\n<\/div>\n\n\n\n<div class=\"wp-block-group alignfull has-white-color has-pale-cyan-blue-background-color has-text-color has-background has-global-padding is-layout-constrained wp-container-core-group-is-layout-5789501e wp-block-group-is-layout-constrained\" style=\"margin-top:0px;padding-top:4vw;padding-right:4vw;padding-bottom:4vw;padding-left:4vw\">\n<div class=\"wp-block-columns is-layout-flex wp-container-core-columns-is-layout-403af8ad wp-block-columns-is-layout-flex\">\n<div class=\"wp-block-column is-layout-flow wp-block-column-is-layout-flow\">\n<p class=\"has-text-align-center\" style=\"font-size:clamp(35.2px, 2.2rem + ((1vw - 3.2px) * 2.824), 64px);line-height:1\"><strong>2,1 kg<\/strong><\/p>\n\n\n\n<p class=\"has-text-align-center has-medium-font-size\">Vikt<\/p>\n<\/div>\n\n\n\n<div class=\"wp-block-column is-layout-flow wp-block-column-is-layout-flow\">\n<p class=\"has-text-align-center\" style=\"font-size:clamp(35.2px, 2.2rem + ((1vw - 3.2px) * 2.824), 64px);line-height:1\"><strong>30%<\/strong><\/p>\n\n\n\n<p class=\"has-text-align-center has-medium-font-size\">Avlastning av ryggen<\/p>\n<\/div>\n\n\n\n<div class=\"wp-block-column is-layout-flow wp-block-column-is-layout-flow\">\n<p class=\"has-text-align-center\" style=\"font-size:clamp(35.2px, 2.2rem + ((1vw - 3.2px) * 2.824), 64px);line-height:1\"><strong>50%<\/strong><\/p>\n\n\n\n<p class=\"has-text-align-center has-medium-font-size\">Minskad muskeltr\u00f6tthet<\/p>\n<\/div>\n\n\n\n<div class=\"wp-block-column is-layout-flow wp-block-column-is-layout-flow\">\n<p class=\"has-text-align-center\" style=\"font-size:clamp(35.2px, 2.2rem + ((1vw - 3.2px) * 2.824), 64px);line-height:1\"><strong>25%<\/strong><\/p>\n\n\n\n<p class=\"has-text-align-center has-medium-font-size\">Mer styrka n\u00e4r du lyfter<\/p>\n<\/div>\n<\/div>\n<\/div>\n\n\n\n<div class=\"wp-block-buttons is-content-justification-center is-layout-flex wp-container-core-buttons-is-layout-a89b3969 wp-block-buttons-is-layout-flex\">\n<div class=\"wp-block-button\"><a class=\"wp-block-button__link has-text-align-center wp-element-button\" href=\"https:\/\/epar-service.com\/sv\/rueckerstattung_rueckgaben\/\">Kontakta DEMO<\/a><\/div>\n<\/div>\n\n\n\n<div class=\"wp-block-group alignfull has-white-color has-pale-cyan-blue-background-color has-text-color has-background has-global-padding is-layout-constrained wp-container-core-group-is-layout-2b508e44 wp-block-group-is-layout-constrained\" style=\"margin-top:0px;padding-top:4vw;padding-right:4vw;padding-bottom:4vw;padding-left:4vw\">\n<h3 class=\"wp-block-heading has-text-align-center\">I slutet \u00e4r MATE<\/h3>\n\n\n\n<p>MATE st\u00e5r f\u00f6r Muscular Aiding Tech Exoskeleton.<\/p>\n\n\n\n<p>Det \u00e4r en passiv, fj\u00e4derbelastad exoskelettdr\u00e4kt (dvs. utan motordrivna leder eller batterier) som ger arbetarna st\u00f6d mot tyngdkraften f\u00f6r flexion och extension av axlarna. MATE \u00e4r s\u00e4rskilt l\u00e4mplig f\u00f6r arbete ovanf\u00f6r huvudet.<\/p>\n\n\n\n<div class=\"wp-block-buttons is-content-justification-center is-layout-flex wp-container-core-buttons-is-layout-766bf85b wp-block-buttons-is-layout-flex\">\n<div class=\"wp-block-button is-style-outline is-style-outline--2\"><a class=\"wp-block-button__link has-white-color has-text-color wp-element-button\" href=\"https:\/\/epar-service.com\/sv\/rueckerstattung_rueckgaben\/\">Kontakta oss<\/a><\/div>\n<\/div>\n<\/div>","protected":false},"excerpt":{"rendered":"<p>MATE-XT fit f\u00fcr Arbeitnehmer Wo funktioniert es? Wo Sie arbeiten MATE-XT ist ein mechanisch angetriebenes Exoskelett (keine Batterien, keine Motoren) zur Entlastung der Muskulatur im Schulterbereich von Arbeitnehmern, die mit hochgehobenem(n) Arm(en) arbeiten, durch physiologische Unterst\u00fctzung bei repetitiven und statischen Aufgaben. 2,1 Kg Gewicht 30% R\u00fccken Entlastung 50% Muskelerm\u00fcdung reduziert 25% Mehr Kraft beim Heben [&hellip;]<\/p>\n","protected":false},"author":1,"featured_media":0,"parent":0,"menu_order":0,"comment_status":"closed","ping_status":"closed","template":"","meta":{"om_disable_all_campaigns":false,"_monsterinsights_skip_tracking":false,"_monsterinsights_sitenote_active":false,"_monsterinsights_sitenote_note":"","_monsterinsights_sitenote_category":0,"footnotes":""},"class_list":["post-216","page","type-page","status-publish","hentry"],"aioseo_notices":[],"_links":{"self":[{"href":"https:\/\/epar-service.com\/sv\/wp-json\/wp\/v2\/pages\/216","targetHints":{"allow":["GET"]}}],"collection":[{"href":"https:\/\/epar-service.com\/sv\/wp-json\/wp\/v2\/pages"}],"about":[{"href":"https:\/\/epar-service.com\/sv\/wp-json\/wp\/v2\/types\/page"}],"author":[{"embeddable":true,"href":"https:\/\/epar-service.com\/sv\/wp-json\/wp\/v2\/users\/1"}],"replies":[{"embeddable":true,"href":"https:\/\/epar-service.com\/sv\/wp-json\/wp\/v2\/comments?post=216"}],"version-history":[{"count":8,"href":"https:\/\/epar-service.com\/sv\/wp-json\/wp\/v2\/pages\/216\/revisions"}],"predecessor-version":[{"id":340,"href":"https:\/\/epar-service.com\/sv\/wp-json\/wp\/v2\/pages\/216\/revisions\/340"}],"wp:attachment":[{"href":"https:\/\/epar-service.com\/sv\/wp-json\/wp\/v2\/media?parent=216"}],"curies":[{"name":"wp","href":"https:\/\/api.w.org\/{rel}","templated":true}]}}