{"id":213,"date":"2025-01-01T17:59:03","date_gmt":"2025-01-01T17:59:03","guid":{"rendered":"https:\/\/epar-service.com\/?page_id=213"},"modified":"2025-07-21T21:02:00","modified_gmt":"2025-07-21T21:02:00","slug":"kompis-xb","status":"publish","type":"page","link":"https:\/\/epar-service.com\/sv\/kompis-xb\/","title":{"rendered":"MATE - XB"},"content":{"rendered":"<div class=\"wp-block-group alignfull has-white-color has-pale-cyan-blue-background-color has-text-color has-background has-global-padding is-layout-constrained wp-container-core-group-is-layout-6493990a wp-block-group-is-layout-constrained\" style=\"padding-top:0vw;padding-right:0vw;padding-bottom:0vw;padding-left:0vw\">\n<h1 class=\"wp-block-heading has-text-align-center\">Exoskelett med muskelst\u00f6djande teknik<\/h1>\n\n\n\n<p class=\"has-text-align-center\">MATE-XB \u00e4r ett icke-drivet exoskelett som \u00e4r utformat f\u00f6r att minska tr\u00f6tthet i l\u00e4ndryggen f\u00f6r arbetare som flyttar vikter. Det ger st\u00f6d \u00e5t anv\u00e4ndaren vid arbete i olika statiska positioner eller vid upprepade lyft av laster.<\/p>\n\n\n\n<h2 class=\"wp-block-heading\" id=\"gf849df257f1a\">Batterifritt, b\u00e4rbart exoskelett av robotar<\/h2>\n\n\n\n<p>Ta reda p\u00e5 hur det icke-drivna b\u00e4rbara exoskelettet fr\u00e5n Comau&nbsp;<strong>MATE-XB<\/strong>&nbsp;- lagrar m\u00e4nsklig energi i en fj\u00e4der och hj\u00e4lper p\u00e5 s\u00e5 s\u00e4tt arbetarna,<br>att lyfta tunga f\u00f6rem\u00e5l och skrymmande laster med mindre fysisk anstr\u00e4ngning och<br>tr\u00f6tthet.<\/p>\n\n\n\n<div class=\"wp-block-buttons is-content-justification-center is-layout-flex wp-container-core-buttons-is-layout-a89b3969 wp-block-buttons-is-layout-flex\">\n<div class=\"wp-block-button is-style-outline is-style-outline--1\"><a class=\"wp-block-button__link has-white-color has-text-color wp-element-button\" href=\"https:\/\/epar-service.com\/sv\/rueckerstattung_rueckgaben\/\">Kontakta oss<\/a><\/div>\n<\/div>\n<\/div>\n\n\n\n<div class=\"wp-block-group alignfull has-white-background-color has-background has-global-padding is-layout-constrained wp-container-core-group-is-layout-a4e63d72 wp-block-group-is-layout-constrained\" style=\"margin-top:0px;padding-top:4vw;padding-right:4vw;padding-bottom:4vw;padding-left:4vw\">\n<div class=\"wp-block-columns alignwide is-layout-flex wp-container-core-columns-is-layout-828b44bc wp-block-columns-is-layout-flex\">\n<div class=\"wp-block-column is-layout-flow wp-block-column-is-layout-flow\">\n<figure class=\"wp-block-image size-large is-style-default\"><img decoding=\"async\" src=\"https:\/\/www.comau.com\/wp-content\/webp-express\/webp-images\/uploads\/2023\/06\/uomo-a-sx.png.webp\" alt=\"MATE - XB\"\/><\/figure>\n\n\n\n<p>Mekanisk-kinematisk kedja<br>Struktur som underl\u00e4ttar fri r\u00f6rlighet f\u00f6r anv\u00e4ndaren.<br>Enheten g\u00f6r det m\u00f6jligt f\u00f6r anv\u00e4ndaren att flytta st\u00f6veln fritt<br>Den passiva kinematiska kedjan \u00e4r utformad f\u00f6r att vara kompakt runt m\u00e4nniskokroppen<br>Den passiva kinematiska kedjan \u00e4r utformad f\u00f6r att ta h\u00e4nsyn till den kinematiska kompatibiliteten mellan m\u00e4nniska och exoskelett.<\/p>\n<\/div>\n\n\n\n<div class=\"wp-block-column is-layout-flow wp-block-column-is-layout-flow\">\n<figure class=\"wp-block-image size-large is-style-default\"><img decoding=\"async\" src=\"https:\/\/www.comau.com\/wp-content\/webp-express\/webp-images\/uploads\/2023\/06\/Comau_MATE-XT_Exoskeleton_Lumbar_Support-1.png.webp\" alt=\"MATE - XB\"\/><\/figure>\n\n\n\n<p><strong>Interface f\u00f6r kl\u00e4der<\/strong><br>Alla delar \u00e4r i direkt kontakt med anv\u00e4ndarens kropp.<br>Andningsbara och biokompatibla material<br>Bred kontaktyta f\u00f6r att f\u00f6rdela reaktionskrafterna utan att skapa h\u00f6ga kraftpunkter.<\/p>\n<\/div>\n\n\n\n<div class=\"wp-block-column is-layout-flow wp-block-column-is-layout-flow\">\n<figure class=\"wp-block-image size-large is-style-default\"><img decoding=\"async\" src=\"https:\/\/www.comau.com\/wp-content\/webp-express\/webp-images\/uploads\/2023\/06\/Comau_MATE-XT_Exoskeleton_Back_Body-2.png.webp\" alt=\"MATE - XB\"\/><\/figure>\n\n\n\n<p><strong>Box f\u00f6r generering av vridmoment (TGB)<\/strong><br>K\u00e4rnmekanism som lagrar och omvandlar potentiell mekanisk energi f\u00f6r att generera ett justerbart st\u00f6dmoment.<br>St\u00f6det \u00e4r proportionellt mot det vridmoment som genereras av \u00f6verkroppen, skonsamt st\u00f6d upp till 25 kg<br>M\u00f6jlighet att justera st\u00f6dets h\u00f6jd i 5 niv\u00e5er<br>Inget hinder n\u00e4r man g\u00e5r.<\/p>\n<\/div>\n<\/div>\n<\/div>\n\n\n\n<div class=\"wp-block-group alignfull has-white-color has-pale-cyan-blue-background-color has-text-color has-background has-global-padding is-layout-constrained wp-container-core-group-is-layout-5789501e wp-block-group-is-layout-constrained\" style=\"margin-top:0px;padding-top:4vw;padding-right:4vw;padding-bottom:4vw;padding-left:4vw\">\n<div class=\"wp-block-columns is-layout-flex wp-container-core-columns-is-layout-403af8ad wp-block-columns-is-layout-flex\">\n<div class=\"wp-block-column is-layout-flow wp-block-column-is-layout-flow\">\n<p class=\"has-text-align-center\" style=\"font-size:clamp(35.2px, 2.2rem + ((1vw - 3.2px) * 2.824), 64px);line-height:1\"><strong>2,4 kg<\/strong><\/p>\n\n\n\n<p class=\"has-text-align-center has-medium-font-size\">Vikt<\/p>\n<\/div>\n\n\n\n<div class=\"wp-block-column is-layout-flow wp-block-column-is-layout-flow\">\n<p class=\"has-text-align-center\" style=\"font-size:clamp(35.2px, 2.2rem + ((1vw - 3.2px) * 2.824), 64px);line-height:1\"><strong>62%<\/strong><\/p>\n\n\n\n<p class=\"has-text-align-center has-medium-font-size\">Avlastning av ryggen<\/p>\n<\/div>\n\n\n\n<div class=\"wp-block-column is-layout-flow wp-block-column-is-layout-flow\">\n<p class=\"has-text-align-center\" style=\"font-size:clamp(35.2px, 2.2rem + ((1vw - 3.2px) * 2.824), 64px);line-height:1\"><strong>84%<\/strong><\/p>\n\n\n\n<p class=\"has-text-align-center has-medium-font-size\">Minskad muskeltr\u00f6tthet<\/p>\n<\/div>\n\n\n\n<div class=\"wp-block-column is-layout-flow wp-block-column-is-layout-flow\">\n<p class=\"has-text-align-center\" style=\"font-size:clamp(35.2px, 2.2rem + ((1vw - 3.2px) * 2.824), 64px);line-height:1\"><strong>25%<\/strong><\/p>\n\n\n\n<p class=\"has-text-align-center has-medium-font-size\">Mer styrka n\u00e4r du lyfter<\/p>\n<\/div>\n<\/div>\n<\/div>\n\n\n\n<h3 class=\"wp-block-heading\">VAD \u00c4R MATE-XB?<\/h3>\n\n\n\n<p>MATE-XB \u00e4r ett icke-drivet exoskelett f\u00f6r avlastning av musklerna i l\u00e4ndryggen f\u00f6r arbetare som m\u00e5ste flytta vikter. Det st\u00f6der anv\u00e4ndaren vid arbete i olika positioner, t.ex. n\u00e4r man b\u00f6jer sig med benen (hukar sig), b\u00f6jer sig fram\u00e5t eller lyfter laster upprepade g\u00e5nger. Hj\u00e4lpmedlet har utvecklats f\u00f6r att minska belastningen p\u00e5 ryggen under dessa aktiviteter och f\u00f6rb\u00e4ttra anv\u00e4ndarens arbetskvalitet.<\/p>\n\n\n\n<h3 class=\"wp-block-heading\">MATE-XB GER DIG EXAKT R\u00c4TT M\u00c4NGD ST\u00d6D<\/h3>\n\n\n\n<figure class=\"wp-block-image\"><img decoding=\"async\" src=\"https:\/\/www.comau.com\/wp-content\/uploads\/2023\/06\/Comau_MATE-XT_Exoskeleton_Lumbar_Support-2.png\" alt=\"MATE - XB\" class=\"wp-image-54474\"\/><\/figure>\n\n\n\n<p>Det st\u00f6d som MATE-XB exoskelett ger efterliknar effekten av b\u00e5lflexion p\u00e5 nedre delen av ryggen.<\/p>\n\n\n\n<p>MATE-XB R\u00d6R SIG I HARMONI MED DIN KROPP<\/p>\n\n\n\n<figure class=\"wp-block-image\"><img decoding=\"async\" src=\"https:\/\/www.comau.com\/wp-content\/uploads\/2023\/06\/Comau_MATE-XT_Exoskeleton_Back_Body-2.png\" alt=\"MATE - XB\" class=\"wp-image-54480\"\/><\/figure>\n\n\n\n<p>Tack vare en kedja av passiva frihetsgrader ger exoskelettet anv\u00e4ndaren full r\u00f6relsefrihet.<\/p>\n\n\n\n<h2 class=\"wp-block-heading\">MATE-XB anpassar sig efter din kropp och ger dig frihet att r\u00f6ra dig<\/h2>\n\n\n\n<figure class=\"wp-block-image\"><img decoding=\"async\" src=\"https:\/\/www.comau.com\/wp-content\/uploads\/2023\/06\/Comau_MATE-XT_Exoskeleton_Lumbar_Support-1.png\" alt=\"MATE - XB\" class=\"wp-image-54468\"\/><\/figure>\n\n\n\n<p><strong _msttexthash=\"1478854\" _msthash=\"5\">MATE-XB fungerar n\u00e4r, var och hur du g\u00f6r det<\/strong><\/p>\n\n\n\n<p>Det st\u00f6d som MATE-XB exoskelett ger efterliknar effekten av b\u00e5lflexion p\u00e5 nedre delen av ryggen.<\/p>\n\n\n\n<h3 class=\"wp-block-heading\">MATE-XB R\u00d6R SIG I HARMONI MED DIN KROPP<\/h3>\n\n\n\n<p>Tack vare en kedja av passiva frihetsgrader ger exoskelettet anv\u00e4ndaren full r\u00f6relsefrihet.<\/p>\n\n\n\n<p><strong>S\u00c4TTET DU G\u00d6R DET P\u00c5 MATE-XB PASSAR DIN KROPP<\/strong><\/p>\n\n\n\n<h3 class=\"wp-block-heading\">FRI R\u00d6RLIGHET<\/h3>\n\n\n\n<h2 class=\"wp-block-heading\">EXTREMT ERGONOMISK, \u00d6VERALLT<\/h2>\n\n\n\n<div class=\"wp-block-buttons is-content-justification-center is-layout-flex wp-container-core-buttons-is-layout-a89b3969 wp-block-buttons-is-layout-flex\">\n<div class=\"wp-block-button\"><a class=\"wp-block-button__link has-text-align-center wp-element-button\" href=\"https:\/\/epar-service.com\/sv\/rueckerstattung_rueckgaben\/\">Kontakta DEMO<\/a><\/div>\n<\/div>\n\n\n\n<div class=\"wp-block-group alignfull has-white-color has-pale-cyan-blue-background-color has-text-color has-background has-global-padding is-layout-constrained wp-container-core-group-is-layout-2b508e44 wp-block-group-is-layout-constrained\" style=\"margin-top:0px;padding-top:4vw;padding-right:4vw;padding-bottom:4vw;padding-left:4vw\">\n<h3 class=\"wp-block-heading has-text-align-center\">I slutet \u00e4r MATE<\/h3>\n\n\n\n<p>MATE st\u00e5r f\u00f6r Muscular Aiding Tech Exoskeleton.<\/p>\n\n\n\n<p>Det \u00e4r en passiv, fj\u00e4derbelastad exoskelettdr\u00e4kt (dvs. utan motordrivna leder eller batterier) som ger arbetarna st\u00f6d mot tyngdkraften f\u00f6r flexion och extension av axlarna. MATE \u00e4r s\u00e4rskilt l\u00e4mplig f\u00f6r arbete ovanf\u00f6r huvudet.<\/p>\n\n\n\n<div class=\"wp-block-buttons is-content-justification-center is-layout-flex wp-container-core-buttons-is-layout-766bf85b wp-block-buttons-is-layout-flex\">\n<div class=\"wp-block-button is-style-outline is-style-outline--2\"><a class=\"wp-block-button__link has-white-color has-text-color wp-element-button\" href=\"https:\/\/epar-service.com\/sv\/rueckerstattung_rueckgaben\/\">Kontakta oss<\/a><\/div>\n<\/div>\n<\/div>","protected":false},"excerpt":{"rendered":"<p>Muskelunterst\u00fctzende Technologie Exoskelett MATE-XB ist ein nicht angetriebenes Exoskelett zur Verringerung der Erm\u00fcdung im Lendenwirbelbereich f\u00fcr Arbeiter, die Gewichte bewegen. Es unterst\u00fctzt den Benutzer bei der Arbeit in verschiedenen statischen Positionen oder beim wiederholten Heben von Lasten. Batterieloses, tragbares Roboter-Exoskelett Erfahren Sie, wie das nicht angetriebene tragbare Exoskelett von Comau \u2013&nbsp;MATE-XB&nbsp;\u2013 menschliche Energie in einer [&hellip;]<\/p>\n","protected":false},"author":1,"featured_media":0,"parent":0,"menu_order":0,"comment_status":"closed","ping_status":"closed","template":"","meta":{"om_disable_all_campaigns":false,"_monsterinsights_skip_tracking":false,"_monsterinsights_sitenote_active":false,"_monsterinsights_sitenote_note":"","_monsterinsights_sitenote_category":0,"footnotes":""},"class_list":["post-213","page","type-page","status-publish","hentry"],"aioseo_notices":[],"_links":{"self":[{"href":"https:\/\/epar-service.com\/sv\/wp-json\/wp\/v2\/pages\/213","targetHints":{"allow":["GET"]}}],"collection":[{"href":"https:\/\/epar-service.com\/sv\/wp-json\/wp\/v2\/pages"}],"about":[{"href":"https:\/\/epar-service.com\/sv\/wp-json\/wp\/v2\/types\/page"}],"author":[{"embeddable":true,"href":"https:\/\/epar-service.com\/sv\/wp-json\/wp\/v2\/users\/1"}],"replies":[{"embeddable":true,"href":"https:\/\/epar-service.com\/sv\/wp-json\/wp\/v2\/comments?post=213"}],"version-history":[{"count":14,"href":"https:\/\/epar-service.com\/sv\/wp-json\/wp\/v2\/pages\/213\/revisions"}],"predecessor-version":[{"id":352,"href":"https:\/\/epar-service.com\/sv\/wp-json\/wp\/v2\/pages\/213\/revisions\/352"}],"wp:attachment":[{"href":"https:\/\/epar-service.com\/sv\/wp-json\/wp\/v2\/media?parent=213"}],"curies":[{"name":"wp","href":"https:\/\/api.w.org\/{rel}","templated":true}]}}