{"id":207,"date":"2024-12-31T15:27:18","date_gmt":"2024-12-31T15:27:18","guid":{"rendered":"https:\/\/epar-service.com\/?page_id=207"},"modified":"2025-08-23T16:07:26","modified_gmt":"2025-08-23T16:07:26","slug":"agadexo-axel","status":"publish","type":"page","link":"https:\/\/epar-service.com\/sv\/agadexo-axel\/","title":{"rendered":"AGADEXO axel"},"content":{"rendered":"<div class=\"wp-block-group alignfull has-white-color has-pale-cyan-blue-background-color has-text-color has-background has-global-padding is-layout-constrained wp-container-core-group-is-layout-6493990a wp-block-group-is-layout-constrained\" style=\"padding-top:0vw;padding-right:0vw;padding-bottom:0vw;padding-left:0vw\">\n<h1 class=\"wp-block-heading has-text-align-center\">Det f\u00f6rsta intelligenta industriella exoskelettet, <\/h1>\n\n\n\n<p class=\"has-text-align-center has-medium-font-size\">\u00e4r utformad f\u00f6r att minska risken f\u00f6r besv\u00e4r i axelmusklerna vid manuell materialhantering.<\/p>\n\n\n\n<div class=\"wp-block-buttons is-content-justification-center is-layout-flex wp-container-core-buttons-is-layout-a89b3969 wp-block-buttons-is-layout-flex\">\n<div class=\"wp-block-button is-style-outline is-style-outline--1\"><a class=\"wp-block-button__link has-white-color has-text-color wp-element-button\" href=\"https:\/\/epar-service.com\/sv\/rueckerstattung_rueckgaben\/\">Kontakta oss<\/a><\/div>\n<\/div>\n<\/div>\n\n\n\n<div class=\"wp-block-group alignfull has-white-background-color has-background has-global-padding is-layout-constrained wp-container-core-group-is-layout-a4e63d72 wp-block-group-is-layout-constrained\" style=\"margin-top:0px;padding-top:4vw;padding-right:4vw;padding-bottom:4vw;padding-left:4vw\">\n<div class=\"wp-block-columns alignwide is-layout-flex wp-container-core-columns-is-layout-828b44bc wp-block-columns-is-layout-flex\">\n<div class=\"wp-block-column is-layout-flow wp-block-column-is-layout-flow\">\n<div class=\"wp-block-buttons is-layout-flex wp-block-buttons-is-layout-flex\">\n<div class=\"wp-block-button\"><a class=\"wp-block-button__link wp-element-button\">Ergonomisk och robust design<\/a><\/div>\n<\/div>\n<\/div>\n\n\n\n<div class=\"wp-block-column is-layout-flow wp-block-column-is-layout-flow\">\n<div class=\"wp-block-buttons is-layout-flex wp-block-buttons-is-layout-flex\">\n<div class=\"wp-block-button\"><a class=\"wp-block-button__link wp-element-button\">Effektiv hybridteknik<\/a><\/div>\n<\/div>\n<\/div>\n\n\n\n<div class=\"wp-block-column is-layout-flow wp-block-column-is-layout-flow\">\n<div class=\"wp-block-buttons is-layout-flex wp-block-buttons-is-layout-flex\">\n<div class=\"wp-block-button\"><a class=\"wp-block-button__link wp-element-button\">Intuitiv och snabb kontroll<\/a><\/div>\n<\/div>\n<\/div>\n<\/div>\n\n\n\n<h1 class=\"wp-block-heading\">B\u00e4rbar robotteknik i de anst\u00e4lldas tj\u00e4nst<\/h1>\n\n\n\n<p><strong>Minskad stress<\/strong><\/p>\n\n\n\n<p>F\u00f6rb\u00e4ttrar den fysiska prestationsf\u00f6rm\u00e5gan genom att minska stress och risken f\u00f6r muskelv\u00e4rk som orsakas av anstr\u00e4ngande manuella plockaktiviteter.<\/p>\n\n\n\n<p><strong>F\u00f6rb\u00e4ttrad prestanda<\/strong><\/p>\n\n\n\n<p>Utformad f\u00f6r att st\u00f6dja anv\u00e4ndarna utan att hindra deras arbetsaktiviteter, vilket f\u00f6rb\u00e4ttrar b\u00e5de v\u00e4lbefinnande och produktivitet.<\/p>\n\n\n\n<p><strong>Flexibel realisering<\/strong><\/p>\n\n\n\n<p>L\u00e4mplig f\u00f6r olika applikationsscenarier med enkel hantering \u00f6ver flera arbetsskift.<\/p>\n\n\n\n<p><strong>Snabb installation<\/strong><\/p>\n\n\n\n<p>Snabb tillv\u00e4njningstid f\u00f6r anv\u00e4ndarna utan behov av anpassningar av arbetsstationerna i fabriken.<\/p>\n\n\n\n<figure class=\"wp-block-video\"><video autoplay loop muted preload=\"auto\" src=\"https:\/\/agade-exoskeletons.com\/wp-content\/uploads\/2023\/11\/agade.v3.mp4\" playsinline><\/video><\/figure>\n\n\n\n<h2 class=\"wp-block-heading\">Det idealiska exoskelettet f\u00f6r manuell materialhantering<\/h2>\n\n\n\n<figure class=\"wp-block-image\"><img decoding=\"async\" src=\"https:\/\/agade-exoskeletons.com\/wp-content\/uploads\/2023\/10\/acade-immagine-logo.svg\" alt=\"AGADEXO axel\"\/><\/figure>\n\n\n\n<p>Det f\u00f6rsta exoskelettet baserat p\u00e5 semiaktiv teknik med integrerad artificiell intelligens som automatiskt kan k\u00e4nna igen och st\u00f6dja plockaktiviteter.<\/p>\n\n\n\n<figure class=\"wp-block-image\"><img decoding=\"async\" src=\"https:\/\/agade-exoskeletons.com\/wp-content\/uploads\/2023\/11\/assistenza-digirale-icon.svg\" alt=\"AGADEXO axel\"\/><\/figure>\n\n\n\n<h2 class=\"wp-block-heading\">Intelligent st\u00f6d<\/h2>\n\n\n\n<p>De sensorstyrda armbanden med algoritmer f\u00f6r artificiell intelligens g\u00f6r det m\u00f6jligt f\u00f6r Agadexo Shoulder att aktiveras automatiskt endast n\u00e4r anv\u00e4ndaren lyfter\/s\u00e4nker en last och att ge assistans vid behov.<\/p>\n\n\n\n<figure class=\"wp-block-image\"><img decoding=\"async\" src=\"https:\/\/agade-exoskeletons.com\/wp-content\/uploads\/2023\/11\/Agade-prodotto.jpg\" alt=\"AGADEXO axel\"\/><\/figure>\n\n\n\n<figure class=\"wp-block-image\"><img decoding=\"async\" src=\"https:\/\/agade-exoskeletons.com\/wp-content\/uploads\/2023\/11\/tecnologia-ibrida-icon.svg\" alt=\"AGADEXO axel\"\/><\/figure>\n\n\n\n<h2 class=\"wp-block-heading\">Effektiv hybridteknik<\/h2>\n\n\n\n<p>Semi-aktiva st\u00e4lldon best\u00e5r av en elastisk mekanism i kombination med en elmotor och \u00e4r utformade f\u00f6r att minimera str\u00f6mf\u00f6rbrukningen, minska vikten p\u00e5 motorer och batterier och \u00f6ka anv\u00e4ndarkomforten.<\/p>\n\n\n\n<figure class=\"wp-block-image\"><img decoding=\"async\" src=\"https:\/\/agade-exoskeletons.com\/wp-content\/uploads\/2023\/11\/Agade-13-esoscheletro.jpg\" alt=\"AGADEXO axel\"\/><\/figure>\n\n\n\n<figure class=\"wp-block-image\"><img decoding=\"async\" src=\"https:\/\/agade-exoskeletons.com\/wp-content\/uploads\/2023\/11\/comando-icon.svg\" alt=\"AGADEXO axel\"\/><\/figure>\n\n\n\n<h2 class=\"wp-block-heading\">Intuitiv och snabb kontroll<\/h2>\n\n\n\n<p>Ett anv\u00e4ndarv\u00e4nligt kommandogr\u00e4nssnitt ger maximal bekv\u00e4mlighet vid hantering och styrning av enheten<\/p>\n\n\n\n<figure class=\"wp-block-image\"><img decoding=\"async\" src=\"https:\/\/agade-exoskeletons.com\/wp-content\/uploads\/2023\/11\/Agade-08-esoscheletro-1.jpg\" alt=\"AGADEXO axel\"\/><\/figure>\n\n\n\n<figure class=\"wp-block-image\"><img decoding=\"async\" src=\"https:\/\/agade-exoskeletons.com\/wp-content\/uploads\/2023\/11\/design-icon.svg\" alt=\"AGADEXO axel\"\/><\/figure>\n\n\n\n<h2 class=\"wp-block-heading\">Ergonomisk och robust design<\/h2>\n\n\n\n<p>Den mekaniska strukturen i kolfiber \u00e4r utformad f\u00f6r att s\u00e4kerst\u00e4lla maximal r\u00f6relsefrihet, l\u00e4tthet och motst\u00e5ndskraft.<\/p>\n\n\n\n<figure class=\"wp-block-image\"><img decoding=\"async\" src=\"https:\/\/agade-exoskeletons.com\/wp-content\/uploads\/2023\/11\/Agade-09-esoscheletro-1.jpg\" alt=\"AGADEXO axel\"\/><\/figure>\n\n\n\n<figure class=\"wp-block-image\"><img decoding=\"async\" src=\"https:\/\/agade-exoskeletons.com\/wp-content\/uploads\/2023\/11\/Agade-17-esoscheletro-1-638x1024.png\" alt=\"AGADEXO axel\" title=\"Agade-17-esoscheletro\"\/><\/figure>\n\n\n\n<p><a href=\"https:\/\/agade-exoskeletons.com\/wp-content\/uploads\/2023\/11\/Agade-17-esoscheletro-1.png\"><\/a><\/p>\n\n\n\n<figure class=\"wp-block-image\"><img decoding=\"async\" src=\"https:\/\/agade-exoskeletons.com\/wp-content\/uploads\/2023\/11\/Agade-16-esoscheletro-1.png\" alt=\"AGADEXO axel\" title=\"Agade-16-esoscheletro\"\/><\/figure>\n\n\n\n<p><a href=\"https:\/\/agade-exoskeletons.com\/wp-content\/uploads\/2023\/11\/Agade-16-esoscheletro-1.png\"><\/a><\/p>\n\n\n\n<figure class=\"wp-block-image\"><img decoding=\"async\" src=\"https:\/\/agade-exoskeletons.com\/wp-content\/uploads\/2023\/11\/Agade-1-esoscheletro-1-750x1024.png\" alt=\"AGADEXO axel\" title=\"Agade-1-esoscheletro\"\/><\/figure>\n\n\n\n<p><a href=\"https:\/\/agade-exoskeletons.com\/wp-content\/uploads\/2023\/11\/Agade-1-esoscheletro-1.png\"><\/a><\/p>\n\n\n\n<figure class=\"wp-block-image\"><img decoding=\"async\" src=\"https:\/\/agade-exoskeletons.com\/wp-content\/uploads\/2023\/11\/Agade-18-esoscheletro-1.png\" alt=\"AGADEXO axel\" title=\"Agade-18-esoscheletro\"\/><\/figure>\n\n\n\n<p><a href=\"https:\/\/agade-exoskeletons.com\/wp-content\/uploads\/2023\/11\/Agade-18-esoscheletro-1.png\"><\/a><\/p>\n\n\n\n<figure class=\"wp-block-image\"><img decoding=\"async\" src=\"https:\/\/agade-exoskeletons.com\/wp-content\/uploads\/2023\/11\/Agade-05-esoscheletro-1.png\" alt=\"AGADEXO axel\" title=\"Agade-05-esoscheletro\"\/><\/figure>\n\n\n\n<p><a href=\"https:\/\/agade-exoskeletons.com\/wp-content\/uploads\/2023\/11\/Agade-05-esoscheletro-1.png\"><\/a><\/p>\n\n\n\n<figure class=\"wp-block-image\"><img decoding=\"async\" src=\"https:\/\/agade-exoskeletons.com\/wp-content\/uploads\/2023\/11\/Agade-10-esoscheletro-1-804x1024.png\" alt=\"AGADEXO axel\" title=\"Agade-10-esoscheletro\"\/><\/figure>\n\n\n\n<p><a href=\"https:\/\/agade-exoskeletons.com\/wp-content\/uploads\/2023\/11\/Agade-10-esoscheletro-1.png\"><\/a><\/p>\n\n\n\n<figure class=\"wp-block-image\"><img decoding=\"async\" src=\"https:\/\/agade-exoskeletons.com\/wp-content\/uploads\/2023\/11\/Agade-11-esoscheletro-1-837x1024.png\" alt=\"AGADEXO axel\" title=\"Agade-11-esoscheletro\"\/><\/figure>\n\n\n\n<p><a href=\"https:\/\/agade-exoskeletons.com\/wp-content\/uploads\/2023\/11\/Agade-11-esoscheletro-1.png\"><\/a><\/p>\n\n\n\n<figure class=\"wp-block-image\"><img decoding=\"async\" src=\"https:\/\/agade-exoskeletons.com\/wp-content\/uploads\/2023\/11\/Agade-12-esoscheletro-1.png\" alt=\"AGADEXO axel\" title=\"Agade-12-esoscheletro\"\/><\/figure>\n\n\n\n<p><a href=\"https:\/\/agade-exoskeletons.com\/wp-content\/uploads\/2023\/11\/Agade-12-esoscheletro-1.png\"><\/a><\/p>\n\n\n\n<h3 class=\"wp-block-heading\">Upp till 40 % minskning av muskelstr\u00e4ckningar i axelh\u00f6jd - L\u00e4s mer om den vetenskapliga studien<\/h3>\n<\/div>\n\n\n\n<div class=\"wp-block-buttons is-content-justification-center is-layout-flex wp-container-core-buttons-is-layout-a89b3969 wp-block-buttons-is-layout-flex\">\n<div class=\"wp-block-button\"><a class=\"wp-block-button__link wp-element-button\" href=\"https:\/\/epar-service.com\/sv\/rueckerstattung_rueckgaben\/\">Kontakta DEMO<\/a><\/div>\n<\/div>\n\n\n\n<div class=\"wp-block-group alignfull has-white-color has-pale-cyan-blue-background-color has-text-color has-background has-global-padding is-layout-constrained wp-container-core-group-is-layout-2b508e44 wp-block-group-is-layout-constrained\" style=\"margin-top:0px;padding-top:4vw;padding-right:4vw;padding-bottom:4vw;padding-left:4vw\">\n<h3 class=\"wp-block-heading has-text-align-center\">Allt blir l\u00e4ttare i slut\u00e4ndan<\/h3>\n\n\n\n<h4 class=\"wp-block-heading\"><strong>V\u00e5rt exoskelett f\u00f6r axlar imponerar med sin prestanda<\/strong><\/h4>\n\n\n\n<p>Agadexo Shoulder har utvecklats f\u00f6r att avlasta axlarna vid manuell materialhantering och d\u00e4rmed minska risken f\u00f6r muskuloskeletala besv\u00e4r och arbetsolyckor. Den \u00e4r skr\u00e4ddarsydd f\u00f6r lyft-, b\u00e4r- och s\u00e4nkuppgifter i \u00f6verkroppen fr\u00e5n h\u00f6ft- till huvudh\u00f6jd, vilket ofta f\u00f6rekommer i industrianl\u00e4ggningar.<\/p>\n\n\n\n<div class=\"wp-block-buttons is-content-justification-center is-layout-flex wp-container-core-buttons-is-layout-766bf85b wp-block-buttons-is-layout-flex\">\n<div class=\"wp-block-button is-style-outline is-style-outline--2\"><a class=\"wp-block-button__link has-white-color has-text-color wp-element-button\" href=\"https:\/\/epar-service.com\/sv\/rueckerstattung_rueckgaben\/\">Kontakta oss<\/a><\/div>\n<\/div>\n<\/div>","protected":false},"excerpt":{"rendered":"<p>Das erste intelligente industrielle Exoskelett, das Risiko von Schultermuskelbeschwerden bei manuellen Materialtransportaufgaben reduzieren soll. Tragbare Robotik im Dienste der Arbeitnehmer Reduzierter Stress Verbessert die k\u00f6rperliche Leistungsf\u00e4higkeit durch Reduzierung von Stress und dem Risiko von Muskelschmerzen, die durch anstrengende manuelle Pfl\u00fcckeaktivit\u00e4ten verursacht werden. Verbesserte Leistung Entwickelt, um Benutzer zu unterst\u00fctzen, ohne ihre Arbeitsaktivit\u00e4ten zu behindern, und [&hellip;]<\/p>\n","protected":false},"author":1,"featured_media":0,"parent":0,"menu_order":0,"comment_status":"closed","ping_status":"closed","template":"","meta":{"om_disable_all_campaigns":false,"_monsterinsights_skip_tracking":false,"_monsterinsights_sitenote_active":false,"_monsterinsights_sitenote_note":"","_monsterinsights_sitenote_category":0,"footnotes":""},"class_list":["post-207","page","type-page","status-publish","hentry"],"aioseo_notices":[],"_links":{"self":[{"href":"https:\/\/epar-service.com\/sv\/wp-json\/wp\/v2\/pages\/207","targetHints":{"allow":["GET"]}}],"collection":[{"href":"https:\/\/epar-service.com\/sv\/wp-json\/wp\/v2\/pages"}],"about":[{"href":"https:\/\/epar-service.com\/sv\/wp-json\/wp\/v2\/types\/page"}],"author":[{"embeddable":true,"href":"https:\/\/epar-service.com\/sv\/wp-json\/wp\/v2\/users\/1"}],"replies":[{"embeddable":true,"href":"https:\/\/epar-service.com\/sv\/wp-json\/wp\/v2\/comments?post=207"}],"version-history":[{"count":4,"href":"https:\/\/epar-service.com\/sv\/wp-json\/wp\/v2\/pages\/207\/revisions"}],"predecessor-version":[{"id":423,"href":"https:\/\/epar-service.com\/sv\/wp-json\/wp\/v2\/pages\/207\/revisions\/423"}],"wp:attachment":[{"href":"https:\/\/epar-service.com\/sv\/wp-json\/wp\/v2\/media?parent=207"}],"curies":[{"name":"wp","href":"https:\/\/api.w.org\/{rel}","templated":true}]}}