{"id":2,"date":"2024-12-22T19:48:28","date_gmt":"2024-12-22T19:48:28","guid":{"rendered":"https:\/\/epar-service.com\/?page_id=2"},"modified":"2024-12-24T15:46:01","modified_gmt":"2024-12-24T15:46:01","slug":"exempelsida","status":"publish","type":"page","link":"https:\/\/epar-service.com\/sv\/exempelsida\/","title":{"rendered":"Allm\u00e4nna villkor AGB"},"content":{"rendered":"<p>EPAR-service GmbH ALLM\u00c4NNA VILLKOR F\u00d6R F\u00d6RS\u00c4LJNING, LEVERANS OCH BETALNING<\/p>\n\n\n\n<ul class=\"wp-block-list\">\n<li>F\u00f6ljande f\u00f6rs\u00e4ljnings-, leverans- och betalningsvillkor g\u00e4ller f\u00f6r samtliga avtal, leveranser och \u00f6vriga tj\u00e4nster, inklusive konsulttj\u00e4nster och information.<\/li>\n\n\n\n<li>De ska ocks\u00e5 g\u00e4lla f\u00f6r alla framtida avtal med kunden samt f\u00f6r framtida leveranser och andra tj\u00e4nster som ska tillhandah\u00e5llas kunden.<\/li>\n\n\n\n<li>Alla motstridiga villkor avvisas h\u00e4rmed.<\/li>\n\n\n\n<li>Vi levererar endast till f\u00f6retagare (\u00a7 14 BGB), offentligr\u00e4ttsliga juridiska personer och offentligr\u00e4ttsliga specialfonder. Vi levererar inte till privata slutkonsumenter.<\/li>\n\n\n\n<li>V\u00e5ra produkter \u00e4r uteslutande avsedda f\u00f6r professionell anv\u00e4ndning och uppfyller inte de krav som g\u00e4ller f\u00f6r privata slutanv\u00e4ndare.<\/li>\n<\/ul>\n\n\n\n<p><strong>Ing\u00e5ende av avtal<\/strong><br>Best\u00e4llningar till oss, \u00e4ndringar och till\u00e4gg till avtalet samt sidoavtal skall ske skriftligen. Best\u00e4llning som g\u00f6rs per telefon eller p\u00e5 annat s\u00e4tt anses vara accepterad n\u00e4r varan och fakturan avs\u00e4nts eller \u00f6verl\u00e4mnats.<\/p>\n\n\n\n<p><strong>Priser, prislistor<\/strong><\/p>\n\n\n\n<ul class=\"wp-block-list\">\n<li>V\u00e5ra priser \u00e4r ex works plus de avfallsavgifter som tas ut av det duala systemet och som framg\u00e5r av listan nedan. De priser som g\u00e4ller vid tidpunkten f\u00f6r best\u00e4llningen skall till\u00e4mpas. Moms ing\u00e5r inte i priset utan faktureras separat enligt lagstadgad skattesats.<\/li>\n\n\n\n<li>F\u00f6r varje leverans debiteras en fraktavgift p\u00e5 17,90 euro.<\/li>\n\n\n\n<li>Fri frakt fr\u00e5n ett ink\u00f6psv\u00e4rde p\u00e5 1000\u20ac.<\/li>\n\n\n\n<li>Vid anv\u00e4ndning av Express Service tar vi ut en serviceavgift p\u00e5 23,80 euro. EPAR-service GmbH har r\u00e4tt att ta ut h\u00f6gre serviceavgifter f\u00f6r specialhantering (t.ex. skrymmande gods, expressbest\u00e4llningar, styckegods).<\/li>\n\n\n\n<li>Om den avtalade leveranstiden \u00e4r l\u00e4ngre \u00e4n en m\u00e5nad fr\u00e5n avtalets ing\u00e5ende, har vi r\u00e4tt att debitera priserna enligt v\u00e5r prislista som g\u00e4ller p\u00e5 leveransdagen.<\/li>\n\n\n\n<li>Vid fakturering avrundas priserna per f\u00f6rpackningsenhet till hela cent (tredje decimalen st\u00f6rre \u00e4n 4 avrundas upp\u00e5t, annars avrundas den ned\u00e5t) och multipliceras med orderkvantiteten.<\/li>\n<\/ul>\n\n\n\n<p>Betalning<\/p>\n\n\n\n<ul class=\"wp-block-list\">\n<li>V\u00e5ra fakturor ska betalas inom 14 dagar efter fakturering utan avdrag.<\/li>\n\n\n\n<li>F\u00f6r best\u00e4llningar \u00f6ver 5000 \u20ac kr\u00e4vs en deposition p\u00e5 50% av beloppet vid best\u00e4llningstillf\u00e4llet.<\/li>\n\n\n\n<li>Om Eparcare \u00e4r beh\u00f6rig att ta ut fordran p\u00e5 Kunden genom autogiro p\u00e5 grundval av ett SEPA-autogiromedgivande fr\u00e5n Kunden, medger Kunden att Eparcare ska skicka ett f\u00f6rhandsmeddelande till Kunden senast tre (3) kalenderdagar f\u00f6re den dag d\u00e5 SEPA-autogiro avses tas ut (uttagsdag).<\/li>\n\n\n\n<li>Kunden \u00e4r i dr\u00f6jsm\u00e5l med betalningen efter mottagandet av den f\u00f6rsta p\u00e5minnelsen eller utan p\u00e5minnelse 14 dagar efter f\u00f6rfallodagen och mottagandet av en faktura i enlighet med \u00a7 286 (3) BGB. I h\u00e4ndelse av dr\u00f6jsm\u00e5l har vi r\u00e4tt till dr\u00f6jsm\u00e5lsr\u00e4nta enligt \u00a7 288 BGB, f\u00f6rutsatt att vi kan bevisa att ytterligare skada har uppst\u00e5tt p\u00e5 grund av dr\u00f6jsm\u00e5let.<\/li>\n\n\n\n<li>Kvittning mot icke redovisade eller icke lagligen fastst\u00e4llda fordringar fr\u00e5n kunden \u00e4r utesluten. Detta g\u00e4ller \u00e4ven f\u00f6r en retentionsr\u00e4tt p\u00e5 grund av s\u00e5dana motfordringar, s\u00e5vida dessa fordringar inte baseras p\u00e5 samma avtalsf\u00f6rh\u00e5llande.<\/li>\n<\/ul>\n\n\n\n<p><strong>leverans<\/strong><\/p>\n\n\n\n<ul class=\"wp-block-list\">\n<li>V\u00e5r leveransskyldighet g\u00e4ller under f\u00f6ruts\u00e4ttning av fullst\u00e4ndig och korrekt leverans till oss, s\u00e5vida vi inte \u00e4r ansvariga f\u00f6r utebliven eller f\u00f6rsenad leverans.<\/li>\n\n\n\n<li>Vid specialanpassade produkter \u00e4r \u00f6ver- eller underleveranser upp till 10 % till\u00e5tna och beaktas i fakturan.<\/li>\n\n\n\n<li>Betr\u00e4ffande de m\u00e5tt som anges f\u00f6r v\u00e5ra leveransobjekt f\u00f6rbeh\u00e5ller vi oss r\u00e4tten till sedvanliga avvikelser, s\u00e5vida vi inte uttryckligen har garanterat att m\u00e5tten f\u00f6ljs.<\/li>\n\n\n\n<li>Vi har r\u00e4tt att g\u00f6ra rimliga delleveranser.<\/li>\n\n\n\n<li>Om avs\u00e4ndandet av best\u00e4llda leveransobjekt f\u00f6rsenas av sk\u00e4l som kunden ansvarar f\u00f6r, \u00f6verg\u00e5r risken till kunden vid mottagandet av meddelandet om att leveransobjektet \u00e4r klart f\u00f6r avs\u00e4ndning.<\/li>\n\n\n\n<li>Tillf\u00f6rlitlig avs\u00e4ndning av de best\u00e4llda varorna ska s\u00e4kerst\u00e4llas av transport\u00f6rer som anlitas av oss. Parterna \u00e4r \u00f6verens om att det i h\u00e4ndelse av tvist \u00e4r kundens ansvar att bevisa att en leverans inte har anl\u00e4nt.<\/li>\n\n\n\n<li>I h\u00e4ndelse av att varor tas tillbaka som en gest av goodwill har vi r\u00e4tt att ta ut en \u00e5terst\u00e4llningsavgift p\u00e5 15% av v\u00e4rdet p\u00e5 de varor som tas tillbaka, med ett minimum p\u00e5 15,00 euro och ett maximum p\u00e5 250,00 euro.<\/li>\n<\/ul>\n\n\n\n<p><strong>Leveranstid<\/strong><br>Avtalad leveranstid f\u00f6rl\u00e4ngs i sk\u00e4lig utstr\u00e4ckning vid of\u00f6rutsedda hinder utanf\u00f6r v\u00e5r kontroll, s\u00e5som strejk, lockout, driftst\u00f6rningar, f\u00f6rseningar i leverans av r\u00e5material, oavsett om hindret intr\u00e4ffar hos oss eller hos v\u00e5ra leverant\u00f6rer. Vi ska inte vara ansvariga f\u00f6r s\u00e5dana omst\u00e4ndigheter \u00e4ven om vi redan \u00e4r i dr\u00f6jsm\u00e5l. Om de intr\u00e4ffar har b\u00e5da parter r\u00e4tt att fr\u00e5ntr\u00e4da avtalet.<\/p>\n\n\n\n<p><strong>Beh\u00e5llande av \u00e4gander\u00e4tt<\/strong><\/p>\n\n\n\n<ul class=\"wp-block-list\">\n<li>De av oss levererade f\u00f6rem\u00e5len f\u00f6rblir v\u00e5r egendom till dess att alla v\u00e5ra nuvarande fordringar p\u00e5 kunden, liksom framtida fordringar, i den m\u00e5n de \u00e4r relaterade till de levererade f\u00f6rem\u00e5len, har uppfyllts.<\/li>\n\n\n\n<li>Kunden har r\u00e4tt att s\u00e4lja vidare de leveransobjekt (varor med \u00e4gander\u00e4ttsf\u00f6rbeh\u00e5ll) som \u00e4gs av oss inom ramen f\u00f6r den normala aff\u00e4rsverksamheten. Han \u00f6verl\u00e5ter dock h\u00e4rmed till oss alla fordringar som uppkommer i samband med denna \u00e5terf\u00f6rs\u00e4ljning, oavsett om f\u00f6rbeh\u00e5llsvaran \u00e5terf\u00f6rs\u00e4ljs f\u00f6re eller efter bearbetning eller om den kombineras med fast eller l\u00f6s egendom eller inte. Om f\u00f6rbeh\u00e5llsvaran s\u00e4ljs vidare efter bearbetning eller tillsammans med annan vara som inte tillh\u00f6r oss, eller om den f\u00f6renas med fast eller l\u00f6s egendom, ska k\u00f6parens fordran mot sina kunder anses vara \u00f6verl\u00e5ten till oss till ett belopp som motsvarar det leveranspris som k\u00f6paren och vi har avtalat f\u00f6r f\u00f6rbeh\u00e5llsvaran.<\/li>\n\n\n\n<li>Kunden har r\u00e4tt att driva in denna fordran \u00e4ven efter \u00f6verl\u00e5telsen. V\u00e5r r\u00e4tt att sj\u00e4lva driva in fordran p\u00e5verkas inte av detta, men vi f\u00f6rbinder oss att inte g\u00f6ra det s\u00e5 l\u00e4nge kunden fullg\u00f6r sina betalningsf\u00f6rpliktelser i vederb\u00f6rlig ordning. Om kunden utnyttjar inkasseringstillst\u00e5ndet har vi r\u00e4tt till den inkasserade ers\u00e4ttningen till ett belopp som motsvarar det leveranspris som kunden och vi har kommit \u00f6verens om f\u00f6r reservvaran.<\/li>\n\n\n\n<li>Bearbetning eller ombyggnad av varan som omfattas av \u00e4gander\u00e4ttsf\u00f6rbeh\u00e5llet ska utf\u00f6ras f\u00f6r oss som tillverkare i enlighet med \u00a7 950 BGB utan n\u00e5gon skyldighet fr\u00e5n v\u00e5r sida. Om varan som omfattas av \u00e4gander\u00e4ttsf\u00f6rbeh\u00e5llet bearbetas tillsammans med andra varor, f\u00f6rv\u00e4rvar vi del\u00e4garskap i den nya varan i f\u00f6rh\u00e5llandet mellan marknadsv\u00e4rdet p\u00e5 v\u00e5ra varor och v\u00e4rdet p\u00e5 de andra bearbetade varorna vid tidpunkten f\u00f6r bearbetningen. Kunden ska kostnadsfritt f\u00f6rvara den nya varan \u00e5t oss med branschm\u00e4ssig omsorg.<\/li>\n\n\n\n<li>Vi f\u00f6rbinder oss att p\u00e5 beg\u00e4ran frisl\u00e4ppa de v\u00e4rdepapper som vi \u00e4r ber\u00e4ttigade till i den utstr\u00e4ckning som deras realisationsv\u00e4rde \u00f6verstiger de fordringar som ska s\u00e4kerst\u00e4llas med mer \u00e4n 20 %.<\/li>\n\n\n\n<li>Om vi accepterar v\u00e4xlar som betalningsmedel ska v\u00e5rt \u00e4gander\u00e4ttsf\u00f6rbeh\u00e5ll best\u00e5 till dess att det konstateras att vi inte l\u00e4ngre kan h\u00e5llas ansvariga enligt denna v\u00e4xel.<\/li>\n<\/ul>\n\n\n\n<ul class=\"wp-block-list\">\n<li><strong>Klagom\u00e5l<\/strong><br>Uppenbara fel ska anm\u00e4las skriftligen och specificeras inom 10 dagar fr\u00e5n mottagandet av varan.<\/li>\n\n\n\n<li><strong>Garanti<\/strong><br>Vi ger kunden obegr\u00e4nsad lagstadgad garantir\u00e4tt, trots lagstadgade begr\u00e4nsningar och genv\u00e4gar.<\/li>\n<\/ul>\n\n\n\n<p><strong>Uteslutande av skadest\u00e5ndsanspr\u00e5k<\/strong><\/p>\n\n\n\n<ul id=\"block-866ea755-7669-48ad-afc8-4a9e9f48ff6a\" class=\"wp-block-list\">\n<li>Vi ansvarar - oavsett r\u00e4ttslig grund - endast f\u00f6r skador som uppkommer p\u00e5 grund av underl\u00e5tenhet eller felaktigt utf\u00f6rande av f\u00f6rslag eller r\u00e5d som l\u00e4mnats f\u00f6re eller efter avtalets ing\u00e5ende eller p\u00e5 grund av brott mot andra avtalsenliga till\u00e4ggsf\u00f6rpliktelser - i synnerhet instruktioner f\u00f6r drift och underh\u00e5ll av leveransobjektet - som inte har uppst\u00e5tt p\u00e5 sj\u00e4lva leveransobjektet.\n<ul class=\"wp-block-list\">\n<li>med upps\u00e5t<\/li>\n\n\n\n<li>i h\u00e4ndelse av grov v\u00e5rdsl\u00f6shet fr\u00e5n v\u00e5ra ledningsorgan eller v\u00e5ra ledande befattningshavares sida<\/li>\n\n\n\n<li>i h\u00e4ndelse av upps\u00e5tlig skada p\u00e5 liv, lem och h\u00e4lsa,<\/li>\n\n\n\n<li>om det \u00e4r fr\u00e5ga om fel som vi svikligen har undanh\u00e5llit eller om det \u00e4r fr\u00e5ga om fel som vi har garanterat inte f\u00f6religger,<\/li>\n\n\n\n<li>vid fel i leveransobjektet, i den m\u00e5n ansvar f\u00f6religger enligt produktansvarslagen f\u00f6r person- eller sakskada p\u00e5 privat begagnade f\u00f6rem\u00e5l.<\/li>\n\n\n\n<li>Vid upps\u00e5tligt \u00e5sidos\u00e4ttande av v\u00e4sentliga avtalsf\u00f6rpliktelser ansvarar vi \u00e4ven f\u00f6r grov v\u00e5rdsl\u00f6shet fr\u00e5n icke ledande befattningshavares sida och f\u00f6r ringa v\u00e5rdsl\u00f6shet, men i det senare fallet begr\u00e4nsat till rimligen f\u00f6rutsebara skador som \u00e4r typiska f\u00f6r avtalet. Ytterligare skadest\u00e5ndsanspr\u00e5k \u00e4r uteslutna.<\/li>\n\n\n\n<li>Eparcare ska vara skadest\u00e5ndsskyldig f\u00f6r skador p\u00e5 grund av f\u00f6rsenad leverans av expressbest\u00e4llningar (\"leverans inom n\u00e4sta arbetsdag\") upp till ett maximalt belopp om 250 EUR per best\u00e4llning. Krav p\u00e5 ytterligare skadest\u00e5nd p\u00e5 grund av f\u00f6rsening \u00e4r uteslutet.<\/li>\n\n\n\n<li>Vi tar inget ansvar om kunden g\u00f6r v\u00e5ra produkter som \u00e4r avsedda f\u00f6r professionellt bruk tillg\u00e4ngliga f\u00f6r privata slutanv\u00e4ndare.<\/li>\n<\/ul>\n<\/li>\n<\/ul>\n\n\n\n<p><strong>Programvara<\/strong><br>Kunden erh\u00e5ller en icke-exklusiv och icke \u00f6verl\u00e5tbar nyttjander\u00e4tt till programmen med tillh\u00f6rande dokument och senare till\u00e4gg f\u00f6r internt bruk med de produkter f\u00f6r vilka programmen levereras. Alla andra r\u00e4ttigheter till programmen och dokumentationen, inklusive kopior och senare till\u00e4gg, ska f\u00f6rbli hos v\u00e5rt f\u00f6retag. Kunden m\u00e5ste se till att dessa program och dokument inte \u00e4r tillg\u00e4ngliga f\u00f6r tredje part utan f\u00f6reg\u00e5ende medgivande fr\u00e5n v\u00e5rt f\u00f6retag. Kopior f\u00e5r endast g\u00f6ras f\u00f6r arkiverings\u00e4ndam\u00e5l, som ers\u00e4ttning eller f\u00f6r fels\u00f6kning. \u00d6verl\u00e5telse av k\u00e4llprogram kr\u00e4ver ett separat skriftligt avtal. Om originalen \u00e4r f\u00f6rsedda med en copyright-angivelse, m\u00e5ste kunden anbringa denna p\u00e5 originalet. Om inte annat avtalats anses nyttjander\u00e4tten ha uppl\u00e5tits vid leverans av ordern och leverans av program, dokumentation och senare kompletteringar. \u00c4ndringar i programmen \u00e4r inte till\u00e5tna; om \u00e4ndrade program anv\u00e4nds av best\u00e4llaren eller av tredje man \u00e4r v\u00e5rt f\u00f6retag inte skadest\u00e5ndsskyldigt.<br>Kunden \u00e4r medveten om att fel i programvaran inte helt kan uteslutas p\u00e5 grund av den tekniska utvecklingen. Kunden skall kontrollera programvaran omedelbart efter leverans och omedelbart skriftligen meddela v\u00e5rt f\u00f6retag om uppenbara fel. V\u00e5rt f\u00f6retag garanterar att programvarans funktionalitet i allt v\u00e4sentligt motsvarar beskrivningen i dokumentationen eller specifikationerna i orderbekr\u00e4ftelsen. D\u00e4rut\u00f6ver garanterar v\u00e5rt f\u00f6retag inte vissa egenskaper hos programvarorna eller deras l\u00e4mplighet f\u00f6r kundens \u00e4ndam\u00e5l eller kundens krav. V\u00e5rt f\u00f6retag ansvarar inte f\u00f6r \u00e5terskapande av data, s\u00e5vida inte v\u00e5rt f\u00f6retag genom grov v\u00e5rdsl\u00f6shet eller upps\u00e5t har orsakat att data f\u00f6rst\u00f6rts och kunden har s\u00e4kerst\u00e4llt att dessa data med rimliga anstr\u00e4ngningar kan rekonstrueras fr\u00e5n datamaterialet, som \u00e4r lagrat i maskinl\u00e4sbar form.<br>I den m\u00e5n ansvarsfriskrivningar enligt ovanst\u00e5ende punkter endast kan avtalas p\u00e5 ett r\u00e4ttsligt bindande s\u00e4tt mellan fullt kvalificerade handlare, ska den r\u00e4ttsligt till\u00e5tna m\u00f6jligheten till en omfattande ansvarsfriskrivning kvarst\u00e5 vid en transaktion med en ickehandlare.<\/p>\n\n\n\n<p><strong>Egenskaper<\/strong><br>Information, ritningar, illustrationer, prover, broschyrer, tekniska specifikationer och kataloger samt andra tekniska data och anv\u00e4ndningsrekommendationer som finns i broschyrer, kataloger, annonser och prislistor eller i de dokument som h\u00f6r till en offert \u00e4r icke bindande; de befriar inte kunden fr\u00e5n att kontrollera varornas l\u00e4mplighet f\u00f6r avsedda \u00e4ndam\u00e5l, processer och till\u00e4mpningar. De blir endast en del av avtalet om och i den m\u00e5n de uttryckligen har bekr\u00e4ftats av oss som bindande. Kvalitetsgarantier \u00e4r endast s\u00e5dana som uttryckligen anges som s\u00e5dana i orderbekr\u00e4ftelsen. Kunden \u00e4r ensam ansvarig f\u00f6r till\u00e4mpning, anv\u00e4ndning och bearbetning av de ink\u00f6pta varorna. Vi f\u00f6rbeh\u00e5ller oss \u00e4gander\u00e4tten och upphovsr\u00e4tten till illustrationer, ritningar och andra dokument. De f\u00e5r endast anv\u00e4ndas f\u00f6r det avtalsenliga \u00e4ndam\u00e5let utan v\u00e5rt medgivande och f\u00e5r inte g\u00f6ras tillg\u00e4ngliga f\u00f6r tredje part.<\/p>\n\n\n\n<p><strong>Plats f\u00f6r fullg\u00f6rande, plats f\u00f6r jurisdiktion, till\u00e4mplig lag<\/strong><\/p>\n\n\n\n<ul class=\"wp-block-list\">\n<li> Beh\u00f6rig domstol f\u00f6r alla tvister som uppst\u00e5r p\u00e5 grund av v\u00e5rt r\u00e4ttsf\u00f6rh\u00e5llande med kunden \u00e4r Stuttgart. Vi har dock \u00e4ven r\u00e4tt att vidta r\u00e4ttsliga \u00e5tg\u00e4rder vid kundens huvudkontor.<\/li>\n\n\n\n<li>Tysk lag skall till\u00e4mpas; i undantagsfall skall \u00e4ven FN:s k\u00f6plag till\u00e4mpas.<\/li>\n<\/ul>","protected":false},"excerpt":{"rendered":"<p>EPAR-service GmbH ALLGEMEINE VERKAUFS-, LIEFERUNGS- UND ZAHLUNGSBEDINGUNGEN VertragsabschlussAuftr\u00e4ge an uns, Vertrags\u00e4nderungen und -erg\u00e4nzungen sowie Nebenabreden bed\u00fcrfen der Schriftform. Telefonisch oder in anderer Form erteilte Auftr\u00e4ge gelten als angenommen, wenn Versendung oder Aush\u00e4ndigung der Ware und Rechnung erfolgt. Preise, Preislisten Zahlung Lieferung LieferfristVereinbarte Lieferfristen verl\u00e4ngern sich angemessen beim Eintritt unvorhergesehener Hindernisse, die au\u00dferhalb unserer Einflussm\u00f6glichkeiten liegen, [&hellip;]<\/p>\n","protected":false},"author":1,"featured_media":0,"parent":0,"menu_order":0,"comment_status":"closed","ping_status":"open","template":"","meta":{"om_disable_all_campaigns":false,"_monsterinsights_skip_tracking":false,"_monsterinsights_sitenote_active":false,"_monsterinsights_sitenote_note":"","_monsterinsights_sitenote_category":0,"footnotes":""},"class_list":["post-2","page","type-page","status-publish","hentry"],"aioseo_notices":[],"_links":{"self":[{"href":"https:\/\/epar-service.com\/sv\/wp-json\/wp\/v2\/pages\/2","targetHints":{"allow":["GET"]}}],"collection":[{"href":"https:\/\/epar-service.com\/sv\/wp-json\/wp\/v2\/pages"}],"about":[{"href":"https:\/\/epar-service.com\/sv\/wp-json\/wp\/v2\/types\/page"}],"author":[{"embeddable":true,"href":"https:\/\/epar-service.com\/sv\/wp-json\/wp\/v2\/users\/1"}],"replies":[{"embeddable":true,"href":"https:\/\/epar-service.com\/sv\/wp-json\/wp\/v2\/comments?post=2"}],"version-history":[{"count":1,"href":"https:\/\/epar-service.com\/sv\/wp-json\/wp\/v2\/pages\/2\/revisions"}],"predecessor-version":[{"id":90,"href":"https:\/\/epar-service.com\/sv\/wp-json\/wp\/v2\/pages\/2\/revisions\/90"}],"wp:attachment":[{"href":"https:\/\/epar-service.com\/sv\/wp-json\/wp\/v2\/media?parent=2"}],"curies":[{"name":"wp","href":"https:\/\/api.w.org\/{rel}","templated":true}]}}