{"id":144,"date":"2024-12-25T20:26:42","date_gmt":"2024-12-25T20:26:42","guid":{"rendered":"https:\/\/epar-service.com\/?page_id=144"},"modified":"2024-12-27T07:48:16","modified_gmt":"2024-12-27T07:48:16","slug":"thorax-ssm","status":"publish","type":"page","link":"https:\/\/epar-service.com\/sv\/thorax-ssm\/","title":{"rendered":"Br\u00f6stkorg SSM"},"content":{"rendered":"<p class=\"has-text-align-center\"><strong>SKYDDAR - ST\u00d6DER - STABILISERAR<\/strong><\/p>\n\n\n\n<p><img alt=\"Br\u00f6stkorg SSM\" decoding=\"async\" src=\"https:\/\/www.thorax-ssm.com\/media\/a0\/ea\/fc\/1699013021\/Carbon-Hintergrund-Slider-Element.png\" srcset=\"https:\/\/www.thorax-ssm.com\/thumbnail\/a0\/ea\/fc\/1699013021\/Carbon-Hintergrund-Slider-Element_1920x1920.png 1920w, https:\/\/www.thorax-ssm.com\/thumbnail\/a0\/ea\/fc\/1699013021\/Carbon-Hintergrund-Slider-Element_800x800.png 800w, https:\/\/www.thorax-ssm.com\/thumbnail\/a0\/ea\/fc\/1699013021\/Carbon-Hintergrund-Slider-Element_400x400.png 400w\"><\/p>\n\n\n\n<h2 class=\"wp-block-heading\"><strong>TEKNIK F\u00d6R BR\u00d6STKORGEN SSM<\/strong><\/h2>\n\n\n\n<figure class=\"wp-block-image\"><img decoding=\"async\" src=\"https:\/\/www.thorax-ssm.com\/media\/e7\/ab\/b4\/1712127380\/Thorax-1000x1000-4mb.gif\" alt=\"Br\u00f6stkorg SSM\"\/><\/figure>\n\n\n\n<p>Den&nbsp;<strong>Thorax ryggradsst\u00f6dsmodul av ax-lightness<\/strong>&nbsp;\u00e4r ett ryggst\u00f6d med st\u00f6d f\u00f6r ryggen fr\u00e5n b\u00e4ckenbotten till axlarna och ger st\u00f6d n\u00e4r du st\u00e5r, sitter, g\u00e5r och lyfter.<br><br>Den anatomiska utformningen s\u00e4kerst\u00e4ller att alla muskelgrupper anv\u00e4nds p\u00e5 ett m\u00e5linriktat s\u00e4tt samtidigt som den ger maximal s\u00e4kerhet f\u00f6r ryggraden. En rak h\u00e5llning i alla typer av r\u00f6relser bidrar d\u00e4rmed till stabilisering.<br><br>Strukturen och utformningen av v\u00e5rt system stabiliserar aktivt hela \u00f6verkroppen dynamiskt. Kolfiberramen s\u00e4kerst\u00e4ller optimal lastf\u00f6rdelning vid lyft och b\u00e4rande av tunga laster samt vid b\u00e4rande av ryggs\u00e4ckar eller andra laster p\u00e5 ryggen. Genom att aktivt styra ryggraden i systemet kontrolleras \u00f6verkroppens rotationsr\u00f6relser dynamiskt och ryggraden skyddas mot rotationsskador. Musklerna stimuleras till aktivt arbete, vilket leder till ett betydligt h\u00f6gre utnyttjande av b\u00e5lmuskulaturen. De drabbade lederna skyddas s\u00e4rskilt av det aktiva systemet. Skulderg\u00f6rdeln, ryggraden, b\u00e4ckenet och h\u00f6fterna uts\u00e4tts f\u00f6r en anatomisk belastning, vilket leder till en b\u00e4ttre kraftf\u00f6rdelning och d\u00e4rmed en mjukare h\u00e5llning.<\/p>\n\n\n\n<h4 class=\"wp-block-heading\"><strong>#SSkyddarSt\u00f6djerStabiliserar<\/strong><\/h4>\n\n\n\n<figure class=\"wp-block-embed is-type-video is-provider-youtube wp-block-embed-youtube wp-embed-aspect-16-9 wp-has-aspect-ratio\"><div class=\"wp-block-embed__wrapper\">\n<iframe loading=\"lazy\" title=\"Thorax SSM av ax-lightness\" width=\"500\" height=\"281\" src=\"https:\/\/www.youtube.com\/embed\/GyBHTrOKfDs?feature=oembed\" frameborder=\"0\" allow=\"accelerometer; autoplay; clipboard-write; encrypted-media; gyroscope; picture-in-picture; web-share\" referrerpolicy=\"strict-origin-when-cross-origin\" allowfullscreen><\/iframe>\n<\/div><\/figure>\n\n\n\n<p><img alt=\"Br\u00f6stkorg SSM\" decoding=\"async\" src=\"https:\/\/www.thorax-ssm.com\/media\/a0\/ea\/fc\/1699013021\/Carbon-Hintergrund-Slider-Element.png\" srcset=\"https:\/\/www.thorax-ssm.com\/thumbnail\/a0\/ea\/fc\/1699013021\/Carbon-Hintergrund-Slider-Element_1920x1920.png 1920w, https:\/\/www.thorax-ssm.com\/thumbnail\/a0\/ea\/fc\/1699013021\/Carbon-Hintergrund-Slider-Element_800x800.png 800w, https:\/\/www.thorax-ssm.com\/thumbnail\/a0\/ea\/fc\/1699013021\/Carbon-Hintergrund-Slider-Element_400x400.png 400w\"><\/p>\n\n\n\n<h2 class=\"wp-block-heading\"><strong>BR\u00d6STKORGENS STRUKTUR SSM<\/strong><\/h2>\n\n\n\n<figure class=\"wp-block-image\"><img decoding=\"async\" src=\"https:\/\/www.thorax-ssm.com\/media\/b6\/5e\/70\/1707124126\/Thorax-Frontansicht_Beschriftung-2023%20-%20140x180mm.jpg\" alt=\"Br\u00f6stkorg SSM\"\/><\/figure>\n\n\n\n<ul class=\"wp-block-list\">\n<li>H\u00f6gkvalitativ kolfiber T800 med aramid- och glasfiberf\u00f6rst\u00e4rkning<\/li>\n\n\n\n<li>H\u00f6g passform tack vare de skr\u00e4ddarsydda ryggelementen<\/li>\n\n\n\n<li>fr\u00e5n 690 gram<\/li>\n\n\n\n<li>5 standardstorlekar och anpassningsbara<\/li>\n\n\n\n<li>Dynorna \u00e4r utbytbara och tv\u00e4ttbara upp till 60 \u00b0C<\/li>\n\n\n\n<li>Best\u00e5r av 6 delar (rygg- och axelremmar, 2 mittsp\u00e4nnen, 1 b\u00e4ckenl\u00e5s, 1 br\u00f6stplatta och remmar med magnetf\u00e4ste)<\/li>\n<\/ul>\n\n\n\n<figure class=\"wp-block-image\"><img decoding=\"async\" src=\"https:\/\/www.thorax-ssm.com\/media\/96\/49\/7f\/1699020897\/IMG_0029.JPG\" alt=\"Br\u00f6stkorg SSM\"\/><\/figure>\n\n\n\n<p><img alt=\"Br\u00f6stkorg SSM\" decoding=\"async\" src=\"https:\/\/www.thorax-ssm.com\/media\/a0\/ea\/fc\/1699013021\/Carbon-Hintergrund-Slider-Element.png\" srcset=\"https:\/\/www.thorax-ssm.com\/thumbnail\/a0\/ea\/fc\/1699013021\/Carbon-Hintergrund-Slider-Element_1920x1920.png 1920w, https:\/\/www.thorax-ssm.com\/thumbnail\/a0\/ea\/fc\/1699013021\/Carbon-Hintergrund-Slider-Element_800x800.png 800w, https:\/\/www.thorax-ssm.com\/thumbnail\/a0\/ea\/fc\/1699013021\/Carbon-Hintergrund-Slider-Element_400x400.png 400w\"><\/p>\n\n\n\n<h2 class=\"wp-block-heading\"><strong>ANV\u00c4NDNINGSOMR\u00c5DEN F\u00d6R SSM F\u00d6R BR\u00d6STKORG<\/strong><\/h2>\n\n\n\n<p class=\"has-text-align-center\"><img alt=\"Br\u00f6stkorg SSM\" decoding=\"async\" srcset=\"https:\/\/www.thorax-ssm.com\/thumbnail\/2a\/63\/59\/1712065332\/_DSC0196-beschnitten_web_400x400.jpg 400w, https:\/\/www.thorax-ssm.com\/thumbnail\/2a\/63\/59\/1712065332\/_DSC0196-beschnitten_web_800x800.jpg 800w, https:\/\/www.thorax-ssm.com\/thumbnail\/2a\/63\/59\/1712065332\/_DSC0196-beschnitten_web_1920x1920.jpg 1920w\" src=\"https:\/\/www.thorax-ssm.com\/media\/2a\/63\/59\/1712065332\/_DSC0196-beschnitten_web.jpg\"><strong>INDUSTRIE &amp; HANDWERK - Montering, anl\u00e4ggningsteknik, tillverkning &amp; handel<\/strong><img alt=\"Br\u00f6stkorg SSM\" decoding=\"async\" srcset=\"https:\/\/www.thorax-ssm.com\/thumbnail\/dd\/d9\/c8\/1712228895\/_DSC0206_ohne-Logo_web_400x400.jpg 400w, https:\/\/www.thorax-ssm.com\/thumbnail\/dd\/d9\/c8\/1712228895\/_DSC0206_ohne-Logo_web_800x800.jpg 800w, https:\/\/www.thorax-ssm.com\/thumbnail\/dd\/d9\/c8\/1712228895\/_DSC0206_ohne-Logo_web_1920x1920.jpg 1920w\" src=\"https:\/\/www.thorax-ssm.com\/media\/dd\/d9\/c8\/1712228895\/_DSC0206_ohne-Logo_web.jpg\"><strong>LOGISTIK - Lager, transport, plock och pack<\/strong><\/p>\n\n\n\n<p class=\"has-text-align-center\"><img alt=\"Br\u00f6stkorg SSM\" decoding=\"async\" srcset=\"https:\/\/www.thorax-ssm.com\/thumbnail\/14\/59\/68\/1699021768\/IMG_0114_800x800.jpg 800w, https:\/\/www.thorax-ssm.com\/thumbnail\/14\/59\/68\/1699021768\/IMG_0114_400x400.jpg 400w, https:\/\/www.thorax-ssm.com\/thumbnail\/14\/59\/68\/1699021768\/IMG_0114_1920x1920.jpg 1920w\" src=\"https:\/\/www.thorax-ssm.com\/media\/14\/59\/68\/1699021768\/IMG_0114.jpg\"><strong>H\u00e4lso- och sjukv\u00e5rd - Brandk\u00e5r, r\u00e4ddningstj\u00e4nst &amp; v\u00e5rd<\/strong><img alt=\"Br\u00f6stkorg SSM\" decoding=\"async\" srcset=\"https:\/\/www.thorax-ssm.com\/thumbnail\/00\/f7\/bf\/1714036294\/DSC02641_web_400x400.jpg 400w, https:\/\/www.thorax-ssm.com\/thumbnail\/00\/f7\/bf\/1714036294\/DSC02641_web_800x800.jpg 800w, https:\/\/www.thorax-ssm.com\/thumbnail\/00\/f7\/bf\/1714036294\/DSC02641_web_1920x1920.jpg 1920w\" src=\"https:\/\/www.thorax-ssm.com\/media\/00\/f7\/bf\/1714036294\/DSC02641_web.jpg\"><strong>ADMINISTRATION &amp; KONTOR - Sittande och st\u00e5ende<\/strong><\/p>\n\n\n\n<p><img alt=\"Br\u00f6stkorg SSM\" decoding=\"async\" src=\"https:\/\/www.thorax-ssm.com\/media\/a0\/ea\/fc\/1699013021\/Carbon-Hintergrund-Slider-Element.png\" srcset=\"https:\/\/www.thorax-ssm.com\/thumbnail\/a0\/ea\/fc\/1699013021\/Carbon-Hintergrund-Slider-Element_1920x1920.png 1920w, https:\/\/www.thorax-ssm.com\/thumbnail\/a0\/ea\/fc\/1699013021\/Carbon-Hintergrund-Slider-Element_800x800.png 800w, https:\/\/www.thorax-ssm.com\/thumbnail\/a0\/ea\/fc\/1699013021\/Carbon-Hintergrund-Slider-Element_400x400.png 400w\"><\/p>\n\n\n\n<h2 class=\"wp-block-heading\"><strong>CERTIFIERAD AV INSTITUTET F\u00d6R H\u00c4LSA OCH ERGONOMI E.V. (IGR)<\/strong><\/h2>\n\n\n\n<figure class=\"wp-block-image\"><img decoding=\"async\" src=\"https:\/\/www.thorax-ssm.com\/media\/ab\/d5\/13\/1699273343\/IGR-Certificate_2022_07_2%20-%20DE.jpg\" alt=\"Br\u00f6stkorg SSM\"\/><\/figure>\n\n\n\n<p>Thorax SSM har certifierats i enlighet med DIN EN ISO 26800 av Institut f\u00fcr Gesundheit und Ergonomie e.V. (IGR). DIN EN ISO 26800 representerar det allm\u00e4nna syns\u00e4ttet p\u00e5 ergonomi och definierar viktiga ergonomiska principer och begrepp.<br><br>Ergonomi handlar om m\u00e4nskliga, tekniska, ekonomiska och organisatoriska faktorer som p\u00e5verkar m\u00e4nniskors beteende, aktiviteter och v\u00e4lbefinnande i arbetet.<\/p>\n\n\n\n<figure class=\"wp-block-image\"><img decoding=\"async\" src=\"https:\/\/www.thorax-ssm.com\/media\/e7\/ab\/b4\/1712127380\/Thorax-1000x1000-4mb.gif\" alt=\"Br\u00f6stkorg SSM\"\/><\/figure>\n\n\n\n<p><img alt=\"Br\u00f6stkorg SSM\" decoding=\"async\" src=\"https:\/\/www.thorax-ssm.com\/media\/a0\/ea\/fc\/1699013021\/Carbon-Hintergrund-Slider-Element.png\" srcset=\"https:\/\/www.thorax-ssm.com\/thumbnail\/a0\/ea\/fc\/1699013021\/Carbon-Hintergrund-Slider-Element_1920x1920.png 1920w, https:\/\/www.thorax-ssm.com\/thumbnail\/a0\/ea\/fc\/1699013021\/Carbon-Hintergrund-Slider-Element_800x800.png 800w, https:\/\/www.thorax-ssm.com\/thumbnail\/a0\/ea\/fc\/1699013021\/Carbon-Hintergrund-Slider-Element_400x400.png 400w\"><\/p>","protected":false},"excerpt":{"rendered":"<p>SCH\u00dcTZT \u00b7 ST\u00dcTZT \u00b7 STABILISIERT TECHNOLOGIE DES THORAX SSM Das&nbsp;Thorax Spine Support Module by ax-lightness&nbsp;ist eine Wirbels\u00e4ulenst\u00fctze mit R\u00fcckenf\u00fchrung vom Beckenansatz bis zu den Schultern und unterst\u00fctzt beim Stehen, Sitzen, Laufen und Heben. Durch den anatomischen Aufbau wird eine gezielte Muskelbeanspruchung aller Muskelgruppen erreicht unter der h\u00f6chstm\u00f6glichen Sicherheit f\u00fcr die Wirbels\u00e4ule. Eine gerade K\u00f6rperhaltung in [&hellip;]<\/p>\n","protected":false},"author":1,"featured_media":0,"parent":0,"menu_order":0,"comment_status":"closed","ping_status":"closed","template":"","meta":{"om_disable_all_campaigns":false,"_monsterinsights_skip_tracking":false,"_monsterinsights_sitenote_active":false,"_monsterinsights_sitenote_note":"","_monsterinsights_sitenote_category":0,"footnotes":""},"class_list":["post-144","page","type-page","status-publish","hentry"],"aioseo_notices":[],"_links":{"self":[{"href":"https:\/\/epar-service.com\/sv\/wp-json\/wp\/v2\/pages\/144","targetHints":{"allow":["GET"]}}],"collection":[{"href":"https:\/\/epar-service.com\/sv\/wp-json\/wp\/v2\/pages"}],"about":[{"href":"https:\/\/epar-service.com\/sv\/wp-json\/wp\/v2\/types\/page"}],"author":[{"embeddable":true,"href":"https:\/\/epar-service.com\/sv\/wp-json\/wp\/v2\/users\/1"}],"replies":[{"embeddable":true,"href":"https:\/\/epar-service.com\/sv\/wp-json\/wp\/v2\/comments?post=144"}],"version-history":[{"count":2,"href":"https:\/\/epar-service.com\/sv\/wp-json\/wp\/v2\/pages\/144\/revisions"}],"predecessor-version":[{"id":153,"href":"https:\/\/epar-service.com\/sv\/wp-json\/wp\/v2\/pages\/144\/revisions\/153"}],"wp:attachment":[{"href":"https:\/\/epar-service.com\/sv\/wp-json\/wp\/v2\/media?parent=144"}],"curies":[{"name":"wp","href":"https:\/\/api.w.org\/{rel}","templated":true}]}}