{"id":415,"date":"2025-08-23T15:58:20","date_gmt":"2025-08-23T15:58:20","guid":{"rendered":"https:\/\/epar-service.com\/?page_id=415"},"modified":"2025-08-23T16:04:47","modified_gmt":"2025-08-23T16:04:47","slug":"uplift-leight","status":"publish","type":"page","link":"https:\/\/epar-service.com\/pl\/uplift-leight\/","title":{"rendered":"UPLIFT Leight"},"content":{"rendered":"<div class=\"wp-block-group alignfull has-white-color has-pale-cyan-blue-background-color has-text-color has-background has-global-padding is-layout-constrained wp-container-core-group-is-layout-6493990a wp-block-group-is-layout-constrained\" style=\"padding-top:0vw;padding-right:0vw;padding-bottom:0vw;padding-left:0vw\">\n<h1 class=\"wp-block-heading has-text-align-center\">Nasz lekki, niezwykle wygodny egzoszkielet,<\/h1>\n\n\n\n<p class=\"has-text-align-center has-medium-font-size\">Mechanika w s\u0142u\u017cbie uk\u0142adu mi\u0119\u015bniowo-szkieletowego cz\u0142owieka<\/p>\n\n\n\n<div class=\"wp-block-buttons is-content-justification-center is-layout-flex wp-container-core-buttons-is-layout-a89b3969 wp-block-buttons-is-layout-flex\">\n<div class=\"wp-block-button is-style-outline is-style-outline--1\"><a class=\"wp-block-button__link has-white-color has-text-color wp-element-button\" href=\"https:\/\/epar-service.com\/pl\/rueckerstattung_rueckgaben\/\">Skontaktuj si\u0119 z nami<\/a><\/div>\n<\/div>\n<\/div>\n\n\n\n<figure class=\"wp-block-image size-full\"><img loading=\"lazy\" decoding=\"async\" width=\"487\" height=\"608\" src=\"https:\/\/epar-service.com\/wp-content\/uploads\/2025\/08\/UPLIFT-Leight-1.jpg\" alt=\"UPLIFT Leight\" class=\"wp-image-417\" srcset=\"https:\/\/epar-service.com\/wp-content\/uploads\/2025\/08\/UPLIFT-Leight-1.jpg 487w, https:\/\/epar-service.com\/wp-content\/uploads\/2025\/08\/UPLIFT-Leight-1-240x300.jpg 240w, https:\/\/epar-service.com\/wp-content\/uploads\/2025\/08\/UPLIFT-Leight-1-10x12.jpg 10w\" sizes=\"auto, (max-width: 487px) 100vw, 487px\" \/><\/figure>\n\n\n\n<h2 class=\"wp-block-heading\">10 powod\u00f3w, dla kt\u00f3rych warto wybra\u0107 egzoszkielet UPLIFT\u2122 Lite opracowany przez Mawashi<\/h2>\n\n\n\n<figure class=\"wp-block-image\"><img decoding=\"async\" src=\"https:\/\/uplift.mawashi.ca\/wp-content\/uploads\/2023\/07\/separator-left.svg\" alt=\"UPLIFT Leight\" class=\"wp-image-2712\" title=\"separator-lewy\"\/><\/figure>\n\n\n\n<ul class=\"wp-block-list\">\n<li>Wi\u0119ksza wszechstronno\u015b\u0107<\/li>\n\n\n\n<li>Wi\u0119ksza swoboda ruchu<\/li>\n\n\n\n<li>Ulepszona ergonomia i komfort<\/li>\n\n\n\n<li>Nieograniczona autonomia<\/li>\n\n\n\n<li>Intuicyjne i naturalne wsparcie zgodne z biomechanicznymi zasadami ludzkiego cia\u0142a<\/li>\n<\/ul>\n\n\n\n<ul class=\"wp-block-list\">\n<li>Rozwi\u0105zanie dostosowane do indywidualnych potrzeb<\/li>\n\n\n\n<li>Egzoszkielet najwy\u017cszej jako\u015bci<\/li>\n\n\n\n<li>Wsparcie i sie\u0107 pomocy<\/li>\n\n\n\n<li>Technologia opracowana przez wiod\u0105c\u0105 firm\u0119 w tej dziedzinie<\/li>\n\n\n\n<li>Praktyczne i przyjazne dla u\u017cytkownika rozwi\u0105zanie<\/li>\n\n\n\n<li><\/li>\n<\/ul>\n\n\n\n<figure class=\"wp-block-embed is-type-video is-provider-youtube wp-block-embed-youtube wp-embed-aspect-16-9 wp-has-aspect-ratio\"><div class=\"wp-block-embed__wrapper\">\n<iframe loading=\"lazy\" title=\"Mawashi | Premiera UPLIFT Lite\" width=\"500\" height=\"281\" src=\"https:\/\/www.youtube.com\/embed\/JC-URQKIaBc?feature=oembed\" frameborder=\"0\" allow=\"accelerometer; autoplay; clipboard-write; encrypted-media; gyroscope; picture-in-picture; web-share\" referrerpolicy=\"strict-origin-when-cross-origin\" allowfullscreen><\/iframe>\n<\/div><\/figure>\n\n\n\n<h2 class=\"wp-block-heading\">Najwa\u017cniejsze cechy<\/h2>\n\n\n\n<figure class=\"wp-block-image\"><img decoding=\"async\" src=\"https:\/\/uplift.mawashi.ca\/wp-content\/uploads\/2023\/07\/shape-angle-2.svg\" alt=\"UPLIFT Leight\" class=\"wp-image-2723\" title=\"kszta\u0142t-k\u0105t\"\/><\/figure>\n\n\n\n<ul class=\"wp-block-list\">\n<li>Konfigurowalne wsparcie, kt\u00f3re dostosowuje si\u0119 w czasie rzeczywistym<\/li>\n\n\n\n<li>Szybkie i intuicyjne sterowanie r\u0119czne w celu aktywacji lub dezaktywacji obs\u0142ugi wszystkich modu\u0142\u00f3w dodatkowych<\/li>\n\n\n\n<li>Intuicyjna, \u0142atwa w u\u017cyciu i tworzeniu<\/li>\n\n\n\n<li>Przyst\u0119pne dla ka\u017cdego bud\u017cetu<\/li>\n<\/ul>\n\n\n\n<ul class=\"wp-block-list\">\n<li>Wysokiej jako\u015bci materia\u0142y<\/li>\n\n\n\n<li>Ultralekki, tylko 1,6 kg (3,5 funta)<\/li>\n\n\n\n<li>Oddychaj\u0105ce materia\u0142y wspomagaj\u0105 cyrkulacj\u0119 powietrza dla optymalnej regulacji ciep\u0142oty cia\u0142a<\/li>\n<\/ul>","protected":false},"excerpt":{"rendered":"<p>Nasz lekki, niezwykle wygodny egzoszkielet, mechanika w s\u0142u\u017cbie ludzkiego uk\u0142adu mi\u0119\u015bniowo-szkieletowego 10 powod\u00f3w, dla kt\u00f3rych warto wybra\u0107 egzoszkielet UPLIFT\u2122 Lite opracowany przez Mawashi Kluczowe cechy<\/p>","protected":false},"author":1,"featured_media":0,"parent":0,"menu_order":0,"comment_status":"closed","ping_status":"closed","template":"","meta":{"om_disable_all_campaigns":false,"_monsterinsights_skip_tracking":false,"_monsterinsights_sitenote_active":false,"_monsterinsights_sitenote_note":"","_monsterinsights_sitenote_category":0,"footnotes":""},"class_list":["post-415","page","type-page","status-publish","hentry"],"aioseo_notices":[],"_links":{"self":[{"href":"https:\/\/epar-service.com\/pl\/wp-json\/wp\/v2\/pages\/415","targetHints":{"allow":["GET"]}}],"collection":[{"href":"https:\/\/epar-service.com\/pl\/wp-json\/wp\/v2\/pages"}],"about":[{"href":"https:\/\/epar-service.com\/pl\/wp-json\/wp\/v2\/types\/page"}],"author":[{"embeddable":true,"href":"https:\/\/epar-service.com\/pl\/wp-json\/wp\/v2\/users\/1"}],"replies":[{"embeddable":true,"href":"https:\/\/epar-service.com\/pl\/wp-json\/wp\/v2\/comments?post=415"}],"version-history":[{"count":2,"href":"https:\/\/epar-service.com\/pl\/wp-json\/wp\/v2\/pages\/415\/revisions"}],"predecessor-version":[{"id":422,"href":"https:\/\/epar-service.com\/pl\/wp-json\/wp\/v2\/pages\/415\/revisions\/422"}],"wp:attachment":[{"href":"https:\/\/epar-service.com\/pl\/wp-json\/wp\/v2\/media?parent=415"}],"curies":[{"name":"wp","href":"https:\/\/api.w.org\/{rel}","templated":true}]}}