{"id":378,"date":"2025-08-10T14:49:45","date_gmt":"2025-08-10T14:49:45","guid":{"rendered":"https:\/\/epar-service.com\/?page_id=378"},"modified":"2025-08-10T14:49:45","modified_gmt":"2025-08-10T14:49:45","slug":"exia-od-german-bionic","status":"publish","type":"page","link":"https:\/\/epar-service.com\/pl\/exia-od-german-bionic\/","title":{"rendered":"EXIA od German Bionic"},"content":{"rendered":"<figure class=\"wp-block-image\"><img decoding=\"async\" src=\"https:\/\/framerusercontent.com\/images\/2HpIMMxn0cO3dSmhtr0t0lTWepg.jpg\" alt=\"GB Exia Hero Image\"\/><\/figure>\n\n\n\n<h3 class=\"wp-block-heading\">Najpot\u0119\u017cniejszy egzoszkielet na \u015bwiecie<\/h3>\n\n\n\n<h3 class=\"wp-block-heading\">Egzoszkielet AI do wszystkich zastosowa\u0144: od najtrudniejszej pracy w przemy\u015ble po empatyczn\u0105 opiek\u0119 nad pacjentem<\/h3>\n\n\n\n<p>Exia - rozszerzona sztuczna inteligencja, kt\u00f3ra rozumie, jak dzia\u0142aj\u0105 ludzie. Exia uczy si\u0119 od lat. Od ludzi. Z miliard\u00f3w danych aplikacji zebranych w codziennym \u017cyciu zawodowym. Rezultat: zapewnia inteligentne i spersonalizowane wsparcie, czyni\u0105c ludzi bardziej wydajnymi. \u0141\u0105czy wszystkie przypadki u\u017cycia w jednym wysokowydajnym egzoszkielecie. Dzieje si\u0119 tak, poniewa\u017c Exia, kt\u00f3ra zosta\u0142a zaprojektowana od podstaw, elastycznie dostosowuje si\u0119 do u\u017cytkownik\u00f3w, zada\u0144 i bran\u017c.<\/p>\n\n\n\n<figure class=\"wp-block-image\"><img decoding=\"async\" src=\"https:\/\/framerusercontent.com\/images\/s9V9e4zDbzVc3Oddsn7ARkdYpfw.jpg\" alt=\"Zasilany sztuczn\u0105 inteligencj\u0105 niemiecki egzoszkielet Bionic Exia wspieraj\u0105cy pracownika magazynu podnosz\u0105cego ci\u0119\u017ckie pud\u0142a w celu poprawy ergonomii i zapobiegania urazom plec\u00f3w w logistyce.\"\/><\/figure>\n\n\n\n<figure class=\"wp-block-image\"><img decoding=\"async\" src=\"https:\/\/framerusercontent.com\/images\/v7vYQaELJQwJFn61qziMts3VBw.jpg\" alt=\"Niemiecki egzoszkielet robotyczny Bionic Exia pomaga pracownikom przemys\u0142owym w wykonywaniu zada\u0144 w pozycji pochylonej, zapewniaj\u0105c wsparcie dolnej cz\u0119\u015bci plec\u00f3w i zwi\u0119kszaj\u0105c wydajno\u015b\u0107 operacji magazynowych.\"\/><\/figure>\n\n\n\n<figure class=\"wp-block-image\"><img decoding=\"async\" src=\"https:\/\/framerusercontent.com\/images\/eVguWHxDFW6zQ09rnGbirnnSwVs.jpg\" alt=\"Niemiecki zrobotyzowany egzoszkielet Bionic Exia wspieraj\u0105cy zadania zwi\u0105zane z podnoszeniem ci\u0119\u017car\u00f3w, pomagaj\u0105cy zapobiega\u0107 schorzeniom uk\u0142adu mi\u0119\u015bniowo-szkieletowego i zwi\u0119kszaj\u0105cy produktywno\u015b\u0107.\"\/><\/figure>\n\n\n\n<h1 class=\"wp-block-heading\">Moc AI dla wszystkich zada\u0144<\/h1>\n\n\n\n<h2 class=\"wp-block-heading\">Mniejsze obci\u0105\u017cenie, lepsze zdrowie - a zatem miejsca pracy, kt\u00f3re s\u0105 bezpieczniejsze, bardziej integracyjne i bardziej atrakcyjne: Exia odci\u0105\u017ca osoby niepe\u0142nosprawne fizycznie w pracy dzi\u0119ki kompensacji ci\u0119\u017caru do 38 kg na ka\u017cdy ruch podnoszenia. Przeciwdzia\u0142a to r\u00f3wnie\u017c niedoborowi wykwalifikowanej si\u0142y roboczej. Zmniejsza to liczb\u0119 nieobecno\u015bci spowodowanych chorobami, wyd\u0142u\u017ca czas pracy i sprawia, \u017ce miejsca pracy s\u0105 bardziej zr\u00f3wnowa\u017cone - zar\u00f3wno w logistyce, budownictwie, jak i opiece.<\/h2>\n\n\n\n<h2 class=\"wp-block-heading\">Narz\u0119dzie, kt\u00f3re dostosowuje si\u0119 do ludzi.<\/h2>\n\n\n\n<p>Ka\u017cda osoba jest inna. Ka\u017cde zadanie jest wyj\u0105tkowe. Exia opiera si\u0119 na sztucznej inteligencji i uczeniu maszynowym i wykorzystuje miliardy anonimowych danych z rzeczywistych sytuacji w pracy - aby zrozumie\u0107 indywidualne ruchy i zapewni\u0107 ukierunkowane wsparcie. Dostosowuje si\u0119 do osoby i aktywno\u015bci w czasie rzeczywistym i zapewnia wsparcie dok\u0142adnie tam, gdzie jest ono najbardziej potrzebne.<\/p>\n\n\n\n<p>Zalety w skr\u00f3cie:<\/p>\n\n\n\n<ul class=\"wp-block-list\">\n<li>Ud\u017awig do 38 kg na jeden ruch podnoszenia<\/li>\n\n\n\n<li>Odci\u0105\u017ca podczas podnoszenia, chodzenia, przenoszenia i za\u0142adunku, a tak\u017ce podczas pracy w pozycji pochylonej.<\/li>\n\n\n\n<li>Pomaga zapobiega\u0107 urazom i zaburzeniom uk\u0142adu mi\u0119\u015bniowo-szkieletowego (MSD)<\/li>\n\n\n\n<li>Uczy si\u0119 przy ka\u017cdym u\u017cyciu i stale ulepsza dzi\u0119ki sztucznej inteligencji<\/li>\n\n\n\n<li>Otrzymuje regularne aktualizacje bezprzewodowe<\/li>\n\n\n\n<li>Integracja z cyfrowymi przep\u0142ywami pracy i platformami danych<\/li>\n\n\n\n<li>Wytrzyma\u0142y, py\u0142oszczelny i wodoodporny<\/li>\n\n\n\n<li>Wypr\u00f3bowane i przetestowane w rzeczywistych warunkach pracy w przemy\u015ble i opiece.<\/li>\n<\/ul>\n\n\n\n<h1 class=\"wp-block-heading\">Powi\u0119kszanie cz\u0142owieka o 360\u00b0 za pomoc\u0105 sztucznej inteligencji<\/h1>\n\n\n\n<h2 class=\"wp-block-heading\">W pe\u0142ni po\u0142\u0105czony z sieci\u0105 i zaprojektowany z my\u015bl\u0105 o ludziach: Dane z aplikacji egzoszkieletu przep\u0142ywaj\u0105 do zaawansowanego uczenia maszynowego. W ten spos\u00f3b sztuczna inteligencja umo\u017cliwia Exia ci\u0105g\u0142e dostosowywanie si\u0119 do indywidualnych potrzeb, ruch\u00f3w i aktywno\u015bci ludzi w ich codziennym \u017cyciu zawodowym.<\/h2>\n\n\n\n<p>Inteligentny towarzysz bezpiecze\u0144stwa<\/p>\n\n\n\n<p>Wspierany przez sztuczn\u0105 inteligencj\u0119 system wczesnego ostrzegania dla ergonomii<\/p>\n\n\n\n<p>Niemiecka platforma Bionic IO<\/p>\n\n\n\n<p>Rozbudowana analiza danych, monitorowanie i raportowanie oparte na sztucznej inteligencji w celu optymalizacji proces\u00f3w pracy.<\/p>\n\n\n\n<p>Niemiecka aplikacja Bionic Connect<\/p>\n\n\n\n<p>Integruje i rozpoznaje u\u017cytkownika jako integraln\u0105 cz\u0119\u015b\u0107 systemu z dwukierunkow\u0105 informacj\u0105 zwrotn\u0105.<\/p>\n\n\n\n<figure class=\"wp-block-video\"><video height=\"1080\" style=\"aspect-ratio: 1920 \/ 1080;\" width=\"1920\" controls src=\"https:\/\/epar-service.com\/wp-content\/uploads\/2025\/08\/Suevch4oN7z26XXZBTL83XeeU.mp4\"><\/video><\/figure>","protected":false},"excerpt":{"rendered":"<p>Das weltweit leistungsst\u00e4rkste Exoskelett KI-Exoskelett f\u00fcr alle Use Cases: vom h\u00e4rtesten Job in der Industrie bis zur einf\u00fchlsamen Pflege von Patienten Exia \u2013 Augmented AI, die versteht, wie Menschen arbeiten. Das Exia hat jahrelang gelernt. Vom Menschen. Aus Milliarden von Anwendungsdaten, die im realen Arbeitsalltag gesammelt wurden. Das Ergebnis: Es unterst\u00fctzt intelligent und personalisiert und [&hellip;]<\/p>\n","protected":false},"author":1,"featured_media":0,"parent":0,"menu_order":0,"comment_status":"closed","ping_status":"closed","template":"","meta":{"om_disable_all_campaigns":false,"_monsterinsights_skip_tracking":false,"_monsterinsights_sitenote_active":false,"_monsterinsights_sitenote_note":"","_monsterinsights_sitenote_category":0,"footnotes":""},"class_list":["post-378","page","type-page","status-publish","hentry"],"aioseo_notices":[],"_links":{"self":[{"href":"https:\/\/epar-service.com\/pl\/wp-json\/wp\/v2\/pages\/378","targetHints":{"allow":["GET"]}}],"collection":[{"href":"https:\/\/epar-service.com\/pl\/wp-json\/wp\/v2\/pages"}],"about":[{"href":"https:\/\/epar-service.com\/pl\/wp-json\/wp\/v2\/types\/page"}],"author":[{"embeddable":true,"href":"https:\/\/epar-service.com\/pl\/wp-json\/wp\/v2\/users\/1"}],"replies":[{"embeddable":true,"href":"https:\/\/epar-service.com\/pl\/wp-json\/wp\/v2\/comments?post=378"}],"version-history":[{"count":1,"href":"https:\/\/epar-service.com\/pl\/wp-json\/wp\/v2\/pages\/378\/revisions"}],"predecessor-version":[{"id":380,"href":"https:\/\/epar-service.com\/pl\/wp-json\/wp\/v2\/pages\/378\/revisions\/380"}],"wp:attachment":[{"href":"https:\/\/epar-service.com\/pl\/wp-json\/wp\/v2\/media?parent=378"}],"curies":[{"name":"wp","href":"https:\/\/api.w.org\/{rel}","templated":true}]}}