{"id":284,"date":"2025-01-25T19:55:55","date_gmt":"2025-01-25T19:55:55","guid":{"rendered":"https:\/\/epar-service.com\/?page_id=284"},"modified":"2025-01-25T19:55:55","modified_gmt":"2025-01-25T19:55:55","slug":"interesujace-fakty-dotyczace-aktywacji-i-technologii","status":"publish","type":"page","link":"https:\/\/epar-service.com\/pl\/interesujace-fakty-dotyczace-aktywacji-i-technologii\/","title":{"rendered":"Interesuj\u0105ce fakty na temat aktywacji i technologii"},"content":{"rendered":"<h6 class=\"wp-block-heading\"><br>TECHNOLOGIA KLIMATYZACJI 5.0<\/h6>\n\n\n\n<h2 class=\"wp-block-heading\">COOLINE SX3<\/h2>\n\n\n\n<h1 class=\"wp-block-heading\">3D-HIGHTECH<br>CH\u0141ODZENIE<\/h1>\n\n\n\n<p><strong>OPATENTOWANY<br><\/strong><strong>UNIKALNY<br>DOSKONA\u0141Y<\/strong><\/p>\n\n\n\n<figure class=\"wp-block-image\"><img decoding=\"async\" src=\"https:\/\/e-cooline.de\/wp-content\/uploads\/2023\/02\/Cooline-SX3-Technologie-Verdunstungsdarstellung-1024%C3%971024px.webp\" alt=\"Wy\u015bwietlacz parowania w technologii COOLINE SX3\" class=\"wp-image-2931\"\/><\/figure>\n\n\n\n<h2 class=\"wp-block-heading\">KLIMATYZATOR DO NOSZENIA<\/h2>\n\n\n\n<p>Wysoka jako\u015b\u0107, doskona\u0142a technologia 3D, naturalne czynniki ch\u0142odnicze, takie jak woda i powietrze oraz wysokiej jako\u015bci wyko\u0144czenie w stylowym stylu: COOLINE SX3 oferuje wszystko, czego potrzebujesz do zr\u00f3wnowa\u017conej, najwy\u017cszej klasy klimatyzacji.<\/p>\n\n\n\n<p>Zaawansowany technologicznie polar COOLINE SX3 ma zdolno\u015b\u0107 wi\u0105zania du\u017cych ilo\u015bci wody w ci\u0105gu kilku sekund i przechowywania jej bezpo\u015brednio na inteligentnych w\u0142\u00f3knach 3D. Zaleta: powstaje niezwykle du\u017ca powierzchnia cz\u0105steczek wody, kt\u00f3re mog\u0105 natychmiast odparowa\u0107 i skutecznie ch\u0142odzi\u0107. Pod ci\u015bnieniem nie tworz\u0105 si\u0119 \u017cadne kropelki wody ani kondensacja - nawet przy wywieraniu ekstremalnego nacisku.<\/p>\n\n\n\n<figure class=\"wp-block-image\"><img decoding=\"async\" src=\"https:\/\/e-cooline.de\/wp-content\/uploads\/2023\/01\/UN-Woman-300x150px.jpg\" alt=\"Logo UN-Women\"\/><\/figure>\n\n\n\n<figure class=\"wp-block-image\"><img decoding=\"async\" src=\"https:\/\/e-cooline.de\/wp-content\/uploads\/2023\/02\/Logo-cool-coalition-300x150px.webp\" alt=\"Logo cool coalition-300x150px\"\/><\/figure>\n\n\n\n<figure class=\"wp-block-image\"><img decoding=\"async\" src=\"https:\/\/e-cooline.de\/wp-content\/uploads\/2023\/02\/Logo-Green-cooling-Initiative-300x150px.webp\" alt=\"Logo Green cooling Initiative-300x150px\"\/><\/figure>\n\n\n\n<figure class=\"wp-block-image\"><img decoding=\"async\" src=\"https:\/\/e-cooline.de\/wp-content\/uploads\/2024\/06\/E-COOLINE-CP-Klimaneutrale-Produkte.png\" alt=\"Produkty neutralne dla klimatu E-COOLINE-CP\"\/><\/figure>\n\n\n\n<figure class=\"wp-block-image\"><img decoding=\"async\" src=\"https:\/\/e-cooline.de\/wp-content\/uploads\/2023\/01\/ecooline-made-in-germany.jpg\" alt=\"ecooline made-in-germany\"\/><\/figure>\n\n\n\n<figure class=\"wp-block-image\"><img decoding=\"async\" src=\"https:\/\/e-cooline.de\/wp-content\/uploads\/2023\/01\/ecooline-patentierte-technologie.jpg\" alt=\"opatentowana technologia ecooline\"\/><\/figure>\n\n\n\n<figure class=\"wp-block-image\"><img decoding=\"async\" src=\"https:\/\/e-cooline.de\/wp-content\/uploads\/2023\/01\/Logo-ecooline-cooling-effekt-durch-hohenstein-bestaetigt.jpg\" alt=\"Logo-ecooline-cooling-effect-by-high-stone-confirmed\"\/><\/figure>\n\n\n\n<figure class=\"wp-block-image\"><img decoding=\"async\" src=\"https:\/\/e-cooline.de\/wp-content\/uploads\/2023\/01\/Caring-for-Climate-300x150uex.jpg\" alt=\"Caring-for-Climate-300x150\u00fcx\"\/><\/figure>\n\n\n\n<figure class=\"wp-block-image\"><img decoding=\"async\" src=\"https:\/\/e-cooline.de\/wp-content\/uploads\/2023\/01\/ecooline-alliance-for-climate-Kopie.jpg\" alt=\"ecooline-alliance-for-climate - Kopia\"\/><\/figure>\n\n\n\n<figure class=\"wp-block-image\"><img decoding=\"async\" src=\"https:\/\/e-cooline.de\/wp-content\/uploads\/2023\/01\/Logo_Textilbuendnis-Kopie.png\" alt=\"Logo_Textilb\u00fcndnis - Kopia\"\/><\/figure>\n\n\n\n<figure class=\"wp-block-image\"><img decoding=\"async\" src=\"https:\/\/e-cooline.de\/wp-content\/uploads\/2023\/01\/Senat-der-Wirtschaft-300x150px-Kopie.jpg\" alt=\"Senat-gospodarki-300x150px - Kopia\"\/><\/figure>\n\n\n\n<figure class=\"wp-block-image\"><img decoding=\"async\" src=\"https:\/\/e-cooline.de\/wp-content\/uploads\/2023\/01\/suedwesttextil-Kopie.png\" alt=\"s\u00fcdwesttextil - Kopia\"\/><\/figure>\n\n\n\n<figure class=\"wp-block-image\"><img decoding=\"async\" src=\"https:\/\/e-cooline.de\/wp-content\/uploads\/2023\/01\/UN-Woman-300x150px.jpg\" alt=\"Logo UN-Women\"\/><\/figure>\n\n\n\n<figure class=\"wp-block-image\"><img decoding=\"async\" src=\"https:\/\/e-cooline.de\/wp-content\/uploads\/2023\/02\/Logo-cool-coalition-300x150px.webp\" alt=\"Logo cool coalition-300x150px\"\/><\/figure>\n\n\n\n<figure class=\"wp-block-image\"><img decoding=\"async\" src=\"https:\/\/e-cooline.de\/wp-content\/uploads\/2023\/02\/Logo-Green-cooling-Initiative-300x150px.webp\" alt=\"Logo Green cooling Initiative-300x150px\"\/><\/figure>\n\n\n\n<figure class=\"wp-block-image\"><img decoding=\"async\" src=\"https:\/\/e-cooline.de\/wp-content\/uploads\/2024\/06\/E-COOLINE-CP-Klimaneutrale-Produkte.png\" alt=\"Produkty neutralne dla klimatu E-COOLINE-CP\"\/><\/figure>\n\n\n\n<figure class=\"wp-block-image\"><img decoding=\"async\" src=\"https:\/\/e-cooline.de\/wp-content\/uploads\/2023\/01\/ecooline-made-in-germany.jpg\" alt=\"ecooline made-in-germany\"\/><\/figure>\n\n\n\n<figure class=\"wp-block-image\"><img decoding=\"async\" src=\"https:\/\/e-cooline.de\/wp-content\/uploads\/2023\/01\/ecooline-patentierte-technologie.jpg\" alt=\"opatentowana technologia ecooline\"\/><\/figure>\n\n\n\n<figure class=\"wp-block-image\"><img decoding=\"async\" src=\"https:\/\/e-cooline.de\/wp-content\/uploads\/2023\/01\/Logo-ecooline-cooling-effekt-durch-hohenstein-bestaetigt.jpg\" alt=\"Logo-ecooline-cooling-effect-by-high-stone-confirmed\"\/><\/figure>\n\n\n\n<figure class=\"wp-block-image\"><img decoding=\"async\" src=\"https:\/\/e-cooline.de\/wp-content\/uploads\/2023\/01\/Caring-for-Climate-300x150uex.jpg\" alt=\"Caring-for-Climate-300x150\u00fcx\"\/><\/figure>\n\n\n\n<p>SKUTECZNIE CH\u0141ODNY, ALE PRZYJEMNIE SUCHY<\/p>\n\n\n\n<h2 class=\"wp-block-heading\">TECHNOLOGIA KLIMATYCZNA<br>Z INTELIGENTNYMI W\u0141\u00d3KNAMI<\/h2>\n\n\n\n<p>Potencjalne zastosowania materia\u0142u 3D-COOL s\u0105 ogromne i w ostatnich latach sprawdzi\u0142y si\u0119 ju\u017c w wielu dziedzinach. Po zintegrowaniu z odzie\u017c\u0105, zaawansowany technologicznie polar mo\u017ce by\u0107 u\u017cywany jak system klimatyzacji. Proste, skuteczne i neutralne dla klimatu - z czynnikiem dobrego samopoczucia.<\/p>\n\n\n\n<p>Dzi\u0119ki doskona\u0142ym parametrom materia\u0142 ten jest stosowany przez wiod\u0105ce firmy w dziedzinie ochrony zdrowia w miejscach pracy nara\u017conych na dzia\u0142anie wysokich temperatur, w klinikach i przez lekarzy w dziedzinie neurologii, np. w stwardnieniu rozsianym, ale tak\u017ce w rekreacji i sporcie. Materia\u0142 COOLINE SX3 odgrywa teraz r\u00f3wnie\u017c wiod\u0105c\u0105 rol\u0119 w odchudzaniu.<\/p>\n\n\n\n<p>Przetwarzany w modnych wzorach materia\u0142 jest szybki w u\u017cyciu i suchy na zewn\u0105trz. Dzi\u0119ki naturalnemu wyko\u0144czeniu antybakteryjnemu z DEOXX fresh, nie tylko pozostajesz ch\u0142odny, ale tak\u017ce higienicznie czysty. To w\u0142a\u015bnie te zalety wyr\u00f3\u017cniaj\u0105 COOLINE SX3 spo\u015br\u00f3d wszystkich innych materia\u0142\u00f3w dost\u0119pnych na rynku. Dla cudownie ch\u0142odnego uczucia \u015bwie\u017co\u015bci.<\/p>\n\n\n\n<p><a href=\"https:\/\/e-cooline.de\/shop\">KUP TERAZ<\/a><\/p>\n\n\n\n<figure class=\"wp-block-image\"><a href=\"https:\/\/e-cooline.de\/shop\/kuehlwesten\/e-cooline-powercool-sx3-raceweste\/\"><img decoding=\"async\" src=\"https:\/\/e-cooline.de\/wp-content\/uploads\/2023\/02\/Raceweste_Site-IF-award-Logo-links-Kopie.webp\" alt=\"Kamizelka wy\u015bcigowa z logo iF Award z boku\" class=\"wp-image-2858\"\/><\/a><\/figure>\n\n\n\n<figure class=\"wp-block-image\"><img decoding=\"async\" src=\"https:\/\/e-cooline.de\/wp-content\/uploads\/2023\/03\/if_designaward2021_red_p_rgb-154x300.png\" alt=\"Logo IF Design Award 2021\" class=\"wp-image-6364\"\/><\/figure>\n\n\n\n<figure class=\"wp-block-image\"><a href=\"https:\/\/e-cooline.de\/shop\/kuehlshirts\/e-cooline-powercool-sx3-t-shirt\/\"><img decoding=\"async\" src=\"https:\/\/e-cooline.de\/wp-content\/uploads\/2023\/02\/Powercool-SX3-T-Shirt-Design-Award.webp\" alt=\"Koszulka Powercool SX3 z logo iF Design Award\" class=\"wp-image-2857\"\/><\/a><\/figure>\n\n\n\n<h5 class=\"wp-block-heading\">GOTOWY DO U\u017bYCIA W KILKA SEKUND<\/h5>\n\n\n\n<p>Produkty E.COOLINE s\u0105 aktywowane wod\u0105 w ci\u0105gu kilku sekund, szybko schn\u0105 i s\u0105 natychmiast gotowe do u\u017cycia z wydajno\u015bci\u0105 ch\u0142odzenia 660 wat\u00f3w na litr.<\/p>\n\n\n\n<h5 class=\"wp-block-heading\">10 GODZIN CH\u0141ODZENIA<\/h5>\n\n\n\n<p>Materia\u0142 COOLINE SX3 magazynuje wystarczaj\u0105c\u0105 ilo\u015b\u0107 wody, aby zapewni\u0107 sucho\u015b\u0107 i ch\u0142\u00f3d przez ca\u0142y dzie\u0144.<\/p>\n\n\n\n<h5 class=\"wp-block-heading\">ZMYWALNY<\/h5>\n\n\n\n<p>Produkty E.COOLINE to jedyne nadaj\u0105ce si\u0119 do prania funkcjonalne tekstylia ch\u0142odz\u0105ce z DEOXX fresh. Wystarczy pra\u0107 r\u0119cznie lub w pralce w temperaturze 30\u00b0C.<\/p>\n\n\n\n<p>MO\u017bLIWA R\u00d3\u017bNICA W CH\u0141ODZENIU<\/p>\n\n\n\n<p>12\u00b0C<\/p>\n\n\n\n<figure class=\"wp-block-image\"><img decoding=\"async\" src=\"https:\/\/e-cooline.de\/wp-content\/uploads\/2023\/02\/COOLINE-SX3-Hybrid-Technologie-1500x1500px.webp\" alt=\"Hybrydowa technologia COOLINE SX3\" class=\"wp-image-2967\"\/><\/figure>\n\n\n\n<h2 class=\"wp-block-heading\">INDYWIDUALNA ADAPTACJA DO TEMPERATURY OTOCZENIA<\/h2>\n\n\n\n<p>Umo\u017cliwia to unikalna i opatentowana technologia 3D: ka\u017cdy produkt z w\u0142\u00f3knin\u0105 COOLINE SX3 mo\u017ce by\u0107 dostosowany do indywidualnych potrzeb ka\u017cdego u\u017cytkownika. W ponad 90% przypadk\u00f3w E.COOLINE dzia\u0142a zgodnie z zasad\u0105 parowania 3D COOL. Je\u015bli potrzebujesz wi\u0119cej ch\u0142odzenia, mo\u017cesz oczywi\u015bcie wzmocni\u0107 system w dowolnym momencie. Przeczytaj jak to zrobi\u0107 poni\u017cej.<\/p>\n\n\n\n<p>Ich wielk\u0105 zalet\u0105 jest to, \u017ce ch\u0142odz\u0105 skutecznie i w spos\u00f3b zr\u00f3wnowa\u017cony. U\u017cywamy wy\u0142\u0105cznie naturalnych czynnik\u00f3w ch\u0142odniczych, takich jak woda i powietrze. Technologia ta jest r\u00f3wnie\u017c szybka, \u0142atwa, praktyczna i mobilna i mo\u017ce by\u0107 u\u017cywana w dowolnym miejscu. Dzi\u0119ki fajnym projektom&nbsp;<strong><a href=\"https:\/\/e-cooline.de\/shop\">E.COOLINE<\/a><\/strong>&nbsp;i kolekcje SlimCOOL, Ty te\u017c b\u0119dziesz dobrze wygl\u0105da\u0107.<\/p>\n\n\n\n<figure class=\"wp-block-image\"><img decoding=\"async\" src=\"https:\/\/e-cooline.de\/wp-content\/uploads\/2023\/02\/Logo-HNU-Award-150x150px-sw.webp\" alt=\"Logo Employer Branding Award 2021\"\/><\/figure>\n\n\n\n<figure class=\"wp-block-image\"><img decoding=\"async\" src=\"https:\/\/e-cooline.de\/wp-content\/uploads\/2023\/02\/Logo-IFaward-150x150px-sw.webp\" alt=\"Logo iF Design Award 2021\"\/><\/figure>\n\n\n\n<figure class=\"wp-block-image\"><img decoding=\"async\" src=\"https:\/\/e-cooline.de\/wp-content\/uploads\/2023\/02\/Logo-Land-der-Ideen-150x150px.webp\" alt=\"Logo Kraina Pomys\u0142\u00f3w-150x150px\"\/><\/figure>\n\n\n\n<figure class=\"wp-block-image\"><img decoding=\"async\" src=\"https:\/\/e-cooline.de\/wp-content\/uploads\/2023\/02\/Logo-PlusX-150x150px-sw.webp\" alt=\"Logo PlusX-150x150px-sw\"\/><\/figure>\n\n\n\n<figure class=\"wp-block-image\"><img decoding=\"async\" src=\"https:\/\/e-cooline.de\/wp-content\/uploads\/2023\/02\/LogoMarketing-for-Future-150x150px-sw.webp\" alt=\"LogoMarketing dla przysz\u0142o\u015bci-150x150px-sw\"\/><\/figure>\n\n\n\n<figure class=\"wp-block-image\"><img decoding=\"async\" src=\"https:\/\/e-cooline.de\/wp-content\/uploads\/2023\/02\/Logo-Excellent-Award-150x150px-sw.webp\" alt=\"Logo Excellence Award\"\/><\/figure>\n\n\n\n<figure class=\"wp-block-image\"><img decoding=\"async\" src=\"https:\/\/e-cooline.de\/wp-content\/uploads\/2023\/02\/Logo-HNU-Award-150x150px-sw.webp\" alt=\"Logo Employer Branding Award 2021\"\/><\/figure>\n\n\n\n<figure class=\"wp-block-image\"><img decoding=\"async\" src=\"https:\/\/e-cooline.de\/wp-content\/uploads\/2023\/02\/Logo-IFaward-150x150px-sw.webp\" alt=\"Logo iF Design Award 2021\"\/><\/figure>\n\n\n\n<figure class=\"wp-block-image\"><img decoding=\"async\" src=\"https:\/\/e-cooline.de\/wp-content\/uploads\/2023\/02\/Logo-Land-der-Ideen-150x150px.webp\" alt=\"Logo Kraina Pomys\u0142\u00f3w-150x150px\"\/><\/figure>\n\n\n\n<figure class=\"wp-block-image\"><img decoding=\"async\" src=\"https:\/\/e-cooline.de\/wp-content\/uploads\/2023\/02\/Logo-PlusX-150x150px-sw.webp\" alt=\"Logo PlusX-150x150px-sw\"\/><\/figure>\n\n\n\n<figure class=\"wp-block-image\"><img decoding=\"async\" src=\"https:\/\/e-cooline.de\/wp-content\/uploads\/2023\/02\/LogoMarketing-for-Future-150x150px-sw.webp\" alt=\"LogoMarketing dla przysz\u0142o\u015bci-150x150px-sw\"\/><\/figure>\n\n\n\n<figure class=\"wp-block-image\"><img decoding=\"async\" src=\"https:\/\/e-cooline.de\/wp-content\/uploads\/2023\/02\/Logo-Excellent-Award-150x150px-sw.webp\" alt=\"Logo Excellence Award\"\/><\/figure>\n\n\n\n<figure class=\"wp-block-image\"><img decoding=\"async\" src=\"https:\/\/e-cooline.de\/wp-content\/uploads\/2023\/02\/Logo-HNU-Award-150x150px-sw.webp\" alt=\"Logo Employer Branding Award 2021\"\/><\/figure>\n\n\n\n<figure class=\"wp-block-image\"><img decoding=\"async\" src=\"https:\/\/e-cooline.de\/wp-content\/uploads\/2023\/02\/Logo-IFaward-150x150px-sw.webp\" alt=\"Logo iF Design Award 2021\"\/><\/figure>\n\n\n\n<figure class=\"wp-block-image\"><img decoding=\"async\" src=\"https:\/\/e-cooline.de\/wp-content\/uploads\/2023\/02\/Logo-Land-der-Ideen-150x150px.webp\" alt=\"Logo Kraina Pomys\u0142\u00f3w-150x150px\"\/><\/figure>\n\n\n\n<figure class=\"wp-block-image\"><img decoding=\"async\" src=\"https:\/\/e-cooline.de\/wp-content\/uploads\/2023\/02\/Logo-PlusX-150x150px-sw.webp\" alt=\"Logo PlusX-150x150px-sw\"\/><\/figure>\n\n\n\n<h5 class=\"wp-block-heading\">TECHNOLOGIA HYBRYDOWA OD PERVORMANCE<\/h5>\n\n\n\n<h2 class=\"wp-block-heading\">JEDNA TECHNOLOGIA CH\u0141ODZENIA DLA WSZYSTKICH TEMPERATUR<\/h2>\n\n\n\n<h5 class=\"wp-block-heading\">FAJNA TECHNOLOGIA 3D<\/h5>\n\n\n\n<p>Ze wzgl\u0119du na normalny rozw\u00f3j ciep\u0142a w naszym ciele, cz\u0105steczki wody zwi\u0105zane z w\u0142\u00f3knami materia\u0142u 3D-COOL COOLINE SX3 paruj\u0105 tak skutecznie, \u017ce osi\u0105gana jest komfortowa temperatura 16-20\u00b0C z wydajno\u015bci\u0105 ch\u0142odzenia do 660 W\/l.<\/p>\n\n\n\n<p>Ze wzgl\u0119du na fizyczn\u0105 zasad\u0119 ch\u0142odzenia wyparnego, COOLINE ch\u0142odzi wi\u0119cej w wy\u017cszych temperaturach i mniej w ni\u017cszych. To zawsze daje optymalny wynik ch\u0142odzenia - automatycznie. A co najlepsze: nie potrzebujesz zewn\u0119trznego \u017ar\u00f3d\u0142a energii, mo\u017cesz si\u0119 swobodnie porusza\u0107 - sam decydujesz, gdzie i kiedy chcesz si\u0119 ch\u0142odzi\u0107. Czy to w pomieszczeniu, czy na zewn\u0105trz. Zapewnia to samowystarczaln\u0105 klimatyzacj\u0119, z kt\u00f3rej mo\u017cna szybko i \u0142atwo korzysta\u0107 w dowolnym miejscu.<\/p>\n\n\n\n<h5 class=\"wp-block-heading\">3D COOL BOOSTER<\/h5>\n\n\n\n<p>Ale COOLINE potrafi jeszcze wi\u0119cej. Podczas gdy w ekstremalnych warunkach z lodem lub materia\u0142em PCM trzeba czeka\u0107 godzinami, powierzchnia 3D COOLINE mo\u017ce przechowywa\u0107 zimno od 0 do 10\u00b0C w rekordowym czasie 5-20 minut (w zale\u017cno\u015bci od produktu) i skutecznie je uwalnia\u0107 opr\u00f3cz ch\u0142odzenia wyparnego. Dzi\u0119ki zastosowaniu prostych, przeno\u015bnych toreb ch\u0142odz\u0105cych i ok\u0142ad\u00f3w z lodu lub kruszonego lodu, E.COOLINE jest skuteczny nawet w ekstremalnych temperaturach i wilgotno\u015bci powy\u017cej 90% lub hermetycznej odzie\u017cy ochronnej. Produkt jest zawsze gotowy do u\u017cycia w ci\u0105gu kilku minut. Korzystaj\u0105 na tym r\u00f3wnie\u017c produkty SlimCOOL.<\/p>\n\n\n\n<p>W obudowach 90% Cool Booster nie jest w og\u00f3le potrzebny. Sama technologia 3D z ch\u0142odzeniem wyparnym jest zazwyczaj w zupe\u0142no\u015bci wystarczaj\u0105ca. Wspania\u0142a rzecz: masz jeden produkt dla wszystkich obud\u00f3w.<\/p>\n\n\n\n<p><strong>We wszystkich zastosowaniach 90% technologia 3D-COOL z czystym ch\u0142odzeniem wyparnym skutecznie ch\u0142odzi cia\u0142o do 12\u00b0C z moc\u0105 do 660 Wh. Nie potrzebujesz lod\u00f3wki ani zamra\u017carki. Oszcz\u0119dzaj 97% CO2!<\/strong><\/p>\n\n\n\n<p><strong>COOLINE SX3 doskonale sprawdza si\u0119 r\u00f3wnie\u017c w ekstremalnych warunkach (wilgotno\u015b\u0107 powy\u017cej 90%). W takich przypadkach (tylko ok. 10%) wystarczy zwyk\u0142a torba ch\u0142odz\u0105ca z ok\u0142adami z lodu lub ok\u0142ady z lodu do wst\u0119pnego ch\u0142odzenia.<\/strong><\/p>","protected":false},"excerpt":{"rendered":"<p>KLIMATECHNIK 5.0 COOLINE SX3 3D-HIGHTECHK\u00dcHLUNG PATENTIERTEINZIGARTIGAUSGEZEICHNET DIE KLIMAANLAGE ZUM ANZIEHEN Hohe Qualit\u00e4t, brillante 3D-Technologie, nat\u00fcrliche K\u00e4ltemittel, wie Wasser und Luft und eine hochwertige Verarbeitung in schickem Design: COOLINE SX3 bietet alles, was nachhaltige Klimatisierung der Spitzenklasse ben\u00f6tigt. Das COOLINE SX3 Hightech- Vlies hat die Eigenschaft, gro\u00dfe Mengen Wasser sekundenschnell im Innern zu binden und direkt [&hellip;]<\/p>\n","protected":false},"author":1,"featured_media":0,"parent":0,"menu_order":0,"comment_status":"closed","ping_status":"closed","template":"","meta":{"om_disable_all_campaigns":false,"_monsterinsights_skip_tracking":false,"_monsterinsights_sitenote_active":false,"_monsterinsights_sitenote_note":"","_monsterinsights_sitenote_category":0,"footnotes":""},"class_list":["post-284","page","type-page","status-publish","hentry"],"aioseo_notices":[],"_links":{"self":[{"href":"https:\/\/epar-service.com\/pl\/wp-json\/wp\/v2\/pages\/284","targetHints":{"allow":["GET"]}}],"collection":[{"href":"https:\/\/epar-service.com\/pl\/wp-json\/wp\/v2\/pages"}],"about":[{"href":"https:\/\/epar-service.com\/pl\/wp-json\/wp\/v2\/types\/page"}],"author":[{"embeddable":true,"href":"https:\/\/epar-service.com\/pl\/wp-json\/wp\/v2\/users\/1"}],"replies":[{"embeddable":true,"href":"https:\/\/epar-service.com\/pl\/wp-json\/wp\/v2\/comments?post=284"}],"version-history":[{"count":1,"href":"https:\/\/epar-service.com\/pl\/wp-json\/wp\/v2\/pages\/284\/revisions"}],"predecessor-version":[{"id":285,"href":"https:\/\/epar-service.com\/pl\/wp-json\/wp\/v2\/pages\/284\/revisions\/285"}],"wp:attachment":[{"href":"https:\/\/epar-service.com\/pl\/wp-json\/wp\/v2\/media?parent=284"}],"curies":[{"name":"wp","href":"https:\/\/api.w.org\/{rel}","templated":true}]}}