{"id":280,"date":"2025-01-25T19:49:26","date_gmt":"2025-01-25T19:49:26","guid":{"rendered":"https:\/\/epar-service.com\/?page_id=280"},"modified":"2025-01-25T20:08:21","modified_gmt":"2025-01-25T20:08:21","slug":"e-cooline-powercool-sx3-race-kamizelka-chlodzaca-kamizelka-chlodzaca-kamizelka-chlodzaca-przed-stresem-cieplnym","status":"publish","type":"page","link":"https:\/\/epar-service.com\/pl\/e-cooline-powercool-sx3-race-kamizelka-chlodzaca-kamizelka-chlodzaca-kamizelka-chlodzaca-przed-stresem-cieplnym\/","title":{"rendered":"E.COOLINE Powercool SX3 RaceVest - kamizelka ch\u0142odz\u0105ca - kamizelka ch\u0142odz\u0105ca przed stresem cieplnym"},"content":{"rendered":"<h5 class=\"wp-block-heading\">Powercool SX3 RaceVest - idealna kamizelka ch\u0142odz\u0105ca do uprawiania sportu<\/h5>\n\n\n\n<p>Z E.COOLINE&nbsp;<strong>Kamizelka Powercool SX3 RaceVest<\/strong>&nbsp;Dzi\u0119ki technologii ch\u0142odzenia COOLINE SX3 3D nawet w upale zachowasz cudowny ch\u0142\u00f3d. Niezale\u017cnie od tego, czy&nbsp;<strong>w pracy, podczas joggingu, jazdy na motocyklu lub rowerze<\/strong>&nbsp;lub po prostu&nbsp;<strong>przy grillu<\/strong>&nbsp;- Kamizelka ch\u0142odz\u0105ca o mocy do 660 W zapewnia przyjemnie suche ch\u0142odzenie, a tym samym doskona\u0142e samopoczucie.&nbsp;<strong>Wewn\u0105trz i na zewn\u0105trz<\/strong>! \u0141agodzi stres cieplny i problemy zdrowotne spowodowane wysokimi temperaturami oraz daje dodatkow\u0105 porcj\u0119 energii. Badania naukowe potwierdzi\u0142y skuteczno\u015b\u0107 E.COOLINE.<\/p>\n\n\n\n<p>Lekki, elastyczny materia\u0142 z wbudowan\u0105, rozci\u0105gliw\u0105 siateczk\u0105 zapewnia sportowe dopasowanie i wyj\u0105tkowy komfort noszenia! Dzi\u0119ki dopasowanemu krojowi i p\u0142askiemu zamkowi b\u0142yskawicznemu kamizelka ch\u0142odz\u0105ca mo\u017ce by\u0107 noszona zar\u00f3wno na, jak i pod innymi ubraniami, takimi jak sprz\u0119t motocyklowy, kombinezon ochronny stra\u017caka lub po prostu pod garniturem w biurze.<\/p>\n\n\n\n<p>Kamizelka RaceVest ma sportowy, kr\u00f3tki kr\u00f3j. Nale\u017cy zwr\u00f3ci\u0107 uwag\u0119 na informacje dotycz\u0105ce d\u0142ugo\u015bci plec\u00f3w produktu.<\/p>\n\n\n\n<p><strong>Materia\u0142:&nbsp;<\/strong>Materia\u0142 zewn\u0119trzny: poliester 100%; Materia\u0142 siatkowy: poliester 83% \/ elastan 17%; Wype\u0142nienie: poliester 100% COOLINE<\/p>\n\n\n\n<p>Zachowaj zimn\u0105 krew dzi\u0119ki kamizelce wy\u015bcigowej E.COOLINE&nbsp;<strong>neutralny dla klimatu<\/strong>&nbsp;z&nbsp;<strong>Technologia \"Made in Germany\"<\/strong>&nbsp;<br>&nbsp;<\/p>\n\n\n\n<hr class=\"wp-block-separator has-alpha-channel-opacity\"\/>\n\n\n\n<h5 class=\"wp-block-heading\">Widok 360\u00b0 - E.COOLINE Powercool SX3 RaceVest \/ kamizelka ch\u0142odz\u0105ca<\/h5>\n\n\n\n<figure class=\"wp-block-image\"><img decoding=\"async\" src=\"https:\/\/cdn02.plentymarkets.com\/07jvlffix7ng\/frontend\/Gifs\/E_COOLINE_Westen\/Powercool_SX3_Raceweste_-_animiert_WEB.gif\" alt=\"Widok 360\u00b0 - E.COOLINE Powercool SX3 RaceVest \/ kamizelka ch\u0142odz\u0105ca\"\/><\/figure>\n\n\n\n<h5 class=\"wp-block-heading\">TABELA ROZMIAR\u00d3W<\/h5>\n\n\n\n<figure class=\"wp-block-table\"><table class=\"has-fixed-layout\"><tbody><tr><td>&nbsp;Rozmiar<\/td><td>&nbsp;Szeroko\u015b\u0107\/obw\u00f3d klatki piersiowej<\/td><td>&nbsp;D\u0142ugo\u015b\u0107&nbsp;&nbsp;<\/td><\/tr><tr><td>XXS&nbsp;&nbsp;<\/td><td>77 - 84 cm<\/td><td>44 cm<\/td><\/tr><tr><td>XS<\/td><td>&nbsp;84 - 88 cm<\/td><td>46 cm<\/td><\/tr><tr><td>S<\/td><td>88 - 92 cm<\/td><td>48 cm<\/td><\/tr><tr><td>M<\/td><td>92 - 96 cm<\/td><td>50 cm<\/td><\/tr><tr><td>&nbsp;L<\/td><td>&nbsp;96 - 100 cm<\/td><td>52 cm<\/td><\/tr><tr><td>&nbsp;XL<\/td><td>&nbsp;100 - 106 cm<\/td><td>56 cm<\/td><\/tr><tr><td>&nbsp;XXL<\/td><td>&nbsp;106 - 114 cm<\/td><td>59 cm<\/td><\/tr><tr><td>&nbsp;3XL<\/td><td>&nbsp;114 - 120 cm<\/td><td>62 cm<\/td><\/tr><tr><td>4XL<\/td><td>&nbsp;120 - 126 cm<\/td><td>64 cm<\/td><\/tr><\/tbody><\/table><\/figure>\n\n\n\n<h5 class=\"wp-block-heading\">AKTYWACJA<\/h5>\n\n\n\n<p>Aktywacja produkt\u00f3w E.COOLINE jest szybka i \u0142atwa. Na\u0142\u00f3\u017c wod\u0119 - zwi\u0144 - wysusz.<\/p>\n\n\n\n<figure class=\"wp-block-embed is-type-video is-provider-youtube wp-block-embed-youtube wp-embed-aspect-16-9 wp-has-aspect-ratio\"><div class=\"wp-block-embed__wrapper\">\n<iframe loading=\"lazy\" title=\"Jak aktywowa\u0107 kamizelk\u0119 koszulow\u0105 E.COOLINE Powercool SX3?\" width=\"500\" height=\"281\" src=\"https:\/\/www.youtube.com\/embed\/yaru7NmcFLo?feature=oembed\" frameborder=\"0\" allow=\"accelerometer; autoplay; clipboard-write; encrypted-media; gyroscope; picture-in-picture; web-share\" referrerpolicy=\"strict-origin-when-cross-origin\" allowfullscreen><\/iframe>\n<\/div><\/figure>\n\n\n\n<h5 class=\"wp-block-heading\">INSTRUKCJE DOTYCZ\u0104CE PIEL\u0118GNACJI<\/h5>\n\n\n\n<p><strong>Odzie\u017c ch\u0142odz\u0105ca E.COOLINE<\/strong>&nbsp;jest - w przeciwie\u0144stwie do wi\u0119kszo\u015bci innych funkcjonalnych tekstyli\u00f3w ch\u0142odz\u0105cych&nbsp;<strong>zmywalny<\/strong>.<\/p>\n\n\n\n<figure class=\"wp-block-image is-resized\"><img decoding=\"async\" src=\"https:\/\/cdn02.plentymarkets.com\/07jvlffix7ng\/frontend\/E_COOLINE_E_COMMERCE\/Bilder_fuer_Produktbeschreibungen_allg\/Gluehbirne_pix_Artikeldetail1.png\" alt=\"Interesuj\u0105ce fakty na temat aktywacji i technologii\" style=\"width:41px;height:auto\"\/><\/figure>\n\n\n\n<p><strong><a href=\"https:\/\/epar-service.com\/pl\/interesujace-fakty-dotyczace-aktywacji-i-technologii\/\" title=\"Interesuj\u0105ce fakty na temat aktywacji i technologii\">Interesuj\u0105ce fakty na temat aktywacji i technologii<\/a><\/strong><\/p>\n\n\n\n<p><\/p>","protected":false},"excerpt":{"rendered":"<p>Powercool SX3 RaceWeste \u2013 die perfekte K\u00fchlweste beim Sport Mit der E.COOLINE&nbsp;Powercool SX3 RaceWeste&nbsp;mit der 3D -K\u00fchltechnologie COOLINE SX3 bleiben Sie auch bei Hitze herrlich cool. Ob bei&nbsp;der Arbeit, beim Joggen, Motorrad- oder Radfahren&nbsp;oder einfach&nbsp;beim Grillen&nbsp;\u2013 die K\u00fchlweste sorgt mit bis zu 660 Watt f\u00fcr eine angenehm trockene K\u00fchlung und damit f\u00fcr ein perfektes Wohlf\u00fchlklima.&nbsp;Indoor [&hellip;]<\/p>\n","protected":false},"author":1,"featured_media":0,"parent":0,"menu_order":0,"comment_status":"closed","ping_status":"closed","template":"","meta":{"om_disable_all_campaigns":false,"_monsterinsights_skip_tracking":false,"_monsterinsights_sitenote_active":false,"_monsterinsights_sitenote_note":"","_monsterinsights_sitenote_category":0,"footnotes":""},"class_list":["post-280","page","type-page","status-publish","hentry"],"aioseo_notices":[],"_links":{"self":[{"href":"https:\/\/epar-service.com\/pl\/wp-json\/wp\/v2\/pages\/280","targetHints":{"allow":["GET"]}}],"collection":[{"href":"https:\/\/epar-service.com\/pl\/wp-json\/wp\/v2\/pages"}],"about":[{"href":"https:\/\/epar-service.com\/pl\/wp-json\/wp\/v2\/types\/page"}],"author":[{"embeddable":true,"href":"https:\/\/epar-service.com\/pl\/wp-json\/wp\/v2\/users\/1"}],"replies":[{"embeddable":true,"href":"https:\/\/epar-service.com\/pl\/wp-json\/wp\/v2\/comments?post=280"}],"version-history":[{"count":4,"href":"https:\/\/epar-service.com\/pl\/wp-json\/wp\/v2\/pages\/280\/revisions"}],"predecessor-version":[{"id":289,"href":"https:\/\/epar-service.com\/pl\/wp-json\/wp\/v2\/pages\/280\/revisions\/289"}],"wp:attachment":[{"href":"https:\/\/epar-service.com\/pl\/wp-json\/wp\/v2\/media?parent=280"}],"curies":[{"name":"wp","href":"https:\/\/api.w.org\/{rel}","templated":true}]}}