{"id":216,"date":"2025-01-01T18:02:32","date_gmt":"2025-01-01T18:02:32","guid":{"rendered":"https:\/\/epar-service.com\/?page_id=216"},"modified":"2025-07-21T20:32:25","modified_gmt":"2025-07-21T20:32:25","slug":"mate-xt-xt-4-0","status":"publish","type":"page","link":"https:\/\/epar-service.com\/pl\/mate-xt-xt-4-0\/","title":{"rendered":"MATE - XT &amp; XT 4.0"},"content":{"rendered":"<div class=\"wp-block-group alignfull has-white-color has-pale-cyan-blue-background-color has-text-color has-background has-global-padding is-layout-constrained wp-container-core-group-is-layout-6493990a wp-block-group-is-layout-constrained\" style=\"padding-top:0vw;padding-right:0vw;padding-bottom:0vw;padding-left:0vw\">\n<h1 class=\"wp-block-heading has-text-align-center\">MATE-XT dopasowany do potrzeb pracownik\u00f3w<\/h1>\n\n\n\n<h1 class=\"wp-block-heading has-text-align-center\"> Gdzie to dzia\u0142a? <\/h1>\n\n\n\n<h1 class=\"wp-block-heading has-text-align-center\">Gdzie pracujesz<\/h1>\n\n\n\n<p class=\"has-text-align-center\">MATE-XT to nap\u0119dzany mechanicznie egzoszkielet (bez baterii, bez silnik\u00f3w) s\u0142u\u017c\u0105cy do odci\u0105\u017cania mi\u0119\u015bni w okolicy bark\u00f3w pracownik\u00f3w, kt\u00f3rzy pracuj\u0105 z uniesionym ramieniem (ramionami), zapewniaj\u0105c wsparcie fizjologiczne podczas powtarzalnych i statycznych zada\u0144.<\/p>\n\n\n\n<div class=\"wp-block-buttons is-content-justification-center is-layout-flex wp-container-core-buttons-is-layout-a89b3969 wp-block-buttons-is-layout-flex\">\n<div class=\"wp-block-button is-style-outline is-style-outline--1\"><a class=\"wp-block-button__link has-white-color has-text-color wp-element-button\" href=\"https:\/\/epar-service.com\/pl\/rueckerstattung_rueckgaben\/\">Skontaktuj si\u0119 z nami<\/a><\/div>\n<\/div>\n<\/div>\n\n\n\n<div class=\"wp-block-group alignfull has-white-background-color has-background has-global-padding is-layout-constrained wp-container-core-group-is-layout-a4e63d72 wp-block-group-is-layout-constrained\" style=\"margin-top:0px;padding-top:4vw;padding-right:4vw;padding-bottom:4vw;padding-left:4vw\">\n<div class=\"wp-block-columns alignwide is-layout-flex wp-container-core-columns-is-layout-828b44bc wp-block-columns-is-layout-flex\">\n<div class=\"wp-block-column is-layout-flow wp-block-column-is-layout-flow\">\n<figure class=\"wp-block-image size-large is-style-default\"><img decoding=\"async\" src=\"https:\/\/www.comau.com\/wp-content\/webp-express\/webp-images\/uploads\/2024\/02\/Img_Hotspot_MATE-XT-1-2048x1179.jpg.webp\" alt=\"MATE - XT &amp; XT 4.0\"\/><\/figure>\n\n\n\n<div class=\"wp-block-buttons is-layout-flex wp-block-buttons-is-layout-flex\">\n<div class=\"wp-block-button\"><a class=\"wp-block-button__link wp-element-button\">Lekkie i wysoce oddychaj\u0105ce ergonomiczne wsparcie eXTreme<\/a><\/div>\n<\/div>\n<\/div>\n\n\n\n<div class=\"wp-block-column is-layout-flow wp-block-column-is-layout-flow\">\n<figure class=\"wp-block-image size-full\"><img loading=\"lazy\" decoding=\"async\" width=\"800\" height=\"800\" src=\"https:\/\/epar-service.com\/wp-content\/uploads\/2025\/07\/Extension-bras-dos-Exosquelette.jpg\" alt=\"MATE - XT &amp; XT 4.0\" class=\"wp-image-339\" srcset=\"https:\/\/epar-service.com\/wp-content\/uploads\/2025\/07\/Extension-bras-dos-Exosquelette.jpg 800w, https:\/\/epar-service.com\/wp-content\/uploads\/2025\/07\/Extension-bras-dos-Exosquelette-300x300.jpg 300w, https:\/\/epar-service.com\/wp-content\/uploads\/2025\/07\/Extension-bras-dos-Exosquelette-150x150.jpg 150w, https:\/\/epar-service.com\/wp-content\/uploads\/2025\/07\/Extension-bras-dos-Exosquelette-768x768.jpg 768w, https:\/\/epar-service.com\/wp-content\/uploads\/2025\/07\/Extension-bras-dos-Exosquelette-12x12.jpg 12w\" sizes=\"auto, (max-width: 800px) 100vw, 800px\" \/><\/figure>\n\n\n\n<div class=\"wp-block-buttons is-layout-flex wp-block-buttons-is-layout-flex\">\n<div class=\"wp-block-button\"><a class=\"wp-block-button__link wp-element-button\">Przedstawiamy: MATE-XT: nowy, wytrzyma\u0142y, a jednocze\u015bnie lekki egzoszkielet Comau do u\u017cytku w pomieszczeniach i na zewn\u0105trz.<br>MATE-XT<strong>&nbsp;Zmniejsza napi\u0119cie mi\u0119\u015bni&nbsp;<\/strong>do ci\u0119\u017ckich zada\u0144 w pomieszczeniach i na zewn\u0105trz.<\/a><\/div>\n<\/div>\n<\/div>\n\n\n\n<div class=\"wp-block-column is-layout-flow wp-block-column-is-layout-flow\">\n<figure class=\"wp-block-image size-large is-style-default\"><img decoding=\"async\" src=\"https:\/\/www.comau.com\/wp-content\/uploads\/2024\/02\/app-gepet.jpg\" alt=\"MATE - XT &amp; XT 4.0\"\/><\/figure>\n\n\n\n<div class=\"wp-block-buttons is-layout-flex wp-block-buttons-is-layout-flex\">\n<div class=\"wp-block-button\"><a class=\"wp-block-button__link wp-element-button\"><br><strong>Egzoszkielet MATE-XT dzia\u0142a kiedy, gdzie i jak to robisz<\/strong>.<\/a><\/div>\n\n\n\n<div class=\"wp-block-button\"><a class=\"wp-block-button__link wp-element-button\">Jak powsta\u0142 MATE?<br>Kombinezon egzoszkieletowy MATE zosta\u0142 zaprojektowany w celu poprawy jako\u015bci \u017cycia w miejscu pracy poprzez zapewnienie sta\u0142ego, zaawansowanego wsparcia ramion i r\u0105k podczas powtarzalnych operacji i codziennych zada\u0144.<\/a><\/div>\n<\/div>\n<\/div>\n<\/div>\n<\/div>\n\n\n\n<div class=\"wp-block-group alignfull has-white-color has-pale-cyan-blue-background-color has-text-color has-background has-global-padding is-layout-constrained wp-container-core-group-is-layout-5789501e wp-block-group-is-layout-constrained\" style=\"margin-top:0px;padding-top:4vw;padding-right:4vw;padding-bottom:4vw;padding-left:4vw\">\n<div class=\"wp-block-columns is-layout-flex wp-container-core-columns-is-layout-403af8ad wp-block-columns-is-layout-flex\">\n<div class=\"wp-block-column is-layout-flow wp-block-column-is-layout-flow\">\n<p class=\"has-text-align-center\" style=\"font-size:clamp(35.2px, 2.2rem + ((1vw - 3.2px) * 2.824), 64px);line-height:1\"><strong>2,1 kg<\/strong><\/p>\n\n\n\n<p class=\"has-text-align-center has-medium-font-size\">Waga<\/p>\n<\/div>\n\n\n\n<div class=\"wp-block-column is-layout-flow wp-block-column-is-layout-flow\">\n<p class=\"has-text-align-center\" style=\"font-size:clamp(35.2px, 2.2rem + ((1vw - 3.2px) * 2.824), 64px);line-height:1\"><strong>30%<\/strong><\/p>\n\n\n\n<p class=\"has-text-align-center has-medium-font-size\">Ulga na plecach<\/p>\n<\/div>\n\n\n\n<div class=\"wp-block-column is-layout-flow wp-block-column-is-layout-flow\">\n<p class=\"has-text-align-center\" style=\"font-size:clamp(35.2px, 2.2rem + ((1vw - 3.2px) * 2.824), 64px);line-height:1\"><strong>50%<\/strong><\/p>\n\n\n\n<p class=\"has-text-align-center has-medium-font-size\">Zmniejszone zm\u0119czenie mi\u0119\u015bni<\/p>\n<\/div>\n\n\n\n<div class=\"wp-block-column is-layout-flow wp-block-column-is-layout-flow\">\n<p class=\"has-text-align-center\" style=\"font-size:clamp(35.2px, 2.2rem + ((1vw - 3.2px) * 2.824), 64px);line-height:1\"><strong>25%<\/strong><\/p>\n\n\n\n<p class=\"has-text-align-center has-medium-font-size\">Wi\u0119ksza si\u0142a podczas podnoszenia<\/p>\n<\/div>\n<\/div>\n<\/div>\n\n\n\n<div class=\"wp-block-buttons is-content-justification-center is-layout-flex wp-container-core-buttons-is-layout-a89b3969 wp-block-buttons-is-layout-flex\">\n<div class=\"wp-block-button\"><a class=\"wp-block-button__link has-text-align-center wp-element-button\" href=\"https:\/\/epar-service.com\/pl\/rueckerstattung_rueckgaben\/\">Kontakt DEMO<\/a><\/div>\n<\/div>\n\n\n\n<div class=\"wp-block-group alignfull has-white-color has-pale-cyan-blue-background-color has-text-color has-background has-global-padding is-layout-constrained wp-container-core-group-is-layout-2b508e44 wp-block-group-is-layout-constrained\" style=\"margin-top:0px;padding-top:4vw;padding-right:4vw;padding-bottom:4vw;padding-left:4vw\">\n<h3 class=\"wp-block-heading has-text-align-center\">Na ko\u0144cu znajduje si\u0119 MATE<\/h3>\n\n\n\n<p>MATE to skr\u00f3t od Muscular Aiding Tech Exoskeleton.<\/p>\n\n\n\n<p>Jest to pasywny, spr\u0119\u017cynowy kombinezon egzoszkieletowy (tj. bez zmotoryzowanych staw\u00f3w lub baterii), kt\u00f3ry zapewnia pracownikom wsparcie antygrawitacyjne dla zginania i prostowania ramion. MATE jest szczeg\u00f3lnie odpowiedni do pracy nad g\u0142ow\u0105.<\/p>\n\n\n\n<div class=\"wp-block-buttons is-content-justification-center is-layout-flex wp-container-core-buttons-is-layout-766bf85b wp-block-buttons-is-layout-flex\">\n<div class=\"wp-block-button is-style-outline is-style-outline--2\"><a class=\"wp-block-button__link has-white-color has-text-color wp-element-button\" href=\"https:\/\/epar-service.com\/pl\/rueckerstattung_rueckgaben\/\">Skontaktuj si\u0119 z nami<\/a><\/div>\n<\/div>\n<\/div>","protected":false},"excerpt":{"rendered":"<p>MATE-XT fit f\u00fcr Arbeitnehmer Wo funktioniert es? Wo Sie arbeiten MATE-XT ist ein mechanisch angetriebenes Exoskelett (keine Batterien, keine Motoren) zur Entlastung der Muskulatur im Schulterbereich von Arbeitnehmern, die mit hochgehobenem(n) Arm(en) arbeiten, durch physiologische Unterst\u00fctzung bei repetitiven und statischen Aufgaben. 2,1 Kg Gewicht 30% R\u00fccken Entlastung 50% Muskelerm\u00fcdung reduziert 25% Mehr Kraft beim Heben [&hellip;]<\/p>\n","protected":false},"author":1,"featured_media":0,"parent":0,"menu_order":0,"comment_status":"closed","ping_status":"closed","template":"","meta":{"om_disable_all_campaigns":false,"_monsterinsights_skip_tracking":false,"_monsterinsights_sitenote_active":false,"_monsterinsights_sitenote_note":"","_monsterinsights_sitenote_category":0,"footnotes":""},"class_list":["post-216","page","type-page","status-publish","hentry"],"aioseo_notices":[],"_links":{"self":[{"href":"https:\/\/epar-service.com\/pl\/wp-json\/wp\/v2\/pages\/216","targetHints":{"allow":["GET"]}}],"collection":[{"href":"https:\/\/epar-service.com\/pl\/wp-json\/wp\/v2\/pages"}],"about":[{"href":"https:\/\/epar-service.com\/pl\/wp-json\/wp\/v2\/types\/page"}],"author":[{"embeddable":true,"href":"https:\/\/epar-service.com\/pl\/wp-json\/wp\/v2\/users\/1"}],"replies":[{"embeddable":true,"href":"https:\/\/epar-service.com\/pl\/wp-json\/wp\/v2\/comments?post=216"}],"version-history":[{"count":8,"href":"https:\/\/epar-service.com\/pl\/wp-json\/wp\/v2\/pages\/216\/revisions"}],"predecessor-version":[{"id":340,"href":"https:\/\/epar-service.com\/pl\/wp-json\/wp\/v2\/pages\/216\/revisions\/340"}],"wp:attachment":[{"href":"https:\/\/epar-service.com\/pl\/wp-json\/wp\/v2\/media?parent=216"}],"curies":[{"name":"wp","href":"https:\/\/api.w.org\/{rel}","templated":true}]}}