{"id":213,"date":"2025-01-01T17:59:03","date_gmt":"2025-01-01T17:59:03","guid":{"rendered":"https:\/\/epar-service.com\/?page_id=213"},"modified":"2025-07-21T21:02:00","modified_gmt":"2025-07-21T21:02:00","slug":"kolega-xb","status":"publish","type":"page","link":"https:\/\/epar-service.com\/pl\/kolega-xb\/","title":{"rendered":"MATE - XB"},"content":{"rendered":"<div class=\"wp-block-group alignfull has-white-color has-pale-cyan-blue-background-color has-text-color has-background has-global-padding is-layout-constrained wp-container-core-group-is-layout-6493990a wp-block-group-is-layout-constrained\" style=\"padding-top:0vw;padding-right:0vw;padding-bottom:0vw;padding-left:0vw\">\n<h1 class=\"wp-block-heading has-text-align-center\">Egzoszkielet z technologi\u0105 wspieraj\u0105c\u0105 mi\u0119\u015bnie<\/h1>\n\n\n\n<p class=\"has-text-align-center\">MATE-XB to niezasilany egzoszkielet zaprojektowany w celu zmniejszenia zm\u0119czenia w okolicy l\u0119d\u017awiowej u pracownik\u00f3w przenosz\u0105cych ci\u0119\u017cary. Wspiera u\u017cytkownika podczas pracy w r\u00f3\u017cnych pozycjach statycznych lub podczas wielokrotnego podnoszenia ci\u0119\u017car\u00f3w.<\/p>\n\n\n\n<h2 class=\"wp-block-heading\" id=\"gf849df257f1a\">Robotyczny egzoszkielet do noszenia bez baterii<\/h2>\n\n\n\n<p>Dowiedz si\u0119, jak dzia\u0142a niezasilany egzoszkielet do noszenia od Comau -&nbsp;<strong>MATE-XB<\/strong>&nbsp;- magazynuje ludzk\u0105 energi\u0119 w \u017ar\u00f3dle i w ten spos\u00f3b pomaga pracownikom,<br>podnoszenie ci\u0119\u017ckich przedmiot\u00f3w i niepor\u0119cznych \u0142adunk\u00f3w przy mniejszym wysi\u0142ku fizycznym i<br>zm\u0119czenie.<\/p>\n\n\n\n<div class=\"wp-block-buttons is-content-justification-center is-layout-flex wp-container-core-buttons-is-layout-a89b3969 wp-block-buttons-is-layout-flex\">\n<div class=\"wp-block-button is-style-outline is-style-outline--1\"><a class=\"wp-block-button__link has-white-color has-text-color wp-element-button\" href=\"https:\/\/epar-service.com\/pl\/rueckerstattung_rueckgaben\/\">Skontaktuj si\u0119 z nami<\/a><\/div>\n<\/div>\n<\/div>\n\n\n\n<div class=\"wp-block-group alignfull has-white-background-color has-background has-global-padding is-layout-constrained wp-container-core-group-is-layout-a4e63d72 wp-block-group-is-layout-constrained\" style=\"margin-top:0px;padding-top:4vw;padding-right:4vw;padding-bottom:4vw;padding-left:4vw\">\n<div class=\"wp-block-columns alignwide is-layout-flex wp-container-core-columns-is-layout-828b44bc wp-block-columns-is-layout-flex\">\n<div class=\"wp-block-column is-layout-flow wp-block-column-is-layout-flow\">\n<figure class=\"wp-block-image size-large is-style-default\"><img decoding=\"async\" src=\"https:\/\/www.comau.com\/wp-content\/webp-express\/webp-images\/uploads\/2023\/06\/uomo-a-sx.png.webp\" alt=\"MATE - XB\"\/><\/figure>\n\n\n\n<p>\u0141a\u0144cuch mechaniczno-kinematyczny<br>Struktura u\u0142atwiaj\u0105ca swobodne poruszanie si\u0119 u\u017cytkownika.<br>Urz\u0105dzenie pozwala u\u017cytkownikowi na swobodne poruszanie butem<br>Pasywny \u0142a\u0144cuch kinematyczny zosta\u0142 zaprojektowany tak, aby by\u0142 zwarty wok\u00f3\u0142 ludzkiego cia\u0142a<br>Pasywny \u0142a\u0144cuch kinematyczny zosta\u0142 zaprojektowany w celu uwzgl\u0119dnienia kompatybilno\u015bci kinematycznej mi\u0119dzy cz\u0142owiekiem a egzoszkieletem.<\/p>\n<\/div>\n\n\n\n<div class=\"wp-block-column is-layout-flow wp-block-column-is-layout-flow\">\n<figure class=\"wp-block-image size-large is-style-default\"><img decoding=\"async\" src=\"https:\/\/www.comau.com\/wp-content\/webp-express\/webp-images\/uploads\/2023\/06\/Comau_MATE-XT_Exoskeleton_Lumbar_Support-1.png.webp\" alt=\"MATE - XB\"\/><\/figure>\n\n\n\n<p><strong>Interfejs odzie\u017cy<\/strong><br>Wszystkie cz\u0119\u015bci maj\u0105 bezpo\u015bredni kontakt z cia\u0142em u\u017cytkownika.<br>Oddychaj\u0105ce i biokompatybilne materia\u0142y<br>Szeroka powierzchnia styku rozk\u0142ada si\u0142y reakcji bez tworzenia du\u017cych punkt\u00f3w nacisku.<\/p>\n<\/div>\n\n\n\n<div class=\"wp-block-column is-layout-flow wp-block-column-is-layout-flow\">\n<figure class=\"wp-block-image size-large is-style-default\"><img decoding=\"async\" src=\"https:\/\/www.comau.com\/wp-content\/webp-express\/webp-images\/uploads\/2023\/06\/Comau_MATE-XT_Exoskeleton_Back_Body-2.png.webp\" alt=\"MATE - XB\"\/><\/figure>\n\n\n\n<p><strong>Skrzynka generowania momentu obrotowego (TGB)<\/strong><br>Mechanizm rdzenia, kt\u00f3ry przechowuje i przekszta\u0142ca potencjaln\u0105 energi\u0119 mechaniczn\u0105 w celu wygenerowania regulowanego momentu obrotowego podparcia.<br>Wsparcie jest proporcjonalne do momentu obrotowego generowanego przez g\u00f3rn\u0105 cz\u0119\u015b\u0107 cia\u0142a, delikatne wsparcie do 25 kg<br>Mo\u017cliwo\u015b\u0107 regulacji wysoko\u015bci podp\u00f3rki na 5 poziomach<br>Brak przeszk\u00f3d podczas chodzenia.<\/p>\n<\/div>\n<\/div>\n<\/div>\n\n\n\n<div class=\"wp-block-group alignfull has-white-color has-pale-cyan-blue-background-color has-text-color has-background has-global-padding is-layout-constrained wp-container-core-group-is-layout-5789501e wp-block-group-is-layout-constrained\" style=\"margin-top:0px;padding-top:4vw;padding-right:4vw;padding-bottom:4vw;padding-left:4vw\">\n<div class=\"wp-block-columns is-layout-flex wp-container-core-columns-is-layout-403af8ad wp-block-columns-is-layout-flex\">\n<div class=\"wp-block-column is-layout-flow wp-block-column-is-layout-flow\">\n<p class=\"has-text-align-center\" style=\"font-size:clamp(35.2px, 2.2rem + ((1vw - 3.2px) * 2.824), 64px);line-height:1\"><strong>2,4 kg<\/strong><\/p>\n\n\n\n<p class=\"has-text-align-center has-medium-font-size\">Waga<\/p>\n<\/div>\n\n\n\n<div class=\"wp-block-column is-layout-flow wp-block-column-is-layout-flow\">\n<p class=\"has-text-align-center\" style=\"font-size:clamp(35.2px, 2.2rem + ((1vw - 3.2px) * 2.824), 64px);line-height:1\"><strong>62%<\/strong><\/p>\n\n\n\n<p class=\"has-text-align-center has-medium-font-size\">Ulga na plecach<\/p>\n<\/div>\n\n\n\n<div class=\"wp-block-column is-layout-flow wp-block-column-is-layout-flow\">\n<p class=\"has-text-align-center\" style=\"font-size:clamp(35.2px, 2.2rem + ((1vw - 3.2px) * 2.824), 64px);line-height:1\"><strong>84%<\/strong><\/p>\n\n\n\n<p class=\"has-text-align-center has-medium-font-size\">Zmniejszone zm\u0119czenie mi\u0119\u015bni<\/p>\n<\/div>\n\n\n\n<div class=\"wp-block-column is-layout-flow wp-block-column-is-layout-flow\">\n<p class=\"has-text-align-center\" style=\"font-size:clamp(35.2px, 2.2rem + ((1vw - 3.2px) * 2.824), 64px);line-height:1\"><strong>25%<\/strong><\/p>\n\n\n\n<p class=\"has-text-align-center has-medium-font-size\">Wi\u0119ksza si\u0142a podczas podnoszenia<\/p>\n<\/div>\n<\/div>\n<\/div>\n\n\n\n<h3 class=\"wp-block-heading\">CO TO JEST MATE-XB?<\/h3>\n\n\n\n<p>MATE-XB to niezasilany egzoszkielet odci\u0105\u017caj\u0105cy mi\u0119\u015bnie w okolicy kr\u0119gos\u0142upa l\u0119d\u017awiowego dla pracownik\u00f3w, kt\u00f3rzy musz\u0105 przenosi\u0107 ci\u0119\u017cary. Wspiera u\u017cytkownika podczas pracy w r\u00f3\u017cnych pozycjach, np. podczas zginania n\u00f3g (kucania), pochylania si\u0119 do przodu lub wielokrotnego podnoszenia ci\u0119\u017car\u00f3w. Urz\u0105dzenie zosta\u0142o opracowane w celu zmniejszenia obci\u0105\u017cenia plec\u00f3w podczas tych czynno\u015bci i poprawy jako\u015bci pracy u\u017cytkownika.<\/p>\n\n\n\n<h3 class=\"wp-block-heading\">MATE-XB OFERUJE ODPOWIEDNI\u0104 ILO\u015a\u0106 WSPARCIA<\/h3>\n\n\n\n<figure class=\"wp-block-image\"><img decoding=\"async\" src=\"https:\/\/www.comau.com\/wp-content\/uploads\/2023\/06\/Comau_MATE-XT_Exoskeleton_Lumbar_Support-2.png\" alt=\"MATE - XB\" class=\"wp-image-54474\"\/><\/figure>\n\n\n\n<p>Wsparcie zapewniane przez egzoszkielet MATE-XB na\u015bladuje wp\u0142yw zgi\u0119cia tu\u0142owia na doln\u0105 cz\u0119\u015b\u0107 plec\u00f3w.<\/p>\n\n\n\n<p>MATE-XB PORUSZA SI\u0118 W HARMONII Z TWOIM CIA\u0141EM<\/p>\n\n\n\n<figure class=\"wp-block-image\"><img decoding=\"async\" src=\"https:\/\/www.comau.com\/wp-content\/uploads\/2023\/06\/Comau_MATE-XT_Exoskeleton_Back_Body-2.png\" alt=\"MATE - XB\" class=\"wp-image-54480\"\/><\/figure>\n\n\n\n<p>Dzi\u0119ki \u0142a\u0144cuchowi pasywnych stopni swobody egzoszkielet zapewnia u\u017cytkownikowi pe\u0142n\u0105 swobod\u0119 ruch\u00f3w.<\/p>\n\n\n\n<h2 class=\"wp-block-heading\">MATE-XB dopasowuje si\u0119 do cia\u0142a, zapewniaj\u0105c swobod\u0119 ruchu<\/h2>\n\n\n\n<figure class=\"wp-block-image\"><img decoding=\"async\" src=\"https:\/\/www.comau.com\/wp-content\/uploads\/2023\/06\/Comau_MATE-XT_Exoskeleton_Lumbar_Support-1.png\" alt=\"MATE - XB\" class=\"wp-image-54468\"\/><\/figure>\n\n\n\n<p><strong _msttexthash=\"1478854\" _msthash=\"5\">MATE-XB dzia\u0142a kiedy, gdzie i jak to robisz<\/strong><\/p>\n\n\n\n<p>Wsparcie zapewniane przez egzoszkielet MATE-XB na\u015bladuje wp\u0142yw zgi\u0119cia tu\u0142owia na doln\u0105 cz\u0119\u015b\u0107 plec\u00f3w.<\/p>\n\n\n\n<h3 class=\"wp-block-heading\">MATE-XB PORUSZA SI\u0118 W HARMONII Z TWOIM CIA\u0141EM<\/h3>\n\n\n\n<p>Dzi\u0119ki \u0142a\u0144cuchowi pasywnych stopni swobody egzoszkielet zapewnia u\u017cytkownikowi pe\u0142n\u0105 swobod\u0119 ruch\u00f3w.<\/p>\n\n\n\n<p><strong>SPOS\u00d3B W JAKI TO ROBISZ MATE-XB PASUJE DO TWOJEGO CIA\u0141A<\/strong><\/p>\n\n\n\n<h3 class=\"wp-block-heading\">SWOBODA PRZEMIESZCZANIA SI\u0118<\/h3>\n\n\n\n<h2 class=\"wp-block-heading\">NIEZWYKLE ERGONOMICZNY, WSZ\u0118DZIE<\/h2>\n\n\n\n<div class=\"wp-block-buttons is-content-justification-center is-layout-flex wp-container-core-buttons-is-layout-a89b3969 wp-block-buttons-is-layout-flex\">\n<div class=\"wp-block-button\"><a class=\"wp-block-button__link has-text-align-center wp-element-button\" href=\"https:\/\/epar-service.com\/pl\/rueckerstattung_rueckgaben\/\">Kontakt DEMO<\/a><\/div>\n<\/div>\n\n\n\n<div class=\"wp-block-group alignfull has-white-color has-pale-cyan-blue-background-color has-text-color has-background has-global-padding is-layout-constrained wp-container-core-group-is-layout-2b508e44 wp-block-group-is-layout-constrained\" style=\"margin-top:0px;padding-top:4vw;padding-right:4vw;padding-bottom:4vw;padding-left:4vw\">\n<h3 class=\"wp-block-heading has-text-align-center\">Na ko\u0144cu znajduje si\u0119 MATE<\/h3>\n\n\n\n<p>MATE to skr\u00f3t od Muscular Aiding Tech Exoskeleton.<\/p>\n\n\n\n<p>Jest to pasywny, spr\u0119\u017cynowy kombinezon egzoszkieletowy (tj. bez zmotoryzowanych staw\u00f3w lub baterii), kt\u00f3ry zapewnia pracownikom wsparcie antygrawitacyjne dla zginania i prostowania ramion. MATE jest szczeg\u00f3lnie odpowiedni do pracy nad g\u0142ow\u0105.<\/p>\n\n\n\n<div class=\"wp-block-buttons is-content-justification-center is-layout-flex wp-container-core-buttons-is-layout-766bf85b wp-block-buttons-is-layout-flex\">\n<div class=\"wp-block-button is-style-outline is-style-outline--2\"><a class=\"wp-block-button__link has-white-color has-text-color wp-element-button\" href=\"https:\/\/epar-service.com\/pl\/rueckerstattung_rueckgaben\/\">Skontaktuj si\u0119 z nami<\/a><\/div>\n<\/div>\n<\/div>","protected":false},"excerpt":{"rendered":"<p>Muskelunterst\u00fctzende Technologie Exoskelett MATE-XB ist ein nicht angetriebenes Exoskelett zur Verringerung der Erm\u00fcdung im Lendenwirbelbereich f\u00fcr Arbeiter, die Gewichte bewegen. Es unterst\u00fctzt den Benutzer bei der Arbeit in verschiedenen statischen Positionen oder beim wiederholten Heben von Lasten. Batterieloses, tragbares Roboter-Exoskelett Erfahren Sie, wie das nicht angetriebene tragbare Exoskelett von Comau \u2013&nbsp;MATE-XB&nbsp;\u2013 menschliche Energie in einer [&hellip;]<\/p>\n","protected":false},"author":1,"featured_media":0,"parent":0,"menu_order":0,"comment_status":"closed","ping_status":"closed","template":"","meta":{"om_disable_all_campaigns":false,"_monsterinsights_skip_tracking":false,"_monsterinsights_sitenote_active":false,"_monsterinsights_sitenote_note":"","_monsterinsights_sitenote_category":0,"footnotes":""},"class_list":["post-213","page","type-page","status-publish","hentry"],"aioseo_notices":[],"_links":{"self":[{"href":"https:\/\/epar-service.com\/pl\/wp-json\/wp\/v2\/pages\/213","targetHints":{"allow":["GET"]}}],"collection":[{"href":"https:\/\/epar-service.com\/pl\/wp-json\/wp\/v2\/pages"}],"about":[{"href":"https:\/\/epar-service.com\/pl\/wp-json\/wp\/v2\/types\/page"}],"author":[{"embeddable":true,"href":"https:\/\/epar-service.com\/pl\/wp-json\/wp\/v2\/users\/1"}],"replies":[{"embeddable":true,"href":"https:\/\/epar-service.com\/pl\/wp-json\/wp\/v2\/comments?post=213"}],"version-history":[{"count":14,"href":"https:\/\/epar-service.com\/pl\/wp-json\/wp\/v2\/pages\/213\/revisions"}],"predecessor-version":[{"id":352,"href":"https:\/\/epar-service.com\/pl\/wp-json\/wp\/v2\/pages\/213\/revisions\/352"}],"wp:attachment":[{"href":"https:\/\/epar-service.com\/pl\/wp-json\/wp\/v2\/media?parent=213"}],"curies":[{"name":"wp","href":"https:\/\/api.w.org\/{rel}","templated":true}]}}