{"id":207,"date":"2024-12-31T15:27:18","date_gmt":"2024-12-31T15:27:18","guid":{"rendered":"https:\/\/epar-service.com\/?page_id=207"},"modified":"2025-08-23T16:07:26","modified_gmt":"2025-08-23T16:07:26","slug":"ramie-agadexo","status":"publish","type":"page","link":"https:\/\/epar-service.com\/pl\/ramie-agadexo\/","title":{"rendered":"AGADEXO Shoulder"},"content":{"rendered":"<div class=\"wp-block-group alignfull has-white-color has-pale-cyan-blue-background-color has-text-color has-background has-global-padding is-layout-constrained wp-container-core-group-is-layout-6493990a wp-block-group-is-layout-constrained\" style=\"padding-top:0vw;padding-right:0vw;padding-bottom:0vw;padding-left:0vw\">\n<h1 class=\"wp-block-heading has-text-align-center\">Pierwszy inteligentny egzoszkielet przemys\u0142owy, <\/h1>\n\n\n\n<p class=\"has-text-align-center has-medium-font-size\">zosta\u0142 zaprojektowany w celu zmniejszenia ryzyka wyst\u0105pienia dolegliwo\u015bci mi\u0119\u015bni ramion podczas r\u0119cznego przenoszenia materia\u0142\u00f3w.<\/p>\n\n\n\n<div class=\"wp-block-buttons is-content-justification-center is-layout-flex wp-container-core-buttons-is-layout-a89b3969 wp-block-buttons-is-layout-flex\">\n<div class=\"wp-block-button is-style-outline is-style-outline--1\"><a class=\"wp-block-button__link has-white-color has-text-color wp-element-button\" href=\"https:\/\/epar-service.com\/pl\/rueckerstattung_rueckgaben\/\">Skontaktuj si\u0119 z nami<\/a><\/div>\n<\/div>\n<\/div>\n\n\n\n<div class=\"wp-block-group alignfull has-white-background-color has-background has-global-padding is-layout-constrained wp-container-core-group-is-layout-a4e63d72 wp-block-group-is-layout-constrained\" style=\"margin-top:0px;padding-top:4vw;padding-right:4vw;padding-bottom:4vw;padding-left:4vw\">\n<div class=\"wp-block-columns alignwide is-layout-flex wp-container-core-columns-is-layout-828b44bc wp-block-columns-is-layout-flex\">\n<div class=\"wp-block-column is-layout-flow wp-block-column-is-layout-flow\">\n<div class=\"wp-block-buttons is-layout-flex wp-block-buttons-is-layout-flex\">\n<div class=\"wp-block-button\"><a class=\"wp-block-button__link wp-element-button\">Ergonomiczna i wytrzyma\u0142a konstrukcja<\/a><\/div>\n<\/div>\n<\/div>\n\n\n\n<div class=\"wp-block-column is-layout-flow wp-block-column-is-layout-flow\">\n<div class=\"wp-block-buttons is-layout-flex wp-block-buttons-is-layout-flex\">\n<div class=\"wp-block-button\"><a class=\"wp-block-button__link wp-element-button\">Wydajna technologia hybrydowa<\/a><\/div>\n<\/div>\n<\/div>\n\n\n\n<div class=\"wp-block-column is-layout-flow wp-block-column-is-layout-flow\">\n<div class=\"wp-block-buttons is-layout-flex wp-block-buttons-is-layout-flex\">\n<div class=\"wp-block-button\"><a class=\"wp-block-button__link wp-element-button\">Intuicyjne i szybkie sterowanie<\/a><\/div>\n<\/div>\n<\/div>\n<\/div>\n\n\n\n<h1 class=\"wp-block-heading\">Robotyka ubieralna w s\u0142u\u017cbie pracownik\u00f3w<\/h1>\n\n\n\n<p><strong>Zmniejszony stres<\/strong><\/p>\n\n\n\n<p>Poprawia wydajno\u015b\u0107 fizyczn\u0105, zmniejszaj\u0105c stres i ryzyko b\u00f3lu mi\u0119\u015bni spowodowanego uci\u0105\u017cliwymi czynno\u015bciami zwi\u0105zanymi ze zbieraniem r\u0119cznym.<\/p>\n\n\n\n<p><strong>Poprawiona wydajno\u015b\u0107<\/strong><\/p>\n\n\n\n<p>Zaprojektowany, aby wspiera\u0107 u\u017cytkownik\u00f3w bez utrudniania im pracy, poprawiaj\u0105c zar\u00f3wno samopoczucie, jak i produktywno\u015b\u0107.<\/p>\n\n\n\n<p><strong>Elastyczna realizacja<\/strong><\/p>\n\n\n\n<p>Nadaje si\u0119 do r\u00f3\u017cnych scenariuszy zastosowa\u0144 z prostym zarz\u0105dzaniem na wielu zmianach roboczych.<\/p>\n\n\n\n<p><strong>Szybka konfiguracja<\/strong><\/p>\n\n\n\n<p>Kr\u00f3tki czas szkolenia u\u017cytkownik\u00f3w bez konieczno\u015bci dostosowywania fabrycznych stacji roboczych.<\/p>\n\n\n\n<figure class=\"wp-block-video\"><video autoplay loop muted preload=\"auto\" src=\"https:\/\/agade-exoskeletons.com\/wp-content\/uploads\/2023\/11\/agade.v3.mp4\" playsinline><\/video><\/figure>\n\n\n\n<h2 class=\"wp-block-heading\">Idealny egzoszkielet do r\u0119cznego przenoszenia materia\u0142\u00f3w<\/h2>\n\n\n\n<figure class=\"wp-block-image\"><img decoding=\"async\" src=\"https:\/\/agade-exoskeletons.com\/wp-content\/uploads\/2023\/10\/acade-immagine-logo.svg\" alt=\"AGADEXO Shoulder\"\/><\/figure>\n\n\n\n<p>Pierwszy egzoszkielet oparty na p\u00f3\u0142aktywnej technologii ze zintegrowan\u0105 sztuczn\u0105 inteligencj\u0105, kt\u00f3ra jest w stanie automatycznie rozpoznawa\u0107 i wspiera\u0107 czynno\u015bci zwi\u0105zane z kompletacj\u0105.<\/p>\n\n\n\n<figure class=\"wp-block-image\"><img decoding=\"async\" src=\"https:\/\/agade-exoskeletons.com\/wp-content\/uploads\/2023\/11\/assistenza-digirale-icon.svg\" alt=\"AGADEXO Shoulder\"\/><\/figure>\n\n\n\n<h2 class=\"wp-block-heading\">Inteligentne wsparcie<\/h2>\n\n\n\n<p>Sterowane czujnikami opaski na r\u0119k\u0119 z algorytmami sztucznej inteligencji umo\u017cliwiaj\u0105 automatyczn\u0105 aktywacj\u0119 Agadexo Shoulder tylko wtedy, gdy u\u017cytkownik podnosi\/opuszcza \u0142adunek i zapewnia pomoc w razie potrzeby.<\/p>\n\n\n\n<figure class=\"wp-block-image\"><img decoding=\"async\" src=\"https:\/\/agade-exoskeletons.com\/wp-content\/uploads\/2023\/11\/Agade-prodotto.jpg\" alt=\"AGADEXO Shoulder\"\/><\/figure>\n\n\n\n<figure class=\"wp-block-image\"><img decoding=\"async\" src=\"https:\/\/agade-exoskeletons.com\/wp-content\/uploads\/2023\/11\/tecnologia-ibrida-icon.svg\" alt=\"AGADEXO Shoulder\"\/><\/figure>\n\n\n\n<h2 class=\"wp-block-heading\">Wydajna technologia hybrydowa<\/h2>\n\n\n\n<p>P\u00f3\u0142aktywne si\u0142owniki sk\u0142adaj\u0105 si\u0119 z elastycznego mechanizmu po\u0142\u0105czonego z silnikiem elektrycznym i zosta\u0142y zaprojektowane w celu zminimalizowania zu\u017cycia energii, zmniejszenia wagi silnik\u00f3w i akumulator\u00f3w oraz zwi\u0119kszenia komfortu u\u017cytkownika.<\/p>\n\n\n\n<figure class=\"wp-block-image\"><img decoding=\"async\" src=\"https:\/\/agade-exoskeletons.com\/wp-content\/uploads\/2023\/11\/Agade-13-esoscheletro.jpg\" alt=\"AGADEXO Shoulder\"\/><\/figure>\n\n\n\n<figure class=\"wp-block-image\"><img decoding=\"async\" src=\"https:\/\/agade-exoskeletons.com\/wp-content\/uploads\/2023\/11\/comando-icon.svg\" alt=\"AGADEXO Shoulder\"\/><\/figure>\n\n\n\n<h2 class=\"wp-block-heading\">Intuicyjne i szybkie sterowanie<\/h2>\n\n\n\n<p>Przyjazny dla u\u017cytkownika interfejs polece\u0144 zapewnia maksymaln\u0105 wygod\u0119 podczas zarz\u0105dzania i sterowania urz\u0105dzeniem<\/p>\n\n\n\n<figure class=\"wp-block-image\"><img decoding=\"async\" src=\"https:\/\/agade-exoskeletons.com\/wp-content\/uploads\/2023\/11\/Agade-08-esoscheletro-1.jpg\" alt=\"AGADEXO Shoulder\"\/><\/figure>\n\n\n\n<figure class=\"wp-block-image\"><img decoding=\"async\" src=\"https:\/\/agade-exoskeletons.com\/wp-content\/uploads\/2023\/11\/design-icon.svg\" alt=\"AGADEXO Shoulder\"\/><\/figure>\n\n\n\n<h2 class=\"wp-block-heading\">Ergonomiczna i wytrzyma\u0142a konstrukcja<\/h2>\n\n\n\n<p>Konstrukcja mechaniczna z w\u0142\u00f3kna w\u0119glowego zosta\u0142a zaprojektowana tak, aby zapewni\u0107 maksymaln\u0105 swobod\u0119 ruch\u00f3w, lekko\u015b\u0107 i wytrzyma\u0142o\u015b\u0107.<\/p>\n\n\n\n<figure class=\"wp-block-image\"><img decoding=\"async\" src=\"https:\/\/agade-exoskeletons.com\/wp-content\/uploads\/2023\/11\/Agade-09-esoscheletro-1.jpg\" alt=\"AGADEXO Shoulder\"\/><\/figure>\n\n\n\n<figure class=\"wp-block-image\"><img decoding=\"async\" src=\"https:\/\/agade-exoskeletons.com\/wp-content\/uploads\/2023\/11\/Agade-17-esoscheletro-1-638x1024.png\" alt=\"AGADEXO Shoulder\" title=\"Agade-17-esoscheletro\"\/><\/figure>\n\n\n\n<p><a href=\"https:\/\/agade-exoskeletons.com\/wp-content\/uploads\/2023\/11\/Agade-17-esoscheletro-1.png\"><\/a><\/p>\n\n\n\n<figure class=\"wp-block-image\"><img decoding=\"async\" src=\"https:\/\/agade-exoskeletons.com\/wp-content\/uploads\/2023\/11\/Agade-16-esoscheletro-1.png\" alt=\"AGADEXO Shoulder\" title=\"Agade-16-esoscheletro\"\/><\/figure>\n\n\n\n<p><a href=\"https:\/\/agade-exoskeletons.com\/wp-content\/uploads\/2023\/11\/Agade-16-esoscheletro-1.png\"><\/a><\/p>\n\n\n\n<figure class=\"wp-block-image\"><img decoding=\"async\" src=\"https:\/\/agade-exoskeletons.com\/wp-content\/uploads\/2023\/11\/Agade-1-esoscheletro-1-750x1024.png\" alt=\"AGADEXO Shoulder\" title=\"Agade-1-esoscheletro\"\/><\/figure>\n\n\n\n<p><a href=\"https:\/\/agade-exoskeletons.com\/wp-content\/uploads\/2023\/11\/Agade-1-esoscheletro-1.png\"><\/a><\/p>\n\n\n\n<figure class=\"wp-block-image\"><img decoding=\"async\" src=\"https:\/\/agade-exoskeletons.com\/wp-content\/uploads\/2023\/11\/Agade-18-esoscheletro-1.png\" alt=\"AGADEXO Shoulder\" title=\"Agade-18-esoscheletro\"\/><\/figure>\n\n\n\n<p><a href=\"https:\/\/agade-exoskeletons.com\/wp-content\/uploads\/2023\/11\/Agade-18-esoscheletro-1.png\"><\/a><\/p>\n\n\n\n<figure class=\"wp-block-image\"><img decoding=\"async\" src=\"https:\/\/agade-exoskeletons.com\/wp-content\/uploads\/2023\/11\/Agade-05-esoscheletro-1.png\" alt=\"AGADEXO Shoulder\" title=\"Agade-05-esoscheletro\"\/><\/figure>\n\n\n\n<p><a href=\"https:\/\/agade-exoskeletons.com\/wp-content\/uploads\/2023\/11\/Agade-05-esoscheletro-1.png\"><\/a><\/p>\n\n\n\n<figure class=\"wp-block-image\"><img decoding=\"async\" src=\"https:\/\/agade-exoskeletons.com\/wp-content\/uploads\/2023\/11\/Agade-10-esoscheletro-1-804x1024.png\" alt=\"AGADEXO Shoulder\" title=\"Agade-10-esoscheletro\"\/><\/figure>\n\n\n\n<p><a href=\"https:\/\/agade-exoskeletons.com\/wp-content\/uploads\/2023\/11\/Agade-10-esoscheletro-1.png\"><\/a><\/p>\n\n\n\n<figure class=\"wp-block-image\"><img decoding=\"async\" src=\"https:\/\/agade-exoskeletons.com\/wp-content\/uploads\/2023\/11\/Agade-11-esoscheletro-1-837x1024.png\" alt=\"AGADEXO Shoulder\" title=\"Agade-11-esoscheletro\"\/><\/figure>\n\n\n\n<p><a href=\"https:\/\/agade-exoskeletons.com\/wp-content\/uploads\/2023\/11\/Agade-11-esoscheletro-1.png\"><\/a><\/p>\n\n\n\n<figure class=\"wp-block-image\"><img decoding=\"async\" src=\"https:\/\/agade-exoskeletons.com\/wp-content\/uploads\/2023\/11\/Agade-12-esoscheletro-1.png\" alt=\"AGADEXO Shoulder\" title=\"Agade-12-esoscheletro\"\/><\/figure>\n\n\n\n<p><a href=\"https:\/\/agade-exoskeletons.com\/wp-content\/uploads\/2023\/11\/Agade-12-esoscheletro-1.png\"><\/a><\/p>\n\n\n\n<h3 class=\"wp-block-heading\">Zmniejszenie napi\u0119cia mi\u0119\u015bni na poziomie ramion nawet o 40 % - Dowiedz si\u0119 wi\u0119cej o badaniu naukowym<\/h3>\n<\/div>\n\n\n\n<div class=\"wp-block-buttons is-content-justification-center is-layout-flex wp-container-core-buttons-is-layout-a89b3969 wp-block-buttons-is-layout-flex\">\n<div class=\"wp-block-button\"><a class=\"wp-block-button__link wp-element-button\" href=\"https:\/\/epar-service.com\/pl\/rueckerstattung_rueckgaben\/\">Kontakt DEMO<\/a><\/div>\n<\/div>\n\n\n\n<div class=\"wp-block-group alignfull has-white-color has-pale-cyan-blue-background-color has-text-color has-background has-global-padding is-layout-constrained wp-container-core-group-is-layout-2b508e44 wp-block-group-is-layout-constrained\" style=\"margin-top:0px;padding-top:4vw;padding-right:4vw;padding-bottom:4vw;padding-left:4vw\">\n<h3 class=\"wp-block-heading has-text-align-center\">Ostatecznie wszystko jest \u0142atwiejsze<\/h3>\n\n\n\n<h4 class=\"wp-block-heading\"><strong>Nasz egzoszkielet naramienny imponuje wydajno\u015bci\u0105<\/strong><\/h4>\n\n\n\n<p>Agadexo Shoulder zosta\u0142 opracowany w celu odci\u0105\u017cenia ramion podczas r\u0119cznego przenoszenia materia\u0142\u00f3w, a tym samym zmniejszenia ryzyka zaburze\u0144 uk\u0142adu mi\u0119\u015bniowo-szkieletowego i wypadk\u00f3w przy pracy. Jest dostosowany do zada\u0144 podnoszenia, przenoszenia i opuszczania w obszarze g\u00f3rnej cz\u0119\u015bci cia\u0142a od wysoko\u015bci bioder do g\u0142owy, kt\u00f3re cz\u0119sto wyst\u0119puj\u0105 w zak\u0142adach przemys\u0142owych.<\/p>\n\n\n\n<div class=\"wp-block-buttons is-content-justification-center is-layout-flex wp-container-core-buttons-is-layout-766bf85b wp-block-buttons-is-layout-flex\">\n<div class=\"wp-block-button is-style-outline is-style-outline--2\"><a class=\"wp-block-button__link has-white-color has-text-color wp-element-button\" href=\"https:\/\/epar-service.com\/pl\/rueckerstattung_rueckgaben\/\">Skontaktuj si\u0119 z nami<\/a><\/div>\n<\/div>\n<\/div>","protected":false},"excerpt":{"rendered":"<p>Das erste intelligente industrielle Exoskelett, das Risiko von Schultermuskelbeschwerden bei manuellen Materialtransportaufgaben reduzieren soll. Tragbare Robotik im Dienste der Arbeitnehmer Reduzierter Stress Verbessert die k\u00f6rperliche Leistungsf\u00e4higkeit durch Reduzierung von Stress und dem Risiko von Muskelschmerzen, die durch anstrengende manuelle Pfl\u00fcckeaktivit\u00e4ten verursacht werden. Verbesserte Leistung Entwickelt, um Benutzer zu unterst\u00fctzen, ohne ihre Arbeitsaktivit\u00e4ten zu behindern, und [&hellip;]<\/p>\n","protected":false},"author":1,"featured_media":0,"parent":0,"menu_order":0,"comment_status":"closed","ping_status":"closed","template":"","meta":{"om_disable_all_campaigns":false,"_monsterinsights_skip_tracking":false,"_monsterinsights_sitenote_active":false,"_monsterinsights_sitenote_note":"","_monsterinsights_sitenote_category":0,"footnotes":""},"class_list":["post-207","page","type-page","status-publish","hentry"],"aioseo_notices":[],"_links":{"self":[{"href":"https:\/\/epar-service.com\/pl\/wp-json\/wp\/v2\/pages\/207","targetHints":{"allow":["GET"]}}],"collection":[{"href":"https:\/\/epar-service.com\/pl\/wp-json\/wp\/v2\/pages"}],"about":[{"href":"https:\/\/epar-service.com\/pl\/wp-json\/wp\/v2\/types\/page"}],"author":[{"embeddable":true,"href":"https:\/\/epar-service.com\/pl\/wp-json\/wp\/v2\/users\/1"}],"replies":[{"embeddable":true,"href":"https:\/\/epar-service.com\/pl\/wp-json\/wp\/v2\/comments?post=207"}],"version-history":[{"count":4,"href":"https:\/\/epar-service.com\/pl\/wp-json\/wp\/v2\/pages\/207\/revisions"}],"predecessor-version":[{"id":423,"href":"https:\/\/epar-service.com\/pl\/wp-json\/wp\/v2\/pages\/207\/revisions\/423"}],"wp:attachment":[{"href":"https:\/\/epar-service.com\/pl\/wp-json\/wp\/v2\/media?parent=207"}],"curies":[{"name":"wp","href":"https:\/\/api.w.org\/{rel}","templated":true}]}}