{"id":2,"date":"2024-12-22T19:48:28","date_gmt":"2024-12-22T19:48:28","guid":{"rendered":"https:\/\/epar-service.com\/?page_id=2"},"modified":"2024-12-24T15:46:01","modified_gmt":"2024-12-24T15:46:01","slug":"przykladowa-strona","status":"publish","type":"page","link":"https:\/\/epar-service.com\/pl\/przykladowa-strona\/","title":{"rendered":"Og\u00f3lne warunki handlowe AGB"},"content":{"rendered":"<p>EPAR-service GmbH OG\u00d3LNE WARUNKI SPRZEDA\u017bY, DOSTAWY I P\u0141ATNO\u015aCI<\/p>\n\n\n\n<ul class=\"wp-block-list\">\n<li>Poni\u017csze warunki sprzeda\u017cy, dostawy i p\u0142atno\u015bci maj\u0105 zastosowanie do wszystkich um\u00f3w, dostaw i innych us\u0142ug, w tym us\u0142ug doradczych i informacyjnych.<\/li>\n\n\n\n<li>Maj\u0105 one r\u00f3wnie\u017c zastosowanie do wszystkich przysz\u0142ych um\u00f3w z klientem, a tak\u017ce do przysz\u0142ych dostaw i innych us\u0142ug, kt\u00f3re maj\u0105 by\u0107 \u015bwiadczone na rzecz klienta.<\/li>\n\n\n\n<li>Wszelkie sprzeczne warunki zostaj\u0105 niniejszym odrzucone.<\/li>\n\n\n\n<li>Zaopatrujemy wy\u0142\u0105cznie przedsi\u0119biorc\u00f3w (\u00a7 14 BGB), osoby prawne prawa publicznego i specjalne fundusze prawa publicznego. Nie zaopatrujemy prywatnych konsument\u00f3w ko\u0144cowych.<\/li>\n\n\n\n<li>Nasze produkty s\u0105 przeznaczone wy\u0142\u0105cznie do u\u017cytku profesjonalnego i nie spe\u0142niaj\u0105 wymaga\u0144, kt\u00f3re maj\u0105 zastosowanie do prywatnych u\u017cytkownik\u00f3w ko\u0144cowych.<\/li>\n<\/ul>\n\n\n\n<p><strong>Zawarcie umowy<\/strong><br>Zam\u00f3wienia sk\u0142adane u nas, zmiany i uzupe\u0142nienia umowy oraz umowy dodatkowe wymagaj\u0105 formy pisemnej. Zam\u00f3wienia z\u0142o\u017cone telefonicznie lub w innej formie uznaje si\u0119 za przyj\u0119te z chwil\u0105 wys\u0142ania lub przekazania towar\u00f3w i faktury.<\/p>\n\n\n\n<p><strong>Ceny, cenniki<\/strong><\/p>\n\n\n\n<ul class=\"wp-block-list\">\n<li>Nasze ceny s\u0105 cenami ex works plus op\u0142aty za utylizacj\u0119 pobierane przez Dual System i przedstawione na poni\u017cszej li\u015bcie. Zastosowanie maj\u0105 ceny obowi\u0105zuj\u0105ce w momencie sk\u0142adania zam\u00f3wienia. Podatek VAT nie jest wliczony w cen\u0119 i b\u0119dzie fakturowany oddzielnie wed\u0142ug ustawowej stawki.<\/li>\n\n\n\n<li>Za ka\u017cd\u0105 przesy\u0142k\u0119 pobierana jest op\u0142ata w wysoko\u015bci 17,90 euro.<\/li>\n\n\n\n<li>Darmowa wysy\u0142ka od warto\u015bci zakupu 1000\u20ac.<\/li>\n\n\n\n<li>W przypadku korzystania z us\u0142ugi ekspresowej pobieramy op\u0142at\u0119 serwisow\u0105 w wysoko\u015bci 23,80 euro. EPAR-service GmbH jest upowa\u017cniona do pobierania wy\u017cszych op\u0142at za us\u0142ugi specjalne (np. towary wielkogabarytowe, zam\u00f3wienia ekspresowe, \u0142adunki drobnicowe).<\/li>\n\n\n\n<li>Je\u015bli uzgodniony okres dostawy jest d\u0142u\u017cszy ni\u017c jeden miesi\u0105c od zawarcia umowy, jeste\u015bmy uprawnieni do naliczenia cen zgodnie z naszym cennikiem obowi\u0105zuj\u0105cym w dniu dostawy.<\/li>\n\n\n\n<li>Podczas fakturowania ceny za jednostk\u0119 opakowania s\u0105 zaokr\u0105glane do pe\u0142nych cent\u00f3w (trzecie miejsce po przecinku wi\u0119ksze ni\u017c 4 jest zaokr\u0105glane w g\u00f3r\u0119, w przeciwnym razie zaokr\u0105glane w d\u00f3\u0142) i mno\u017cone przez ilo\u015b\u0107 zam\u00f3wienia.<\/li>\n<\/ul>\n\n\n\n<p>P\u0142atno\u015b\u0107<\/p>\n\n\n\n<ul class=\"wp-block-list\">\n<li>Nasze faktury s\u0105 p\u0142atne w ci\u0105gu 14 dni od ich wystawienia bez potr\u0105ce\u0144.<\/li>\n\n\n\n<li>W przypadku zam\u00f3wie\u0144 powy\u017cej 5000 \u20ac wymagany jest depozyt w wysoko\u015bci 50% kwoty w momencie sk\u0142adania zam\u00f3wienia.<\/li>\n\n\n\n<li>Je\u017celi Eparcare jest upowa\u017cniona do pobierania nale\u017cno\u015bci od Klienta w drodze polecenia zap\u0142aty na podstawie upowa\u017cnienia Klienta do polecenia zap\u0142aty SEPA, Klient wyra\u017ca zgod\u0119 na przes\u0142anie mu przez Eparcare wst\u0119pnego powiadomienia nie p\u00f3\u017aniej ni\u017c trzy (3) dni kalendarzowe przed dat\u0105 planowanego pobrania polecenia zap\u0142aty SEPA (data realizacji).<\/li>\n\n\n\n<li>Klient pozostaje w zw\u0142oce z p\u0142atno\u015bci\u0105 po otrzymaniu pierwszego upomnienia lub bez upomnienia 14 dni po terminie p\u0142atno\u015bci i otrzymaniu faktury zgodnie z \u00a7 286 (3) BGB. W przypadku zw\u0142oki jeste\u015bmy uprawnieni do odsetek za zw\u0142ok\u0119 zgodnie z \u00a7 288 BGB, pod warunkiem udowodnienia dalszych szk\u00f3d spowodowanych zw\u0142ok\u0105.<\/li>\n\n\n\n<li>Kompensowanie z nieuznanymi lub nieuznanymi prawnie roszczeniami klienta jest wykluczone. Dotyczy to r\u00f3wnie\u017c prawa do zatrzymania z powodu takich roszcze\u0144 wzajemnych, o ile roszczenia te nie s\u0105 oparte na tym samym stosunku umownym.<\/li>\n<\/ul>\n\n\n\n<p><strong>dostawa<\/strong><\/p>\n\n\n\n<ul class=\"wp-block-list\">\n<li>Nasze zobowi\u0105zanie do dostawy jest uzale\u017cnione od kompletnej i prawid\u0142owej dostawy do nas, chyba \u017ce jeste\u015bmy odpowiedzialni za brak dostawy lub op\u00f3\u017anienie.<\/li>\n\n\n\n<li>W przypadku produkt\u00f3w niestandardowych dopuszczalne s\u0105 nadwy\u017cki lub kr\u00f3tkie dostawy do 10 %, kt\u00f3re zostan\u0105 uwzgl\u0119dnione na fakturze.<\/li>\n\n\n\n<li>W odniesieniu do wymiar\u00f3w okre\u015blonych dla naszych przedmiot\u00f3w dostawy, zastrzegamy sobie prawo do zwyczajowych odchyle\u0144, chyba \u017ce wyra\u017anie zagwarantowali\u015bmy zgodno\u015b\u0107 z wymiarami.<\/li>\n\n\n\n<li>Jeste\u015bmy upowa\u017cnieni do dokonywania uzasadnionych dostaw cz\u0119\u015bciowych.<\/li>\n\n\n\n<li>Je\u015bli wysy\u0142ka zam\u00f3wionych przedmiot\u00f3w dostawy op\u00f3\u017ania si\u0119 z przyczyn le\u017c\u0105cych po stronie klienta, ryzyko przechodzi na klienta z chwil\u0105 otrzymania powiadomienia o gotowo\u015bci do wysy\u0142ki.<\/li>\n\n\n\n<li>Niezawodn\u0105 wysy\u0142k\u0119 zam\u00f3wionych towar\u00f3w zapewniaj\u0105 przewo\u017anicy dzia\u0142aj\u0105cy na nasze zlecenie. Strony uzgadniaj\u0105, \u017ce w przypadku sporu odpowiedzialno\u015b\u0107 za udowodnienie niedostarczenia dostawy spoczywa na kliencie.<\/li>\n\n\n\n<li>W przypadku zwrotu towar\u00f3w w ge\u015bcie dobrej woli, jeste\u015bmy uprawnieni do naliczenia op\u0142aty za uzupe\u0142nienie zapas\u00f3w w wysoko\u015bci 15% warto\u015bci odebranych towar\u00f3w, przy czym minimalna kwota wynosi 15,00 euro, a maksymalna 250,00 euro.<\/li>\n<\/ul>\n\n\n\n<p><strong>Czas dostawy<\/strong><br>Uzgodnione terminy dostaw zostan\u0105 odpowiednio przed\u0142u\u017cone w przypadku nieprzewidzianych przeszk\u00f3d pozostaj\u0105cych poza nasz\u0105 kontrol\u0105, takich jak strajki, lokauty, zak\u0142\u00f3cenia operacyjne, op\u00f3\u017anienia w dostawie materia\u0142\u00f3w podstawowych, niezale\u017cnie od tego, czy przeszkody te wyst\u0105pi\u0105 w naszej siedzibie, czy w siedzibie naszych dostawc\u00f3w. Nie ponosimy odpowiedzialno\u015bci za takie okoliczno\u015bci, nawet je\u015bli jeste\u015bmy ju\u017c w zw\u0142oce. W przypadku ich wyst\u0105pienia obie strony s\u0105 uprawnione do odst\u0105pienia od umowy.<\/p>\n\n\n\n<p><strong>Zachowanie tytu\u0142u w\u0142asno\u015bci<\/strong><\/p>\n\n\n\n<ul class=\"wp-block-list\">\n<li>Dostarczone przez nas przedmioty pozostaj\u0105 nasz\u0105 w\u0142asno\u015bci\u0105 do czasu spe\u0142nienia wszystkich naszych obecnych roszcze\u0144 wobec klienta, jak r\u00f3wnie\u017c przysz\u0142ych roszcze\u0144, o ile s\u0105 one zwi\u0105zane z dostarczonymi przedmiotami.<\/li>\n\n\n\n<li>Klient jest uprawniony do odsprzeda\u017cy przedmiot\u00f3w dostawy (towar\u00f3w zastrze\u017conych) b\u0119d\u0105cych nasz\u0105 w\u0142asno\u015bci\u0105 w ramach zwyk\u0142ej dzia\u0142alno\u015bci gospodarczej. Niniejszym ceduje on jednak na nas wszelkie roszczenia wynikaj\u0105ce z tej odsprzeda\u017cy, niezale\u017cnie od tego, czy towar zastrze\u017cony zostanie odsprzedany przed czy po przetworzeniu, czy te\u017c zostanie po\u0142\u0105czony z nieruchomo\u015bci\u0105 lub ruchomo\u015bci\u0105. Je\u015bli towar zastrze\u017cony zostanie odsprzedany po przetworzeniu lub wraz z innymi towarami, kt\u00f3re nie nale\u017c\u0105 do nas, lub je\u015bli zostan\u0105 one po\u0142\u0105czone z nieruchomo\u015bciami lub ruchomo\u015bciami, roszczenie zamawiaj\u0105cego wobec jego klient\u00f3w zostanie uznane za przeniesione na nas w wysoko\u015bci ceny dostawy uzgodnionej mi\u0119dzy zamawiaj\u0105cym a nami za towar zastrze\u017cony.<\/li>\n\n\n\n<li>Klient jest upowa\u017cniony do \u015bci\u0105gni\u0119cia tej wierzytelno\u015bci nawet po cesji. Nasze upowa\u017cnienie do samodzielnego \u015bci\u0105gni\u0119cia wierzytelno\u015bci pozostaje nienaruszone, ale zobowi\u0105zujemy si\u0119 tego nie robi\u0107, dop\u00f3ki klient nale\u017cycie wywi\u0105zuje si\u0119 ze swoich zobowi\u0105za\u0144 p\u0142atniczych. Je\u015bli klient skorzysta z upowa\u017cnienia do odbioru, b\u0119dziemy uprawnieni do pobranych wp\u0142yw\u00f3w w wysoko\u015bci ceny dostawy uzgodnionej mi\u0119dzy klientem a nami dla zastrze\u017conych towar\u00f3w.<\/li>\n\n\n\n<li>Przetwarzanie lub przebudowa towar\u00f3w obj\u0119tych zastrze\u017ceniem w\u0142asno\u015bci zostanie przeprowadzona dla nas jako producenta zgodnie z \u00a7 950 BGB bez \u017cadnych zobowi\u0105za\u0144 z naszej strony. Je\u015bli towary obj\u0119te zastrze\u017ceniem w\u0142asno\u015bci zostan\u0105 przetworzone z innymi przedmiotami, nabywamy wsp\u00f3\u0142w\u0142asno\u015b\u0107 nowego przedmiotu w stosunku warto\u015bci rynkowej naszych towar\u00f3w do warto\u015bci innych przetworzonych przedmiot\u00f3w w momencie przetwarzania. Klient przechowuje dla nas now\u0105 rzecz nieodp\u0142atnie z zachowaniem staranno\u015bci zwyczajowo przyj\u0119tej w handlu.<\/li>\n\n\n\n<li>Zobowi\u0105zujemy si\u0119 do zwolnienia zabezpiecze\u0144, do kt\u00f3rych jeste\u015bmy uprawnieni na \u017c\u0105danie, w zakresie, w jakim ich mo\u017cliwa do uzyskania warto\u015b\u0107 przekracza roszczenia, kt\u00f3re maj\u0105 by\u0107 zabezpieczone, o wi\u0119cej ni\u017c 20 %.<\/li>\n\n\n\n<li>Je\u015bli akceptujemy weksle jako \u015brodek p\u0142atniczy, nasze zastrze\u017cenie w\u0142asno\u015bci b\u0119dzie obowi\u0105zywa\u0107 do czasu ustalenia, \u017ce nie mo\u017cemy by\u0107 d\u0142u\u017cej poci\u0105gani do odpowiedzialno\u015bci na podstawie tego weksla.<\/li>\n<\/ul>\n\n\n\n<ul class=\"wp-block-list\">\n<li><strong>Skargi<\/strong><br>Oczywiste wady musz\u0105 zosta\u0107 zg\u0142oszone na pi\u015bmie i okre\u015blone w ci\u0105gu 10 dni od otrzymania towaru.<\/li>\n\n\n\n<li><strong>Gwarancja<\/strong><br>Przyznajemy klientowi nieograniczone ustawowe prawa gwarancyjne, pomimo ustawowych ogranicze\u0144 i skr\u00f3t\u00f3w.<\/li>\n<\/ul>\n\n\n\n<p><strong>Wy\u0142\u0105czenie roszcze\u0144 odszkodowawczych<\/strong><\/p>\n\n\n\n<ul id=\"block-866ea755-7669-48ad-afc8-4a9e9f48ff6a\" class=\"wp-block-list\">\n<li>Ponosimy odpowiedzialno\u015b\u0107 - niezale\u017cnie od przyczyn prawnych - wy\u0142\u0105cznie za szkody wynikaj\u0105ce z pomini\u0119cia lub nieprawid\u0142owego wykonania sugestii lub porad udzielonych przed lub po zawarciu umowy lub z naruszenia innych dodatkowych zobowi\u0105za\u0144 umownych - w szczeg\u00f3lno\u015bci instrukcji dotycz\u0105cych obs\u0142ugi i konserwacji przedmiotu dostawy - kt\u00f3re nie dotyczy\u0142y samego przedmiotu dostawy.\n<ul class=\"wp-block-list\">\n<li>z zamiarem<\/li>\n\n\n\n<li>w przypadku ra\u017c\u0105cego zaniedbania ze strony naszych organ\u00f3w wykonawczych lub naszych pracownik\u00f3w wykonawczych<\/li>\n\n\n\n<li>w przypadku zawinionego uszczerbku na \u017cyciu, ciele i zdrowiu,<\/li>\n\n\n\n<li>w przypadku wad, kt\u00f3re podst\u0119pnie zataili\u015bmy lub kt\u00f3rych brak gwarantowali\u015bmy,<\/li>\n\n\n\n<li>w przypadku wad przedmiotu dostawy, o ile odpowiedzialno\u015b\u0107 wynika z ustawy o odpowiedzialno\u015bci za produkt za obra\u017cenia cia\u0142a lub szkody maj\u0105tkowe w odniesieniu do przedmiot\u00f3w u\u017cywanych prywatnie.<\/li>\n\n\n\n<li>W przypadku zawinionego naruszenia istotnych zobowi\u0105za\u0144 umownych ponosimy r\u00f3wnie\u017c odpowiedzialno\u015b\u0107 za ra\u017c\u0105ce zaniedbanie ze strony pracownik\u00f3w niewykonawczych oraz za lekkie zaniedbanie, ale w tym ostatnim przypadku ograniczone do racjonalnie przewidywalnych szk\u00f3d typowych dla umowy. Dalsze roszczenia odszkodowawcze s\u0105 wykluczone.<\/li>\n\n\n\n<li>Eparcare ponosi odpowiedzialno\u015b\u0107 za szkody spowodowane op\u00f3\u017anion\u0105 dostaw\u0105 zam\u00f3wie\u0144 ekspresowych (\"dostawa w nast\u0119pnym dniu roboczym\") do maksymalnej kwoty 250 EUR za zam\u00f3wienie. Dochodzenie dalszych szk\u00f3d spowodowanych op\u00f3\u017anieniem jest wykluczone.<\/li>\n\n\n\n<li>Nie ponosimy odpowiedzialno\u015bci, je\u015bli klient udost\u0119pni nasze produkty przeznaczone do u\u017cytku profesjonalnego prywatnym u\u017cytkownikom ko\u0144cowym.<\/li>\n<\/ul>\n<\/li>\n<\/ul>\n\n\n\n<p><strong>Oprogramowanie<\/strong><br>Klient otrzymuje niewy\u0142\u0105czne i niezbywalne prawo u\u017cytkownika do program\u00f3w i powi\u0105zanej dokumentacji oraz p\u00f3\u017aniejszych dodatk\u00f3w do u\u017cytku wewn\u0119trznego z produktami, dla kt\u00f3rych programy s\u0105 dostarczane. Wszelkie inne prawa do program\u00f3w i dokumentacji, w tym kopie i p\u00f3\u017aniejsze uzupe\u0142nienia, pozostaj\u0105 w\u0142asno\u015bci\u0105 naszej firmy. Klient musi zapewni\u0107, \u017ce te programy i dokumenty nie s\u0105 dost\u0119pne dla os\u00f3b trzecich bez uprzedniej zgody naszej firmy. Kopie mog\u0105 by\u0107 wykonywane wy\u0142\u0105cznie w celach archiwizacyjnych, jako materia\u0142y zast\u0119pcze lub w celu rozwi\u0105zywania problem\u00f3w. Przekazywanie program\u00f3w \u017ar\u00f3d\u0142owych wymaga odr\u0119bnej pisemnej umowy. Je\u015bli orygina\u0142y s\u0105 opatrzone informacj\u0105 o prawach autorskich, informacja ta musi zosta\u0107 umieszczona na oryginale przez klienta. O ile nie uzgodniono inaczej, prawo u\u017cytkowania uznaje si\u0119 za przyznane w momencie dostarczenia zam\u00f3wienia i dostarczenia program\u00f3w, dokumentacji i p\u00f3\u017aniejszych dodatk\u00f3w. Modyfikacje program\u00f3w s\u0105 niedozwolone; je\u015bli zmodyfikowane programy s\u0105 u\u017cywane przez klienta lub osoby trzecie, nasza firma nie ponosi odpowiedzialno\u015bci za szkody.<br>Klient jest informowany, \u017ce bior\u0105c pod uwag\u0119 obecny stan rozwoju technicznego, nie mo\u017cna ca\u0142kowicie wykluczy\u0107 b\u0142\u0119d\u00f3w w oprogramowaniu. Klient jest zobowi\u0105zany do sprawdzenia oprogramowania niezw\u0142ocznie po jego dostarczeniu i niezw\u0142ocznego powiadomienia naszej firmy na pi\u015bmie o wszelkich oczywistych b\u0142\u0119dach. Nasza firma gwarantuje, \u017ce oprogramowanie zasadniczo odpowiada opisowi w dokumentacji lub specyfikacji w potwierdzeniu zam\u00f3wienia w odniesieniu do jego funkcjonalno\u015bci. Ponadto nasza firma nie gwarantuje pewnych w\u0142a\u015bciwo\u015bci program\u00f3w komputerowych lub ich przydatno\u015bci do cel\u00f3w klienta lub wymaga\u0144 klienta. Nasza firma nie ponosi odpowiedzialno\u015bci za odzyskanie danych, chyba \u017ce nasza firma spowodowa\u0142a ich zniszczenie w wyniku ra\u017c\u0105cego zaniedbania lub umy\u015blnego dzia\u0142ania, a klient zapewni\u0142, \u017ce dane te mo\u017cna odtworzy\u0107 z materia\u0142u danych, kt\u00f3ry jest przechowywany w formie nadaj\u0105cej si\u0119 do odczytu maszynowego, przy odpowiednim wysi\u0142ku.<br>O ile wy\u0142\u0105czenia odpowiedzialno\u015bci zgodnie z powy\u017cszymi paragrafami mog\u0105 by\u0107 uzgodnione w spos\u00f3b prawnie wi\u0105\u017c\u0105cy wy\u0142\u0105cznie mi\u0119dzy w pe\u0142ni wykwalifikowanymi sprzedawcami, prawnie dopuszczalna mo\u017cliwo\u015b\u0107 szerokiego wy\u0142\u0105czenia odpowiedzialno\u015bci pozostaje w przypadku transakcji z podmiotem nieb\u0119d\u0105cym sprzedawc\u0105.<\/p>\n\n\n\n<p><strong>Charakterystyka<\/strong><br>Informacje, rysunki, ilustracje, pr\u00f3bki, broszury, specyfikacje techniczne i katalogi oraz inne dane techniczne i zalecenia dotycz\u0105ce u\u017cytkowania zawarte w broszurach, katalogach, reklamach i cennikach lub w dokumentach nale\u017c\u0105cych do oferty s\u0105 niewi\u0105\u017c\u0105ce; nie zwalniaj\u0105 one klienta z obowi\u0105zku sprawdzenia towar\u00f3w pod k\u0105tem ich przydatno\u015bci do zamierzonych cel\u00f3w, proces\u00f3w i zastosowa\u0144. Staj\u0105 si\u0119 one cz\u0119\u015bci\u0105 umowy tylko wtedy i tylko w takim zakresie, w jakim zosta\u0142y przez nas wyra\u017anie potwierdzone jako wi\u0105\u017c\u0105ce. Gwarancjami jako\u015bci s\u0105 tylko te gwarancje, kt\u00f3re zosta\u0142y wyra\u017anie okre\u015blone jako takie w potwierdzeniu zam\u00f3wienia. Klient ponosi wy\u0142\u0105czn\u0105 odpowiedzialno\u015b\u0107 za zastosowanie, u\u017cytkowanie i przetwarzanie zakupionych towar\u00f3w. Zastrzegamy sobie prawa w\u0142asno\u015bci i prawa autorskie do ilustracji, rysunk\u00f3w i innych dokument\u00f3w. Bez naszej zgody mog\u0105 by\u0107 one wykorzystywane wy\u0142\u0105cznie w celu zgodnym z umow\u0105 i nie mog\u0105 by\u0107 udost\u0119pniane osobom trzecim.<\/p>\n\n\n\n<p><strong>Miejsce spe\u0142nienia \u015bwiadczenia, miejsce jurysdykcji, prawo w\u0142a\u015bciwe<\/strong><\/p>\n\n\n\n<ul class=\"wp-block-list\">\n<li> Miejscem jurysdykcji dla wszystkich spor\u00f3w wynikaj\u0105cych z naszego stosunku prawnego z klientem jest Stuttgart. Jeste\u015bmy jednak r\u00f3wnie\u017c uprawnieni do podj\u0119cia krok\u00f3w prawnych w siedzibie klienta.<\/li>\n\n\n\n<li>Zastosowanie ma prawo niemieckie; w wyj\u0105tkowych przypadkach zastosowanie ma r\u00f3wnie\u017c prawo sprzeda\u017cy ONZ.<\/li>\n<\/ul>","protected":false},"excerpt":{"rendered":"<p>EPAR-service GmbH ALLGEMEINE VERKAUFS-, LIEFERUNGS- UND ZAHLUNGSBEDINGUNGEN VertragsabschlussAuftr\u00e4ge an uns, Vertrags\u00e4nderungen und -erg\u00e4nzungen sowie Nebenabreden bed\u00fcrfen der Schriftform. Telefonisch oder in anderer Form erteilte Auftr\u00e4ge gelten als angenommen, wenn Versendung oder Aush\u00e4ndigung der Ware und Rechnung erfolgt. Preise, Preislisten Zahlung Lieferung LieferfristVereinbarte Lieferfristen verl\u00e4ngern sich angemessen beim Eintritt unvorhergesehener Hindernisse, die au\u00dferhalb unserer Einflussm\u00f6glichkeiten liegen, [&hellip;]<\/p>\n","protected":false},"author":1,"featured_media":0,"parent":0,"menu_order":0,"comment_status":"closed","ping_status":"open","template":"","meta":{"om_disable_all_campaigns":false,"_monsterinsights_skip_tracking":false,"_monsterinsights_sitenote_active":false,"_monsterinsights_sitenote_note":"","_monsterinsights_sitenote_category":0,"footnotes":""},"class_list":["post-2","page","type-page","status-publish","hentry"],"aioseo_notices":[],"_links":{"self":[{"href":"https:\/\/epar-service.com\/pl\/wp-json\/wp\/v2\/pages\/2","targetHints":{"allow":["GET"]}}],"collection":[{"href":"https:\/\/epar-service.com\/pl\/wp-json\/wp\/v2\/pages"}],"about":[{"href":"https:\/\/epar-service.com\/pl\/wp-json\/wp\/v2\/types\/page"}],"author":[{"embeddable":true,"href":"https:\/\/epar-service.com\/pl\/wp-json\/wp\/v2\/users\/1"}],"replies":[{"embeddable":true,"href":"https:\/\/epar-service.com\/pl\/wp-json\/wp\/v2\/comments?post=2"}],"version-history":[{"count":1,"href":"https:\/\/epar-service.com\/pl\/wp-json\/wp\/v2\/pages\/2\/revisions"}],"predecessor-version":[{"id":90,"href":"https:\/\/epar-service.com\/pl\/wp-json\/wp\/v2\/pages\/2\/revisions\/90"}],"wp:attachment":[{"href":"https:\/\/epar-service.com\/pl\/wp-json\/wp\/v2\/media?parent=2"}],"curies":[{"name":"wp","href":"https:\/\/api.w.org\/{rel}","templated":true}]}}