{"id":144,"date":"2024-12-25T20:26:42","date_gmt":"2024-12-25T20:26:42","guid":{"rendered":"https:\/\/epar-service.com\/?page_id=144"},"modified":"2024-12-27T07:48:16","modified_gmt":"2024-12-27T07:48:16","slug":"ssm-klatki-piersiowej","status":"publish","type":"page","link":"https:\/\/epar-service.com\/pl\/ssm-klatki-piersiowej\/","title":{"rendered":"Tu\u0142\u00f3w SSM"},"content":{"rendered":"<p class=\"has-text-align-center\"><strong>CHRONI - WSPIERA - STABILIZUJE<\/strong><\/p>\n\n\n\n<p><img alt=\"Tu\u0142\u00f3w SSM\" decoding=\"async\" src=\"https:\/\/www.thorax-ssm.com\/media\/a0\/ea\/fc\/1699013021\/Carbon-Hintergrund-Slider-Element.png\" srcset=\"https:\/\/www.thorax-ssm.com\/thumbnail\/a0\/ea\/fc\/1699013021\/Carbon-Hintergrund-Slider-Element_1920x1920.png 1920w, https:\/\/www.thorax-ssm.com\/thumbnail\/a0\/ea\/fc\/1699013021\/Carbon-Hintergrund-Slider-Element_800x800.png 800w, https:\/\/www.thorax-ssm.com\/thumbnail\/a0\/ea\/fc\/1699013021\/Carbon-Hintergrund-Slider-Element_400x400.png 400w\"><\/p>\n\n\n\n<h2 class=\"wp-block-heading\"><strong>TECHNOLOGIA KLATKI PIERSIOWEJ SSM<\/strong><\/h2>\n\n\n\n<figure class=\"wp-block-image\"><img decoding=\"async\" src=\"https:\/\/www.thorax-ssm.com\/media\/e7\/ab\/b4\/1712127380\/Thorax-1000x1000-4mb.gif\" alt=\"Tu\u0142\u00f3w SSM\"\/><\/figure>\n\n\n\n<p>The&nbsp;<strong>Modu\u0142 wsparcia kr\u0119gos\u0142upa piersiowego firmy ax-lightness<\/strong>&nbsp;jest podparciem kr\u0119gos\u0142upa z prowadzeniem plec\u00f3w od podstawy miednicy do ramion i zapewnia wsparcie podczas stania, siedzenia, chodzenia i podnoszenia.<br><br>Anatomiczna konstrukcja zapewnia, \u017ce wszystkie grupy mi\u0119\u015bni s\u0105 wykorzystywane w ukierunkowany spos\u00f3b, zapewniaj\u0105c jednocze\u015bnie maksymalne bezpiecze\u0144stwo kr\u0119gos\u0142upa. Wyprostowana postawa we wszystkich rodzajach ruchu przyczynia si\u0119 do stabilizacji.<br><br>Struktura i konstrukcja naszego systemu aktywnie stabilizuje dynamicznie ca\u0142y tu\u0142\u00f3w. Karbonowa rama zapewnia optymalny rozk\u0142ad obci\u0105\u017cenia podczas podnoszenia i przenoszenia ci\u0119\u017ckich \u0142adunk\u00f3w, a tak\u017ce podczas noszenia plecak\u00f3w lub innych \u0142adunk\u00f3w na plecach. Dzi\u0119ki aktywnemu prowadzeniu kr\u0119gos\u0142upa w systemie, ruchy obrotowe tu\u0142owia s\u0105 dynamicznie kontrolowane, a kr\u0119gos\u0142up jest chroniony przed uszkodzeniami rotacyjnymi. Mi\u0119\u015bnie s\u0105 stymulowane do aktywnej pracy, co skutkuje znacznie wy\u017cszym wykorzystaniem mi\u0119\u015bni tu\u0142owia. Aktywny system szczeg\u00f3lnie chroni dotkni\u0119te stawy. Obr\u0119cz barkowa, kr\u0119gos\u0142up, miednica i biodra s\u0105 poddawane anatomicznemu obci\u0105\u017ceniu, co prowadzi do lepszego rozk\u0142adu si\u0142, a tym samym \u0142agodniejszej postawy.<\/p>\n\n\n\n<h4 class=\"wp-block-heading\"><strong>#SProtectsSupportsStabilises<\/strong><\/h4>\n\n\n\n<figure class=\"wp-block-embed is-type-video is-provider-youtube wp-block-embed-youtube wp-embed-aspect-16-9 wp-has-aspect-ratio\"><div class=\"wp-block-embed__wrapper\">\n<iframe loading=\"lazy\" title=\"Thorax SSM by ax-lightness\" width=\"500\" height=\"281\" src=\"https:\/\/www.youtube.com\/embed\/GyBHTrOKfDs?feature=oembed\" frameborder=\"0\" allow=\"accelerometer; autoplay; clipboard-write; encrypted-media; gyroscope; picture-in-picture; web-share\" referrerpolicy=\"strict-origin-when-cross-origin\" allowfullscreen><\/iframe>\n<\/div><\/figure>\n\n\n\n<p><img alt=\"Tu\u0142\u00f3w SSM\" decoding=\"async\" src=\"https:\/\/www.thorax-ssm.com\/media\/a0\/ea\/fc\/1699013021\/Carbon-Hintergrund-Slider-Element.png\" srcset=\"https:\/\/www.thorax-ssm.com\/thumbnail\/a0\/ea\/fc\/1699013021\/Carbon-Hintergrund-Slider-Element_1920x1920.png 1920w, https:\/\/www.thorax-ssm.com\/thumbnail\/a0\/ea\/fc\/1699013021\/Carbon-Hintergrund-Slider-Element_800x800.png 800w, https:\/\/www.thorax-ssm.com\/thumbnail\/a0\/ea\/fc\/1699013021\/Carbon-Hintergrund-Slider-Element_400x400.png 400w\"><\/p>\n\n\n\n<h2 class=\"wp-block-heading\"><strong>STRUKTURA KLATKI PIERSIOWEJ SSM<\/strong><\/h2>\n\n\n\n<figure class=\"wp-block-image\"><img decoding=\"async\" src=\"https:\/\/www.thorax-ssm.com\/media\/b6\/5e\/70\/1707124126\/Thorax-Frontansicht_Beschriftung-2023%20-%20140x180mm.jpg\" alt=\"Tu\u0142\u00f3w SSM\"\/><\/figure>\n\n\n\n<ul class=\"wp-block-list\">\n<li>Wysokiej jako\u015bci karbon T800 wzmocniony w\u0142\u00f3knem aramidowym i szklanym<\/li>\n\n\n\n<li>Wysoki stopie\u0144 dopasowania dzi\u0119ki niestandardowym elementom plec\u00f3w<\/li>\n\n\n\n<li>od 690 gram\u00f3w<\/li>\n\n\n\n<li>5 standardowych rozmiar\u00f3w z mo\u017cliwo\u015bci\u0105 dostosowania<\/li>\n\n\n\n<li>Poduszki mo\u017cna wymienia\u0107 i pra\u0107 w temperaturze do 60\u00b0C<\/li>\n\n\n\n<li>Sk\u0142ada si\u0119 z 6 cz\u0119\u015bci (paski na plecy i ramiona, 2 \u015brodkowe zapi\u0119cia, 1 zapi\u0119cie na miednic\u0119, 1 p\u0142ytka piersiowa i paski z zapi\u0119ciem magnetycznym).<\/li>\n<\/ul>\n\n\n\n<figure class=\"wp-block-image\"><img decoding=\"async\" src=\"https:\/\/www.thorax-ssm.com\/media\/96\/49\/7f\/1699020897\/IMG_0029.JPG\" alt=\"Tu\u0142\u00f3w SSM\"\/><\/figure>\n\n\n\n<p><img alt=\"Tu\u0142\u00f3w SSM\" decoding=\"async\" src=\"https:\/\/www.thorax-ssm.com\/media\/a0\/ea\/fc\/1699013021\/Carbon-Hintergrund-Slider-Element.png\" srcset=\"https:\/\/www.thorax-ssm.com\/thumbnail\/a0\/ea\/fc\/1699013021\/Carbon-Hintergrund-Slider-Element_1920x1920.png 1920w, https:\/\/www.thorax-ssm.com\/thumbnail\/a0\/ea\/fc\/1699013021\/Carbon-Hintergrund-Slider-Element_800x800.png 800w, https:\/\/www.thorax-ssm.com\/thumbnail\/a0\/ea\/fc\/1699013021\/Carbon-Hintergrund-Slider-Element_400x400.png 400w\"><\/p>\n\n\n\n<h2 class=\"wp-block-heading\"><strong>OBSZARY ZASTOSOWANIA SSM KLATKI PIERSIOWEJ<\/strong><\/h2>\n\n\n\n<p class=\"has-text-align-center\"><img alt=\"Tu\u0142\u00f3w SSM\" decoding=\"async\" srcset=\"https:\/\/www.thorax-ssm.com\/thumbnail\/2a\/63\/59\/1712065332\/_DSC0196-beschnitten_web_400x400.jpg 400w, https:\/\/www.thorax-ssm.com\/thumbnail\/2a\/63\/59\/1712065332\/_DSC0196-beschnitten_web_800x800.jpg 800w, https:\/\/www.thorax-ssm.com\/thumbnail\/2a\/63\/59\/1712065332\/_DSC0196-beschnitten_web_1920x1920.jpg 1920w\" src=\"https:\/\/www.thorax-ssm.com\/media\/2a\/63\/59\/1712065332\/_DSC0196-beschnitten_web.jpg\"><strong>PRZEMYS\u0141 I HANDEL - Monta\u017c, in\u017cynieria instalacji, produkcja i handel<\/strong><img alt=\"Tu\u0142\u00f3w SSM\" decoding=\"async\" srcset=\"https:\/\/www.thorax-ssm.com\/thumbnail\/dd\/d9\/c8\/1712228895\/_DSC0206_ohne-Logo_web_400x400.jpg 400w, https:\/\/www.thorax-ssm.com\/thumbnail\/dd\/d9\/c8\/1712228895\/_DSC0206_ohne-Logo_web_800x800.jpg 800w, https:\/\/www.thorax-ssm.com\/thumbnail\/dd\/d9\/c8\/1712228895\/_DSC0206_ohne-Logo_web_1920x1920.jpg 1920w\" src=\"https:\/\/www.thorax-ssm.com\/media\/dd\/d9\/c8\/1712228895\/_DSC0206_ohne-Logo_web.jpg\"><strong>LOGISTYKA - magazyn, transport, kompletacja i pakowanie<\/strong><\/p>\n\n\n\n<p class=\"has-text-align-center\"><img alt=\"Tu\u0142\u00f3w SSM\" decoding=\"async\" srcset=\"https:\/\/www.thorax-ssm.com\/thumbnail\/14\/59\/68\/1699021768\/IMG_0114_800x800.jpg 800w, https:\/\/www.thorax-ssm.com\/thumbnail\/14\/59\/68\/1699021768\/IMG_0114_400x400.jpg 400w, https:\/\/www.thorax-ssm.com\/thumbnail\/14\/59\/68\/1699021768\/IMG_0114_1920x1920.jpg 1920w\" src=\"https:\/\/www.thorax-ssm.com\/media\/14\/59\/68\/1699021768\/IMG_0114.jpg\"><strong>Opieka zdrowotna - Stra\u017c po\u017carna, ratownictwo i opieka<\/strong><img alt=\"Tu\u0142\u00f3w SSM\" decoding=\"async\" srcset=\"https:\/\/www.thorax-ssm.com\/thumbnail\/00\/f7\/bf\/1714036294\/DSC02641_web_400x400.jpg 400w, https:\/\/www.thorax-ssm.com\/thumbnail\/00\/f7\/bf\/1714036294\/DSC02641_web_800x800.jpg 800w, https:\/\/www.thorax-ssm.com\/thumbnail\/00\/f7\/bf\/1714036294\/DSC02641_web_1920x1920.jpg 1920w\" src=\"https:\/\/www.thorax-ssm.com\/media\/00\/f7\/bf\/1714036294\/DSC02641_web.jpg\"><strong>ADMINISTRACJA I BIURO - Praca siedz\u0105ca i stoj\u0105ca<\/strong><\/p>\n\n\n\n<p><img alt=\"Tu\u0142\u00f3w SSM\" decoding=\"async\" src=\"https:\/\/www.thorax-ssm.com\/media\/a0\/ea\/fc\/1699013021\/Carbon-Hintergrund-Slider-Element.png\" srcset=\"https:\/\/www.thorax-ssm.com\/thumbnail\/a0\/ea\/fc\/1699013021\/Carbon-Hintergrund-Slider-Element_1920x1920.png 1920w, https:\/\/www.thorax-ssm.com\/thumbnail\/a0\/ea\/fc\/1699013021\/Carbon-Hintergrund-Slider-Element_800x800.png 800w, https:\/\/www.thorax-ssm.com\/thumbnail\/a0\/ea\/fc\/1699013021\/Carbon-Hintergrund-Slider-Element_400x400.png 400w\"><\/p>\n\n\n\n<h2 class=\"wp-block-heading\"><strong>CERTYFIKOWANY PRZEZ INSTITUT F\u00dcR GESUNDHEIT UND ERGONOMIE E.V. (IGR)<\/strong><\/h2>\n\n\n\n<figure class=\"wp-block-image\"><img decoding=\"async\" src=\"https:\/\/www.thorax-ssm.com\/media\/ab\/d5\/13\/1699273343\/IGR-Certificate_2022_07_2%20-%20DE.jpg\" alt=\"Tu\u0142\u00f3w SSM\"\/><\/figure>\n\n\n\n<p>Thorax SSM zosta\u0142 certyfikowany zgodnie z norm\u0105 DIN EN ISO 26800 przez Institut f\u00fcr Gesundheit und Ergonomie e.V. (IGR). Norma DIN EN ISO 26800 reprezentuje og\u00f3lne podej\u015bcie do ergonomii i definiuje kluczowe zasady i koncepcje ergonomiczne.<br><br>Ergonomia zajmuje si\u0119 czynnikami ludzkimi, technologicznymi, ekonomicznymi i organizacyjnymi, kt\u00f3re wp\u0142ywaj\u0105 na zachowanie, dzia\u0142ania i samopoczucie ludzi w pracy.<\/p>\n\n\n\n<figure class=\"wp-block-image\"><img decoding=\"async\" src=\"https:\/\/www.thorax-ssm.com\/media\/e7\/ab\/b4\/1712127380\/Thorax-1000x1000-4mb.gif\" alt=\"Tu\u0142\u00f3w SSM\"\/><\/figure>\n\n\n\n<p><img alt=\"Tu\u0142\u00f3w SSM\" decoding=\"async\" src=\"https:\/\/www.thorax-ssm.com\/media\/a0\/ea\/fc\/1699013021\/Carbon-Hintergrund-Slider-Element.png\" srcset=\"https:\/\/www.thorax-ssm.com\/thumbnail\/a0\/ea\/fc\/1699013021\/Carbon-Hintergrund-Slider-Element_1920x1920.png 1920w, https:\/\/www.thorax-ssm.com\/thumbnail\/a0\/ea\/fc\/1699013021\/Carbon-Hintergrund-Slider-Element_800x800.png 800w, https:\/\/www.thorax-ssm.com\/thumbnail\/a0\/ea\/fc\/1699013021\/Carbon-Hintergrund-Slider-Element_400x400.png 400w\"><\/p>","protected":false},"excerpt":{"rendered":"<p>SCH\u00dcTZT \u00b7 ST\u00dcTZT \u00b7 STABILISIERT TECHNOLOGIE DES THORAX SSM Das&nbsp;Thorax Spine Support Module by ax-lightness&nbsp;ist eine Wirbels\u00e4ulenst\u00fctze mit R\u00fcckenf\u00fchrung vom Beckenansatz bis zu den Schultern und unterst\u00fctzt beim Stehen, Sitzen, Laufen und Heben. Durch den anatomischen Aufbau wird eine gezielte Muskelbeanspruchung aller Muskelgruppen erreicht unter der h\u00f6chstm\u00f6glichen Sicherheit f\u00fcr die Wirbels\u00e4ule. Eine gerade K\u00f6rperhaltung in [&hellip;]<\/p>\n","protected":false},"author":1,"featured_media":0,"parent":0,"menu_order":0,"comment_status":"closed","ping_status":"closed","template":"","meta":{"om_disable_all_campaigns":false,"_monsterinsights_skip_tracking":false,"_monsterinsights_sitenote_active":false,"_monsterinsights_sitenote_note":"","_monsterinsights_sitenote_category":0,"footnotes":""},"class_list":["post-144","page","type-page","status-publish","hentry"],"aioseo_notices":[],"_links":{"self":[{"href":"https:\/\/epar-service.com\/pl\/wp-json\/wp\/v2\/pages\/144","targetHints":{"allow":["GET"]}}],"collection":[{"href":"https:\/\/epar-service.com\/pl\/wp-json\/wp\/v2\/pages"}],"about":[{"href":"https:\/\/epar-service.com\/pl\/wp-json\/wp\/v2\/types\/page"}],"author":[{"embeddable":true,"href":"https:\/\/epar-service.com\/pl\/wp-json\/wp\/v2\/users\/1"}],"replies":[{"embeddable":true,"href":"https:\/\/epar-service.com\/pl\/wp-json\/wp\/v2\/comments?post=144"}],"version-history":[{"count":2,"href":"https:\/\/epar-service.com\/pl\/wp-json\/wp\/v2\/pages\/144\/revisions"}],"predecessor-version":[{"id":153,"href":"https:\/\/epar-service.com\/pl\/wp-json\/wp\/v2\/pages\/144\/revisions\/153"}],"wp:attachment":[{"href":"https:\/\/epar-service.com\/pl\/wp-json\/wp\/v2\/media?parent=144"}],"curies":[{"name":"wp","href":"https:\/\/api.w.org\/{rel}","templated":true}]}}