{"id":378,"date":"2025-08-10T14:49:45","date_gmt":"2025-08-10T14:49:45","guid":{"rendered":"https:\/\/epar-service.com\/?page_id=378"},"modified":"2025-08-10T14:49:45","modified_gmt":"2025-08-10T14:49:45","slug":"exia-dal-tedesco-bionic","status":"publish","type":"page","link":"https:\/\/epar-service.com\/it\/exia-dal-tedesco-bionic\/","title":{"rendered":"EXIA da German Bionic"},"content":{"rendered":"<figure class=\"wp-block-image\"><img decoding=\"async\" src=\"https:\/\/framerusercontent.com\/images\/2HpIMMxn0cO3dSmhtr0t0lTWepg.jpg\" alt=\"Immagine dell&#039;eroe GB Exia\"\/><\/figure>\n\n\n\n<h3 class=\"wp-block-heading\">L'esoscheletro pi\u00f9 potente del mondo<\/h3>\n\n\n\n<h3 class=\"wp-block-heading\">Esoscheletro AI per tutti i casi d'uso: dal lavoro pi\u00f9 duro dell'industria all'assistenza empatica ai pazienti<\/h3>\n\n\n\n<p>Exia - L'intelligenza artificiale aumentata che capisce come lavorano le persone. Exia ha imparato per anni. Dalle persone. Da miliardi di dati applicativi raccolti nella vita lavorativa di tutti i giorni. Il risultato: fornisce un supporto intelligente e personalizzato, rendendo le persone pi\u00f9 efficienti. Combina tutti i casi d'uso in un unico esoscheletro ad alte prestazioni. Perch\u00e9 Exia, riprogettato da zero, si adatta in modo flessibile agli utenti, alle attivit\u00e0 e ai settori.<\/p>\n\n\n\n<figure class=\"wp-block-image\"><img decoding=\"async\" src=\"https:\/\/framerusercontent.com\/images\/s9V9e4zDbzVc3Oddsn7ARkdYpfw.jpg\" alt=\"L&#039;esoscheletro German Bionic Exia, dotato di intelligenza artificiale, supporta un magazziniere che solleva scatole pesanti per migliorare l&#039;ergonomia e prevenire le lesioni alla schiena nel settore della logistica.\"\/><\/figure>\n\n\n\n<figure class=\"wp-block-image\"><img decoding=\"async\" src=\"https:\/\/framerusercontent.com\/images\/v7vYQaELJQwJFn61qziMts3VBw.jpg\" alt=\"L&#039;esoscheletro robotico tedesco Bionic Exia assiste l&#039;operaio industriale nelle attivit\u00e0 in posizione chinata, fornendo supporto alla schiena e migliorando l&#039;efficienza nelle operazioni di magazzino.\"\/><\/figure>\n\n\n\n<figure class=\"wp-block-image\"><img decoding=\"async\" src=\"https:\/\/framerusercontent.com\/images\/eVguWHxDFW6zQ09rnGbirnnSwVs.jpg\" alt=\"L&#039;esoscheletro robotico tedesco Bionic Exia supporta le attivit\u00e0 di sollevamento pesante, aiutando a prevenire i disturbi muscolo-scheletrici e aumentando la produttivit\u00e0.\"\/><\/figure>\n\n\n\n<h1 class=\"wp-block-heading\">Potenza dell'intelligenza artificiale per tutti i compiti<\/h1>\n\n\n\n<h2 class=\"wp-block-heading\">Meno fatica, pi\u00f9 salute e quindi luoghi di lavoro pi\u00f9 sicuri, pi\u00f9 inclusivi e pi\u00f9 attraenti: L'Exia allevia la fatica delle persone con problemi fisici sul lavoro, grazie alla compensazione del peso fino a 38 kg per ogni movimento di sollevamento. In questo modo si contrasta anche la carenza di manodopera qualificata. Questo perch\u00e9 riduce le assenze per malattia, prolunga la vita lavorativa e rende i posti di lavoro pi\u00f9 sostenibili, sia nella logistica che nell'edilizia o nell'assistenza.<\/h2>\n\n\n\n<h2 class=\"wp-block-heading\">Uno strumento che si adatta alle persone.<\/h2>\n\n\n\n<p>Ogni persona \u00e8 diversa. Ogni compito \u00e8 unico. Exia si basa sull'intelligenza artificiale e sull'apprendimento automatico e utilizza miliardi di dati anonimizzati provenienti da situazioni lavorative reali per comprendere i movimenti individuali e fornire un supporto mirato. Si adatta alla persona e all'attivit\u00e0 in tempo reale e fornisce supporto esattamente dove \u00e8 pi\u00f9 necessario.<\/p>\n\n\n\n<p>I vantaggi in sintesi:<\/p>\n\n\n\n<ul class=\"wp-block-list\">\n<li>Supporta fino a 38 kg per ogni movimento di sollevamento<\/li>\n\n\n\n<li>Allevia le tensioni quando si solleva, si cammina, si trasporta e si carica, nonch\u00e9 quando si lavora in posizione china.<\/li>\n\n\n\n<li>Aiuta a prevenire infortuni e disturbi muscoloscheletrici (DMS)<\/li>\n\n\n\n<li>Impara ad ogni utilizzo e migliora continuamente grazie all'intelligenza artificiale.<\/li>\n\n\n\n<li>Riceve regolarmente aggiornamenti over-the-air<\/li>\n\n\n\n<li>Integrato nei flussi di lavoro digitali e nelle piattaforme di dati<\/li>\n\n\n\n<li>Robusto, resistente alla polvere e all'acqua<\/li>\n\n\n\n<li>Testato in situazioni di lavoro reali nell'industria e nell'assistenza.<\/li>\n<\/ul>\n\n\n\n<h1 class=\"wp-block-heading\">Aumento umano a 360\u00b0 con l'IA<\/h1>\n\n\n\n<h2 class=\"wp-block-heading\">Completamente collegato in rete e progettato con un occhio di riguardo per le persone: I dati applicativi dell'esoscheletro confluiscono nell'apprendimento automatico avanzato. In questo modo l'intelligenza artificiale consente all'Exia di adattarsi continuamente alle esigenze individuali, ai movimenti e alle attivit\u00e0 delle persone nella loro vita lavorativa quotidiana.<\/h2>\n\n\n\n<p>Compagno di sicurezza intelligente<\/p>\n\n\n\n<p>Sistema di allerta precoce per l'ergonomia supportato dall'IA<\/p>\n\n\n\n<p>Piattaforma tedesca Bionic IO<\/p>\n\n\n\n<p>Ampia analisi dei dati, monitoraggio e reporting guidati dall'intelligenza artificiale per ottimizzare i processi di lavoro.<\/p>\n\n\n\n<p>Applicazione tedesca Bionic Connect<\/p>\n\n\n\n<p>Integra e riconosce l'utente come parte integrante del sistema con un feedback bidirezionale.<\/p>\n\n\n\n<figure class=\"wp-block-video\"><video height=\"1080\" style=\"aspect-ratio: 1920 \/ 1080;\" width=\"1920\" controls src=\"https:\/\/epar-service.com\/wp-content\/uploads\/2025\/08\/Suevch4oN7z26XXZBTL83XeeU.mp4\"><\/video><\/figure>","protected":false},"excerpt":{"rendered":"<p>Das weltweit leistungsst\u00e4rkste Exoskelett KI-Exoskelett f\u00fcr alle Use Cases: vom h\u00e4rtesten Job in der Industrie bis zur einf\u00fchlsamen Pflege von Patienten Exia \u2013 Augmented AI, die versteht, wie Menschen arbeiten. Das Exia hat jahrelang gelernt. Vom Menschen. Aus Milliarden von Anwendungsdaten, die im realen Arbeitsalltag gesammelt wurden. Das Ergebnis: Es unterst\u00fctzt intelligent und personalisiert und [&hellip;]<\/p>\n","protected":false},"author":1,"featured_media":0,"parent":0,"menu_order":0,"comment_status":"closed","ping_status":"closed","template":"","meta":{"om_disable_all_campaigns":false,"_monsterinsights_skip_tracking":false,"_monsterinsights_sitenote_active":false,"_monsterinsights_sitenote_note":"","_monsterinsights_sitenote_category":0,"footnotes":""},"class_list":["post-378","page","type-page","status-publish","hentry"],"aioseo_notices":[],"_links":{"self":[{"href":"https:\/\/epar-service.com\/it\/wp-json\/wp\/v2\/pages\/378","targetHints":{"allow":["GET"]}}],"collection":[{"href":"https:\/\/epar-service.com\/it\/wp-json\/wp\/v2\/pages"}],"about":[{"href":"https:\/\/epar-service.com\/it\/wp-json\/wp\/v2\/types\/page"}],"author":[{"embeddable":true,"href":"https:\/\/epar-service.com\/it\/wp-json\/wp\/v2\/users\/1"}],"replies":[{"embeddable":true,"href":"https:\/\/epar-service.com\/it\/wp-json\/wp\/v2\/comments?post=378"}],"version-history":[{"count":1,"href":"https:\/\/epar-service.com\/it\/wp-json\/wp\/v2\/pages\/378\/revisions"}],"predecessor-version":[{"id":380,"href":"https:\/\/epar-service.com\/it\/wp-json\/wp\/v2\/pages\/378\/revisions\/380"}],"wp:attachment":[{"href":"https:\/\/epar-service.com\/it\/wp-json\/wp\/v2\/media?parent=378"}],"curies":[{"name":"wp","href":"https:\/\/api.w.org\/{rel}","templated":true}]}}