{"id":284,"date":"2025-01-25T19:55:55","date_gmt":"2025-01-25T19:55:55","guid":{"rendered":"https:\/\/epar-service.com\/?page_id=284"},"modified":"2025-01-25T19:55:55","modified_gmt":"2025-01-25T19:55:55","slug":"fatti-interessanti-su-attivazione-e-tecnologia","status":"publish","type":"page","link":"https:\/\/epar-service.com\/it\/fatti-interessanti-su-attivazione-e-tecnologia\/","title":{"rendered":"Fatti interessanti su attivazione e tecnologia"},"content":{"rendered":"<h6 class=\"wp-block-heading\"><br>TECNOLOGIA DI CLIMATIZZAZIONE 5.0<\/h6>\n\n\n\n<h2 class=\"wp-block-heading\">COOLINE SX3<\/h2>\n\n\n\n<h1 class=\"wp-block-heading\">3D-HIGHTECH<br>RAFFREDDAMENTO<\/h1>\n\n\n\n<p><strong>BREVETTATO<br><\/strong><strong>UNICO<br>ECCELLENTE<\/strong><\/p>\n\n\n\n<figure class=\"wp-block-image\"><img decoding=\"async\" src=\"https:\/\/e-cooline.de\/wp-content\/uploads\/2023\/02\/Cooline-SX3-Technologie-Verdunstungsdarstellung-1024%C3%971024px.webp\" alt=\"Display di evaporazione con tecnologia COOLINE SX3\" class=\"wp-image-2931\"\/><\/figure>\n\n\n\n<h2 class=\"wp-block-heading\">IL CONDIZIONATORE D'ARIA DA INDOSSARE<\/h2>\n\n\n\n<p>Alta qualit\u00e0, brillante tecnologia 3D, refrigeranti naturali come l'acqua e l'aria e una finitura di alta qualit\u00e0 in un design elegante: COOLINE SX3 offre tutto ci\u00f2 che serve per una climatizzazione sostenibile e di alto livello.<\/p>\n\n\n\n<p>Il pile high-tech COOLINE SX3 ha la capacit\u00e0 di legare grandi quantit\u00e0 d'acqua in pochi secondi e di immagazzinarla direttamente sulle fibre 3D intelligenti. Il vantaggio: si crea una superficie enormemente ampia di molecole d'acqua, che possono evaporare immediatamente e raffreddare efficacemente. Non si formano gocce d'acqua o condensa sotto pressione, anche se si esercita una pressione estrema.<\/p>\n\n\n\n<figure class=\"wp-block-image\"><img decoding=\"async\" src=\"https:\/\/e-cooline.de\/wp-content\/uploads\/2023\/01\/UN-Woman-300x150px.jpg\" alt=\"Logo ONU-Donna\"\/><\/figure>\n\n\n\n<figure class=\"wp-block-image\"><img decoding=\"async\" src=\"https:\/\/e-cooline.de\/wp-content\/uploads\/2023\/02\/Logo-cool-coalition-300x150px.webp\" alt=\"Logo coalizione cool-300x150px\"\/><\/figure>\n\n\n\n<figure class=\"wp-block-image\"><img decoding=\"async\" src=\"https:\/\/e-cooline.de\/wp-content\/uploads\/2023\/02\/Logo-Green-cooling-Initiative-300x150px.webp\" alt=\"Logo Iniziativa per il raffreddamento verde-300x150px\"\/><\/figure>\n\n\n\n<figure class=\"wp-block-image\"><img decoding=\"async\" src=\"https:\/\/e-cooline.de\/wp-content\/uploads\/2024\/06\/E-COOLINE-CP-Klimaneutrale-Produkte.png\" alt=\"Prodotti climaticamente neutri E-COOLINE-CP\"\/><\/figure>\n\n\n\n<figure class=\"wp-block-image\"><img decoding=\"async\" src=\"https:\/\/e-cooline.de\/wp-content\/uploads\/2023\/01\/ecooline-made-in-germany.jpg\" alt=\"ecooline prodotte in germania\"\/><\/figure>\n\n\n\n<figure class=\"wp-block-image\"><img decoding=\"async\" src=\"https:\/\/e-cooline.de\/wp-content\/uploads\/2023\/01\/ecooline-patentierte-technologie.jpg\" alt=\"Tecnologia brevettata ecooline\"\/><\/figure>\n\n\n\n<figure class=\"wp-block-image\"><img decoding=\"async\" src=\"https:\/\/e-cooline.de\/wp-content\/uploads\/2023\/01\/Logo-ecooline-cooling-effekt-durch-hohenstein-bestaetigt.jpg\" alt=\"Logo-ecooline-cooling-effect-by-high-stone-confermato\"\/><\/figure>\n\n\n\n<figure class=\"wp-block-image\"><img decoding=\"async\" src=\"https:\/\/e-cooline.de\/wp-content\/uploads\/2023\/01\/Caring-for-Climate-300x150uex.jpg\" alt=\"Caring-for-Climate-300x150\u00fcx\"\/><\/figure>\n\n\n\n<figure class=\"wp-block-image\"><img decoding=\"async\" src=\"https:\/\/e-cooline.de\/wp-content\/uploads\/2023\/01\/ecooline-alliance-for-climate-Kopie.jpg\" alt=\"ecooline-alliance-for-climate - Copia\"\/><\/figure>\n\n\n\n<figure class=\"wp-block-image\"><img decoding=\"async\" src=\"https:\/\/e-cooline.de\/wp-content\/uploads\/2023\/01\/Logo_Textilbuendnis-Kopie.png\" alt=\"Logo_Textilb\u00fcndnis - Copia\"\/><\/figure>\n\n\n\n<figure class=\"wp-block-image\"><img decoding=\"async\" src=\"https:\/\/e-cooline.de\/wp-content\/uploads\/2023\/01\/Senat-der-Wirtschaft-300x150px-Kopie.jpg\" alt=\"Senato dell&#039;economia-300x150px - Copia\"\/><\/figure>\n\n\n\n<figure class=\"wp-block-image\"><img decoding=\"async\" src=\"https:\/\/e-cooline.de\/wp-content\/uploads\/2023\/01\/suedwesttextil-Kopie.png\" alt=\"s\u00fcdwesttextil - Copia\"\/><\/figure>\n\n\n\n<figure class=\"wp-block-image\"><img decoding=\"async\" src=\"https:\/\/e-cooline.de\/wp-content\/uploads\/2023\/01\/UN-Woman-300x150px.jpg\" alt=\"Logo ONU-Donna\"\/><\/figure>\n\n\n\n<figure class=\"wp-block-image\"><img decoding=\"async\" src=\"https:\/\/e-cooline.de\/wp-content\/uploads\/2023\/02\/Logo-cool-coalition-300x150px.webp\" alt=\"Logo coalizione cool-300x150px\"\/><\/figure>\n\n\n\n<figure class=\"wp-block-image\"><img decoding=\"async\" src=\"https:\/\/e-cooline.de\/wp-content\/uploads\/2023\/02\/Logo-Green-cooling-Initiative-300x150px.webp\" alt=\"Logo Iniziativa per il raffreddamento verde-300x150px\"\/><\/figure>\n\n\n\n<figure class=\"wp-block-image\"><img decoding=\"async\" src=\"https:\/\/e-cooline.de\/wp-content\/uploads\/2024\/06\/E-COOLINE-CP-Klimaneutrale-Produkte.png\" alt=\"Prodotti climaticamente neutri E-COOLINE-CP\"\/><\/figure>\n\n\n\n<figure class=\"wp-block-image\"><img decoding=\"async\" src=\"https:\/\/e-cooline.de\/wp-content\/uploads\/2023\/01\/ecooline-made-in-germany.jpg\" alt=\"ecooline prodotte in germania\"\/><\/figure>\n\n\n\n<figure class=\"wp-block-image\"><img decoding=\"async\" src=\"https:\/\/e-cooline.de\/wp-content\/uploads\/2023\/01\/ecooline-patentierte-technologie.jpg\" alt=\"Tecnologia brevettata ecooline\"\/><\/figure>\n\n\n\n<figure class=\"wp-block-image\"><img decoding=\"async\" src=\"https:\/\/e-cooline.de\/wp-content\/uploads\/2023\/01\/Logo-ecooline-cooling-effekt-durch-hohenstein-bestaetigt.jpg\" alt=\"Logo-ecooline-cooling-effect-by-high-stone-confermato\"\/><\/figure>\n\n\n\n<figure class=\"wp-block-image\"><img decoding=\"async\" src=\"https:\/\/e-cooline.de\/wp-content\/uploads\/2023\/01\/Caring-for-Climate-300x150uex.jpg\" alt=\"Caring-for-Climate-300x150\u00fcx\"\/><\/figure>\n\n\n\n<p>EFFETTIVAMENTE FRESCO, MA PIACEVOLMENTE ASCIUTTO<\/p>\n\n\n\n<h2 class=\"wp-block-heading\">TECNOLOGIA CLIMATICA<br>CON FIBRE INTELLIGENTI<\/h2>\n\n\n\n<p>Le potenziali applicazioni del materiale 3D-COOL sono immense e negli ultimi anni si sono gi\u00e0 dimostrate vincenti in molti settori. Se integrato negli indumenti, il pile high-tech pu\u00f2 essere utilizzato come un sistema di climatizzazione. Semplice, efficace e neutrale dal punto di vista climatico, con un fattore di benessere.<\/p>\n\n\n\n<p>Grazie alle sue eccellenti prestazioni, il materiale viene utilizzato da aziende leader nel campo della protezione della salute nei luoghi di lavoro esposti al calore, nelle cliniche e dai medici in campo neurologico, ad esempio nella SM, ma anche nel tempo libero e nello sport. Il materiale COOLINE SX3 svolge ora un ruolo di primo piano anche nella perdita di peso.<\/p>\n\n\n\n<p>Elaborato in design di tendenza, il materiale \u00e8 veloce da usare e asciutto all'esterno. Grazie alla finitura antibatterica naturale con DEOXX fresh, non solo si rimane freschi, ma anche igienicamente puliti. Sono proprio questi i vantaggi che distinguono COOLINE SX3 da tutti gli altri materiali disponibili sul mercato. Per una sensazione di freschezza meravigliosamente fresca.<\/p>\n\n\n\n<p><a href=\"https:\/\/e-cooline.de\/shop\">ACQUISTA ORA<\/a><\/p>\n\n\n\n<figure class=\"wp-block-image\"><a href=\"https:\/\/e-cooline.de\/shop\/kuehlwesten\/e-cooline-powercool-sx3-raceweste\/\"><img decoding=\"async\" src=\"https:\/\/e-cooline.de\/wp-content\/uploads\/2023\/02\/Raceweste_Site-IF-award-Logo-links-Kopie.webp\" alt=\"Gilet da gara con logo iF Award laterale\" class=\"wp-image-2858\"\/><\/a><\/figure>\n\n\n\n<figure class=\"wp-block-image\"><img decoding=\"async\" src=\"https:\/\/e-cooline.de\/wp-content\/uploads\/2023\/03\/if_designaward2021_red_p_rgb-154x300.png\" alt=\"Premio di design per il logo IF 2021\" class=\"wp-image-6364\"\/><\/figure>\n\n\n\n<figure class=\"wp-block-image\"><a href=\"https:\/\/e-cooline.de\/shop\/kuehlshirts\/e-cooline-powercool-sx3-t-shirt\/\"><img decoding=\"async\" src=\"https:\/\/e-cooline.de\/wp-content\/uploads\/2023\/02\/Powercool-SX3-T-Shirt-Design-Award.webp\" alt=\"T-shirt Powercool SX3 con logo iF Design Award\" class=\"wp-image-2857\"\/><\/a><\/figure>\n\n\n\n<h5 class=\"wp-block-heading\">PRONTO PER L'USO IN POCHI SECONDI<\/h5>\n\n\n\n<p>I prodotti E.COOLINE si attivano con l'acqua in pochi secondi, si asciugano rapidamente e sono subito pronti all'uso con una capacit\u00e0 di raffreddamento di 660 watt per litro.<\/p>\n\n\n\n<h5 class=\"wp-block-heading\">10 ORE DI FREDDO<\/h5>\n\n\n\n<p>Il materiale COOLINE SX3 immagazzina una quantit\u00e0 d'acqua sufficiente a mantenervi asciutti e freschi per tutto il giorno.<\/p>\n\n\n\n<h5 class=\"wp-block-heading\">LAVABILE<\/h5>\n\n\n\n<p>I prodotti E.COOLINE sono gli unici tessuti funzionali rinfrescanti lavabili con DEOXX fresh. \u00c8 sufficiente lavare a mano o in lavatrice a 30\u00b0C.<\/p>\n\n\n\n<p>POSSIBILE DIFFERENZA DI RAFFREDDAMENTO<\/p>\n\n\n\n<p>12\u00b0C<\/p>\n\n\n\n<figure class=\"wp-block-image\"><img decoding=\"async\" src=\"https:\/\/e-cooline.de\/wp-content\/uploads\/2023\/02\/COOLINE-SX3-Hybrid-Technologie-1500x1500px.webp\" alt=\"Tecnologia ibrida COOLINE SX3\" class=\"wp-image-2967\"\/><\/figure>\n\n\n\n<h2 class=\"wp-block-heading\">ADATTAMENTO INDIVIDUALE ALLA TEMPERATURA AMBIENTE<\/h2>\n\n\n\n<p>La tecnologia 3D, unica e brevettata, lo rende possibile: ogni prodotto con pile COOLINE SX3 pu\u00f2 essere personalizzato da ogni utente secondo le proprie esigenze. In oltre 90% di casi, E.COOLINE funziona secondo il principio di evaporazione 3D COOL. Se \u00e8 necessario un maggiore raffreddamento, \u00e8 possibile potenziare il sistema in qualsiasi momento. Leggete di seguito come fare.<\/p>\n\n\n\n<p>L'aspetto positivo \u00e8 che raffreddano in modo efficace e sostenibile. Utilizziamo solo refrigeranti naturali come l'acqua e l'aria. La tecnologia \u00e8 inoltre rapida, facile, pratica e mobile e pu\u00f2 essere utilizzata ovunque. Con il design fresco del&nbsp;<strong><a href=\"https:\/\/e-cooline.de\/shop\">E.COOLINE<\/a><\/strong>&nbsp;e le collezioni SlimCOOL, anche voi avrete un bell'aspetto.<\/p>\n\n\n\n<figure class=\"wp-block-image\"><img decoding=\"async\" src=\"https:\/\/e-cooline.de\/wp-content\/uploads\/2023\/02\/Logo-HNU-Award-150x150px-sw.webp\" alt=\"Premio Logo Employer Branding 2021\"\/><\/figure>\n\n\n\n<figure class=\"wp-block-image\"><img decoding=\"async\" src=\"https:\/\/e-cooline.de\/wp-content\/uploads\/2023\/02\/Logo-IFaward-150x150px-sw.webp\" alt=\"Logo Premio iF Design 2021\"\/><\/figure>\n\n\n\n<figure class=\"wp-block-image\"><img decoding=\"async\" src=\"https:\/\/e-cooline.de\/wp-content\/uploads\/2023\/02\/Logo-Land-der-Ideen-150x150px.webp\" alt=\"Logo Terra delle idee-150x150px\"\/><\/figure>\n\n\n\n<figure class=\"wp-block-image\"><img decoding=\"async\" src=\"https:\/\/e-cooline.de\/wp-content\/uploads\/2023\/02\/Logo-PlusX-150x150px-sw.webp\" alt=\"Logo PlusX-150x150px-sw\"\/><\/figure>\n\n\n\n<figure class=\"wp-block-image\"><img decoding=\"async\" src=\"https:\/\/e-cooline.de\/wp-content\/uploads\/2023\/02\/LogoMarketing-for-Future-150x150px-sw.webp\" alt=\"LogoMarketing per il futuro-150x150px-sw\"\/><\/figure>\n\n\n\n<figure class=\"wp-block-image\"><img decoding=\"async\" src=\"https:\/\/e-cooline.de\/wp-content\/uploads\/2023\/02\/Logo-Excellent-Award-150x150px-sw.webp\" alt=\"Premio per l&#039;eccellenza del logo\"\/><\/figure>\n\n\n\n<figure class=\"wp-block-image\"><img decoding=\"async\" src=\"https:\/\/e-cooline.de\/wp-content\/uploads\/2023\/02\/Logo-HNU-Award-150x150px-sw.webp\" alt=\"Premio Logo Employer Branding 2021\"\/><\/figure>\n\n\n\n<figure class=\"wp-block-image\"><img decoding=\"async\" src=\"https:\/\/e-cooline.de\/wp-content\/uploads\/2023\/02\/Logo-IFaward-150x150px-sw.webp\" alt=\"Logo Premio iF Design 2021\"\/><\/figure>\n\n\n\n<figure class=\"wp-block-image\"><img decoding=\"async\" src=\"https:\/\/e-cooline.de\/wp-content\/uploads\/2023\/02\/Logo-Land-der-Ideen-150x150px.webp\" alt=\"Logo Terra delle idee-150x150px\"\/><\/figure>\n\n\n\n<figure class=\"wp-block-image\"><img decoding=\"async\" src=\"https:\/\/e-cooline.de\/wp-content\/uploads\/2023\/02\/Logo-PlusX-150x150px-sw.webp\" alt=\"Logo PlusX-150x150px-sw\"\/><\/figure>\n\n\n\n<figure class=\"wp-block-image\"><img decoding=\"async\" src=\"https:\/\/e-cooline.de\/wp-content\/uploads\/2023\/02\/LogoMarketing-for-Future-150x150px-sw.webp\" alt=\"LogoMarketing per il futuro-150x150px-sw\"\/><\/figure>\n\n\n\n<figure class=\"wp-block-image\"><img decoding=\"async\" src=\"https:\/\/e-cooline.de\/wp-content\/uploads\/2023\/02\/Logo-Excellent-Award-150x150px-sw.webp\" alt=\"Premio per l&#039;eccellenza del logo\"\/><\/figure>\n\n\n\n<figure class=\"wp-block-image\"><img decoding=\"async\" src=\"https:\/\/e-cooline.de\/wp-content\/uploads\/2023\/02\/Logo-HNU-Award-150x150px-sw.webp\" alt=\"Premio Logo Employer Branding 2021\"\/><\/figure>\n\n\n\n<figure class=\"wp-block-image\"><img decoding=\"async\" src=\"https:\/\/e-cooline.de\/wp-content\/uploads\/2023\/02\/Logo-IFaward-150x150px-sw.webp\" alt=\"Logo Premio iF Design 2021\"\/><\/figure>\n\n\n\n<figure class=\"wp-block-image\"><img decoding=\"async\" src=\"https:\/\/e-cooline.de\/wp-content\/uploads\/2023\/02\/Logo-Land-der-Ideen-150x150px.webp\" alt=\"Logo Terra delle idee-150x150px\"\/><\/figure>\n\n\n\n<figure class=\"wp-block-image\"><img decoding=\"async\" src=\"https:\/\/e-cooline.de\/wp-content\/uploads\/2023\/02\/Logo-PlusX-150x150px-sw.webp\" alt=\"Logo PlusX-150x150px-sw\"\/><\/figure>\n\n\n\n<h5 class=\"wp-block-heading\">LA TECNOLOGIA IBRIDA DI PERVORMANCE<\/h5>\n\n\n\n<h2 class=\"wp-block-heading\">UNA SOLA TECNOLOGIA DI RAFFREDDAMENTO PER TUTTE LE SITUAZIONI DI CALORE<\/h2>\n\n\n\n<h5 class=\"wp-block-heading\">TECNOLOGIA 3D COOL<\/h5>\n\n\n\n<p>Grazie al normale sviluppo di calore del nostro corpo, le molecole d'acqua legate alle fibre del materiale 3D-COOL COOLINE SX3 evaporano in modo cos\u00ec efficace da raggiungere una temperatura confortevole di 16-20\u00b0C con una capacit\u00e0 di raffreddamento fino a 660 Watt\/l.<\/p>\n\n\n\n<p>Grazie al principio fisico del raffreddamento per evaporazione, COOLINE raffredda di pi\u00f9 alle alte temperature e meno alle basse. In questo modo si ottiene sempre un risultato di raffreddamento ottimale, in modo automatico. E la cosa migliore \u00e8 che non avete bisogno di una fonte di energia esterna e potete muovervi liberamente: siete voi a decidere dove e quando volete rinfrescarvi. Sia all'interno che all'esterno. In questo modo si ottiene una climatizzazione autosufficiente che pu\u00f2 essere utilizzata in modo rapido e semplice ovunque.<\/p>\n\n\n\n<h5 class=\"wp-block-heading\">3D COOL BOOSTER<\/h5>\n\n\n\n<p>Ma COOLINE pu\u00f2 fare ancora di pi\u00f9. Mentre con il ghiaccio o il materiale PCM bisogna aspettare ore in condizioni estreme, la superficie 3D di COOLINE \u00e8 in grado di immagazzinare capacit\u00e0 di freddo da 0 a 10\u00b0C in un tempo record di 5-20 minuti (a seconda del prodotto) e di rilasciarla efficacemente in aggiunta al raffreddamento evaporativo. Grazie all'utilizzo di borse refrigeranti semplici e mobili e di pacchetti di ghiaccio o ghiaccio tritato, E.COOLINE \u00e8 efficace anche a temperature estreme e con un'umidit\u00e0 superiore a 90% o con indumenti protettivi ermetici. Il prodotto \u00e8 sempre pronto all'uso in pochi minuti. Anche i prodotti SlimCOOL ne traggono vantaggio.<\/p>\n\n\n\n<p>Nei casi 90% non \u00e8 necessario il Cool Booster. La tecnologia 3D con raffreddamento evaporativo \u00e8 di solito sufficiente. Il bello \u00e8 che avete un unico prodotto per tutti i case.<\/p>\n\n\n\n<p><strong>In tutte le applicazioni 90%, la tecnologia 3D-COOL con raffreddamento evaporativo puro raffredda efficacemente il corpo fino a 12\u00b0C con una potenza massima di 660 Wh. Non \u00e8 necessario un frigorifero o un congelatore. Risparmia 97% CO2 con esso!<\/strong><\/p>\n\n\n\n<p><strong>COOLINE SX3 funziona perfettamente anche in condizioni estreme (oltre 90% di umidit\u00e0). In questi casi (solo circa 10%), tutto ci\u00f2 che serve \u00e8 una semplice borsa frigorifera con pacchetti di ghiaccio o pacchetti di ghiaccio per il pre-raffreddamento.<\/strong><\/p>","protected":false},"excerpt":{"rendered":"<p>KLIMATECHNIK 5.0 COOLINE SX3 3D-HIGHTECHK\u00dcHLUNG PATENTIERTEINZIGARTIGAUSGEZEICHNET DIE KLIMAANLAGE ZUM ANZIEHEN Hohe Qualit\u00e4t, brillante 3D-Technologie, nat\u00fcrliche K\u00e4ltemittel, wie Wasser und Luft und eine hochwertige Verarbeitung in schickem Design: COOLINE SX3 bietet alles, was nachhaltige Klimatisierung der Spitzenklasse ben\u00f6tigt. Das COOLINE SX3 Hightech- Vlies hat die Eigenschaft, gro\u00dfe Mengen Wasser sekundenschnell im Innern zu binden und direkt [&hellip;]<\/p>\n","protected":false},"author":1,"featured_media":0,"parent":0,"menu_order":0,"comment_status":"closed","ping_status":"closed","template":"","meta":{"om_disable_all_campaigns":false,"_monsterinsights_skip_tracking":false,"_monsterinsights_sitenote_active":false,"_monsterinsights_sitenote_note":"","_monsterinsights_sitenote_category":0,"footnotes":""},"class_list":["post-284","page","type-page","status-publish","hentry"],"aioseo_notices":[],"_links":{"self":[{"href":"https:\/\/epar-service.com\/it\/wp-json\/wp\/v2\/pages\/284","targetHints":{"allow":["GET"]}}],"collection":[{"href":"https:\/\/epar-service.com\/it\/wp-json\/wp\/v2\/pages"}],"about":[{"href":"https:\/\/epar-service.com\/it\/wp-json\/wp\/v2\/types\/page"}],"author":[{"embeddable":true,"href":"https:\/\/epar-service.com\/it\/wp-json\/wp\/v2\/users\/1"}],"replies":[{"embeddable":true,"href":"https:\/\/epar-service.com\/it\/wp-json\/wp\/v2\/comments?post=284"}],"version-history":[{"count":1,"href":"https:\/\/epar-service.com\/it\/wp-json\/wp\/v2\/pages\/284\/revisions"}],"predecessor-version":[{"id":285,"href":"https:\/\/epar-service.com\/it\/wp-json\/wp\/v2\/pages\/284\/revisions\/285"}],"wp:attachment":[{"href":"https:\/\/epar-service.com\/it\/wp-json\/wp\/v2\/media?parent=284"}],"curies":[{"name":"wp","href":"https:\/\/api.w.org\/{rel}","templated":true}]}}