{"id":280,"date":"2025-01-25T19:49:26","date_gmt":"2025-01-25T19:49:26","guid":{"rendered":"https:\/\/epar-service.com\/?page_id=280"},"modified":"2025-01-25T20:08:21","modified_gmt":"2025-01-25T20:08:21","slug":"e-cooline-powercool-sx3-race-gilet-di-raffreddamento-gilet-di-raffreddamento-il-vostro-gilet-di-raffreddamento-contro-lo-stress-da-calore","status":"publish","type":"page","link":"https:\/\/epar-service.com\/it\/e-cooline-powercool-sx3-race-gilet-di-raffreddamento-gilet-di-raffreddamento-il-vostro-gilet-di-raffreddamento-contro-lo-stress-da-calore\/","title":{"rendered":"E.COOLINE Powercool SX3 RaceVest - gilet refrigerante - il vostro gilet refrigerante contro lo stress da calore"},"content":{"rendered":"<h5 class=\"wp-block-heading\">Powercool SX3 RaceVest - il gilet refrigerante perfetto per lo sport<\/h5>\n\n\n\n<p>Con l'E.COOLINE&nbsp;<strong>Gilet da gara Powercool SX3<\/strong>&nbsp;Con la tecnologia di raffreddamento COOLINE SX3 3D, rimarrete meravigliosamente freschi anche con il caldo. Sia che si tratti di&nbsp;<strong>al lavoro, mentre si fa jogging, si va in moto o in bicicletta<\/strong>&nbsp;o semplicemente&nbsp;<strong>al barbecue<\/strong>&nbsp;- Con una potenza massima di 660 watt, il gilet refrigerante assicura un raffreddamento piacevolmente secco e quindi un clima perfetto per il benessere.&nbsp;<strong>Interno ed esterno<\/strong>! Allevia lo stress da caldo e i problemi di salute causati dalle alte temperature e fornisce una dose extra di energia. Studi scientifici hanno confermato l'efficacia di E.COOLINE.<\/p>\n\n\n\n<p>Il materiale leggero e morbido con rete elastica incorporata conferisce al gilet sportivo da corsa una vestibilit\u00e0 comoda e offre un comfort eccezionale a chi lo indossa! Grazie al taglio aderente e alla cerniera piatta, il gilet refrigerante pu\u00f2 essere indossato sia sopra che sotto altri indumenti, come l'abbigliamento da moto, la tuta protettiva dei vigili del fuoco o semplicemente sotto il tailleur in ufficio.<\/p>\n\n\n\n<p>L'imbragatura RaceVest ha un taglio corto sportivo. Si prega di notare le informazioni sulla lunghezza della schiena del prodotto.<\/p>\n\n\n\n<p><strong>Materiale:&nbsp;<\/strong>Materiale esterno: poliestere 100%; materiale della maglia: poliestere 83% \/17% elastan; imbottitura: poliestere 100% COOLINE<\/p>\n\n\n\n<p>Mantenetevi freschi con il gilet da corsa E.COOLINE&nbsp;<strong>neutrale dal punto di vista climatico<\/strong>&nbsp;con un&nbsp;<strong>Tecnologia \"Made in Germany<\/strong>&nbsp;<br>&nbsp;<\/p>\n\n\n\n<hr class=\"wp-block-separator has-alpha-channel-opacity\"\/>\n\n\n\n<h5 class=\"wp-block-heading\">Vista a 360\u00b0 - E.COOLINE Powercool SX3 RaceVest \/ gilet di raffreddamento<\/h5>\n\n\n\n<figure class=\"wp-block-image\"><img decoding=\"async\" src=\"https:\/\/cdn02.plentymarkets.com\/07jvlffix7ng\/frontend\/Gifs\/E_COOLINE_Westen\/Powercool_SX3_Raceweste_-_animiert_WEB.gif\" alt=\"Vista a 360\u00b0 - E.COOLINE Powercool SX3 RaceVest \/ gilet di raffreddamento\"\/><\/figure>\n\n\n\n<h5 class=\"wp-block-heading\">TABELLA DIMENSIONI<\/h5>\n\n\n\n<figure class=\"wp-block-table\"><table class=\"has-fixed-layout\"><tbody><tr><td>&nbsp;Dimensione<\/td><td>&nbsp;Larghezza\/circonferenza del torace<\/td><td>&nbsp;Lunghezza&nbsp;&nbsp;<\/td><\/tr><tr><td>XXS&nbsp;&nbsp;<\/td><td>77 - 84 cm<\/td><td>44 cm<\/td><\/tr><tr><td>XS<\/td><td>&nbsp;84 - 88 cm<\/td><td>46 cm<\/td><\/tr><tr><td>S<\/td><td>88 - 92 cm<\/td><td>48 cm<\/td><\/tr><tr><td>M<\/td><td>92 - 96 cm<\/td><td>50 cm<\/td><\/tr><tr><td>&nbsp;L<\/td><td>&nbsp;96 - 100 cm<\/td><td>52 cm<\/td><\/tr><tr><td>&nbsp;XL<\/td><td>&nbsp;100 - 106 cm<\/td><td>56 cm<\/td><\/tr><tr><td>&nbsp;XXL<\/td><td>&nbsp;106 - 114 cm<\/td><td>59 cm<\/td><\/tr><tr><td>&nbsp;3XL<\/td><td>&nbsp;114 - 120 cm<\/td><td>62 cm<\/td><\/tr><tr><td>4XL<\/td><td>&nbsp;120 - 126 cm<\/td><td>64 cm<\/td><\/tr><\/tbody><\/table><\/figure>\n\n\n\n<h5 class=\"wp-block-heading\">ATTIVAZIONE<\/h5>\n\n\n\n<p>Attivare i prodotti E.COOLINE \u00e8 facile e veloce. Applicare acqua - arrotolare - asciugare.<\/p>\n\n\n\n<figure class=\"wp-block-embed is-type-video is-provider-youtube wp-block-embed-youtube wp-embed-aspect-16-9 wp-has-aspect-ratio\"><div class=\"wp-block-embed__wrapper\">\n<iframe loading=\"lazy\" title=\"Come attivare il gilet camicia E.COOLINE Powercool SX3\" width=\"500\" height=\"281\" src=\"https:\/\/www.youtube.com\/embed\/yaru7NmcFLo?feature=oembed\" frameborder=\"0\" allow=\"accelerometer; autoplay; clipboard-write; encrypted-media; gyroscope; picture-in-picture; web-share\" referrerpolicy=\"strict-origin-when-cross-origin\" allowfullscreen><\/iframe>\n<\/div><\/figure>\n\n\n\n<h5 class=\"wp-block-heading\">ISTRUZIONI PER LA CURA<\/h5>\n\n\n\n<p><strong>Abbigliamento refrigerante E.COOLINE<\/strong>&nbsp;\u00e8, a differenza della maggior parte degli altri tessuti funzionali per il raffreddamento&nbsp;<strong>lavabile<\/strong>.<\/p>\n\n\n\n<figure class=\"wp-block-image is-resized\"><img decoding=\"async\" src=\"https:\/\/cdn02.plentymarkets.com\/07jvlffix7ng\/frontend\/E_COOLINE_E_COMMERCE\/Bilder_fuer_Produktbeschreibungen_allg\/Gluehbirne_pix_Artikeldetail1.png\" alt=\"Fatti interessanti su attivazione e tecnologia\" style=\"width:41px;height:auto\"\/><\/figure>\n\n\n\n<p><strong><a href=\"https:\/\/epar-service.com\/it\/fatti-interessanti-su-attivazione-e-tecnologia\/\" title=\"Fatti interessanti su attivazione e tecnologia\">Fatti interessanti su attivazione e tecnologia<\/a><\/strong><\/p>\n\n\n\n<p><\/p>","protected":false},"excerpt":{"rendered":"<p>Powercool SX3 RaceWeste \u2013 die perfekte K\u00fchlweste beim Sport Mit der E.COOLINE&nbsp;Powercool SX3 RaceWeste&nbsp;mit der 3D -K\u00fchltechnologie COOLINE SX3 bleiben Sie auch bei Hitze herrlich cool. Ob bei&nbsp;der Arbeit, beim Joggen, Motorrad- oder Radfahren&nbsp;oder einfach&nbsp;beim Grillen&nbsp;\u2013 die K\u00fchlweste sorgt mit bis zu 660 Watt f\u00fcr eine angenehm trockene K\u00fchlung und damit f\u00fcr ein perfektes Wohlf\u00fchlklima.&nbsp;Indoor [&hellip;]<\/p>\n","protected":false},"author":1,"featured_media":0,"parent":0,"menu_order":0,"comment_status":"closed","ping_status":"closed","template":"","meta":{"om_disable_all_campaigns":false,"_monsterinsights_skip_tracking":false,"_monsterinsights_sitenote_active":false,"_monsterinsights_sitenote_note":"","_monsterinsights_sitenote_category":0,"footnotes":""},"class_list":["post-280","page","type-page","status-publish","hentry"],"aioseo_notices":[],"_links":{"self":[{"href":"https:\/\/epar-service.com\/it\/wp-json\/wp\/v2\/pages\/280","targetHints":{"allow":["GET"]}}],"collection":[{"href":"https:\/\/epar-service.com\/it\/wp-json\/wp\/v2\/pages"}],"about":[{"href":"https:\/\/epar-service.com\/it\/wp-json\/wp\/v2\/types\/page"}],"author":[{"embeddable":true,"href":"https:\/\/epar-service.com\/it\/wp-json\/wp\/v2\/users\/1"}],"replies":[{"embeddable":true,"href":"https:\/\/epar-service.com\/it\/wp-json\/wp\/v2\/comments?post=280"}],"version-history":[{"count":4,"href":"https:\/\/epar-service.com\/it\/wp-json\/wp\/v2\/pages\/280\/revisions"}],"predecessor-version":[{"id":289,"href":"https:\/\/epar-service.com\/it\/wp-json\/wp\/v2\/pages\/280\/revisions\/289"}],"wp:attachment":[{"href":"https:\/\/epar-service.com\/it\/wp-json\/wp\/v2\/media?parent=280"}],"curies":[{"name":"wp","href":"https:\/\/api.w.org\/{rel}","templated":true}]}}