{"id":213,"date":"2025-01-01T17:59:03","date_gmt":"2025-01-01T17:59:03","guid":{"rendered":"https:\/\/epar-service.com\/?page_id=213"},"modified":"2025-07-21T21:02:00","modified_gmt":"2025-07-21T21:02:00","slug":"compagno-xb","status":"publish","type":"page","link":"https:\/\/epar-service.com\/it\/compagno-xb\/","title":{"rendered":"MATE - XB"},"content":{"rendered":"<div class=\"wp-block-group alignfull has-white-color has-pale-cyan-blue-background-color has-text-color has-background has-global-padding is-layout-constrained wp-container-core-group-is-layout-6493990a wp-block-group-is-layout-constrained\" style=\"padding-top:0vw;padding-right:0vw;padding-bottom:0vw;padding-left:0vw\">\n<h1 class=\"wp-block-heading has-text-align-center\">Esoscheletro con tecnologia di supporto muscolare<\/h1>\n\n\n\n<p class=\"has-text-align-center\">MATE-XB \u00e8 un esoscheletro non motorizzato progettato per ridurre l'affaticamento della regione lombare dei lavoratori che spostano pesi. Sostiene l'utente quando lavora in varie posizioni statiche o quando solleva carichi ripetutamente.<\/p>\n\n\n\n<h2 class=\"wp-block-heading\" id=\"gf849df257f1a\">Esoscheletro robotico indossabile e privo di batterie<\/h2>\n\n\n\n<p>Scopri come l'esoscheletro indossabile non alimentato di Comau -&nbsp;<strong>MATE-XB<\/strong>&nbsp;- immagazzina l'energia umana in una sorgente e aiuta cos\u00ec i lavoratori,<br>sollevare oggetti pesanti e carichi ingombranti con uno sforzo fisico minore e<br>fatica.<\/p>\n\n\n\n<div class=\"wp-block-buttons is-content-justification-center is-layout-flex wp-container-core-buttons-is-layout-a89b3969 wp-block-buttons-is-layout-flex\">\n<div class=\"wp-block-button is-style-outline is-style-outline--1\"><a class=\"wp-block-button__link has-white-color has-text-color wp-element-button\" href=\"https:\/\/epar-service.com\/it\/rueckerstattung_rueckgaben\/\">Contattateci<\/a><\/div>\n<\/div>\n<\/div>\n\n\n\n<div class=\"wp-block-group alignfull has-white-background-color has-background has-global-padding is-layout-constrained wp-container-core-group-is-layout-a4e63d72 wp-block-group-is-layout-constrained\" style=\"margin-top:0px;padding-top:4vw;padding-right:4vw;padding-bottom:4vw;padding-left:4vw\">\n<div class=\"wp-block-columns alignwide is-layout-flex wp-container-core-columns-is-layout-828b44bc wp-block-columns-is-layout-flex\">\n<div class=\"wp-block-column is-layout-flow wp-block-column-is-layout-flow\">\n<figure class=\"wp-block-image size-large is-style-default\"><img decoding=\"async\" src=\"https:\/\/www.comau.com\/wp-content\/webp-express\/webp-images\/uploads\/2023\/06\/uomo-a-sx.png.webp\" alt=\"MATE - XB\"\/><\/figure>\n\n\n\n<p>Catena meccanico-cinematica<br>Struttura che facilita il libero movimento dell'utente.<br>Il dispositivo permette all'utente di muovere liberamente il bagagliaio<br>La catena cinematica passiva \u00e8 progettata per essere compatta attorno al corpo umano.<br>La catena cinematica passiva \u00e8 stata progettata per tenere conto della compatibilit\u00e0 cinematica tra l'uomo e l'esoscheletro.<\/p>\n<\/div>\n\n\n\n<div class=\"wp-block-column is-layout-flow wp-block-column-is-layout-flow\">\n<figure class=\"wp-block-image size-large is-style-default\"><img decoding=\"async\" src=\"https:\/\/www.comau.com\/wp-content\/webp-express\/webp-images\/uploads\/2023\/06\/Comau_MATE-XT_Exoskeleton_Lumbar_Support-1.png.webp\" alt=\"MATE - XB\"\/><\/figure>\n\n\n\n<p><strong>Interfaccia per l'abbigliamento<\/strong><br>Tutte le parti sono a diretto contatto con il corpo dell'utente.<br>Materiali traspiranti e biocompatibili<br>Ampia superficie di contatto per distribuire le forze di reazione senza creare punti di forza elevati.<\/p>\n<\/div>\n\n\n\n<div class=\"wp-block-column is-layout-flow wp-block-column-is-layout-flow\">\n<figure class=\"wp-block-image size-large is-style-default\"><img decoding=\"async\" src=\"https:\/\/www.comau.com\/wp-content\/webp-express\/webp-images\/uploads\/2023\/06\/Comau_MATE-XT_Exoskeleton_Back_Body-2.png.webp\" alt=\"MATE - XB\"\/><\/figure>\n\n\n\n<p><strong>Scatola di generazione della coppia (TGB)<\/strong><br>Meccanismo centrale che immagazzina e converte l'energia meccanica potenziale per generare una coppia di supporto regolabile.<br>Il supporto \u00e8 proporzionale alla coppia generata dalla parte superiore del corpo, supporto delicato fino a 25 kg.<br>Possibilit\u00e0 di regolare l'altezza del supporto su 5 livelli<br>Nessun ostacolo quando si cammina.<\/p>\n<\/div>\n<\/div>\n<\/div>\n\n\n\n<div class=\"wp-block-group alignfull has-white-color has-pale-cyan-blue-background-color has-text-color has-background has-global-padding is-layout-constrained wp-container-core-group-is-layout-5789501e wp-block-group-is-layout-constrained\" style=\"margin-top:0px;padding-top:4vw;padding-right:4vw;padding-bottom:4vw;padding-left:4vw\">\n<div class=\"wp-block-columns is-layout-flex wp-container-core-columns-is-layout-403af8ad wp-block-columns-is-layout-flex\">\n<div class=\"wp-block-column is-layout-flow wp-block-column-is-layout-flow\">\n<p class=\"has-text-align-center\" style=\"font-size:clamp(35.2px, 2.2rem + ((1vw - 3.2px) * 2.824), 64px);line-height:1\"><strong>2,4 kg<\/strong><\/p>\n\n\n\n<p class=\"has-text-align-center has-medium-font-size\">Peso<\/p>\n<\/div>\n\n\n\n<div class=\"wp-block-column is-layout-flow wp-block-column-is-layout-flow\">\n<p class=\"has-text-align-center\" style=\"font-size:clamp(35.2px, 2.2rem + ((1vw - 3.2px) * 2.824), 64px);line-height:1\"><strong>62%<\/strong><\/p>\n\n\n\n<p class=\"has-text-align-center has-medium-font-size\">Sollievo per la schiena<\/p>\n<\/div>\n\n\n\n<div class=\"wp-block-column is-layout-flow wp-block-column-is-layout-flow\">\n<p class=\"has-text-align-center\" style=\"font-size:clamp(35.2px, 2.2rem + ((1vw - 3.2px) * 2.824), 64px);line-height:1\"><strong>84%<\/strong><\/p>\n\n\n\n<p class=\"has-text-align-center has-medium-font-size\">Riduzione dell'affaticamento muscolare<\/p>\n<\/div>\n\n\n\n<div class=\"wp-block-column is-layout-flow wp-block-column-is-layout-flow\">\n<p class=\"has-text-align-center\" style=\"font-size:clamp(35.2px, 2.2rem + ((1vw - 3.2px) * 2.824), 64px);line-height:1\"><strong>25%<\/strong><\/p>\n\n\n\n<p class=\"has-text-align-center has-medium-font-size\">Pi\u00f9 forza nel sollevamento<\/p>\n<\/div>\n<\/div>\n<\/div>\n\n\n\n<h3 class=\"wp-block-heading\">CHE COS'\u00c8 IL MATE-XB?<\/h3>\n\n\n\n<p>MATE-XB \u00e8 un esoscheletro non motorizzato per alleviare i muscoli della zona lombare della colonna vertebrale per i lavoratori che devono spostare pesi. Sostiene l'utente quando lavora in diverse posizioni, ad esempio quando si piega con le gambe (squat), si piega in avanti o solleva carichi ripetutamente. Il dispositivo \u00e8 stato sviluppato per ridurre lo sforzo sulla schiena durante queste attivit\u00e0 e migliorare la qualit\u00e0 del lavoro dell'utente.<\/p>\n\n\n\n<h3 class=\"wp-block-heading\">MATE-XB VI OFFRE ESATTAMENTE LA GIUSTA QUANTIT\u00c0 DI SUPPORTO<\/h3>\n\n\n\n<figure class=\"wp-block-image\"><img decoding=\"async\" src=\"https:\/\/www.comau.com\/wp-content\/uploads\/2023\/06\/Comau_MATE-XT_Exoskeleton_Lumbar_Support-2.png\" alt=\"MATE - XB\" class=\"wp-image-54474\"\/><\/figure>\n\n\n\n<p>Il supporto fornito dall'esoscheletro MATE-XB riproduce l'effetto della flessione del tronco sulla parte bassa della schiena.<\/p>\n\n\n\n<p>MATE-XB SI MUOVE IN ARMONIA CON IL VOSTRO CORPO<\/p>\n\n\n\n<figure class=\"wp-block-image\"><img decoding=\"async\" src=\"https:\/\/www.comau.com\/wp-content\/uploads\/2023\/06\/Comau_MATE-XT_Exoskeleton_Back_Body-2.png\" alt=\"MATE - XB\" class=\"wp-image-54480\"\/><\/figure>\n\n\n\n<p>Grazie a una catena di gradi di libert\u00e0 passivi, l'esoscheletro consente all'utente la piena libert\u00e0 di movimento.<\/p>\n\n\n\n<h2 class=\"wp-block-heading\">MATE-XB si adatta al vostro corpo, dandovi la libert\u00e0 di muovervi<\/h2>\n\n\n\n<figure class=\"wp-block-image\"><img decoding=\"async\" src=\"https:\/\/www.comau.com\/wp-content\/uploads\/2023\/06\/Comau_MATE-XT_Exoskeleton_Lumbar_Support-1.png\" alt=\"MATE - XB\" class=\"wp-image-54468\"\/><\/figure>\n\n\n\n<p><strong _msttexthash=\"1478854\" _msthash=\"5\">MATE-XB funziona quando, dove e come lo si fa<\/strong><\/p>\n\n\n\n<p>Il supporto fornito dall'esoscheletro MATE-XB riproduce l'effetto della flessione del tronco sulla parte bassa della schiena.<\/p>\n\n\n\n<h3 class=\"wp-block-heading\">MATE-XB SI MUOVE IN ARMONIA CON IL VOSTRO CORPO<\/h3>\n\n\n\n<p>Grazie a una catena di gradi di libert\u00e0 passivi, l'esoscheletro consente all'utente la piena libert\u00e0 di movimento.<\/p>\n\n\n\n<p><strong>IL MODO IN CUI LO FAI MATE-XB SI ADATTA AL TUO CORPO<\/strong><\/p>\n\n\n\n<h3 class=\"wp-block-heading\">LA LIBERT\u00c0 DI MOVIMENTO<\/h3>\n\n\n\n<h2 class=\"wp-block-heading\">ESTREMAMENTE ERGONOMICO, OVUNQUE<\/h2>\n\n\n\n<div class=\"wp-block-buttons is-content-justification-center is-layout-flex wp-container-core-buttons-is-layout-a89b3969 wp-block-buttons-is-layout-flex\">\n<div class=\"wp-block-button\"><a class=\"wp-block-button__link has-text-align-center wp-element-button\" href=\"https:\/\/epar-service.com\/it\/rueckerstattung_rueckgaben\/\">Contatto DEMO<\/a><\/div>\n<\/div>\n\n\n\n<div class=\"wp-block-group alignfull has-white-color has-pale-cyan-blue-background-color has-text-color has-background has-global-padding is-layout-constrained wp-container-core-group-is-layout-2b508e44 wp-block-group-is-layout-constrained\" style=\"margin-top:0px;padding-top:4vw;padding-right:4vw;padding-bottom:4vw;padding-left:4vw\">\n<h3 class=\"wp-block-heading has-text-align-center\">Alla fine c'\u00e8 MATE<\/h3>\n\n\n\n<p>MATE \u00e8 l'acronimo di Muscular Aiding Tech Exoskeleton.<\/p>\n\n\n\n<p>Si tratta di una tuta esoscheletrica passiva a molla (cio\u00e8 senza articolazioni motorizzate o batterie) che fornisce ai lavoratori un supporto antigravitazionale per la flessione e l'estensione delle spalle. MATE \u00e8 particolarmente adatto per i lavori sopraelevati.<\/p>\n\n\n\n<div class=\"wp-block-buttons is-content-justification-center is-layout-flex wp-container-core-buttons-is-layout-766bf85b wp-block-buttons-is-layout-flex\">\n<div class=\"wp-block-button is-style-outline is-style-outline--2\"><a class=\"wp-block-button__link has-white-color has-text-color wp-element-button\" href=\"https:\/\/epar-service.com\/it\/rueckerstattung_rueckgaben\/\">Contattateci<\/a><\/div>\n<\/div>\n<\/div>","protected":false},"excerpt":{"rendered":"<p>Muskelunterst\u00fctzende Technologie Exoskelett MATE-XB ist ein nicht angetriebenes Exoskelett zur Verringerung der Erm\u00fcdung im Lendenwirbelbereich f\u00fcr Arbeiter, die Gewichte bewegen. Es unterst\u00fctzt den Benutzer bei der Arbeit in verschiedenen statischen Positionen oder beim wiederholten Heben von Lasten. Batterieloses, tragbares Roboter-Exoskelett Erfahren Sie, wie das nicht angetriebene tragbare Exoskelett von Comau \u2013&nbsp;MATE-XB&nbsp;\u2013 menschliche Energie in einer [&hellip;]<\/p>\n","protected":false},"author":1,"featured_media":0,"parent":0,"menu_order":0,"comment_status":"closed","ping_status":"closed","template":"","meta":{"om_disable_all_campaigns":false,"_monsterinsights_skip_tracking":false,"_monsterinsights_sitenote_active":false,"_monsterinsights_sitenote_note":"","_monsterinsights_sitenote_category":0,"footnotes":""},"class_list":["post-213","page","type-page","status-publish","hentry"],"aioseo_notices":[],"_links":{"self":[{"href":"https:\/\/epar-service.com\/it\/wp-json\/wp\/v2\/pages\/213","targetHints":{"allow":["GET"]}}],"collection":[{"href":"https:\/\/epar-service.com\/it\/wp-json\/wp\/v2\/pages"}],"about":[{"href":"https:\/\/epar-service.com\/it\/wp-json\/wp\/v2\/types\/page"}],"author":[{"embeddable":true,"href":"https:\/\/epar-service.com\/it\/wp-json\/wp\/v2\/users\/1"}],"replies":[{"embeddable":true,"href":"https:\/\/epar-service.com\/it\/wp-json\/wp\/v2\/comments?post=213"}],"version-history":[{"count":14,"href":"https:\/\/epar-service.com\/it\/wp-json\/wp\/v2\/pages\/213\/revisions"}],"predecessor-version":[{"id":352,"href":"https:\/\/epar-service.com\/it\/wp-json\/wp\/v2\/pages\/213\/revisions\/352"}],"wp:attachment":[{"href":"https:\/\/epar-service.com\/it\/wp-json\/wp\/v2\/media?parent=213"}],"curies":[{"name":"wp","href":"https:\/\/api.w.org\/{rel}","templated":true}]}}