{"id":144,"date":"2024-12-25T20:26:42","date_gmt":"2024-12-25T20:26:42","guid":{"rendered":"https:\/\/epar-service.com\/?page_id=144"},"modified":"2024-12-27T07:48:16","modified_gmt":"2024-12-27T07:48:16","slug":"torace-ssm","status":"publish","type":"page","link":"https:\/\/epar-service.com\/it\/torace-ssm\/","title":{"rendered":"Torace SSM"},"content":{"rendered":"<p class=\"has-text-align-center\"><strong>PROTEGGE - SOSTIENE - STABILIZZA<\/strong><\/p>\n\n\n\n<p><img alt=\"Torace SSM\" decoding=\"async\" src=\"https:\/\/www.thorax-ssm.com\/media\/a0\/ea\/fc\/1699013021\/Carbon-Hintergrund-Slider-Element.png\" srcset=\"https:\/\/www.thorax-ssm.com\/thumbnail\/a0\/ea\/fc\/1699013021\/Carbon-Hintergrund-Slider-Element_1920x1920.png 1920w, https:\/\/www.thorax-ssm.com\/thumbnail\/a0\/ea\/fc\/1699013021\/Carbon-Hintergrund-Slider-Element_800x800.png 800w, https:\/\/www.thorax-ssm.com\/thumbnail\/a0\/ea\/fc\/1699013021\/Carbon-Hintergrund-Slider-Element_400x400.png 400w\"><\/p>\n\n\n\n<h2 class=\"wp-block-heading\"><strong>TECNOLOGIA DEL TORACE SSM<\/strong><\/h2>\n\n\n\n<figure class=\"wp-block-image\"><img decoding=\"async\" src=\"https:\/\/www.thorax-ssm.com\/media\/e7\/ab\/b4\/1712127380\/Thorax-1000x1000-4mb.gif\" alt=\"Torace SSM\"\/><\/figure>\n\n\n\n<p>Il&nbsp;<strong>Modulo di supporto per la colonna vertebrale del torace di ax-lightness<\/strong>&nbsp;\u00e8 un supporto per la colonna vertebrale con guida per la schiena dalla base del bacino alle spalle e fornisce sostegno quando si sta in piedi, seduti, si cammina e si solleva.<br><br>Il design anatomico garantisce l'utilizzo mirato di tutti i gruppi muscolari e la massima sicurezza per la colonna vertebrale. Una postura dritta in tutti i tipi di movimento contribuisce alla stabilizzazione.<br><br>La struttura e il design del nostro sistema stabilizzano attivamente e dinamicamente l'intero busto. Il telaio in carbonio assicura una distribuzione ottimale del carico durante il sollevamento e il trasporto di carichi pesanti, nonch\u00e9 durante il trasporto di zaini o altri carichi sulla schiena. Guidando attivamente la colonna vertebrale nel sistema, i movimenti di rotazione del busto sono controllati dinamicamente e la colonna vertebrale \u00e8 protetta da danni da rotazione. La muscolatura viene stimolata a lavorare attivamente, con un conseguente utilizzo significativamente maggiore dei muscoli del tronco. Le articolazioni interessate sono particolarmente protette dal sistema attivo. Il cingolo scapolare, la colonna vertebrale, il bacino e le anche sono sottoposti a un carico anatomico, che porta a una migliore distribuzione della forza e quindi a una postura pi\u00f9 dolce.<\/p>\n\n\n\n<h4 class=\"wp-block-heading\"><strong>#SProteggeSostieneStabilizza<\/strong><\/h4>\n\n\n\n<figure class=\"wp-block-embed is-type-video is-provider-youtube wp-block-embed-youtube wp-embed-aspect-16-9 wp-has-aspect-ratio\"><div class=\"wp-block-embed__wrapper\">\n<iframe loading=\"lazy\" title=\"Torace SSM da ax-lightness\" width=\"500\" height=\"281\" src=\"https:\/\/www.youtube.com\/embed\/GyBHTrOKfDs?feature=oembed\" frameborder=\"0\" allow=\"accelerometer; autoplay; clipboard-write; encrypted-media; gyroscope; picture-in-picture; web-share\" referrerpolicy=\"strict-origin-when-cross-origin\" allowfullscreen><\/iframe>\n<\/div><\/figure>\n\n\n\n<p><img alt=\"Torace SSM\" decoding=\"async\" src=\"https:\/\/www.thorax-ssm.com\/media\/a0\/ea\/fc\/1699013021\/Carbon-Hintergrund-Slider-Element.png\" srcset=\"https:\/\/www.thorax-ssm.com\/thumbnail\/a0\/ea\/fc\/1699013021\/Carbon-Hintergrund-Slider-Element_1920x1920.png 1920w, https:\/\/www.thorax-ssm.com\/thumbnail\/a0\/ea\/fc\/1699013021\/Carbon-Hintergrund-Slider-Element_800x800.png 800w, https:\/\/www.thorax-ssm.com\/thumbnail\/a0\/ea\/fc\/1699013021\/Carbon-Hintergrund-Slider-Element_400x400.png 400w\"><\/p>\n\n\n\n<h2 class=\"wp-block-heading\"><strong>STRUTTURA DEL TORACE SSM<\/strong><\/h2>\n\n\n\n<figure class=\"wp-block-image\"><img decoding=\"async\" src=\"https:\/\/www.thorax-ssm.com\/media\/b6\/5e\/70\/1707124126\/Thorax-Frontansicht_Beschriftung-2023%20-%20140x180mm.jpg\" alt=\"Torace SSM\"\/><\/figure>\n\n\n\n<ul class=\"wp-block-list\">\n<li>Carbonio T800 di alta qualit\u00e0 con rinforzi in fibra aramidica e di vetro<\/li>\n\n\n\n<li>Elevato grado di vestibilit\u00e0 grazie agli elementi posteriori personalizzati<\/li>\n\n\n\n<li>da 690 grammi<\/li>\n\n\n\n<li>5 misure standard e personalizzabili<\/li>\n\n\n\n<li>Cuscini sostituibili e lavabili fino a 60 \u00b0C<\/li>\n\n\n\n<li>Composto da 6 parti (dorsale e spallacci, 2 chiusure centrali, 1 chiusura pelvica, 1 piastra toracica e cinghie con chiusura magnetica)<\/li>\n<\/ul>\n\n\n\n<figure class=\"wp-block-image\"><img decoding=\"async\" src=\"https:\/\/www.thorax-ssm.com\/media\/96\/49\/7f\/1699020897\/IMG_0029.JPG\" alt=\"Torace SSM\"\/><\/figure>\n\n\n\n<p><img alt=\"Torace SSM\" decoding=\"async\" src=\"https:\/\/www.thorax-ssm.com\/media\/a0\/ea\/fc\/1699013021\/Carbon-Hintergrund-Slider-Element.png\" srcset=\"https:\/\/www.thorax-ssm.com\/thumbnail\/a0\/ea\/fc\/1699013021\/Carbon-Hintergrund-Slider-Element_1920x1920.png 1920w, https:\/\/www.thorax-ssm.com\/thumbnail\/a0\/ea\/fc\/1699013021\/Carbon-Hintergrund-Slider-Element_800x800.png 800w, https:\/\/www.thorax-ssm.com\/thumbnail\/a0\/ea\/fc\/1699013021\/Carbon-Hintergrund-Slider-Element_400x400.png 400w\"><\/p>\n\n\n\n<h2 class=\"wp-block-heading\"><strong>CAMPI DI APPLICAZIONE DEL SSM TORACE<\/strong><\/h2>\n\n\n\n<p class=\"has-text-align-center\"><img alt=\"Torace SSM\" decoding=\"async\" srcset=\"https:\/\/www.thorax-ssm.com\/thumbnail\/2a\/63\/59\/1712065332\/_DSC0196-beschnitten_web_400x400.jpg 400w, https:\/\/www.thorax-ssm.com\/thumbnail\/2a\/63\/59\/1712065332\/_DSC0196-beschnitten_web_800x800.jpg 800w, https:\/\/www.thorax-ssm.com\/thumbnail\/2a\/63\/59\/1712065332\/_DSC0196-beschnitten_web_1920x1920.jpg 1920w\" src=\"https:\/\/www.thorax-ssm.com\/media\/2a\/63\/59\/1712065332\/_DSC0196-beschnitten_web.jpg\"><strong>INDUSTRIE &amp; HANDWERK - Assemblaggio, impiantistica, produzione e commercio<\/strong><img alt=\"Torace SSM\" decoding=\"async\" srcset=\"https:\/\/www.thorax-ssm.com\/thumbnail\/dd\/d9\/c8\/1712228895\/_DSC0206_ohne-Logo_web_400x400.jpg 400w, https:\/\/www.thorax-ssm.com\/thumbnail\/dd\/d9\/c8\/1712228895\/_DSC0206_ohne-Logo_web_800x800.jpg 800w, https:\/\/www.thorax-ssm.com\/thumbnail\/dd\/d9\/c8\/1712228895\/_DSC0206_ohne-Logo_web_1920x1920.jpg 1920w\" src=\"https:\/\/www.thorax-ssm.com\/media\/dd\/d9\/c8\/1712228895\/_DSC0206_ohne-Logo_web.jpg\"><strong>LOGISTICA - Magazzino, trasporto, pick &amp; pack<\/strong><\/p>\n\n\n\n<p class=\"has-text-align-center\"><img alt=\"Torace SSM\" decoding=\"async\" srcset=\"https:\/\/www.thorax-ssm.com\/thumbnail\/14\/59\/68\/1699021768\/IMG_0114_800x800.jpg 800w, https:\/\/www.thorax-ssm.com\/thumbnail\/14\/59\/68\/1699021768\/IMG_0114_400x400.jpg 400w, https:\/\/www.thorax-ssm.com\/thumbnail\/14\/59\/68\/1699021768\/IMG_0114_1920x1920.jpg 1920w\" src=\"https:\/\/www.thorax-ssm.com\/media\/14\/59\/68\/1699021768\/IMG_0114.jpg\"><strong>Sanit\u00e0 - Vigili del fuoco, servizio di soccorso e assistenza<\/strong><img alt=\"Torace SSM\" decoding=\"async\" srcset=\"https:\/\/www.thorax-ssm.com\/thumbnail\/00\/f7\/bf\/1714036294\/DSC02641_web_400x400.jpg 400w, https:\/\/www.thorax-ssm.com\/thumbnail\/00\/f7\/bf\/1714036294\/DSC02641_web_800x800.jpg 800w, https:\/\/www.thorax-ssm.com\/thumbnail\/00\/f7\/bf\/1714036294\/DSC02641_web_1920x1920.jpg 1920w\" src=\"https:\/\/www.thorax-ssm.com\/media\/00\/f7\/bf\/1714036294\/DSC02641_web.jpg\"><strong>AMMINISTRAZIONE E UFFICIO - Seduti e in piedi<\/strong><\/p>\n\n\n\n<p><img alt=\"Torace SSM\" decoding=\"async\" src=\"https:\/\/www.thorax-ssm.com\/media\/a0\/ea\/fc\/1699013021\/Carbon-Hintergrund-Slider-Element.png\" srcset=\"https:\/\/www.thorax-ssm.com\/thumbnail\/a0\/ea\/fc\/1699013021\/Carbon-Hintergrund-Slider-Element_1920x1920.png 1920w, https:\/\/www.thorax-ssm.com\/thumbnail\/a0\/ea\/fc\/1699013021\/Carbon-Hintergrund-Slider-Element_800x800.png 800w, https:\/\/www.thorax-ssm.com\/thumbnail\/a0\/ea\/fc\/1699013021\/Carbon-Hintergrund-Slider-Element_400x400.png 400w\"><\/p>\n\n\n\n<h2 class=\"wp-block-heading\"><strong>CERTIFICATO DALL'INSTITUT F\u00dcR GESUNDHEIT UND ERGONOMIE E.V. (IGR)<\/strong><\/h2>\n\n\n\n<figure class=\"wp-block-image\"><img decoding=\"async\" src=\"https:\/\/www.thorax-ssm.com\/media\/ab\/d5\/13\/1699273343\/IGR-Certificate_2022_07_2%20-%20DE.jpg\" alt=\"Torace SSM\"\/><\/figure>\n\n\n\n<p>Il Thorax SSM \u00e8 stato certificato in conformit\u00e0 alla norma DIN EN ISO 26800 dall'Institut f\u00fcr Gesundheit und Ergonomie e.V. (IGR). La norma DIN EN ISO 26800 rappresenta l'approccio generale all'ergonomia e definisce i principi e i concetti chiave dell'ergonomia.<br><br>L'ergonomia si occupa dei fattori umani, tecnologici, economici e organizzativi che influenzano il comportamento, le attivit\u00e0 e il benessere delle persone sul lavoro.<\/p>\n\n\n\n<figure class=\"wp-block-image\"><img decoding=\"async\" src=\"https:\/\/www.thorax-ssm.com\/media\/e7\/ab\/b4\/1712127380\/Thorax-1000x1000-4mb.gif\" alt=\"Torace SSM\"\/><\/figure>\n\n\n\n<p><img alt=\"Torace SSM\" decoding=\"async\" src=\"https:\/\/www.thorax-ssm.com\/media\/a0\/ea\/fc\/1699013021\/Carbon-Hintergrund-Slider-Element.png\" srcset=\"https:\/\/www.thorax-ssm.com\/thumbnail\/a0\/ea\/fc\/1699013021\/Carbon-Hintergrund-Slider-Element_1920x1920.png 1920w, https:\/\/www.thorax-ssm.com\/thumbnail\/a0\/ea\/fc\/1699013021\/Carbon-Hintergrund-Slider-Element_800x800.png 800w, https:\/\/www.thorax-ssm.com\/thumbnail\/a0\/ea\/fc\/1699013021\/Carbon-Hintergrund-Slider-Element_400x400.png 400w\"><\/p>","protected":false},"excerpt":{"rendered":"<p>SCH\u00dcTZT \u00b7 ST\u00dcTZT \u00b7 STABILISIERT TECHNOLOGIE DES THORAX SSM Das&nbsp;Thorax Spine Support Module by ax-lightness&nbsp;ist eine Wirbels\u00e4ulenst\u00fctze mit R\u00fcckenf\u00fchrung vom Beckenansatz bis zu den Schultern und unterst\u00fctzt beim Stehen, Sitzen, Laufen und Heben. Durch den anatomischen Aufbau wird eine gezielte Muskelbeanspruchung aller Muskelgruppen erreicht unter der h\u00f6chstm\u00f6glichen Sicherheit f\u00fcr die Wirbels\u00e4ule. Eine gerade K\u00f6rperhaltung in [&hellip;]<\/p>\n","protected":false},"author":1,"featured_media":0,"parent":0,"menu_order":0,"comment_status":"closed","ping_status":"closed","template":"","meta":{"om_disable_all_campaigns":false,"_monsterinsights_skip_tracking":false,"_monsterinsights_sitenote_active":false,"_monsterinsights_sitenote_note":"","_monsterinsights_sitenote_category":0,"footnotes":""},"class_list":["post-144","page","type-page","status-publish","hentry"],"aioseo_notices":[],"_links":{"self":[{"href":"https:\/\/epar-service.com\/it\/wp-json\/wp\/v2\/pages\/144","targetHints":{"allow":["GET"]}}],"collection":[{"href":"https:\/\/epar-service.com\/it\/wp-json\/wp\/v2\/pages"}],"about":[{"href":"https:\/\/epar-service.com\/it\/wp-json\/wp\/v2\/types\/page"}],"author":[{"embeddable":true,"href":"https:\/\/epar-service.com\/it\/wp-json\/wp\/v2\/users\/1"}],"replies":[{"embeddable":true,"href":"https:\/\/epar-service.com\/it\/wp-json\/wp\/v2\/comments?post=144"}],"version-history":[{"count":2,"href":"https:\/\/epar-service.com\/it\/wp-json\/wp\/v2\/pages\/144\/revisions"}],"predecessor-version":[{"id":153,"href":"https:\/\/epar-service.com\/it\/wp-json\/wp\/v2\/pages\/144\/revisions\/153"}],"wp:attachment":[{"href":"https:\/\/epar-service.com\/it\/wp-json\/wp\/v2\/media?parent=144"}],"curies":[{"name":"wp","href":"https:\/\/api.w.org\/{rel}","templated":true}]}}