{"id":415,"date":"2025-08-23T15:58:20","date_gmt":"2025-08-23T15:58:20","guid":{"rendered":"https:\/\/epar-service.com\/?page_id=415"},"modified":"2025-08-23T16:04:47","modified_gmt":"2025-08-23T16:04:47","slug":"uplift-leight","status":"publish","type":"page","link":"https:\/\/epar-service.com\/fr\/uplift-leight\/","title":{"rendered":"UPLIFT Leight"},"content":{"rendered":"<div class=\"wp-block-group alignfull has-white-color has-pale-cyan-blue-background-color has-text-color has-background has-global-padding is-layout-constrained wp-container-core-group-is-layout-6493990a wp-block-group-is-layout-constrained\" style=\"padding-top:0vw;padding-right:0vw;padding-bottom:0vw;padding-left:0vw\">\n<h1 class=\"wp-block-heading has-text-align-center\">Notre exosquelette l\u00e9ger et extr\u00eamement confortable,<\/h1>\n\n\n\n<p class=\"has-text-align-center has-medium-font-size\">La m\u00e9canique au service de l'appareil locomoteur humain<\/p>\n\n\n\n<div class=\"wp-block-buttons is-content-justification-center is-layout-flex wp-container-core-buttons-is-layout-a89b3969 wp-block-buttons-is-layout-flex\">\n<div class=\"wp-block-button is-style-outline is-style-outline--1\"><a class=\"wp-block-button__link has-white-color has-text-color wp-element-button\" href=\"https:\/\/epar-service.com\/fr\/rueckerstattung_rueckgaben\/\">Contact<\/a><\/div>\n<\/div>\n<\/div>\n\n\n\n<figure class=\"wp-block-image size-full\"><img loading=\"lazy\" decoding=\"async\" width=\"487\" height=\"608\" src=\"https:\/\/epar-service.com\/wp-content\/uploads\/2025\/08\/UPLIFT-Leight-1.jpg\" alt=\"UPLIFT Leight\" class=\"wp-image-417\" srcset=\"https:\/\/epar-service.com\/wp-content\/uploads\/2025\/08\/UPLIFT-Leight-1.jpg 487w, https:\/\/epar-service.com\/wp-content\/uploads\/2025\/08\/UPLIFT-Leight-1-240x300.jpg 240w, https:\/\/epar-service.com\/wp-content\/uploads\/2025\/08\/UPLIFT-Leight-1-10x12.jpg 10w\" sizes=\"auto, (max-width: 487px) 100vw, 487px\" \/><\/figure>\n\n\n\n<h2 class=\"wp-block-heading\">10 raisons d'opter pour l'exosquelette UPLIFT\u2122 Lite d\u00e9velopp\u00e9 par Mawashi<\/h2>\n\n\n\n<figure class=\"wp-block-image\"><img decoding=\"async\" src=\"https:\/\/uplift.mawashi.ca\/wp-content\/uploads\/2023\/07\/separator-left.svg\" alt=\"UPLIFT Leight\" class=\"wp-image-2712\" title=\"s\u00e9parateur-gauche\"\/><\/figure>\n\n\n\n<ul class=\"wp-block-list\">\n<li>Plus de polyvalence<\/li>\n\n\n\n<li>Une plus grande libert\u00e9 de mouvement<\/li>\n\n\n\n<li>Ergonomie et confort am\u00e9lior\u00e9s<\/li>\n\n\n\n<li>Autonomie illimit\u00e9e<\/li>\n\n\n\n<li>Un soutien intuitif et naturel qui suit les principes biom\u00e9caniques du corps humain<\/li>\n<\/ul>\n\n\n\n<ul class=\"wp-block-list\">\n<li>Une solution sur mesure<\/li>\n\n\n\n<li>Un exosquelette de la plus haute qualit\u00e9<\/li>\n\n\n\n<li>Un soutien et un r\u00e9seau d'aide<\/li>\n\n\n\n<li>Une technologie d\u00e9velopp\u00e9e par une entreprise leader dans ce domaine<\/li>\n\n\n\n<li>Une solution pratique et conviviale<\/li>\n\n\n\n<li><\/li>\n<\/ul>\n\n\n\n<figure class=\"wp-block-embed is-type-video is-provider-youtube wp-block-embed-youtube wp-embed-aspect-16-9 wp-has-aspect-ratio\"><div class=\"wp-block-embed__wrapper\">\n<iframe loading=\"lazy\" title=\"Mawashi | Lancement d&#039;UPLIFT Lite\" width=\"500\" height=\"281\" src=\"https:\/\/www.youtube.com\/embed\/JC-URQKIaBc?feature=oembed\" frameborder=\"0\" allow=\"accelerometer; autoplay; clipboard-write; encrypted-media; gyroscope; picture-in-picture; web-share\" referrerpolicy=\"strict-origin-when-cross-origin\" allowfullscreen><\/iframe>\n<\/div><\/figure>\n\n\n\n<h2 class=\"wp-block-heading\">Principales caract\u00e9ristiques<\/h2>\n\n\n\n<figure class=\"wp-block-image\"><img decoding=\"async\" src=\"https:\/\/uplift.mawashi.ca\/wp-content\/uploads\/2023\/07\/shape-angle-2.svg\" alt=\"UPLIFT Leight\" class=\"wp-image-2723\" title=\"shape-angle\"\/><\/figure>\n\n\n\n<ul class=\"wp-block-list\">\n<li>Un soutien personnalisable qui s'adapte en temps r\u00e9el<\/li>\n\n\n\n<li>Contr\u00f4le manuel rapide et intuitif pour activer ou d\u00e9sactiver la prise en charge de tous les modules auxiliaires<\/li>\n\n\n\n<li>Intuitif, facile \u00e0 utiliser et \u00e0 cr\u00e9er<\/li>\n\n\n\n<li>Accessible \u00e0 tous les budgets<\/li>\n<\/ul>\n\n\n\n<ul class=\"wp-block-list\">\n<li>Mat\u00e9riaux de haute qualit\u00e9<\/li>\n\n\n\n<li>Ultral\u00e9ger, seulement 1,6 kg (3,5 lbs)<\/li>\n\n\n\n<li>Les mat\u00e9riaux respirants favorisent la circulation de l'air pour une r\u00e9gulation optimale de la chaleur corporelle<\/li>\n<\/ul>","protected":false},"excerpt":{"rendered":"<p>Notre exosquelette l\u00e9ger et extr\u00eamement confortable, la m\u00e9canique au service de l'appareil locomoteur humain 10 raisons de choisir l'exosquelette UPLIFT\u2122 Lite d\u00e9velopp\u00e9 par Mawashi Principales caract\u00e9ristiques<\/p>","protected":false},"author":1,"featured_media":0,"parent":0,"menu_order":0,"comment_status":"closed","ping_status":"closed","template":"","meta":{"om_disable_all_campaigns":false,"_monsterinsights_skip_tracking":false,"_monsterinsights_sitenote_active":false,"_monsterinsights_sitenote_note":"","_monsterinsights_sitenote_category":0,"footnotes":""},"class_list":["post-415","page","type-page","status-publish","hentry"],"aioseo_notices":[],"_links":{"self":[{"href":"https:\/\/epar-service.com\/fr\/wp-json\/wp\/v2\/pages\/415","targetHints":{"allow":["GET"]}}],"collection":[{"href":"https:\/\/epar-service.com\/fr\/wp-json\/wp\/v2\/pages"}],"about":[{"href":"https:\/\/epar-service.com\/fr\/wp-json\/wp\/v2\/types\/page"}],"author":[{"embeddable":true,"href":"https:\/\/epar-service.com\/fr\/wp-json\/wp\/v2\/users\/1"}],"replies":[{"embeddable":true,"href":"https:\/\/epar-service.com\/fr\/wp-json\/wp\/v2\/comments?post=415"}],"version-history":[{"count":2,"href":"https:\/\/epar-service.com\/fr\/wp-json\/wp\/v2\/pages\/415\/revisions"}],"predecessor-version":[{"id":422,"href":"https:\/\/epar-service.com\/fr\/wp-json\/wp\/v2\/pages\/415\/revisions\/422"}],"wp:attachment":[{"href":"https:\/\/epar-service.com\/fr\/wp-json\/wp\/v2\/media?parent=415"}],"curies":[{"name":"wp","href":"https:\/\/api.w.org\/{rel}","templated":true}]}}