{"id":378,"date":"2025-08-10T14:49:45","date_gmt":"2025-08-10T14:49:45","guid":{"rendered":"https:\/\/epar-service.com\/?page_id=378"},"modified":"2025-08-10T14:49:45","modified_gmt":"2025-08-10T14:49:45","slug":"exia-de-german-bionic","status":"publish","type":"page","link":"https:\/\/epar-service.com\/fr\/exia-de-german-bionic\/","title":{"rendered":"EXIA de German Bionic"},"content":{"rendered":"<figure class=\"wp-block-image\"><img decoding=\"async\" src=\"https:\/\/framerusercontent.com\/images\/2HpIMMxn0cO3dSmhtr0t0lTWepg.jpg\" alt=\"GB-Exia-H\u00e9ro-Image\"\/><\/figure>\n\n\n\n<h3 class=\"wp-block-heading\">L'exosquelette le plus performant au monde<\/h3>\n\n\n\n<h3 class=\"wp-block-heading\">Exosquelette d'IA pour tous les cas d'utilisation : du travail le plus dur dans l'industrie aux soins empathiques des patients<\/h3>\n\n\n\n<p>Exia - Une IA augment\u00e9e qui comprend comment les gens travaillent. L'Exia a appris pendant des ann\u00e9es. De l'\u00eatre humain. \u00c0 partir de milliards de donn\u00e9es d'application collect\u00e9es dans le travail quotidien r\u00e9el. R\u00e9sultat : il apporte un soutien intelligent et personnalis\u00e9 et rend ainsi les gens plus performants. Il r\u00e9unit tous les cas d'utilisation en un seul exosquelette performant. En effet, Exia, con\u00e7u de A \u00e0 Z, s'adapte de mani\u00e8re flexible aux utilisateurs, aux t\u00e2ches et aux secteurs.<\/p>\n\n\n\n<figure class=\"wp-block-image\"><img decoding=\"async\" src=\"https:\/\/framerusercontent.com\/images\/s9V9e4zDbzVc3Oddsn7ARkdYpfw.jpg\" alt=\"L&#039;exosquelette allemand Bionic Exia dot\u00e9 d&#039;IA soutient un employ\u00e9 d&#039;entrep\u00f4t soulevant de lourdes caisses pour am\u00e9liorer l&#039;ergonomie et pr\u00e9venir les blessures au dos dans la logistique.\"\/><\/figure>\n\n\n\n<figure class=\"wp-block-image\"><img decoding=\"async\" src=\"https:\/\/framerusercontent.com\/images\/v7vYQaELJQwJFn61qziMts3VBw.jpg\" alt=\"German Bionic Exia robotic exoskeleton assisting industrial worker in bent-over tasks, providing lower back support and enhancing efficiency in warehousing operations.\"\/><\/figure>\n\n\n\n<figure class=\"wp-block-image\"><img decoding=\"async\" src=\"https:\/\/framerusercontent.com\/images\/eVguWHxDFW6zQ09rnGbirnnSwVs.jpg\" alt=\"German Bionic Exia robotic exoskeleton supporting heavy lifting tasks, helping prevent musculoskeletal disorders and boosting productivity.\"\/><\/figure>\n\n\n\n<h1 class=\"wp-block-heading\">La puissance de l'IA pour toutes les t\u00e2ches<\/h1>\n\n\n\n<h2 class=\"wp-block-heading\">Moins de charge, plus de sant\u00e9 - et donc des postes de travail plus s\u00fbrs, plus inclusifs et plus attrayants : L'Exia soulage les personnes qui sont physiquement tr\u00e8s sollicit\u00e9es dans leur travail en compensant leur poids jusqu'\u00e0 38 kg par mouvement de levage. Il permet ainsi de lutter contre la p\u00e9nurie de personnel qualifi\u00e9. En effet, il r\u00e9duit les absences pour cause de maladie, prolonge la vie professionnelle et rend les emplois plus durables - que ce soit dans la logistique, la construction ou les soins.<\/h2>\n\n\n\n<h2 class=\"wp-block-heading\">Un outil qui s'adapte aux personnes.<\/h2>\n\n\n\n<p>Chaque personne est diff\u00e9rente. Chaque t\u00e2che est unique. L'Exia est bas\u00e9 sur l'IA et l'apprentissage automatique et utilise des milliards de donn\u00e9es anonymes issues de situations de travail r\u00e9elles - pour comprendre les mouvements individuels et ainsi apporter un soutien cibl\u00e9. Il s'adapte en temps r\u00e9el \u00e0 la personne et \u00e0 l'activit\u00e9 et offre un soutien exactement l\u00e0 o\u00f9 il est le plus n\u00e9cessaire.<\/p>\n\n\n\n<p>Les avantages en un coup d'\u0153il :<\/p>\n\n\n\n<ul class=\"wp-block-list\">\n<li>Supporte jusqu'\u00e0 38 kg par mouvement de levage<\/li>\n\n\n\n<li>soulage lors du levage, de la marche, du transport et du chargement ainsi que lors du travail en position pench\u00e9e en avant<\/li>\n\n\n\n<li>Aide \u00e0 pr\u00e9venir les blessures et les troubles musculo-squelettiques (TMS)<\/li>\n\n\n\n<li>Apprend \u00e0 chaque utilisation et s'am\u00e9liore continuellement gr\u00e2ce \u00e0 l'IA<\/li>\n\n\n\n<li>Re\u00e7oit r\u00e9guli\u00e8rement des mises \u00e0 jour Over-the-Air<\/li>\n\n\n\n<li>Int\u00e9gr\u00e9 dans les flux de travail num\u00e9riques et les plateformes de donn\u00e9es<\/li>\n\n\n\n<li>Robuste, \u00e9tanche \u00e0 la poussi\u00e8re et \u00e0 l'eau<\/li>\n\n\n\n<li>Test\u00e9 et \u00e9prouv\u00e9 dans des situations de travail r\u00e9elles dans l'industrie et les soins<\/li>\n<\/ul>\n\n\n\n<h1 class=\"wp-block-heading\">Augmentation humaine \u00e0 360\u00b0 avec IA<\/h1>\n\n\n\n<h2 class=\"wp-block-heading\">Enti\u00e8rement connect\u00e9s et con\u00e7us en pensant \u00e0 l'homme : Les donn\u00e9es d'application des exosquelettes sont int\u00e9gr\u00e9es dans un syst\u00e8me d'apprentissage automatique avanc\u00e9. L'IA permet ainsi \u00e0 l'Exia de s'adapter en permanence aux besoins individuels, aux mouvements et aux activit\u00e9s des personnes dans leur travail quotidien r\u00e9el.<\/h2>\n\n\n\n<p>Compagnon de s\u00e9curit\u00e9 intelligent<\/p>\n\n\n\n<p>Syst\u00e8me d'alerte pr\u00e9coce bas\u00e9 sur l'IA pour l'ergonomie<\/p>\n\n\n\n<p>Plateforme IO bionique allemande<\/p>\n\n\n\n<p>Analyses de donn\u00e9es, surveillance et rapports complets pilot\u00e9s par l'IA pour optimiser les processus de travail<\/p>\n\n\n\n<p>Application German Bionic Connect<\/p>\n\n\n\n<p>Int\u00e8gre et reconna\u00eet l'utilisateur comme partie int\u00e9grante du syst\u00e8me avec un feedback bidirectionnel<\/p>\n\n\n\n<figure class=\"wp-block-video\"><video height=\"1080\" style=\"aspect-ratio: 1920 \/ 1080;\" width=\"1920\" controls src=\"https:\/\/epar-service.com\/wp-content\/uploads\/2025\/08\/Suevch4oN7z26XXZBTL83XeeU.mp4\"><\/video><\/figure>","protected":false},"excerpt":{"rendered":"<p>Das weltweit leistungsst\u00e4rkste Exoskelett KI-Exoskelett f\u00fcr alle Use Cases: vom h\u00e4rtesten Job in der Industrie bis zur einf\u00fchlsamen Pflege von Patienten Exia \u2013 Augmented AI, die versteht, wie Menschen arbeiten. Das Exia hat jahrelang gelernt. Vom Menschen. Aus Milliarden von Anwendungsdaten, die im realen Arbeitsalltag gesammelt wurden. Das Ergebnis: Es unterst\u00fctzt intelligent und personalisiert und [&hellip;]<\/p>\n","protected":false},"author":1,"featured_media":0,"parent":0,"menu_order":0,"comment_status":"closed","ping_status":"closed","template":"","meta":{"om_disable_all_campaigns":false,"_monsterinsights_skip_tracking":false,"_monsterinsights_sitenote_active":false,"_monsterinsights_sitenote_note":"","_monsterinsights_sitenote_category":0,"footnotes":""},"class_list":["post-378","page","type-page","status-publish","hentry"],"aioseo_notices":[],"_links":{"self":[{"href":"https:\/\/epar-service.com\/fr\/wp-json\/wp\/v2\/pages\/378","targetHints":{"allow":["GET"]}}],"collection":[{"href":"https:\/\/epar-service.com\/fr\/wp-json\/wp\/v2\/pages"}],"about":[{"href":"https:\/\/epar-service.com\/fr\/wp-json\/wp\/v2\/types\/page"}],"author":[{"embeddable":true,"href":"https:\/\/epar-service.com\/fr\/wp-json\/wp\/v2\/users\/1"}],"replies":[{"embeddable":true,"href":"https:\/\/epar-service.com\/fr\/wp-json\/wp\/v2\/comments?post=378"}],"version-history":[{"count":1,"href":"https:\/\/epar-service.com\/fr\/wp-json\/wp\/v2\/pages\/378\/revisions"}],"predecessor-version":[{"id":380,"href":"https:\/\/epar-service.com\/fr\/wp-json\/wp\/v2\/pages\/378\/revisions\/380"}],"wp:attachment":[{"href":"https:\/\/epar-service.com\/fr\/wp-json\/wp\/v2\/media?parent=378"}],"curies":[{"name":"wp","href":"https:\/\/api.w.org\/{rel}","templated":true}]}}