{"id":284,"date":"2025-01-25T19:55:55","date_gmt":"2025-01-25T19:55:55","guid":{"rendered":"https:\/\/epar-service.com\/?page_id=284"},"modified":"2025-01-25T19:55:55","modified_gmt":"2025-01-25T19:55:55","slug":"ce-quil-faut-savoir-sur-lactivation-et-la-technologie","status":"publish","type":"page","link":"https:\/\/epar-service.com\/fr\/ce-quil-faut-savoir-sur-lactivation-et-la-technologie\/","title":{"rendered":"Ce qu'il faut savoir sur l'activation et la technologie"},"content":{"rendered":"<h6 class=\"wp-block-heading\"><br>TECHNIQUE DE CLIMATISATION 5.0<\/h6>\n\n\n\n<h2 class=\"wp-block-heading\">COOLINE SX3<\/h2>\n\n\n\n<h1 class=\"wp-block-heading\">3D-HIGHTECH<br>REFROIDISSEMENT<\/h1>\n\n\n\n<p><strong>BREVET\u00c9<br><\/strong><strong>UNIQUE<br>EXCELLENT<\/strong><\/p>\n\n\n\n<figure class=\"wp-block-image\"><img decoding=\"async\" src=\"https:\/\/e-cooline.de\/wp-content\/uploads\/2023\/02\/Cooline-SX3-Technologie-Verdunstungsdarstellung-1024%C3%971024px.webp\" alt=\"Pr\u00e9sentation de l&#039;\u00e9vaporation de la technologie COOLINE SX3\" class=\"wp-image-2931\"\/><\/figure>\n\n\n\n<h2 class=\"wp-block-heading\">LA CLIMATISATION \u00c0 PORTER<\/h2>\n\n\n\n<p>Une qualit\u00e9 \u00e9lev\u00e9e, une technologie 3D brillante, des r\u00e9frig\u00e9rants naturels comme l'eau et l'air et une finition haut de gamme dans un design chic : COOLINE SX3 offre tout ce qui est n\u00e9cessaire pour une climatisation durable de premi\u00e8re classe.<\/p>\n\n\n\n<p>Le non-tiss\u00e9 high-tech COOLINE SX3 a la propri\u00e9t\u00e9 de lier en quelques secondes de grandes quantit\u00e9s d'eau \u00e0 l'int\u00e9rieur et de les stocker directement sur les fibres 3D intelligentes. L'avantage : il en r\u00e9sulte une \u00e9norme surface de mol\u00e9cules d'eau qui s'\u00e9vaporent imm\u00e9diatement de mani\u00e8re tr\u00e8s active et peuvent refroidir efficacement. Aucune goutte d'eau ou condensation ne se forme sous la pression, m\u00eame si vous exercez une pression extr\u00eame.<\/p>\n\n\n\n<figure class=\"wp-block-image\"><img decoding=\"async\" src=\"https:\/\/e-cooline.de\/wp-content\/uploads\/2023\/01\/UN-Woman-300x150px.jpg\" alt=\"Logo ONU Femmes\"\/><\/figure>\n\n\n\n<figure class=\"wp-block-image\"><img decoding=\"async\" src=\"https:\/\/e-cooline.de\/wp-content\/uploads\/2023\/02\/Logo-cool-coalition-300x150px.webp\" alt=\"Logo cool coalition-300x150px\"\/><\/figure>\n\n\n\n<figure class=\"wp-block-image\"><img decoding=\"async\" src=\"https:\/\/e-cooline.de\/wp-content\/uploads\/2023\/02\/Logo-Green-cooling-Initiative-300x150px.webp\" alt=\"Logo Green cooling Initiative-300x150px\"\/><\/figure>\n\n\n\n<figure class=\"wp-block-image\"><img decoding=\"async\" src=\"https:\/\/e-cooline.de\/wp-content\/uploads\/2024\/06\/E-COOLINE-CP-Klimaneutrale-Produkte.png\" alt=\"Produits E-COOLINE-CP neutres pour le climat\"\/><\/figure>\n\n\n\n<figure class=\"wp-block-image\"><img decoding=\"async\" src=\"https:\/\/e-cooline.de\/wp-content\/uploads\/2023\/01\/ecooline-made-in-germany.jpg\" alt=\"ecooline-made-in-germany\"\/><\/figure>\n\n\n\n<figure class=\"wp-block-image\"><img decoding=\"async\" src=\"https:\/\/e-cooline.de\/wp-content\/uploads\/2023\/01\/ecooline-patentierte-technologie.jpg\" alt=\"technologie brevet\u00e9e ecooline\"\/><\/figure>\n\n\n\n<figure class=\"wp-block-image\"><img decoding=\"async\" src=\"https:\/\/e-cooline.de\/wp-content\/uploads\/2023\/01\/Logo-ecooline-cooling-effekt-durch-hohenstein-bestaetigt.jpg\" alt=\"Logo-ecooline-effet-cooling-confirm\u00e9-par-la-pierre-\u00e9lev\u00e9e\"\/><\/figure>\n\n\n\n<figure class=\"wp-block-image\"><img decoding=\"async\" src=\"https:\/\/e-cooline.de\/wp-content\/uploads\/2023\/01\/Caring-for-Climate-300x150uex.jpg\" alt=\"Caring-for-Climate-300x150\u00fcx\"\/><\/figure>\n\n\n\n<figure class=\"wp-block-image\"><img decoding=\"async\" src=\"https:\/\/e-cooline.de\/wp-content\/uploads\/2023\/01\/ecooline-alliance-for-climate-Kopie.jpg\" alt=\"ecooline-alliance-for-climate - Copie\"\/><\/figure>\n\n\n\n<figure class=\"wp-block-image\"><img decoding=\"async\" src=\"https:\/\/e-cooline.de\/wp-content\/uploads\/2023\/01\/Logo_Textilbuendnis-Kopie.png\" alt=\"Logo_Textilb\u00fcndnis - Copie\"\/><\/figure>\n\n\n\n<figure class=\"wp-block-image\"><img decoding=\"async\" src=\"https:\/\/e-cooline.de\/wp-content\/uploads\/2023\/01\/Senat-der-Wirtschaft-300x150px-Kopie.jpg\" alt=\"S\u00e9nat-des-\u00e9conomies-300x150px - Copie\"\/><\/figure>\n\n\n\n<figure class=\"wp-block-image\"><img decoding=\"async\" src=\"https:\/\/e-cooline.de\/wp-content\/uploads\/2023\/01\/suedwesttextil-Kopie.png\" alt=\"s\u00fcdwesttextil - Copie\"\/><\/figure>\n\n\n\n<figure class=\"wp-block-image\"><img decoding=\"async\" src=\"https:\/\/e-cooline.de\/wp-content\/uploads\/2023\/01\/UN-Woman-300x150px.jpg\" alt=\"Logo ONU Femmes\"\/><\/figure>\n\n\n\n<figure class=\"wp-block-image\"><img decoding=\"async\" src=\"https:\/\/e-cooline.de\/wp-content\/uploads\/2023\/02\/Logo-cool-coalition-300x150px.webp\" alt=\"Logo cool coalition-300x150px\"\/><\/figure>\n\n\n\n<figure class=\"wp-block-image\"><img decoding=\"async\" src=\"https:\/\/e-cooline.de\/wp-content\/uploads\/2023\/02\/Logo-Green-cooling-Initiative-300x150px.webp\" alt=\"Logo Green cooling Initiative-300x150px\"\/><\/figure>\n\n\n\n<figure class=\"wp-block-image\"><img decoding=\"async\" src=\"https:\/\/e-cooline.de\/wp-content\/uploads\/2024\/06\/E-COOLINE-CP-Klimaneutrale-Produkte.png\" alt=\"Produits E-COOLINE-CP neutres pour le climat\"\/><\/figure>\n\n\n\n<figure class=\"wp-block-image\"><img decoding=\"async\" src=\"https:\/\/e-cooline.de\/wp-content\/uploads\/2023\/01\/ecooline-made-in-germany.jpg\" alt=\"ecooline-made-in-germany\"\/><\/figure>\n\n\n\n<figure class=\"wp-block-image\"><img decoding=\"async\" src=\"https:\/\/e-cooline.de\/wp-content\/uploads\/2023\/01\/ecooline-patentierte-technologie.jpg\" alt=\"technologie brevet\u00e9e ecooline\"\/><\/figure>\n\n\n\n<figure class=\"wp-block-image\"><img decoding=\"async\" src=\"https:\/\/e-cooline.de\/wp-content\/uploads\/2023\/01\/Logo-ecooline-cooling-effekt-durch-hohenstein-bestaetigt.jpg\" alt=\"Logo-ecooline-effet-cooling-confirm\u00e9-par-la-pierre-\u00e9lev\u00e9e\"\/><\/figure>\n\n\n\n<figure class=\"wp-block-image\"><img decoding=\"async\" src=\"https:\/\/e-cooline.de\/wp-content\/uploads\/2023\/01\/Caring-for-Climate-300x150uex.jpg\" alt=\"Caring-for-Climate-300x150\u00fcx\"\/><\/figure>\n\n\n\n<p>EFFECTIVEMENT FRAIS, MAIS AGR\u00c9ABLEMENT SEC<\/p>\n\n\n\n<h2 class=\"wp-block-heading\">KLIMATECHNIK<br>AVEC DES FIBRES INTELLIGENTES<\/h2>\n\n\n\n<p>Les possibilit\u00e9s d'utilisation du mat\u00e9riau 3D-COOL sont immenses et ont d\u00e9j\u00e0 fait leurs preuves avec succ\u00e8s dans de nombreux domaines au cours des derni\u00e8res ann\u00e9es. Int\u00e9gr\u00e9 dans les v\u00eatements, le non-tiss\u00e9 high-tech peut \u00eatre utilis\u00e9 comme un climatiseur \u00e0 enfiler. Simple, efficace et climatiquement neutre - avec un facteur de bien-\u00eatre.<\/p>\n\n\n\n<p>Gr\u00e2ce \u00e0 ses excellentes performances, ce mat\u00e9riau est utilis\u00e9 par des entreprises leaders dans le domaine de la protection de la sant\u00e9 sur des postes de travail expos\u00e9s \u00e0 la chaleur, dans des cliniques et par des m\u00e9decins dans le domaine neurologique, comme par exemple en cas de scl\u00e9rose en plaques, mais aussi dans le domaine des loisirs et du sport. Le mat\u00e9riau COOLINE SX3 joue \u00e9galement un r\u00f4le de premier plan dans le domaine de la perte de poids.<\/p>\n\n\n\n<p>Travaill\u00e9 dans des designs tendance, le mat\u00e9riau est rapidement utilis\u00e9 et sec \u00e0 l'ext\u00e9rieur. Gr\u00e2ce \u00e0 une finition antibact\u00e9rienne naturelle avec DEOXX fresh, vous restez en outre non seulement au frais, mais aussi hygi\u00e9niquement propre. Ce sont pr\u00e9cis\u00e9ment ces avantages qui distinguent COOLINE SX3 de tous les autres mat\u00e9riaux disponibles sur le march\u00e9. Pour une merveilleuse sensation de fra\u00eecheur.<\/p>\n\n\n\n<p><a href=\"https:\/\/e-cooline.de\/shop\">ACHETEZ MAINTENANT<\/a><\/p>\n\n\n\n<figure class=\"wp-block-image\"><a href=\"https:\/\/e-cooline.de\/shop\/kuehlwesten\/e-cooline-powercool-sx3-raceweste\/\"><img decoding=\"async\" src=\"https:\/\/e-cooline.de\/wp-content\/uploads\/2023\/02\/Raceweste_Site-IF-award-Logo-links-Kopie.webp\" alt=\"Gilet de course avec logo iF Award sur le c\u00f4t\u00e9\" class=\"wp-image-2858\"\/><\/a><\/figure>\n\n\n\n<figure class=\"wp-block-image\"><img decoding=\"async\" src=\"https:\/\/e-cooline.de\/wp-content\/uploads\/2023\/03\/if_designaward2021_red_p_rgb-154x300.png\" alt=\"Logo de l&#039;IF Design Award 2021\" class=\"wp-image-6364\"\/><\/figure>\n\n\n\n<figure class=\"wp-block-image\"><a href=\"https:\/\/e-cooline.de\/shop\/kuehlshirts\/e-cooline-powercool-sx3-t-shirt\/\"><img decoding=\"async\" src=\"https:\/\/e-cooline.de\/wp-content\/uploads\/2023\/02\/Powercool-SX3-T-Shirt-Design-Award.webp\" alt=\"T-shirt Powercool SX3 avec logo iF Design Award\" class=\"wp-image-2857\"\/><\/a><\/figure>\n\n\n\n<h5 class=\"wp-block-heading\">PR\u00caT \u00c0 L'EMPLOI EN QUELQUES SECONDES<\/h5>\n\n\n\n<p>Les produits E.COOLINE sont activ\u00e9s en quelques secondes avec de l'eau, s\u00e8chent rapidement et sont imm\u00e9diatement pr\u00eats \u00e0 l'emploi avec une puissance de refroidissement de 660 watts\/litre.<\/p>\n\n\n\n<h5 class=\"wp-block-heading\">10 HEURES AU FRAIS<\/h5>\n\n\n\n<p>Le mat\u00e9riau COOLINE SX3 retient suffisamment d'eau pour que vous restiez au sec et au frais tout au long de la journ\u00e9e.<\/p>\n\n\n\n<h5 class=\"wp-block-heading\">LAVABLE<\/h5>\n\n\n\n<p>Les produits E.COOLINE sont les seuls textiles fonctionnels r\u00e9frig\u00e9rants lavables avec DEOXX fresh. Simplement \u00e0 la main ou en machine \u00e0 laver \u00e0 30\u00b0C .<\/p>\n\n\n\n<p>DIFF\u00c9RENCE DE REFROIDISSEMENT POSSIBLE<\/p>\n\n\n\n<p>12\u00b0C<\/p>\n\n\n\n<figure class=\"wp-block-image\"><img decoding=\"async\" src=\"https:\/\/e-cooline.de\/wp-content\/uploads\/2023\/02\/COOLINE-SX3-Hybrid-Technologie-1500x1500px.webp\" alt=\"Technologie hybride COOLINE SX3\" class=\"wp-image-2967\"\/><\/figure>\n\n\n\n<h2 class=\"wp-block-heading\">ADAPTATION INDIVIDUELLE \u00c0 LA TEMP\u00c9RATURE AMBIANTE<\/h2>\n\n\n\n<p>Gr\u00e2ce \u00e0 la technologie 3D unique et brevet\u00e9e, chaque produit \u00e9quip\u00e9 du voile COOLINE SX3 peut \u00eatre adapt\u00e9 par chaque utilisateur en fonction de ses besoins. Dans plus de 90% des cas, E.COOLINE fonctionne selon le principe d'\u00e9vaporation 3D COOL. En cas de besoin de refroidissement plus important, il est bien s\u00fbr toujours possible de booster le syst\u00e8me selon les besoins. Lisez ci-dessous comment.<\/p>\n\n\n\n<p>Ce qui est bien, c'est qu'ils refroidissent efficacement et durablement. Nous n'utilisons que des fluides frigorig\u00e8nes naturels, comme l'eau et l'air. De plus, cette technologie est rapide, simple, pratique et mobile partout. Avec les designs cools des&nbsp;<strong><a href=\"https:\/\/e-cooline.de\/shop\">E.COOLINE<\/a><\/strong>&nbsp;et les collections SlimCOOL, vous avez aussi une belle allure.<\/p>\n\n\n\n<figure class=\"wp-block-image\"><img decoding=\"async\" src=\"https:\/\/e-cooline.de\/wp-content\/uploads\/2023\/02\/Logo-HNU-Award-150x150px-sw.webp\" alt=\"Logo de l&#039;Employer Branding Award 2021\"\/><\/figure>\n\n\n\n<figure class=\"wp-block-image\"><img decoding=\"async\" src=\"https:\/\/e-cooline.de\/wp-content\/uploads\/2023\/02\/Logo-IFaward-150x150px-sw.webp\" alt=\"Logo iF Design Award 2021\"\/><\/figure>\n\n\n\n<figure class=\"wp-block-image\"><img decoding=\"async\" src=\"https:\/\/e-cooline.de\/wp-content\/uploads\/2023\/02\/Logo-Land-der-Ideen-150x150px.webp\" alt=\"Logo Pays des id\u00e9es-150x150px\"\/><\/figure>\n\n\n\n<figure class=\"wp-block-image\"><img decoding=\"async\" src=\"https:\/\/e-cooline.de\/wp-content\/uploads\/2023\/02\/Logo-PlusX-150x150px-sw.webp\" alt=\"Logo PlusX-150x150px-sw\"\/><\/figure>\n\n\n\n<figure class=\"wp-block-image\"><img decoding=\"async\" src=\"https:\/\/e-cooline.de\/wp-content\/uploads\/2023\/02\/LogoMarketing-for-Future-150x150px-sw.webp\" alt=\"LogoMarketing for Future-150x150px-sw\"\/><\/figure>\n\n\n\n<figure class=\"wp-block-image\"><img decoding=\"async\" src=\"https:\/\/e-cooline.de\/wp-content\/uploads\/2023\/02\/Logo-Excellent-Award-150x150px-sw.webp\" alt=\"Logo du prix d&#039;excellence\"\/><\/figure>\n\n\n\n<figure class=\"wp-block-image\"><img decoding=\"async\" src=\"https:\/\/e-cooline.de\/wp-content\/uploads\/2023\/02\/Logo-HNU-Award-150x150px-sw.webp\" alt=\"Logo de l&#039;Employer Branding Award 2021\"\/><\/figure>\n\n\n\n<figure class=\"wp-block-image\"><img decoding=\"async\" src=\"https:\/\/e-cooline.de\/wp-content\/uploads\/2023\/02\/Logo-IFaward-150x150px-sw.webp\" alt=\"Logo iF Design Award 2021\"\/><\/figure>\n\n\n\n<figure class=\"wp-block-image\"><img decoding=\"async\" src=\"https:\/\/e-cooline.de\/wp-content\/uploads\/2023\/02\/Logo-Land-der-Ideen-150x150px.webp\" alt=\"Logo Pays des id\u00e9es-150x150px\"\/><\/figure>\n\n\n\n<figure class=\"wp-block-image\"><img decoding=\"async\" src=\"https:\/\/e-cooline.de\/wp-content\/uploads\/2023\/02\/Logo-PlusX-150x150px-sw.webp\" alt=\"Logo PlusX-150x150px-sw\"\/><\/figure>\n\n\n\n<figure class=\"wp-block-image\"><img decoding=\"async\" src=\"https:\/\/e-cooline.de\/wp-content\/uploads\/2023\/02\/LogoMarketing-for-Future-150x150px-sw.webp\" alt=\"LogoMarketing for Future-150x150px-sw\"\/><\/figure>\n\n\n\n<figure class=\"wp-block-image\"><img decoding=\"async\" src=\"https:\/\/e-cooline.de\/wp-content\/uploads\/2023\/02\/Logo-Excellent-Award-150x150px-sw.webp\" alt=\"Logo du prix d&#039;excellence\"\/><\/figure>\n\n\n\n<figure class=\"wp-block-image\"><img decoding=\"async\" src=\"https:\/\/e-cooline.de\/wp-content\/uploads\/2023\/02\/Logo-HNU-Award-150x150px-sw.webp\" alt=\"Logo de l&#039;Employer Branding Award 2021\"\/><\/figure>\n\n\n\n<figure class=\"wp-block-image\"><img decoding=\"async\" src=\"https:\/\/e-cooline.de\/wp-content\/uploads\/2023\/02\/Logo-IFaward-150x150px-sw.webp\" alt=\"Logo iF Design Award 2021\"\/><\/figure>\n\n\n\n<figure class=\"wp-block-image\"><img decoding=\"async\" src=\"https:\/\/e-cooline.de\/wp-content\/uploads\/2023\/02\/Logo-Land-der-Ideen-150x150px.webp\" alt=\"Logo Pays des id\u00e9es-150x150px\"\/><\/figure>\n\n\n\n<figure class=\"wp-block-image\"><img decoding=\"async\" src=\"https:\/\/e-cooline.de\/wp-content\/uploads\/2023\/02\/Logo-PlusX-150x150px-sw.webp\" alt=\"Logo PlusX-150x150px-sw\"\/><\/figure>\n\n\n\n<h5 class=\"wp-block-heading\">LA TECHNOLOGIE HYBRIDE DE PERVORMANCE<\/h5>\n\n\n\n<h2 class=\"wp-block-heading\">UNE TECHNOLOGIE DE REFROIDISSEMENT POUR TOUS LES CAS DE CHALEUR<\/h2>\n\n\n\n<h5 class=\"wp-block-heading\">TECHNOLOGIE 3D COOL<\/h5>\n\n\n\n<p>En raison du d\u00e9veloppement normal de la chaleur de notre corps, les mol\u00e9cules d'eau fix\u00e9es sur les fibres du mat\u00e9riau 3D-COOL COOLINE SX3 s'\u00e9vaporent si efficacement qu'une temp\u00e9rature agr\u00e9able de 16 - 20\u00b0C s'installe ainsi avec une capacit\u00e9 de refroidissement pouvant atteindre 660 watts\/l.<\/p>\n\n\n\n<p>Gr\u00e2ce au principe physique du refroidissement par \u00e9vaporation, COOLINE refroidit plus fortement \u00e0 des temp\u00e9ratures \u00e9lev\u00e9es et moins fortement \u00e0 des temp\u00e9ratures basses. Il en r\u00e9sulte toujours un r\u00e9sultat de refroidissement optimal - automatiquement. Et le plus beau : vous n'avez pas besoin d'une source d'\u00e9nergie externe, vous pouvez vous d\u00e9placer librement - c'est vous qui d\u00e9cidez o\u00f9 et quand vous vous rafra\u00eechissez. Que ce soit \u00e0 l'int\u00e9rieur ou \u00e0 l'ext\u00e9rieur. Vous disposez ainsi d'une climatisation autonome qui peut \u00eatre utilis\u00e9e rapidement et facilement partout.<\/p>\n\n\n\n<h5 class=\"wp-block-heading\">3D COOL BOOSTER<\/h5>\n\n\n\n<p>Mais COOLINE peut faire encore mieux. Alors que vous devez attendre des heures dans des conditions extr\u00eames avec de la glace ou du mat\u00e9riel PCM, la surface 3D de COOLINE peut stocker une capacit\u00e9 de froid de 0 \u00e0 10\u00b0C en un temps record de 5 \u00e0 20 minutes (selon le produit) et la lib\u00e9rer efficacement en plus du froid d'\u00e9vaporation. Gr\u00e2ce \u00e0 l'utilisation de simples sacs isothermes mobiles et de packs de glace ou de glace pil\u00e9e, E.COOLINE est ainsi efficace m\u00eame \u00e0 des temp\u00e9ratures extr\u00eames et \u00e0 un taux d'humidit\u00e9 sup\u00e9rieur \u00e0 90% ou \u00e0 des v\u00eatements de protection \u00e9tanches \u00e0 l'air. En quelques minutes, le produit est toujours pr\u00eat \u00e0 l'emploi. Les produits SlimCOOL en b\u00e9n\u00e9ficient \u00e9galement.<\/p>\n\n\n\n<p>Dans 90% les cas, vous n'avez pas du tout besoin du Cool Booster. La technologie 3D seule avec le froid par \u00e9vaporation suffit g\u00e9n\u00e9ralement amplement. Ce qui est bien, c'est que vous avez un produit pour tous les cas.<\/p>\n\n\n\n<p><strong>Dans 90% de toutes les applications, la technologie 3D-COOL avec du froid \u00e9vaporatif pur refroidit efficacement le corps jusqu'\u00e0 12\u00b0C avec jusqu'\u00e0 660 Wh. Vous n'avez pas besoin de r\u00e9frig\u00e9rateur ni de cong\u00e9lateur. \u00c9conomisez ainsi 97% CO2 !<\/strong><\/p>\n\n\n\n<p><strong>M\u00eame dans des conditions extr\u00eames (plus de 90% d'humidit\u00e9), COOLINE SX3 fonctionne parfaitement. Dans ces cas-l\u00e0 (seulement 10% environ), vous n'avez besoin que d'un simple sac isotherme avec des accumulateurs de froid ou des sacs de glace pour le pr\u00e9-refroidissement.<\/strong><\/p>","protected":false},"excerpt":{"rendered":"<p>KLIMATECHNIK 5.0 COOLINE SX3 3D-HIGHTECHK\u00dcHLUNG PATENTIERTEINZIGARTIGAUSGEZEICHNET DIE KLIMAANLAGE ZUM ANZIEHEN Hohe Qualit\u00e4t, brillante 3D-Technologie, nat\u00fcrliche K\u00e4ltemittel, wie Wasser und Luft und eine hochwertige Verarbeitung in schickem Design: COOLINE SX3 bietet alles, was nachhaltige Klimatisierung der Spitzenklasse ben\u00f6tigt. Das COOLINE SX3 Hightech- Vlies hat die Eigenschaft, gro\u00dfe Mengen Wasser sekundenschnell im Innern zu binden und direkt [&hellip;]<\/p>\n","protected":false},"author":1,"featured_media":0,"parent":0,"menu_order":0,"comment_status":"closed","ping_status":"closed","template":"","meta":{"om_disable_all_campaigns":false,"_monsterinsights_skip_tracking":false,"_monsterinsights_sitenote_active":false,"_monsterinsights_sitenote_note":"","_monsterinsights_sitenote_category":0,"footnotes":""},"class_list":["post-284","page","type-page","status-publish","hentry"],"aioseo_notices":[],"_links":{"self":[{"href":"https:\/\/epar-service.com\/fr\/wp-json\/wp\/v2\/pages\/284","targetHints":{"allow":["GET"]}}],"collection":[{"href":"https:\/\/epar-service.com\/fr\/wp-json\/wp\/v2\/pages"}],"about":[{"href":"https:\/\/epar-service.com\/fr\/wp-json\/wp\/v2\/types\/page"}],"author":[{"embeddable":true,"href":"https:\/\/epar-service.com\/fr\/wp-json\/wp\/v2\/users\/1"}],"replies":[{"embeddable":true,"href":"https:\/\/epar-service.com\/fr\/wp-json\/wp\/v2\/comments?post=284"}],"version-history":[{"count":1,"href":"https:\/\/epar-service.com\/fr\/wp-json\/wp\/v2\/pages\/284\/revisions"}],"predecessor-version":[{"id":285,"href":"https:\/\/epar-service.com\/fr\/wp-json\/wp\/v2\/pages\/284\/revisions\/285"}],"wp:attachment":[{"href":"https:\/\/epar-service.com\/fr\/wp-json\/wp\/v2\/media?parent=284"}],"curies":[{"name":"wp","href":"https:\/\/api.w.org\/{rel}","templated":true}]}}