{"id":280,"date":"2025-01-25T19:49:26","date_gmt":"2025-01-25T19:49:26","guid":{"rendered":"https:\/\/epar-service.com\/?page_id=280"},"modified":"2025-01-25T20:08:21","modified_gmt":"2025-01-25T20:08:21","slug":"e-cooline-powercool-sx3-race-gilet-refroidissant-votre-gilet-refroidissant-contre-le-stress-thermique","status":"publish","type":"page","link":"https:\/\/epar-service.com\/fr\/e-cooline-powercool-sx3-race-gilet-refroidissant-votre-gilet-refroidissant-contre-le-stress-thermique\/","title":{"rendered":"E.COOLINE Powercool SX3 RaceWeste - gilet rafra\u00eechissant - votre gilet rafra\u00eechissant contre le stress d\u00fb \u00e0 la chaleur"},"content":{"rendered":"<h5 class=\"wp-block-heading\">Powercool SX3 RaceWeste - le gilet de refroidissement parfait pour le sport<\/h5>\n\n\n\n<p>Avec la E.COOLINE&nbsp;<strong>Powercool SX3 RaceWeste<\/strong>&nbsp;avec la technologie de refroidissement 3D COOLINE SX3, vous restez au frais m\u00eame quand il fait chaud. Que ce soit pour&nbsp;<strong>au travail, en faisant du jogging, de la moto ou du v\u00e9lo<\/strong>&nbsp;ou simplement&nbsp;<strong>lors d'un barbecue<\/strong>&nbsp;- le gilet rafra\u00eechissant assure un refroidissement agr\u00e9ablement sec avec jusqu'\u00e0 660 watts et donc un climat de bien-\u00eatre parfait.&nbsp;<strong>\u00c0 l'int\u00e9rieur et \u00e0 l'ext\u00e9rieur<\/strong>! Elle soulage le stress d\u00fb \u00e0 la chaleur et les probl\u00e8mes de sant\u00e9 caus\u00e9s par des temp\u00e9ratures \u00e9lev\u00e9es et vous aide \u00e0 retrouver une portion d'\u00e9nergie suppl\u00e9mentaire. Des \u00e9tudes scientifiques ont confirm\u00e9 l'efficacit\u00e9 de E.COOLINE.<\/p>\n\n\n\n<p>Le mat\u00e9riau l\u00e9ger et souple avec maille extensible int\u00e9gr\u00e9e conf\u00e8re au gilet de course sportif une coupe agr\u00e9able et un excellent confort de port ! Gr\u00e2ce \u00e0 sa coupe pr\u00e8s du corps et \u00e0 sa fermeture \u00e9clair plate, le gilet de refroidissement peut \u00eatre port\u00e9 aussi bien par-dessus que sous d'autres v\u00eatements, comme par exemple un \u00e9quipement de moto, une combinaison de pompier ou tout simplement sous un costume au bureau.<\/p>\n\n\n\n<p>Le gilet Race a une coupe sportive courte. Veuillez donc tenir compte des indications de longueur dans le dos pour ce produit.<\/p>\n\n\n\n<p><strong>mat\u00e9riel :&nbsp;<\/strong>Dessus : 100% polyester ; mesh : 83% polyester \/17% \u00e9lasthanne ; rembourrage : 100% COOLINE polyester<\/p>\n\n\n\n<p>Avec le gilet de course E.COOLINE, vous vous rafra\u00eechissez&nbsp;<strong>climatiquement neutre<\/strong>&nbsp;avec une&nbsp;<strong>Technologie \"Made in Germany<\/strong>&nbsp;<br>&nbsp;<\/p>\n\n\n\n<hr class=\"wp-block-separator has-alpha-channel-opacity\"\/>\n\n\n\n<h5 class=\"wp-block-heading\">Vue \u00e0 360\u00b0 - E.COOLINE Powercool SX3 RaceVest \/ Gilet rafra\u00eechissant<\/h5>\n\n\n\n<figure class=\"wp-block-image\"><img decoding=\"async\" src=\"https:\/\/cdn02.plentymarkets.com\/07jvlffix7ng\/frontend\/Gifs\/E_COOLINE_Westen\/Powercool_SX3_Raceweste_-_animiert_WEB.gif\" alt=\"Vue \u00e0 360\u00b0 - E.COOLINE Powercool SX3 RaceVest \/ Gilet rafra\u00eechissant\"\/><\/figure>\n\n\n\n<h5 class=\"wp-block-heading\">TABLEAU DES TAILLES<\/h5>\n\n\n\n<figure class=\"wp-block-table\"><table class=\"has-fixed-layout\"><tbody><tr><td>&nbsp;Taille<\/td><td>&nbsp;Largeur\/Tour de poitrine<\/td><td>&nbsp;Longueur&nbsp;&nbsp;<\/td><\/tr><tr><td>XXS&nbsp;&nbsp;<\/td><td>77 - 84 cm<\/td><td>44 cm<\/td><\/tr><tr><td>XS<\/td><td>&nbsp;84 - 88 cm<\/td><td>46 cm<\/td><\/tr><tr><td>S<\/td><td>88 - 92 cm<\/td><td>48 cm<\/td><\/tr><tr><td>M<\/td><td>92 - 96 cm<\/td><td>50 cm<\/td><\/tr><tr><td>&nbsp;L<\/td><td>&nbsp;96 - 100 cm<\/td><td>52 cm<\/td><\/tr><tr><td>&nbsp;XL<\/td><td>&nbsp;100 - 106 cm<\/td><td>56 cm<\/td><\/tr><tr><td>&nbsp;XXL<\/td><td>&nbsp;106 - 114 cm<\/td><td>59 cm<\/td><\/tr><tr><td>&nbsp;3XL<\/td><td>&nbsp;114 - 120 cm<\/td><td>62 cm<\/td><\/tr><tr><td>4XL<\/td><td>&nbsp;120 - 126 cm<\/td><td>64 cm<\/td><\/tr><\/tbody><\/table><\/figure>\n\n\n\n<h5 class=\"wp-block-heading\">ACTIVIT\u00c9<\/h5>\n\n\n\n<p>Activer les produits E.COOLINE est simple et rapide. Mettre de l'eau - enrouler - essuyer.<\/p>\n\n\n\n<figure class=\"wp-block-embed is-type-video is-provider-youtube wp-block-embed-youtube wp-embed-aspect-16-9 wp-has-aspect-ratio\"><div class=\"wp-block-embed__wrapper\">\n<iframe loading=\"lazy\" title=\"Pour activer votre gilet-shirt E.COOLINE Powercool SX3, proc\u00e9dez comme suit\" width=\"500\" height=\"281\" src=\"https:\/\/www.youtube.com\/embed\/yaru7NmcFLo?feature=oembed\" frameborder=\"0\" allow=\"accelerometer; autoplay; clipboard-write; encrypted-media; gyroscope; picture-in-picture; web-share\" referrerpolicy=\"strict-origin-when-cross-origin\" allowfullscreen><\/iframe>\n<\/div><\/figure>\n\n\n\n<h5 class=\"wp-block-heading\">CONSEILS D'ENTRETIEN<\/h5>\n\n\n\n<p><strong>E.COOLINE V\u00eatements r\u00e9frig\u00e9rants<\/strong>&nbsp;est - contrairement \u00e0 la plupart des autres textiles \u00e0 fonction de refroidissement&nbsp;<strong>lavable<\/strong>.<\/p>\n\n\n\n<figure class=\"wp-block-image is-resized\"><img decoding=\"async\" src=\"https:\/\/cdn02.plentymarkets.com\/07jvlffix7ng\/frontend\/E_COOLINE_E_COMMERCE\/Bilder_fuer_Produktbeschreibungen_allg\/Gluehbirne_pix_Artikeldetail1.png\" alt=\"Ce qu&#039;il faut savoir sur l&#039;activation et la technologie\" style=\"width:41px;height:auto\"\/><\/figure>\n\n\n\n<p><strong><a href=\"https:\/\/epar-service.com\/fr\/ce-quil-faut-savoir-sur-lactivation-et-la-technologie\/\" title=\"Ce qu&#039;il faut savoir sur l&#039;activation et la technologie\">Ce qu'il faut savoir sur l'activation et la technologie<\/a><\/strong><\/p>\n\n\n\n<p><\/p>","protected":false},"excerpt":{"rendered":"<p>Powercool SX3 RaceWeste \u2013 die perfekte K\u00fchlweste beim Sport Mit der E.COOLINE&nbsp;Powercool SX3 RaceWeste&nbsp;mit der 3D -K\u00fchltechnologie COOLINE SX3 bleiben Sie auch bei Hitze herrlich cool. Ob bei&nbsp;der Arbeit, beim Joggen, Motorrad- oder Radfahren&nbsp;oder einfach&nbsp;beim Grillen&nbsp;\u2013 die K\u00fchlweste sorgt mit bis zu 660 Watt f\u00fcr eine angenehm trockene K\u00fchlung und damit f\u00fcr ein perfektes Wohlf\u00fchlklima.&nbsp;Indoor [&hellip;]<\/p>\n","protected":false},"author":1,"featured_media":0,"parent":0,"menu_order":0,"comment_status":"closed","ping_status":"closed","template":"","meta":{"om_disable_all_campaigns":false,"_monsterinsights_skip_tracking":false,"_monsterinsights_sitenote_active":false,"_monsterinsights_sitenote_note":"","_monsterinsights_sitenote_category":0,"footnotes":""},"class_list":["post-280","page","type-page","status-publish","hentry"],"aioseo_notices":[],"_links":{"self":[{"href":"https:\/\/epar-service.com\/fr\/wp-json\/wp\/v2\/pages\/280","targetHints":{"allow":["GET"]}}],"collection":[{"href":"https:\/\/epar-service.com\/fr\/wp-json\/wp\/v2\/pages"}],"about":[{"href":"https:\/\/epar-service.com\/fr\/wp-json\/wp\/v2\/types\/page"}],"author":[{"embeddable":true,"href":"https:\/\/epar-service.com\/fr\/wp-json\/wp\/v2\/users\/1"}],"replies":[{"embeddable":true,"href":"https:\/\/epar-service.com\/fr\/wp-json\/wp\/v2\/comments?post=280"}],"version-history":[{"count":4,"href":"https:\/\/epar-service.com\/fr\/wp-json\/wp\/v2\/pages\/280\/revisions"}],"predecessor-version":[{"id":289,"href":"https:\/\/epar-service.com\/fr\/wp-json\/wp\/v2\/pages\/280\/revisions\/289"}],"wp:attachment":[{"href":"https:\/\/epar-service.com\/fr\/wp-json\/wp\/v2\/media?parent=280"}],"curies":[{"name":"wp","href":"https:\/\/api.w.org\/{rel}","templated":true}]}}