{"id":213,"date":"2025-01-01T17:59:03","date_gmt":"2025-01-01T17:59:03","guid":{"rendered":"https:\/\/epar-service.com\/?page_id=213"},"modified":"2025-07-21T21:02:00","modified_gmt":"2025-07-21T21:02:00","slug":"mate-xb","status":"publish","type":"page","link":"https:\/\/epar-service.com\/fr\/mate-xb\/","title":{"rendered":"MATE - XB"},"content":{"rendered":"<div class=\"wp-block-group alignfull has-white-color has-pale-cyan-blue-background-color has-text-color has-background has-global-padding is-layout-constrained wp-container-core-group-is-layout-6493990a wp-block-group-is-layout-constrained\" style=\"padding-top:0vw;padding-right:0vw;padding-bottom:0vw;padding-left:0vw\">\n<h1 class=\"wp-block-heading has-text-align-center\">Technologie de soutien musculaire Exosquelette<\/h1>\n\n\n\n<p class=\"has-text-align-center\">MATE-XB est un exosquelette non motoris\u00e9 con\u00e7u pour r\u00e9duire la fatigue dans la r\u00e9gion lombaire pour les travailleurs qui d\u00e9placent des poids. Il aide l'utilisateur \u00e0 travailler dans diff\u00e9rentes positions statiques ou \u00e0 soulever des charges de mani\u00e8re r\u00e9p\u00e9t\u00e9e.<\/p>\n\n\n\n<h2 class=\"wp-block-heading\" id=\"gf849df257f1a\">Exosquelette robotique portable sans batterie<\/h2>\n\n\n\n<p>D\u00e9couvrez comment l'exosquelette portable non propuls\u00e9 de Comau -&nbsp;<strong>MATE-XB<\/strong>&nbsp;- stocke l'\u00e9nergie humaine dans un ressort, aidant ainsi les travailleurs,<br>de soulever des objets lourds et des charges encombrantes avec moins d'efforts physiques et<br>de la fatigue.<\/p>\n\n\n\n<div class=\"wp-block-buttons is-content-justification-center is-layout-flex wp-container-core-buttons-is-layout-a89b3969 wp-block-buttons-is-layout-flex\">\n<div class=\"wp-block-button is-style-outline is-style-outline--1\"><a class=\"wp-block-button__link has-white-color has-text-color wp-element-button\" href=\"https:\/\/epar-service.com\/fr\/rueckerstattung_rueckgaben\/\">Contact<\/a><\/div>\n<\/div>\n<\/div>\n\n\n\n<div class=\"wp-block-group alignfull has-white-background-color has-background has-global-padding is-layout-constrained wp-container-core-group-is-layout-a4e63d72 wp-block-group-is-layout-constrained\" style=\"margin-top:0px;padding-top:4vw;padding-right:4vw;padding-bottom:4vw;padding-left:4vw\">\n<div class=\"wp-block-columns alignwide is-layout-flex wp-container-core-columns-is-layout-828b44bc wp-block-columns-is-layout-flex\">\n<div class=\"wp-block-column is-layout-flow wp-block-column-is-layout-flow\">\n<figure class=\"wp-block-image size-large is-style-default\"><img decoding=\"async\" src=\"https:\/\/www.comau.com\/wp-content\/webp-express\/webp-images\/uploads\/2023\/06\/uomo-a-sx.png.webp\" alt=\"MATE - XB\"\/><\/figure>\n\n\n\n<p>Cha\u00eene m\u00e9canique et cin\u00e9matique<br>Structure facilitant le libre mouvement de l'utilisateur.<br>L'appareil permet \u00e0 l'utilisateur de d\u00e9placer le coffre librement<br>La cha\u00eene cin\u00e9matique passive est con\u00e7ue pour \u00eatre compacte autour du corps humain<br>La cha\u00eene cin\u00e9matique passive est con\u00e7ue de mani\u00e8re \u00e0 tenir compte de la compatibilit\u00e9 cin\u00e9matique entre l'homme et l'exosquelette.<\/p>\n<\/div>\n\n\n\n<div class=\"wp-block-column is-layout-flow wp-block-column-is-layout-flow\">\n<figure class=\"wp-block-image size-large is-style-default\"><img decoding=\"async\" src=\"https:\/\/www.comau.com\/wp-content\/webp-express\/webp-images\/uploads\/2023\/06\/Comau_MATE-XT_Exoskeleton_Lumbar_Support-1.png.webp\" alt=\"MATE - XB\"\/><\/figure>\n\n\n\n<p><strong>Interface de v\u00eatements<\/strong><br>Toutes les pi\u00e8ces sont en contact direct avec le corps de l'utilisateur.<br>Mat\u00e9riaux respirants et biocompatibles<br>Large surface d'appui pour r\u00e9partir les forces de r\u00e9action sans cr\u00e9er de points de force \u00e9lev\u00e9s.<\/p>\n<\/div>\n\n\n\n<div class=\"wp-block-column is-layout-flow wp-block-column-is-layout-flow\">\n<figure class=\"wp-block-image size-large is-style-default\"><img decoding=\"async\" src=\"https:\/\/www.comau.com\/wp-content\/webp-express\/webp-images\/uploads\/2023\/06\/Comau_MATE-XT_Exoskeleton_Back_Body-2.png.webp\" alt=\"MATE - XB\"\/><\/figure>\n\n\n\n<p><strong>Bo\u00eete de g\u00e9n\u00e9ration de couple (TGB)<\/strong><br>M\u00e9canisme central qui stocke et transforme l'\u00e9nergie m\u00e9canique potentielle pour produire un couple d'assistance r\u00e9glable.<br>Le soutien est proportionnel au couple g\u00e9n\u00e9r\u00e9 par le haut du corps, soutien doux jusqu'\u00e0 25 kg<br>possibilit\u00e9 de r\u00e9gler la hauteur du soutien sur 5 niveaux<br>Aucun obstacle \u00e0 la marche.<\/p>\n<\/div>\n<\/div>\n<\/div>\n\n\n\n<div class=\"wp-block-group alignfull has-white-color has-pale-cyan-blue-background-color has-text-color has-background has-global-padding is-layout-constrained wp-container-core-group-is-layout-5789501e wp-block-group-is-layout-constrained\" style=\"margin-top:0px;padding-top:4vw;padding-right:4vw;padding-bottom:4vw;padding-left:4vw\">\n<div class=\"wp-block-columns is-layout-flex wp-container-core-columns-is-layout-403af8ad wp-block-columns-is-layout-flex\">\n<div class=\"wp-block-column is-layout-flow wp-block-column-is-layout-flow\">\n<p class=\"has-text-align-center\" style=\"font-size:clamp(35.2px, 2.2rem + ((1vw - 3.2px) * 2.824), 64px);line-height:1\"><strong>2,4 Kg<\/strong><\/p>\n\n\n\n<p class=\"has-text-align-center has-medium-font-size\">Poids<\/p>\n<\/div>\n\n\n\n<div class=\"wp-block-column is-layout-flow wp-block-column-is-layout-flow\">\n<p class=\"has-text-align-center\" style=\"font-size:clamp(35.2px, 2.2rem + ((1vw - 3.2px) * 2.824), 64px);line-height:1\"><strong>62%<\/strong><\/p>\n\n\n\n<p class=\"has-text-align-center has-medium-font-size\">Soulagement du dos<\/p>\n<\/div>\n\n\n\n<div class=\"wp-block-column is-layout-flow wp-block-column-is-layout-flow\">\n<p class=\"has-text-align-center\" style=\"font-size:clamp(35.2px, 2.2rem + ((1vw - 3.2px) * 2.824), 64px);line-height:1\"><strong>84%<\/strong><\/p>\n\n\n\n<p class=\"has-text-align-center has-medium-font-size\">Fatigue musculaire r\u00e9duite<\/p>\n<\/div>\n\n\n\n<div class=\"wp-block-column is-layout-flow wp-block-column-is-layout-flow\">\n<p class=\"has-text-align-center\" style=\"font-size:clamp(35.2px, 2.2rem + ((1vw - 3.2px) * 2.824), 64px);line-height:1\"><strong>25%<\/strong><\/p>\n\n\n\n<p class=\"has-text-align-center has-medium-font-size\">Plus de force pour soulever<\/p>\n<\/div>\n<\/div>\n<\/div>\n\n\n\n<h3 class=\"wp-block-heading\">QU'EST-CE QUE MATE-XB ?<\/h3>\n\n\n\n<p>MATE-XB est un exosquelette non motoris\u00e9 con\u00e7u pour soulager les muscles de la r\u00e9gion lombaire des travailleurs qui doivent d\u00e9placer des poids. Il aide l'utilisateur \u00e0 travailler dans diff\u00e9rentes positions, par exemple en se penchant avec les jambes (accroupissement), en se penchant en avant ou en soulevant des charges de mani\u00e8re r\u00e9p\u00e9t\u00e9e. L'appareil a \u00e9t\u00e9 con\u00e7u pour r\u00e9duire la pression sur le dos lors de ces activit\u00e9s et am\u00e9liorer la qualit\u00e9 du travail de l'utilisateur.<\/p>\n\n\n\n<h3 class=\"wp-block-heading\">MATE-XB VOUS OFFRE EXACTEMENT LE BON NIVEAU DE SOUTIEN<\/h3>\n\n\n\n<figure class=\"wp-block-image\"><img decoding=\"async\" src=\"https:\/\/www.comau.com\/wp-content\/uploads\/2023\/06\/Comau_MATE-XT_Exoskeleton_Lumbar_Support-2.png\" alt=\"MATE - XB\" class=\"wp-image-54474\"\/><\/figure>\n\n\n\n<p>Le soutien apport\u00e9 par l'exosquelette MATE-XB imite l'effet de la flexion du tronc sur le bas du dos.<\/p>\n\n\n\n<p>MATE-XB SE D\u00c9PLACE EN HARMONIE AVEC VOTRE CORPS<\/p>\n\n\n\n<figure class=\"wp-block-image\"><img decoding=\"async\" src=\"https:\/\/www.comau.com\/wp-content\/uploads\/2023\/06\/Comau_MATE-XT_Exoskeleton_Back_Body-2.png\" alt=\"MATE - XB\" class=\"wp-image-54480\"\/><\/figure>\n\n\n\n<p>Gr\u00e2ce \u00e0 une cha\u00eene de degr\u00e9s de libert\u00e9 passifs, l'exosquelette permet \u00e0 l'utilisateur d'avoir une totale libert\u00e9 de mouvement.<\/p>\n\n\n\n<h2 class=\"wp-block-heading\">MATE-XB s'adapte \u00e0 votre corps, vous donne la libert\u00e9 de bouger<\/h2>\n\n\n\n<figure class=\"wp-block-image\"><img decoding=\"async\" src=\"https:\/\/www.comau.com\/wp-content\/uploads\/2023\/06\/Comau_MATE-XT_Exoskeleton_Lumbar_Support-1.png\" alt=\"MATE - XB\" class=\"wp-image-54468\"\/><\/figure>\n\n\n\n<p><strong _msttexthash=\"1478854\" _msthash=\"5\">MATE-XB fonctionne quand, o\u00f9 et comme vous le faites<\/strong><\/p>\n\n\n\n<p>Le soutien apport\u00e9 par l'exosquelette MATE-XB imite l'effet de la flexion du tronc sur le bas du dos.<\/p>\n\n\n\n<h3 class=\"wp-block-heading\">MATE-XB SE D\u00c9PLACE EN HARMONIE AVEC VOTRE CORPS<\/h3>\n\n\n\n<p>Gr\u00e2ce \u00e0 une cha\u00eene de degr\u00e9s de libert\u00e9 passifs, l'exosquelette permet \u00e0 l'utilisateur d'avoir une totale libert\u00e9 de mouvement.<\/p>\n\n\n\n<p><strong>COMME VOUS LE FAITES MATE-XB FIT YOUR BODY<\/strong><\/p>\n\n\n\n<h3 class=\"wp-block-heading\">LA LIBERT\u00c9 DE MOUVEMENT<\/h3>\n\n\n\n<h2 class=\"wp-block-heading\">EXTR\u00caMEMENT ERGONOMIQUE, PARTOUT<\/h2>\n\n\n\n<div class=\"wp-block-buttons is-content-justification-center is-layout-flex wp-container-core-buttons-is-layout-a89b3969 wp-block-buttons-is-layout-flex\">\n<div class=\"wp-block-button\"><a class=\"wp-block-button__link has-text-align-center wp-element-button\" href=\"https:\/\/epar-service.com\/fr\/rueckerstattung_rueckgaben\/\">Contact DEMO<\/a><\/div>\n<\/div>\n\n\n\n<div class=\"wp-block-group alignfull has-white-color has-pale-cyan-blue-background-color has-text-color has-background has-global-padding is-layout-constrained wp-container-core-group-is-layout-2b508e44 wp-block-group-is-layout-constrained\" style=\"margin-top:0px;padding-top:4vw;padding-right:4vw;padding-bottom:4vw;padding-left:4vw\">\n<h3 class=\"wp-block-heading has-text-align-center\">Au bout du compte, il y a MATE<\/h3>\n\n\n\n<p>MATE est l'abr\u00e9viation de Muscular Aiding Tech Exoskeleton.<\/p>\n\n\n\n<p>Il s'agit d'une combinaison exosquelette passive \u00e0 ressort (c'est-\u00e0-dire sans articulation motoris\u00e9e ni batterie) qui offre aux travailleurs une assistance antigravitationnelle pour la flexion et l'extension des \u00e9paules. MATE est particuli\u00e8rement adapt\u00e9 au travail en hauteur.<\/p>\n\n\n\n<div class=\"wp-block-buttons is-content-justification-center is-layout-flex wp-container-core-buttons-is-layout-766bf85b wp-block-buttons-is-layout-flex\">\n<div class=\"wp-block-button is-style-outline is-style-outline--2\"><a class=\"wp-block-button__link has-white-color has-text-color wp-element-button\" href=\"https:\/\/epar-service.com\/fr\/rueckerstattung_rueckgaben\/\">Contact<\/a><\/div>\n<\/div>\n<\/div>","protected":false},"excerpt":{"rendered":"<p>Muskelunterst\u00fctzende Technologie Exoskelett MATE-XB ist ein nicht angetriebenes Exoskelett zur Verringerung der Erm\u00fcdung im Lendenwirbelbereich f\u00fcr Arbeiter, die Gewichte bewegen. Es unterst\u00fctzt den Benutzer bei der Arbeit in verschiedenen statischen Positionen oder beim wiederholten Heben von Lasten. Batterieloses, tragbares Roboter-Exoskelett Erfahren Sie, wie das nicht angetriebene tragbare Exoskelett von Comau \u2013&nbsp;MATE-XB&nbsp;\u2013 menschliche Energie in einer [&hellip;]<\/p>\n","protected":false},"author":1,"featured_media":0,"parent":0,"menu_order":0,"comment_status":"closed","ping_status":"closed","template":"","meta":{"om_disable_all_campaigns":false,"_monsterinsights_skip_tracking":false,"_monsterinsights_sitenote_active":false,"_monsterinsights_sitenote_note":"","_monsterinsights_sitenote_category":0,"footnotes":""},"class_list":["post-213","page","type-page","status-publish","hentry"],"aioseo_notices":[],"_links":{"self":[{"href":"https:\/\/epar-service.com\/fr\/wp-json\/wp\/v2\/pages\/213","targetHints":{"allow":["GET"]}}],"collection":[{"href":"https:\/\/epar-service.com\/fr\/wp-json\/wp\/v2\/pages"}],"about":[{"href":"https:\/\/epar-service.com\/fr\/wp-json\/wp\/v2\/types\/page"}],"author":[{"embeddable":true,"href":"https:\/\/epar-service.com\/fr\/wp-json\/wp\/v2\/users\/1"}],"replies":[{"embeddable":true,"href":"https:\/\/epar-service.com\/fr\/wp-json\/wp\/v2\/comments?post=213"}],"version-history":[{"count":14,"href":"https:\/\/epar-service.com\/fr\/wp-json\/wp\/v2\/pages\/213\/revisions"}],"predecessor-version":[{"id":352,"href":"https:\/\/epar-service.com\/fr\/wp-json\/wp\/v2\/pages\/213\/revisions\/352"}],"wp:attachment":[{"href":"https:\/\/epar-service.com\/fr\/wp-json\/wp\/v2\/media?parent=213"}],"curies":[{"name":"wp","href":"https:\/\/api.w.org\/{rel}","templated":true}]}}