{"id":207,"date":"2024-12-31T15:27:18","date_gmt":"2024-12-31T15:27:18","guid":{"rendered":"https:\/\/epar-service.com\/?page_id=207"},"modified":"2025-08-23T16:07:26","modified_gmt":"2025-08-23T16:07:26","slug":"agadexo-epaule","status":"publish","type":"page","link":"https:\/\/epar-service.com\/fr\/agadexo-epaule\/","title":{"rendered":"AGADEXO Epaules"},"content":{"rendered":"<div class=\"wp-block-group alignfull has-white-color has-pale-cyan-blue-background-color has-text-color has-background has-global-padding is-layout-constrained wp-container-core-group-is-layout-6493990a wp-block-group-is-layout-constrained\" style=\"padding-top:0vw;padding-right:0vw;padding-bottom:0vw;padding-left:0vw\">\n<h1 class=\"wp-block-heading has-text-align-center\">Le premier exosquelette industriel intelligent, <\/h1>\n\n\n\n<p class=\"has-text-align-center has-medium-font-size\">vise \u00e0 r\u00e9duire le risque de troubles musculaires de l'\u00e9paule lors des t\u00e2ches manuelles de manutention.<\/p>\n\n\n\n<div class=\"wp-block-buttons is-content-justification-center is-layout-flex wp-container-core-buttons-is-layout-a89b3969 wp-block-buttons-is-layout-flex\">\n<div class=\"wp-block-button is-style-outline is-style-outline--1\"><a class=\"wp-block-button__link has-white-color has-text-color wp-element-button\" href=\"https:\/\/epar-service.com\/fr\/rueckerstattung_rueckgaben\/\">Contact<\/a><\/div>\n<\/div>\n<\/div>\n\n\n\n<div class=\"wp-block-group alignfull has-white-background-color has-background has-global-padding is-layout-constrained wp-container-core-group-is-layout-a4e63d72 wp-block-group-is-layout-constrained\" style=\"margin-top:0px;padding-top:4vw;padding-right:4vw;padding-bottom:4vw;padding-left:4vw\">\n<div class=\"wp-block-columns alignwide is-layout-flex wp-container-core-columns-is-layout-828b44bc wp-block-columns-is-layout-flex\">\n<div class=\"wp-block-column is-layout-flow wp-block-column-is-layout-flow\">\n<div class=\"wp-block-buttons is-layout-flex wp-block-buttons-is-layout-flex\">\n<div class=\"wp-block-button\"><a class=\"wp-block-button__link wp-element-button\">Design ergonomique et robuste<\/a><\/div>\n<\/div>\n<\/div>\n\n\n\n<div class=\"wp-block-column is-layout-flow wp-block-column-is-layout-flow\">\n<div class=\"wp-block-buttons is-layout-flex wp-block-buttons-is-layout-flex\">\n<div class=\"wp-block-button\"><a class=\"wp-block-button__link wp-element-button\">Une technologie hybride efficace<\/a><\/div>\n<\/div>\n<\/div>\n\n\n\n<div class=\"wp-block-column is-layout-flow wp-block-column-is-layout-flow\">\n<div class=\"wp-block-buttons is-layout-flex wp-block-buttons-is-layout-flex\">\n<div class=\"wp-block-button\"><a class=\"wp-block-button__link wp-element-button\">Contr\u00f4le intuitif et rapide<\/a><\/div>\n<\/div>\n<\/div>\n<\/div>\n\n\n\n<h1 class=\"wp-block-heading\">La robotique portable au service des travailleurs<\/h1>\n\n\n\n<p><strong>R\u00e9duction du stress<\/strong><\/p>\n\n\n\n<p>Am\u00e9liore les performances physiques en r\u00e9duisant le stress et le risque de douleurs musculaires caus\u00e9es par des activit\u00e9s de cueillette manuelle \u00e9puisantes.<\/p>\n\n\n\n<p><strong>Am\u00e9lioration des performances<\/strong><\/p>\n\n\n\n<p>Con\u00e7u pour aider les utilisateurs sans entraver leurs activit\u00e9s professionnelles, am\u00e9liorant ainsi \u00e0 la fois leur bien-\u00eatre et leur productivit\u00e9.<\/p>\n\n\n\n<p><strong>Mise en \u0153uvre flexible<\/strong><\/p>\n\n\n\n<p>Convient \u00e0 diff\u00e9rents sc\u00e9narios d'application avec une gestion simple sur plusieurs couches de travail.<\/p>\n\n\n\n<p><strong>Mise en place rapide<\/strong><\/p>\n\n\n\n<p>Une prise en main rapide pour les utilisateurs, sans adaptation n\u00e9cessaire des postes de travail de l'usine.<\/p>\n\n\n\n<figure class=\"wp-block-video\"><video autoplay loop muted preload=\"auto\" src=\"https:\/\/agade-exoskeletons.com\/wp-content\/uploads\/2023\/11\/agade.v3.mp4\" playsinline><\/video><\/figure>\n\n\n\n<h2 class=\"wp-block-heading\">L'exosquelette id\u00e9al pour les t\u00e2ches manuelles de manutention de mat\u00e9riaux<\/h2>\n\n\n\n<figure class=\"wp-block-image\"><img decoding=\"async\" src=\"https:\/\/agade-exoskeletons.com\/wp-content\/uploads\/2023\/10\/acade-immagine-logo.svg\" alt=\"AGADEXO Epaules\"\/><\/figure>\n\n\n\n<p>Le premier exosquelette bas\u00e9 sur une technologie semi-active avec intelligence artificielle int\u00e9gr\u00e9e, capable de reconna\u00eetre et d'assister automatiquement les activit\u00e9s de pr\u00e9paration de commandes.<\/p>\n\n\n\n<figure class=\"wp-block-image\"><img decoding=\"async\" src=\"https:\/\/agade-exoskeletons.com\/wp-content\/uploads\/2023\/11\/assistenza-digirale-icon.svg\" alt=\"AGADEXO Epaules\"\/><\/figure>\n\n\n\n<h2 class=\"wp-block-heading\">Un soutien intelligent<\/h2>\n\n\n\n<p>Les bracelets munis de capteurs et d'algorithmes d'intelligence artificielle permettent \u00e0 Agadexo Shoulder de s'activer automatiquement uniquement lorsque l'utilisateur soul\u00e8ve\/abaisse une charge utile et de fournir une assistance si n\u00e9cessaire.<\/p>\n\n\n\n<figure class=\"wp-block-image\"><img decoding=\"async\" src=\"https:\/\/agade-exoskeletons.com\/wp-content\/uploads\/2023\/11\/Agade-prodotto.jpg\" alt=\"AGADEXO Epaules\"\/><\/figure>\n\n\n\n<figure class=\"wp-block-image\"><img decoding=\"async\" src=\"https:\/\/agade-exoskeletons.com\/wp-content\/uploads\/2023\/11\/tecnologia-ibrida-icon.svg\" alt=\"AGADEXO Epaules\"\/><\/figure>\n\n\n\n<h2 class=\"wp-block-heading\">Une technologie hybride efficace<\/h2>\n\n\n\n<p>Les actionneurs semi-actifs sont compos\u00e9s d'un m\u00e9canisme \u00e9lastique coupl\u00e9 \u00e0 un moteur \u00e9lectrique et sont con\u00e7us pour minimiser la consommation d'\u00e9nergie, r\u00e9duire le poids des moteurs et des batteries et am\u00e9liorer le confort de l'utilisateur.<\/p>\n\n\n\n<figure class=\"wp-block-image\"><img decoding=\"async\" src=\"https:\/\/agade-exoskeletons.com\/wp-content\/uploads\/2023\/11\/Agade-13-esoscheletro.jpg\" alt=\"AGADEXO Epaules\"\/><\/figure>\n\n\n\n<figure class=\"wp-block-image\"><img decoding=\"async\" src=\"https:\/\/agade-exoskeletons.com\/wp-content\/uploads\/2023\/11\/comando-icon.svg\" alt=\"AGADEXO Epaules\"\/><\/figure>\n\n\n\n<h2 class=\"wp-block-heading\">Contr\u00f4le intuitif et rapide<\/h2>\n\n\n\n<p>Une interface de commande conviviale assure un confort maximal pour la gestion et le contr\u00f4le de l'appareil.<\/p>\n\n\n\n<figure class=\"wp-block-image\"><img decoding=\"async\" src=\"https:\/\/agade-exoskeletons.com\/wp-content\/uploads\/2023\/11\/Agade-08-esoscheletro-1.jpg\" alt=\"AGADEXO Epaules\"\/><\/figure>\n\n\n\n<figure class=\"wp-block-image\"><img decoding=\"async\" src=\"https:\/\/agade-exoskeletons.com\/wp-content\/uploads\/2023\/11\/design-icon.svg\" alt=\"AGADEXO Epaules\"\/><\/figure>\n\n\n\n<h2 class=\"wp-block-heading\">Design ergonomique et robuste<\/h2>\n\n\n\n<p>La structure m\u00e9canique en fibre de carbone est con\u00e7ue pour garantir une libert\u00e9 de mouvement, une l\u00e9g\u00e8ret\u00e9 et une r\u00e9sistance maximales.<\/p>\n\n\n\n<figure class=\"wp-block-image\"><img decoding=\"async\" src=\"https:\/\/agade-exoskeletons.com\/wp-content\/uploads\/2023\/11\/Agade-09-esoscheletro-1.jpg\" alt=\"AGADEXO Epaules\"\/><\/figure>\n\n\n\n<figure class=\"wp-block-image\"><img decoding=\"async\" src=\"https:\/\/agade-exoskeletons.com\/wp-content\/uploads\/2023\/11\/Agade-17-esoscheletro-1-638x1024.png\" alt=\"AGADEXO Epaules\" title=\"Agade-17-esoscheletro\"\/><\/figure>\n\n\n\n<p><a href=\"https:\/\/agade-exoskeletons.com\/wp-content\/uploads\/2023\/11\/Agade-17-esoscheletro-1.png\"><\/a><\/p>\n\n\n\n<figure class=\"wp-block-image\"><img decoding=\"async\" src=\"https:\/\/agade-exoskeletons.com\/wp-content\/uploads\/2023\/11\/Agade-16-esoscheletro-1.png\" alt=\"AGADEXO Epaules\" title=\"Agade-16-esoscheletro\"\/><\/figure>\n\n\n\n<p><a href=\"https:\/\/agade-exoskeletons.com\/wp-content\/uploads\/2023\/11\/Agade-16-esoscheletro-1.png\"><\/a><\/p>\n\n\n\n<figure class=\"wp-block-image\"><img decoding=\"async\" src=\"https:\/\/agade-exoskeletons.com\/wp-content\/uploads\/2023\/11\/Agade-1-esoscheletro-1-750x1024.png\" alt=\"AGADEXO Epaules\" title=\"Agade-1-esoscheletro\"\/><\/figure>\n\n\n\n<p><a href=\"https:\/\/agade-exoskeletons.com\/wp-content\/uploads\/2023\/11\/Agade-1-esoscheletro-1.png\"><\/a><\/p>\n\n\n\n<figure class=\"wp-block-image\"><img decoding=\"async\" src=\"https:\/\/agade-exoskeletons.com\/wp-content\/uploads\/2023\/11\/Agade-18-esoscheletro-1.png\" alt=\"AGADEXO Epaules\" title=\"Agade-18-esoscheletro\"\/><\/figure>\n\n\n\n<p><a href=\"https:\/\/agade-exoskeletons.com\/wp-content\/uploads\/2023\/11\/Agade-18-esoscheletro-1.png\"><\/a><\/p>\n\n\n\n<figure class=\"wp-block-image\"><img decoding=\"async\" src=\"https:\/\/agade-exoskeletons.com\/wp-content\/uploads\/2023\/11\/Agade-05-esoscheletro-1.png\" alt=\"AGADEXO Epaules\" title=\"Agade-05-esoscheletro\"\/><\/figure>\n\n\n\n<p><a href=\"https:\/\/agade-exoskeletons.com\/wp-content\/uploads\/2023\/11\/Agade-05-esoscheletro-1.png\"><\/a><\/p>\n\n\n\n<figure class=\"wp-block-image\"><img decoding=\"async\" src=\"https:\/\/agade-exoskeletons.com\/wp-content\/uploads\/2023\/11\/Agade-10-esoscheletro-1-804x1024.png\" alt=\"AGADEXO Epaules\" title=\"Agade-10-esoscheletro\"\/><\/figure>\n\n\n\n<p><a href=\"https:\/\/agade-exoskeletons.com\/wp-content\/uploads\/2023\/11\/Agade-10-esoscheletro-1.png\"><\/a><\/p>\n\n\n\n<figure class=\"wp-block-image\"><img decoding=\"async\" src=\"https:\/\/agade-exoskeletons.com\/wp-content\/uploads\/2023\/11\/Agade-11-esoscheletro-1-837x1024.png\" alt=\"AGADEXO Epaules\" title=\"Agade-11-esoscheletro\"\/><\/figure>\n\n\n\n<p><a href=\"https:\/\/agade-exoskeletons.com\/wp-content\/uploads\/2023\/11\/Agade-11-esoscheletro-1.png\"><\/a><\/p>\n\n\n\n<figure class=\"wp-block-image\"><img decoding=\"async\" src=\"https:\/\/agade-exoskeletons.com\/wp-content\/uploads\/2023\/11\/Agade-12-esoscheletro-1.png\" alt=\"AGADEXO Epaules\" title=\"Agade-12-esoscheletro\"\/><\/figure>\n\n\n\n<p><a href=\"https:\/\/agade-exoskeletons.com\/wp-content\/uploads\/2023\/11\/Agade-12-esoscheletro-1.png\"><\/a><\/p>\n\n\n\n<h3 class=\"wp-block-heading\">Jusqu'\u00e0 40 % de r\u00e9duction de la charge musculaire au niveau des \u00e9paules - En savoir plus sur l'\u00e9tude scientifique<\/h3>\n<\/div>\n\n\n\n<div class=\"wp-block-buttons is-content-justification-center is-layout-flex wp-container-core-buttons-is-layout-a89b3969 wp-block-buttons-is-layout-flex\">\n<div class=\"wp-block-button\"><a class=\"wp-block-button__link wp-element-button\" href=\"https:\/\/epar-service.com\/fr\/rueckerstattung_rueckgaben\/\">Contact DEMO<\/a><\/div>\n<\/div>\n\n\n\n<div class=\"wp-block-group alignfull has-white-color has-pale-cyan-blue-background-color has-text-color has-background has-global-padding is-layout-constrained wp-container-core-group-is-layout-2b508e44 wp-block-group-is-layout-constrained\" style=\"margin-top:0px;padding-top:4vw;padding-right:4vw;padding-bottom:4vw;padding-left:4vw\">\n<h3 class=\"wp-block-heading has-text-align-center\">Au final, tout est plus facile<\/h3>\n\n\n\n<h4 class=\"wp-block-heading\"><strong>Notre exosquelette d'\u00e9paule convainc par ses performances<\/strong><\/h4>\n\n\n\n<p>Agadexo Shoulder a \u00e9t\u00e9 con\u00e7u pour soulager les \u00e9paules lors des t\u00e2ches manuelles de manutention, r\u00e9duisant ainsi le risque de troubles musculo-squelettiques et d'accidents du travail. Il est adapt\u00e9 aux t\u00e2ches de levage, de port et d'abaissement du haut du corps, de la hanche \u00e0 la hauteur de la t\u00eate, que l'on rencontre fr\u00e9quemment dans les installations industrielles.<\/p>\n\n\n\n<div class=\"wp-block-buttons is-content-justification-center is-layout-flex wp-container-core-buttons-is-layout-766bf85b wp-block-buttons-is-layout-flex\">\n<div class=\"wp-block-button is-style-outline is-style-outline--2\"><a class=\"wp-block-button__link has-white-color has-text-color wp-element-button\" href=\"https:\/\/epar-service.com\/fr\/rueckerstattung_rueckgaben\/\">Contact<\/a><\/div>\n<\/div>\n<\/div>","protected":false},"excerpt":{"rendered":"<p>Das erste intelligente industrielle Exoskelett, das Risiko von Schultermuskelbeschwerden bei manuellen Materialtransportaufgaben reduzieren soll. Tragbare Robotik im Dienste der Arbeitnehmer Reduzierter Stress Verbessert die k\u00f6rperliche Leistungsf\u00e4higkeit durch Reduzierung von Stress und dem Risiko von Muskelschmerzen, die durch anstrengende manuelle Pfl\u00fcckeaktivit\u00e4ten verursacht werden. Verbesserte Leistung Entwickelt, um Benutzer zu unterst\u00fctzen, ohne ihre Arbeitsaktivit\u00e4ten zu behindern, und [&hellip;]<\/p>\n","protected":false},"author":1,"featured_media":0,"parent":0,"menu_order":0,"comment_status":"closed","ping_status":"closed","template":"","meta":{"om_disable_all_campaigns":false,"_monsterinsights_skip_tracking":false,"_monsterinsights_sitenote_active":false,"_monsterinsights_sitenote_note":"","_monsterinsights_sitenote_category":0,"footnotes":""},"class_list":["post-207","page","type-page","status-publish","hentry"],"aioseo_notices":[],"_links":{"self":[{"href":"https:\/\/epar-service.com\/fr\/wp-json\/wp\/v2\/pages\/207","targetHints":{"allow":["GET"]}}],"collection":[{"href":"https:\/\/epar-service.com\/fr\/wp-json\/wp\/v2\/pages"}],"about":[{"href":"https:\/\/epar-service.com\/fr\/wp-json\/wp\/v2\/types\/page"}],"author":[{"embeddable":true,"href":"https:\/\/epar-service.com\/fr\/wp-json\/wp\/v2\/users\/1"}],"replies":[{"embeddable":true,"href":"https:\/\/epar-service.com\/fr\/wp-json\/wp\/v2\/comments?post=207"}],"version-history":[{"count":4,"href":"https:\/\/epar-service.com\/fr\/wp-json\/wp\/v2\/pages\/207\/revisions"}],"predecessor-version":[{"id":423,"href":"https:\/\/epar-service.com\/fr\/wp-json\/wp\/v2\/pages\/207\/revisions\/423"}],"wp:attachment":[{"href":"https:\/\/epar-service.com\/fr\/wp-json\/wp\/v2\/media?parent=207"}],"curies":[{"name":"wp","href":"https:\/\/api.w.org\/{rel}","templated":true}]}}