{"id":144,"date":"2024-12-25T20:26:42","date_gmt":"2024-12-25T20:26:42","guid":{"rendered":"https:\/\/epar-service.com\/?page_id=144"},"modified":"2024-12-27T07:48:16","modified_gmt":"2024-12-27T07:48:16","slug":"thorax-ssm","status":"publish","type":"page","link":"https:\/\/epar-service.com\/fr\/thorax-ssm\/","title":{"rendered":"Thorax SSM"},"content":{"rendered":"<p class=\"has-text-align-center\"><strong>PROT\u00c8GE - SOUTIENT - STABILISE<\/strong><\/p>\n\n\n\n<p><img alt=\"Thorax SSM\" decoding=\"async\" src=\"https:\/\/www.thorax-ssm.com\/media\/a0\/ea\/fc\/1699013021\/Carbon-Hintergrund-Slider-Element.png\" srcset=\"https:\/\/www.thorax-ssm.com\/thumbnail\/a0\/ea\/fc\/1699013021\/Carbon-Hintergrund-Slider-Element_1920x1920.png 1920w, https:\/\/www.thorax-ssm.com\/thumbnail\/a0\/ea\/fc\/1699013021\/Carbon-Hintergrund-Slider-Element_800x800.png 800w, https:\/\/www.thorax-ssm.com\/thumbnail\/a0\/ea\/fc\/1699013021\/Carbon-Hintergrund-Slider-Element_400x400.png 400w\"><\/p>\n\n\n\n<h2 class=\"wp-block-heading\"><strong>TECHNOLOGIE DU THORAX SSM<\/strong><\/h2>\n\n\n\n<figure class=\"wp-block-image\"><img decoding=\"async\" src=\"https:\/\/www.thorax-ssm.com\/media\/e7\/ab\/b4\/1712127380\/Thorax-1000x1000-4mb.gif\" alt=\"Thorax SSM\"\/><\/figure>\n\n\n\n<p>Le site&nbsp;<strong>Module de soutien de la colonne thoracique par ax-lightness<\/strong>&nbsp;est un soutien de la colonne vert\u00e9brale avec un guidage du dos de la base du bassin jusqu'aux \u00e9paules et soutient la position debout, assise, la marche et le levage.<br><br>La structure anatomique permet une sollicitation cibl\u00e9e de tous les groupes musculaires tout en garantissant une s\u00e9curit\u00e9 maximale pour la colonne vert\u00e9brale. Une posture droite dans tous les types de mouvements contribue ainsi \u00e0 la stabilisation.<br><br>Gr\u00e2ce \u00e0 sa conception et \u00e0 sa construction, notre syst\u00e8me permet de stabiliser dynamiquement et activement l'ensemble du tronc. Le cadre en carbone garantit une r\u00e9partition optimale de la charge lors du soul\u00e8vement et du port de charges lourdes, ainsi que lors du port de sacs \u00e0 dos ou d'autres charges port\u00e9es sur le dos. Gr\u00e2ce au guidage actif de la colonne vert\u00e9brale dans le syst\u00e8me, les mouvements de rotation du tronc sont contr\u00f4l\u00e9s de mani\u00e8re dynamique et la colonne vert\u00e9brale est prot\u00e9g\u00e9e contre les dommages li\u00e9s \u00e0 la rotation. La musculature est stimul\u00e9e pour travailler activement, ce qui entra\u00eene une utilisation nettement plus importante des muscles du tronc. Dans ce cas, les articulations concern\u00e9es sont particuli\u00e8rement prot\u00e9g\u00e9es par le syst\u00e8me actif. La ceinture scapulaire, la colonne vert\u00e9brale, le bassin et les hanches subissent une charge anatomique, ce qui entra\u00eene une meilleure r\u00e9partition des forces et donc une posture plus douce.<\/p>\n\n\n\n<h4 class=\"wp-block-heading\"><strong>#SProt\u00e9gerSoutenirStabiliser<\/strong><\/h4>\n\n\n\n<figure class=\"wp-block-embed is-type-video is-provider-youtube wp-block-embed-youtube wp-embed-aspect-16-9 wp-has-aspect-ratio\"><div class=\"wp-block-embed__wrapper\">\n<iframe loading=\"lazy\" title=\"Thorax SSM par ax-lightness\" width=\"500\" height=\"281\" src=\"https:\/\/www.youtube.com\/embed\/GyBHTrOKfDs?feature=oembed\" frameborder=\"0\" allow=\"accelerometer; autoplay; clipboard-write; encrypted-media; gyroscope; picture-in-picture; web-share\" referrerpolicy=\"strict-origin-when-cross-origin\" allowfullscreen><\/iframe>\n<\/div><\/figure>\n\n\n\n<p><img alt=\"Thorax SSM\" decoding=\"async\" src=\"https:\/\/www.thorax-ssm.com\/media\/a0\/ea\/fc\/1699013021\/Carbon-Hintergrund-Slider-Element.png\" srcset=\"https:\/\/www.thorax-ssm.com\/thumbnail\/a0\/ea\/fc\/1699013021\/Carbon-Hintergrund-Slider-Element_1920x1920.png 1920w, https:\/\/www.thorax-ssm.com\/thumbnail\/a0\/ea\/fc\/1699013021\/Carbon-Hintergrund-Slider-Element_800x800.png 800w, https:\/\/www.thorax-ssm.com\/thumbnail\/a0\/ea\/fc\/1699013021\/Carbon-Hintergrund-Slider-Element_400x400.png 400w\"><\/p>\n\n\n\n<h2 class=\"wp-block-heading\"><strong>STRUCTURE DU THORAX SSM<\/strong><\/h2>\n\n\n\n<figure class=\"wp-block-image\"><img decoding=\"async\" src=\"https:\/\/www.thorax-ssm.com\/media\/b6\/5e\/70\/1707124126\/Thorax-Frontansicht_Beschriftung-2023%20-%20140x180mm.jpg\" alt=\"Thorax SSM\"\/><\/figure>\n\n\n\n<ul class=\"wp-block-list\">\n<li>Carbone T800 de haute qualit\u00e9 avec renforts en aramide et en fibre de verre<\/li>\n\n\n\n<li>Haut degr\u00e9 d'ajustement gr\u00e2ce aux \u00e9l\u00e9ments individuels du dos<\/li>\n\n\n\n<li>\u00e0 partir de 690 grammes<\/li>\n\n\n\n<li>5 tailles standard et personnalisables<\/li>\n\n\n\n<li>Rembourrage rempla\u00e7able et lavable \u00e0 60 \u00b0C<\/li>\n\n\n\n<li>Comprend 6 \u00e9l\u00e9ments (bretelles et bretelles dorsales, 2 barrettes centrales, 1 barrette pelvienne, 1 plastron et des sangles de maintien avec fermeture magn\u00e9tique).<\/li>\n<\/ul>\n\n\n\n<figure class=\"wp-block-image\"><img decoding=\"async\" src=\"https:\/\/www.thorax-ssm.com\/media\/96\/49\/7f\/1699020897\/IMG_0029.JPG\" alt=\"Thorax SSM\"\/><\/figure>\n\n\n\n<p><img alt=\"Thorax SSM\" decoding=\"async\" src=\"https:\/\/www.thorax-ssm.com\/media\/a0\/ea\/fc\/1699013021\/Carbon-Hintergrund-Slider-Element.png\" srcset=\"https:\/\/www.thorax-ssm.com\/thumbnail\/a0\/ea\/fc\/1699013021\/Carbon-Hintergrund-Slider-Element_1920x1920.png 1920w, https:\/\/www.thorax-ssm.com\/thumbnail\/a0\/ea\/fc\/1699013021\/Carbon-Hintergrund-Slider-Element_800x800.png 800w, https:\/\/www.thorax-ssm.com\/thumbnail\/a0\/ea\/fc\/1699013021\/Carbon-Hintergrund-Slider-Element_400x400.png 400w\"><\/p>\n\n\n\n<h2 class=\"wp-block-heading\"><strong>DOMAINES D'APPLICATION DU SSM THORACIQUE<\/strong><\/h2>\n\n\n\n<p class=\"has-text-align-center\"><img alt=\"Thorax SSM\" decoding=\"async\" srcset=\"https:\/\/www.thorax-ssm.com\/thumbnail\/2a\/63\/59\/1712065332\/_DSC0196-beschnitten_web_400x400.jpg 400w, https:\/\/www.thorax-ssm.com\/thumbnail\/2a\/63\/59\/1712065332\/_DSC0196-beschnitten_web_800x800.jpg 800w, https:\/\/www.thorax-ssm.com\/thumbnail\/2a\/63\/59\/1712065332\/_DSC0196-beschnitten_web_1920x1920.jpg 1920w\" src=\"https:\/\/www.thorax-ssm.com\/media\/2a\/63\/59\/1712065332\/_DSC0196-beschnitten_web.jpg\"><strong>INDUSTRIE &amp; ARTISANAT - Assemblage, construction d'installations, fabrication &amp; artisanat<\/strong><img alt=\"Thorax SSM\" decoding=\"async\" srcset=\"https:\/\/www.thorax-ssm.com\/thumbnail\/dd\/d9\/c8\/1712228895\/_DSC0206_ohne-Logo_web_400x400.jpg 400w, https:\/\/www.thorax-ssm.com\/thumbnail\/dd\/d9\/c8\/1712228895\/_DSC0206_ohne-Logo_web_800x800.jpg 800w, https:\/\/www.thorax-ssm.com\/thumbnail\/dd\/d9\/c8\/1712228895\/_DSC0206_ohne-Logo_web_1920x1920.jpg 1920w\" src=\"https:\/\/www.thorax-ssm.com\/media\/dd\/d9\/c8\/1712228895\/_DSC0206_ohne-Logo_web.jpg\"><strong>LOGISTIQUE - Entrep\u00f4t, transport, Pick &amp; Pack<\/strong><\/p>\n\n\n\n<p class=\"has-text-align-center\"><img alt=\"Thorax SSM\" decoding=\"async\" srcset=\"https:\/\/www.thorax-ssm.com\/thumbnail\/14\/59\/68\/1699021768\/IMG_0114_800x800.jpg 800w, https:\/\/www.thorax-ssm.com\/thumbnail\/14\/59\/68\/1699021768\/IMG_0114_400x400.jpg 400w, https:\/\/www.thorax-ssm.com\/thumbnail\/14\/59\/68\/1699021768\/IMG_0114_1920x1920.jpg 1920w\" src=\"https:\/\/www.thorax-ssm.com\/media\/14\/59\/68\/1699021768\/IMG_0114.jpg\"><strong>Sant\u00e9 publique - Pompiers, services de secours et soins<\/strong><img alt=\"Thorax SSM\" decoding=\"async\" srcset=\"https:\/\/www.thorax-ssm.com\/thumbnail\/00\/f7\/bf\/1714036294\/DSC02641_web_400x400.jpg 400w, https:\/\/www.thorax-ssm.com\/thumbnail\/00\/f7\/bf\/1714036294\/DSC02641_web_800x800.jpg 800w, https:\/\/www.thorax-ssm.com\/thumbnail\/00\/f7\/bf\/1714036294\/DSC02641_web_1920x1920.jpg 1920w\" src=\"https:\/\/www.thorax-ssm.com\/media\/00\/f7\/bf\/1714036294\/DSC02641_web.jpg\"><strong>ADMINISTRATION &amp; BUREAU - Assis &amp; debout<\/strong><\/p>\n\n\n\n<p><img alt=\"Thorax SSM\" decoding=\"async\" src=\"https:\/\/www.thorax-ssm.com\/media\/a0\/ea\/fc\/1699013021\/Carbon-Hintergrund-Slider-Element.png\" srcset=\"https:\/\/www.thorax-ssm.com\/thumbnail\/a0\/ea\/fc\/1699013021\/Carbon-Hintergrund-Slider-Element_1920x1920.png 1920w, https:\/\/www.thorax-ssm.com\/thumbnail\/a0\/ea\/fc\/1699013021\/Carbon-Hintergrund-Slider-Element_800x800.png 800w, https:\/\/www.thorax-ssm.com\/thumbnail\/a0\/ea\/fc\/1699013021\/Carbon-Hintergrund-Slider-Element_400x400.png 400w\"><\/p>\n\n\n\n<h2 class=\"wp-block-heading\"><strong>CERTIFI\u00c9 PAR L'INSTITUT POUR LA SANT\u00c9 ET L'ERGONOMIE E.V. (IGR)<\/strong><\/h2>\n\n\n\n<figure class=\"wp-block-image\"><img decoding=\"async\" src=\"https:\/\/www.thorax-ssm.com\/media\/ab\/d5\/13\/1699273343\/IGR-Certificate_2022_07_2%20-%20DE.jpg\" alt=\"Thorax SSM\"\/><\/figure>\n\n\n\n<p>Le Thorax SSM a \u00e9t\u00e9 certifi\u00e9 conforme \u00e0 la norme DIN EN ISO 26800 par l'Institut f\u00fcr Gesundheit und Ergonomie e.V. (IGR). La norme DIN EN ISO 26800 repr\u00e9sente l'approche g\u00e9n\u00e9rale de la pens\u00e9e ergonomique et d\u00e9finit des principes et des concepts ergonomiques essentiels.<br><br>L'ergonomie s'int\u00e9resse aux facteurs humains, technologiques, \u00e9conomiques et organisationnels qui influencent le comportement, les activit\u00e9s et le bien-\u00eatre des personnes au travail.<\/p>\n\n\n\n<figure class=\"wp-block-image\"><img decoding=\"async\" src=\"https:\/\/www.thorax-ssm.com\/media\/e7\/ab\/b4\/1712127380\/Thorax-1000x1000-4mb.gif\" alt=\"Thorax SSM\"\/><\/figure>\n\n\n\n<p><img alt=\"Thorax SSM\" decoding=\"async\" src=\"https:\/\/www.thorax-ssm.com\/media\/a0\/ea\/fc\/1699013021\/Carbon-Hintergrund-Slider-Element.png\" srcset=\"https:\/\/www.thorax-ssm.com\/thumbnail\/a0\/ea\/fc\/1699013021\/Carbon-Hintergrund-Slider-Element_1920x1920.png 1920w, https:\/\/www.thorax-ssm.com\/thumbnail\/a0\/ea\/fc\/1699013021\/Carbon-Hintergrund-Slider-Element_800x800.png 800w, https:\/\/www.thorax-ssm.com\/thumbnail\/a0\/ea\/fc\/1699013021\/Carbon-Hintergrund-Slider-Element_400x400.png 400w\"><\/p>","protected":false},"excerpt":{"rendered":"<p>SCH\u00dcTZT \u00b7 ST\u00dcTZT \u00b7 STABILISIERT TECHNOLOGIE DES THORAX SSM Das&nbsp;Thorax Spine Support Module by ax-lightness&nbsp;ist eine Wirbels\u00e4ulenst\u00fctze mit R\u00fcckenf\u00fchrung vom Beckenansatz bis zu den Schultern und unterst\u00fctzt beim Stehen, Sitzen, Laufen und Heben. Durch den anatomischen Aufbau wird eine gezielte Muskelbeanspruchung aller Muskelgruppen erreicht unter der h\u00f6chstm\u00f6glichen Sicherheit f\u00fcr die Wirbels\u00e4ule. Eine gerade K\u00f6rperhaltung in [&hellip;]<\/p>\n","protected":false},"author":1,"featured_media":0,"parent":0,"menu_order":0,"comment_status":"closed","ping_status":"closed","template":"","meta":{"om_disable_all_campaigns":false,"_monsterinsights_skip_tracking":false,"_monsterinsights_sitenote_active":false,"_monsterinsights_sitenote_note":"","_monsterinsights_sitenote_category":0,"footnotes":""},"class_list":["post-144","page","type-page","status-publish","hentry"],"aioseo_notices":[],"_links":{"self":[{"href":"https:\/\/epar-service.com\/fr\/wp-json\/wp\/v2\/pages\/144","targetHints":{"allow":["GET"]}}],"collection":[{"href":"https:\/\/epar-service.com\/fr\/wp-json\/wp\/v2\/pages"}],"about":[{"href":"https:\/\/epar-service.com\/fr\/wp-json\/wp\/v2\/types\/page"}],"author":[{"embeddable":true,"href":"https:\/\/epar-service.com\/fr\/wp-json\/wp\/v2\/users\/1"}],"replies":[{"embeddable":true,"href":"https:\/\/epar-service.com\/fr\/wp-json\/wp\/v2\/comments?post=144"}],"version-history":[{"count":2,"href":"https:\/\/epar-service.com\/fr\/wp-json\/wp\/v2\/pages\/144\/revisions"}],"predecessor-version":[{"id":153,"href":"https:\/\/epar-service.com\/fr\/wp-json\/wp\/v2\/pages\/144\/revisions\/153"}],"wp:attachment":[{"href":"https:\/\/epar-service.com\/fr\/wp-json\/wp\/v2\/media?parent=144"}],"curies":[{"name":"wp","href":"https:\/\/api.w.org\/{rel}","templated":true}]}}