{"id":415,"date":"2025-08-23T15:58:20","date_gmt":"2025-08-23T15:58:20","guid":{"rendered":"https:\/\/epar-service.com\/?page_id=415"},"modified":"2025-08-23T16:04:47","modified_gmt":"2025-08-23T16:04:47","slug":"levantar-la-vista","status":"publish","type":"page","link":"https:\/\/epar-service.com\/es\/levantar-la-vista\/","title":{"rendered":"UPLIFT Leight"},"content":{"rendered":"<div class=\"wp-block-group alignfull has-white-color has-pale-cyan-blue-background-color has-text-color has-background has-global-padding is-layout-constrained wp-container-core-group-is-layout-6493990a wp-block-group-is-layout-constrained\" style=\"padding-top:0vw;padding-right:0vw;padding-bottom:0vw;padding-left:0vw\">\n<h1 class=\"wp-block-heading has-text-align-center\">Nuestro exoesqueleto ligero y extremadamente c\u00f3modo,<\/h1>\n\n\n\n<p class=\"has-text-align-center has-medium-font-size\">La mec\u00e1nica al servicio del sistema musculoesquel\u00e9tico humano<\/p>\n\n\n\n<div class=\"wp-block-buttons is-content-justification-center is-layout-flex wp-container-core-buttons-is-layout-a89b3969 wp-block-buttons-is-layout-flex\">\n<div class=\"wp-block-button is-style-outline is-style-outline--1\"><a class=\"wp-block-button__link has-white-color has-text-color wp-element-button\" href=\"https:\/\/epar-service.com\/es\/rueckerstattung_rueckgaben\/\">P\u00f3ngase en contacto con nosotros<\/a><\/div>\n<\/div>\n<\/div>\n\n\n\n<figure class=\"wp-block-image size-full\"><img loading=\"lazy\" decoding=\"async\" width=\"487\" height=\"608\" src=\"https:\/\/epar-service.com\/wp-content\/uploads\/2025\/08\/UPLIFT-Leight-1.jpg\" alt=\"UPLIFT Leight\" class=\"wp-image-417\" srcset=\"https:\/\/epar-service.com\/wp-content\/uploads\/2025\/08\/UPLIFT-Leight-1.jpg 487w, https:\/\/epar-service.com\/wp-content\/uploads\/2025\/08\/UPLIFT-Leight-1-240x300.jpg 240w, https:\/\/epar-service.com\/wp-content\/uploads\/2025\/08\/UPLIFT-Leight-1-10x12.jpg 10w\" sizes=\"auto, (max-width: 487px) 100vw, 487px\" \/><\/figure>\n\n\n\n<h2 class=\"wp-block-heading\">10 razones para optar por el exoesqueleto UPLIFT\u2122 Lite desarrollado por Mawashi<\/h2>\n\n\n\n<figure class=\"wp-block-image\"><img decoding=\"async\" src=\"https:\/\/uplift.mawashi.ca\/wp-content\/uploads\/2023\/07\/separator-left.svg\" alt=\"UPLIFT Leight\" class=\"wp-image-2712\" title=\"separador-izquierda\"\/><\/figure>\n\n\n\n<ul class=\"wp-block-list\">\n<li>M\u00e1s versatilidad<\/li>\n\n\n\n<li>Mayor libertad de movimientos<\/li>\n\n\n\n<li>Ergonom\u00eda y comodidad mejoradas<\/li>\n\n\n\n<li>Autonom\u00eda ilimitada<\/li>\n\n\n\n<li>Apoyo intuitivo y natural que sigue los principios biomec\u00e1nicos del cuerpo humano<\/li>\n<\/ul>\n\n\n\n<ul class=\"wp-block-list\">\n<li>Una soluci\u00f3n a medida<\/li>\n\n\n\n<li>Un exoesqueleto de la m\u00e1xima calidad<\/li>\n\n\n\n<li>Apoyo y una red de ayuda<\/li>\n\n\n\n<li>Una tecnolog\u00eda desarrollada por una empresa l\u00edder en este campo<\/li>\n\n\n\n<li>Una soluci\u00f3n pr\u00e1ctica y f\u00e1cil de usar<\/li>\n\n\n\n<li><\/li>\n<\/ul>\n\n\n\n<figure class=\"wp-block-embed is-type-video is-provider-youtube wp-block-embed-youtube wp-embed-aspect-16-9 wp-has-aspect-ratio\"><div class=\"wp-block-embed__wrapper\">\n<iframe loading=\"lazy\" title=\"Mawashi | Lanzamiento de UPLIFT Lite\" width=\"500\" height=\"281\" src=\"https:\/\/www.youtube.com\/embed\/JC-URQKIaBc?feature=oembed\" frameborder=\"0\" allow=\"accelerometer; autoplay; clipboard-write; encrypted-media; gyroscope; picture-in-picture; web-share\" referrerpolicy=\"strict-origin-when-cross-origin\" allowfullscreen><\/iframe>\n<\/div><\/figure>\n\n\n\n<h2 class=\"wp-block-heading\">Caracter\u00edsticas m\u00e1s importantes<\/h2>\n\n\n\n<figure class=\"wp-block-image\"><img decoding=\"async\" src=\"https:\/\/uplift.mawashi.ca\/wp-content\/uploads\/2023\/07\/shape-angle-2.svg\" alt=\"UPLIFT Leight\" class=\"wp-image-2723\" title=\"forma-\u00e1ngulo\"\/><\/figure>\n\n\n\n<ul class=\"wp-block-list\">\n<li>Asistencia personalizable que se adapta en tiempo real<\/li>\n\n\n\n<li>Control manual r\u00e1pido e intuitivo para activar o desactivar la compatibilidad con todos los m\u00f3dulos auxiliares<\/li>\n\n\n\n<li>Intuitivo, f\u00e1cil de usar y crear<\/li>\n\n\n\n<li>Asequible para todos los bolsillos<\/li>\n<\/ul>\n\n\n\n<ul class=\"wp-block-list\">\n<li>Materiales de alta calidad<\/li>\n\n\n\n<li>Ultraligero, s\u00f3lo 1,6 kg (3,5 lbs)<\/li>\n\n\n\n<li>Los materiales transpirables favorecen la circulaci\u00f3n del aire para una regulaci\u00f3n \u00f3ptima del calor corporal<\/li>\n<\/ul>","protected":false},"excerpt":{"rendered":"<p>Nuestro exoesqueleto ligero y extremadamente c\u00f3modo, la mec\u00e1nica al servicio del sistema musculoesquel\u00e9tico humano 10 razones para elegir el exoesqueleto UPLIFT\u2122 Lite desarrollado por Mawashi Caracter\u00edsticas principales<\/p>","protected":false},"author":1,"featured_media":0,"parent":0,"menu_order":0,"comment_status":"closed","ping_status":"closed","template":"","meta":{"om_disable_all_campaigns":false,"_monsterinsights_skip_tracking":false,"_monsterinsights_sitenote_active":false,"_monsterinsights_sitenote_note":"","_monsterinsights_sitenote_category":0,"footnotes":""},"class_list":["post-415","page","type-page","status-publish","hentry"],"aioseo_notices":[],"_links":{"self":[{"href":"https:\/\/epar-service.com\/es\/wp-json\/wp\/v2\/pages\/415","targetHints":{"allow":["GET"]}}],"collection":[{"href":"https:\/\/epar-service.com\/es\/wp-json\/wp\/v2\/pages"}],"about":[{"href":"https:\/\/epar-service.com\/es\/wp-json\/wp\/v2\/types\/page"}],"author":[{"embeddable":true,"href":"https:\/\/epar-service.com\/es\/wp-json\/wp\/v2\/users\/1"}],"replies":[{"embeddable":true,"href":"https:\/\/epar-service.com\/es\/wp-json\/wp\/v2\/comments?post=415"}],"version-history":[{"count":2,"href":"https:\/\/epar-service.com\/es\/wp-json\/wp\/v2\/pages\/415\/revisions"}],"predecessor-version":[{"id":422,"href":"https:\/\/epar-service.com\/es\/wp-json\/wp\/v2\/pages\/415\/revisions\/422"}],"wp:attachment":[{"href":"https:\/\/epar-service.com\/es\/wp-json\/wp\/v2\/media?parent=415"}],"curies":[{"name":"wp","href":"https:\/\/api.w.org\/{rel}","templated":true}]}}