{"id":378,"date":"2025-08-10T14:49:45","date_gmt":"2025-08-10T14:49:45","guid":{"rendered":"https:\/\/epar-service.com\/?page_id=378"},"modified":"2025-08-10T14:49:45","modified_gmt":"2025-08-10T14:49:45","slug":"exia-de-german-bionic","status":"publish","type":"page","link":"https:\/\/epar-service.com\/es\/exia-de-german-bionic\/","title":{"rendered":"EXIA de German Bionic"},"content":{"rendered":"<figure class=\"wp-block-image\"><img decoding=\"async\" src=\"https:\/\/framerusercontent.com\/images\/2HpIMMxn0cO3dSmhtr0t0lTWepg.jpg\" alt=\"GB Exia Hero Imagen\"\/><\/figure>\n\n\n\n<h3 class=\"wp-block-heading\">El exoesqueleto m\u00e1s potente del mundo<\/h3>\n\n\n\n<h3 class=\"wp-block-heading\">Exoesqueleto de IA para todos los usos: desde el trabajo m\u00e1s duro de la industria hasta la atenci\u00f3n emp\u00e1tica al paciente<\/h3>\n\n\n\n<p>Exia - IA aumentada que entiende c\u00f3mo trabajan las personas. Exia lleva a\u00f1os aprendiendo. De las personas. De miles de millones de datos de aplicaciones recopilados en la vida laboral real. El resultado: proporciona una asistencia inteligente y personalizada, haciendo que las personas sean m\u00e1s eficientes. Combina todos los casos de uso en un \u00fanico exoesqueleto de alto rendimiento. Y es que Exia, redise\u00f1ado desde cero, se adapta con flexibilidad a los usuarios, las tareas y los sectores.<\/p>\n\n\n\n<figure class=\"wp-block-image\"><img decoding=\"async\" src=\"https:\/\/framerusercontent.com\/images\/s9V9e4zDbzVc3Oddsn7ARkdYpfw.jpg\" alt=\"El exoesqueleto alem\u00e1n Bionic Exia ayuda a un mozo de almac\u00e9n a levantar cajas pesadas para mejorar la ergonom\u00eda y evitar lesiones de espalda en la log\u00edstica.\"\/><\/figure>\n\n\n\n<figure class=\"wp-block-image\"><img decoding=\"async\" src=\"https:\/\/framerusercontent.com\/images\/v7vYQaELJQwJFn61qziMts3VBw.jpg\" alt=\"El exoesqueleto rob\u00f3tico alem\u00e1n Bionic Exia ayuda a un trabajador industrial en tareas con la espalda encorvada, le proporciona apoyo lumbar y mejora la eficiencia en operaciones de almacenamiento.\"\/><\/figure>\n\n\n\n<figure class=\"wp-block-image\"><img decoding=\"async\" src=\"https:\/\/framerusercontent.com\/images\/eVguWHxDFW6zQ09rnGbirnnSwVs.jpg\" alt=\"El exoesqueleto rob\u00f3tico alem\u00e1n Bionic Exia facilita las tareas de levantamiento de cargas pesadas, ayuda a prevenir trastornos musculoesquel\u00e9ticos y aumenta la productividad.\"\/><\/figure>\n\n\n\n<h1 class=\"wp-block-heading\">Potencia de IA para todas las tareas<\/h1>\n\n\n\n<h2 class=\"wp-block-heading\">Menos esfuerzo, mejor salud y, por tanto, lugares de trabajo m\u00e1s seguros, inclusivos y atractivos: Exia alivia a las personas con discapacidades f\u00edsicas en el trabajo con una compensaci\u00f3n de peso de hasta 38 kg por movimiento de elevaci\u00f3n. Adem\u00e1s, contrarresta la escasez de mano de obra cualificada. Esto se debe a que reduce las ausencias por enfermedad, prolonga la vida laboral y hace que los puestos de trabajo sean m\u00e1s sostenibles, ya sea en log\u00edstica, construcci\u00f3n o asistencia.<\/h2>\n\n\n\n<h2 class=\"wp-block-heading\">Una herramienta que se adapta a las personas.<\/h2>\n\n\n\n<p>Cada persona es diferente. Cada tarea es \u00fanica. Exia se basa en la inteligencia artificial y el aprendizaje autom\u00e1tico, y utiliza miles de millones de datos an\u00f3nimos de situaciones de trabajo reales para comprender los movimientos individuales y proporcionar apoyo espec\u00edfico. Se adapta a la persona y a la actividad en tiempo real y proporciona ayuda exactamente donde m\u00e1s se necesita.<\/p>\n\n\n\n<p>Las ventajas de un vistazo:<\/p>\n\n\n\n<ul class=\"wp-block-list\">\n<li>Soporta hasta 38 kg por movimiento de elevaci\u00f3n<\/li>\n\n\n\n<li>Alivia la tensi\u00f3n al levantar, caminar, transportar y cargar, as\u00ed como al trabajar en posici\u00f3n inclinada.<\/li>\n\n\n\n<li>Ayuda a prevenir lesiones y trastornos musculoesquel\u00e9ticos (TME)<\/li>\n\n\n\n<li>Aprende con cada uso y mejora continuamente gracias a la IA<\/li>\n\n\n\n<li>Recibe actualizaciones peri\u00f3dicas por aire<\/li>\n\n\n\n<li>Integraci\u00f3n en flujos de trabajo digitales y plataformas de datos<\/li>\n\n\n\n<li>Robusto, resistente al polvo y al agua<\/li>\n\n\n\n<li>Probado y comprobado en situaciones reales de trabajo en la industria y la asistencia sanitaria<\/li>\n<\/ul>\n\n\n\n<h1 class=\"wp-block-heading\">Aumento humano de 360\u00b0 con IA<\/h1>\n\n\n\n<h2 class=\"wp-block-heading\">Totalmente conectado en red y dise\u00f1ado pensando en las personas: Los datos de aplicaci\u00f3n del exoesqueleto fluyen hacia el aprendizaje autom\u00e1tico avanzado. As\u00ed es como la IA hace posible que Exia se adapte continuamente a las necesidades individuales, los movimientos y las actividades de las personas en su vida laboral diaria.<\/h2>\n\n\n\n<p>Compa\u00f1ero de seguridad inteligente<\/p>\n\n\n\n<p>Sistema de alerta temprana de ergonom\u00eda asistido por inteligencia artificial<\/p>\n\n\n\n<p>Plataforma alemana Bionic IO<\/p>\n\n\n\n<p>Amplio an\u00e1lisis de datos, supervisi\u00f3n e informes basados en IA para optimizar los procesos de trabajo<\/p>\n\n\n\n<p>Aplicaci\u00f3n alemana Bionic Connect<\/p>\n\n\n\n<p>Integra y reconoce al usuario como parte integrante del sistema con retroalimentaci\u00f3n bidireccional.<\/p>\n\n\n\n<figure class=\"wp-block-video\"><video height=\"1080\" style=\"aspect-ratio: 1920 \/ 1080;\" width=\"1920\" controls src=\"https:\/\/epar-service.com\/wp-content\/uploads\/2025\/08\/Suevch4oN7z26XXZBTL83XeeU.mp4\"><\/video><\/figure>","protected":false},"excerpt":{"rendered":"<p>Das weltweit leistungsst\u00e4rkste Exoskelett KI-Exoskelett f\u00fcr alle Use Cases: vom h\u00e4rtesten Job in der Industrie bis zur einf\u00fchlsamen Pflege von Patienten Exia \u2013 Augmented AI, die versteht, wie Menschen arbeiten. Das Exia hat jahrelang gelernt. Vom Menschen. Aus Milliarden von Anwendungsdaten, die im realen Arbeitsalltag gesammelt wurden. Das Ergebnis: Es unterst\u00fctzt intelligent und personalisiert und [&hellip;]<\/p>\n","protected":false},"author":1,"featured_media":0,"parent":0,"menu_order":0,"comment_status":"closed","ping_status":"closed","template":"","meta":{"om_disable_all_campaigns":false,"_monsterinsights_skip_tracking":false,"_monsterinsights_sitenote_active":false,"_monsterinsights_sitenote_note":"","_monsterinsights_sitenote_category":0,"footnotes":""},"class_list":["post-378","page","type-page","status-publish","hentry"],"aioseo_notices":[],"_links":{"self":[{"href":"https:\/\/epar-service.com\/es\/wp-json\/wp\/v2\/pages\/378","targetHints":{"allow":["GET"]}}],"collection":[{"href":"https:\/\/epar-service.com\/es\/wp-json\/wp\/v2\/pages"}],"about":[{"href":"https:\/\/epar-service.com\/es\/wp-json\/wp\/v2\/types\/page"}],"author":[{"embeddable":true,"href":"https:\/\/epar-service.com\/es\/wp-json\/wp\/v2\/users\/1"}],"replies":[{"embeddable":true,"href":"https:\/\/epar-service.com\/es\/wp-json\/wp\/v2\/comments?post=378"}],"version-history":[{"count":1,"href":"https:\/\/epar-service.com\/es\/wp-json\/wp\/v2\/pages\/378\/revisions"}],"predecessor-version":[{"id":380,"href":"https:\/\/epar-service.com\/es\/wp-json\/wp\/v2\/pages\/378\/revisions\/380"}],"wp:attachment":[{"href":"https:\/\/epar-service.com\/es\/wp-json\/wp\/v2\/media?parent=378"}],"curies":[{"name":"wp","href":"https:\/\/api.w.org\/{rel}","templated":true}]}}