{"id":284,"date":"2025-01-25T19:55:55","date_gmt":"2025-01-25T19:55:55","guid":{"rendered":"https:\/\/epar-service.com\/?page_id=284"},"modified":"2025-01-25T19:55:55","modified_gmt":"2025-01-25T19:55:55","slug":"datos-interesantes-sobre-activacion-y-tecnologia","status":"publish","type":"page","link":"https:\/\/epar-service.com\/es\/datos-interesantes-sobre-activacion-y-tecnologia\/","title":{"rendered":"Datos interesantes sobre activaci\u00f3n y tecnolog\u00eda"},"content":{"rendered":"<h6 class=\"wp-block-heading\"><br>TECNOLOG\u00cdA DE AIRE ACONDICIONADO 5.0<\/h6>\n\n\n\n<h2 class=\"wp-block-heading\">COOLINE SX3<\/h2>\n\n\n\n<h1 class=\"wp-block-heading\">3D-HIGHTECH<br>REFRIGERACI\u00d3N<\/h1>\n\n\n\n<p><strong>PATENTADO<br><\/strong><strong>\u00daNICO<br>EXCELENTE<\/strong><\/p>\n\n\n\n<figure class=\"wp-block-image\"><img decoding=\"async\" src=\"https:\/\/e-cooline.de\/wp-content\/uploads\/2023\/02\/Cooline-SX3-Technologie-Verdunstungsdarstellung-1024%C3%971024px.webp\" alt=\"Pantalla de evaporaci\u00f3n con tecnolog\u00eda COOLINE SX3\" class=\"wp-image-2931\"\/><\/figure>\n\n\n\n<h2 class=\"wp-block-heading\">EL AIRE ACONDICIONADO PARA LLEVAR<\/h2>\n\n\n\n<p>Alta calidad, brillante tecnolog\u00eda 3D, refrigerantes naturales como el agua y el aire y un acabado de alta calidad en un dise\u00f1o elegante: COOLINE SX3 le ofrece todo lo que necesita para una climatizaci\u00f3n sostenible de primera clase.<\/p>\n\n\n\n<p>El forro polar de alta tecnolog\u00eda COOLINE SX3 tiene la capacidad de aglutinar grandes cantidades de agua en cuesti\u00f3n de segundos y almacenarla directamente en las fibras 3D inteligentes. La ventaja: se crea una superficie enormemente grande de mol\u00e9culas de agua, que pueden evaporarse inmediatamente y enfriar de forma eficaz. No se forman gotas de agua ni condensaci\u00f3n bajo presi\u00f3n, aunque se ejerza una presi\u00f3n extrema.<\/p>\n\n\n\n<figure class=\"wp-block-image\"><img decoding=\"async\" src=\"https:\/\/e-cooline.de\/wp-content\/uploads\/2023\/01\/UN-Woman-300x150px.jpg\" alt=\"Logo ONU-Mujeres\"\/><\/figure>\n\n\n\n<figure class=\"wp-block-image\"><img decoding=\"async\" src=\"https:\/\/e-cooline.de\/wp-content\/uploads\/2023\/02\/Logo-cool-coalition-300x150px.webp\" alt=\"Logo cool coalition-300x150px\"\/><\/figure>\n\n\n\n<figure class=\"wp-block-image\"><img decoding=\"async\" src=\"https:\/\/e-cooline.de\/wp-content\/uploads\/2023\/02\/Logo-Green-cooling-Initiative-300x150px.webp\" alt=\"Logo Green cooling Initiative-300x150px\"\/><\/figure>\n\n\n\n<figure class=\"wp-block-image\"><img decoding=\"async\" src=\"https:\/\/e-cooline.de\/wp-content\/uploads\/2024\/06\/E-COOLINE-CP-Klimaneutrale-Produkte.png\" alt=\"Productos ecol\u00f3gicos E-COOLINE-CP\"\/><\/figure>\n\n\n\n<figure class=\"wp-block-image\"><img decoding=\"async\" src=\"https:\/\/e-cooline.de\/wp-content\/uploads\/2023\/01\/ecooline-made-in-germany.jpg\" alt=\"ecooline made-in-germany\"\/><\/figure>\n\n\n\n<figure class=\"wp-block-image\"><img decoding=\"async\" src=\"https:\/\/e-cooline.de\/wp-content\/uploads\/2023\/01\/ecooline-patentierte-technologie.jpg\" alt=\"tecnolog\u00eda patentada ecooline\"\/><\/figure>\n\n\n\n<figure class=\"wp-block-image\"><img decoding=\"async\" src=\"https:\/\/e-cooline.de\/wp-content\/uploads\/2023\/01\/Logo-ecooline-cooling-effekt-durch-hohenstein-bestaetigt.jpg\" alt=\"Logo-ecool-efecto-enfriador-por-piedra-alta-confirmado\"\/><\/figure>\n\n\n\n<figure class=\"wp-block-image\"><img decoding=\"async\" src=\"https:\/\/e-cooline.de\/wp-content\/uploads\/2023\/01\/Caring-for-Climate-300x150uex.jpg\" alt=\"Caring-for-Climate-300x150\u00fcx\"\/><\/figure>\n\n\n\n<figure class=\"wp-block-image\"><img decoding=\"async\" src=\"https:\/\/e-cooline.de\/wp-content\/uploads\/2023\/01\/ecooline-alliance-for-climate-Kopie.jpg\" alt=\"ecooline-alliance-for-climate - Copiar\"\/><\/figure>\n\n\n\n<figure class=\"wp-block-image\"><img decoding=\"async\" src=\"https:\/\/e-cooline.de\/wp-content\/uploads\/2023\/01\/Logo_Textilbuendnis-Kopie.png\" alt=\"Logo_Textilb\u00fcndnis - Copiar\"\/><\/figure>\n\n\n\n<figure class=\"wp-block-image\"><img decoding=\"async\" src=\"https:\/\/e-cooline.de\/wp-content\/uploads\/2023\/01\/Senat-der-Wirtschaft-300x150px-Kopie.jpg\" alt=\"Senado de la econom\u00eda-300x150px - Copiar\"\/><\/figure>\n\n\n\n<figure class=\"wp-block-image\"><img decoding=\"async\" src=\"https:\/\/e-cooline.de\/wp-content\/uploads\/2023\/01\/suedwesttextil-Kopie.png\" alt=\"s\u00fcdwesttextil - Copiar\"\/><\/figure>\n\n\n\n<figure class=\"wp-block-image\"><img decoding=\"async\" src=\"https:\/\/e-cooline.de\/wp-content\/uploads\/2023\/01\/UN-Woman-300x150px.jpg\" alt=\"Logo ONU-Mujeres\"\/><\/figure>\n\n\n\n<figure class=\"wp-block-image\"><img decoding=\"async\" src=\"https:\/\/e-cooline.de\/wp-content\/uploads\/2023\/02\/Logo-cool-coalition-300x150px.webp\" alt=\"Logo cool coalition-300x150px\"\/><\/figure>\n\n\n\n<figure class=\"wp-block-image\"><img decoding=\"async\" src=\"https:\/\/e-cooline.de\/wp-content\/uploads\/2023\/02\/Logo-Green-cooling-Initiative-300x150px.webp\" alt=\"Logo Green cooling Initiative-300x150px\"\/><\/figure>\n\n\n\n<figure class=\"wp-block-image\"><img decoding=\"async\" src=\"https:\/\/e-cooline.de\/wp-content\/uploads\/2024\/06\/E-COOLINE-CP-Klimaneutrale-Produkte.png\" alt=\"Productos ecol\u00f3gicos E-COOLINE-CP\"\/><\/figure>\n\n\n\n<figure class=\"wp-block-image\"><img decoding=\"async\" src=\"https:\/\/e-cooline.de\/wp-content\/uploads\/2023\/01\/ecooline-made-in-germany.jpg\" alt=\"ecooline made-in-germany\"\/><\/figure>\n\n\n\n<figure class=\"wp-block-image\"><img decoding=\"async\" src=\"https:\/\/e-cooline.de\/wp-content\/uploads\/2023\/01\/ecooline-patentierte-technologie.jpg\" alt=\"tecnolog\u00eda patentada ecooline\"\/><\/figure>\n\n\n\n<figure class=\"wp-block-image\"><img decoding=\"async\" src=\"https:\/\/e-cooline.de\/wp-content\/uploads\/2023\/01\/Logo-ecooline-cooling-effekt-durch-hohenstein-bestaetigt.jpg\" alt=\"Logo-ecool-efecto-enfriador-por-piedra-alta-confirmado\"\/><\/figure>\n\n\n\n<figure class=\"wp-block-image\"><img decoding=\"async\" src=\"https:\/\/e-cooline.de\/wp-content\/uploads\/2023\/01\/Caring-for-Climate-300x150uex.jpg\" alt=\"Caring-for-Climate-300x150\u00fcx\"\/><\/figure>\n\n\n\n<p>EFECTIVAMENTE FRESCO, PERO AGRADABLEMENTE SECO<\/p>\n\n\n\n<h2 class=\"wp-block-heading\">TECNOLOG\u00cdA CLIM\u00c1TICA<br>CON FIBRAS INTELIGENTES<\/h2>\n\n\n\n<p>Los usos potenciales del material 3D-COOL son inmensos y ya han demostrado su eficacia en muchos \u00e1mbitos en los \u00faltimos a\u00f1os. Cuando se integra en la ropa, el vell\u00f3n de alta tecnolog\u00eda puede utilizarse como un sistema de aire acondicionado. Sencillo, eficaz y neutro para el clima, con un factor de bienestar.<\/p>\n\n\n\n<p>Gracias a sus excelentes prestaciones, el material es utilizado por empresas l\u00edderes en el campo de la protecci\u00f3n de la salud en lugares de trabajo expuestos al calor, en cl\u00ednicas y por m\u00e9dicos en el campo neurol\u00f3gico, por ejemplo en la esclerosis m\u00faltiple, pero tambi\u00e9n en el ocio y el deporte. Ahora, el material COOLINE SX3 tambi\u00e9n desempe\u00f1a un papel destacado en la p\u00e9rdida de peso.<\/p>\n\n\n\n<p>Elaborado en dise\u00f1os de moda, el material es r\u00e1pido de usar y se seca por fuera. Gracias a su acabado antibacteriano natural con DEOXX fresh, no s\u00f3lo se mantiene fresco, sino tambi\u00e9n higi\u00e9nicamente limpio. Son precisamente estas ventajas las que distinguen a COOLINE SX3 de todos los dem\u00e1s materiales disponibles en el mercado. Para una maravillosa sensaci\u00f3n de frescor.<\/p>\n\n\n\n<p><a href=\"https:\/\/e-cooline.de\/shop\">COMPRAR AHORA<\/a><\/p>\n\n\n\n<figure class=\"wp-block-image\"><a href=\"https:\/\/e-cooline.de\/shop\/kuehlwesten\/e-cooline-powercool-sx3-raceweste\/\"><img decoding=\"async\" src=\"https:\/\/e-cooline.de\/wp-content\/uploads\/2023\/02\/Raceweste_Site-IF-award-Logo-links-Kopie.webp\" alt=\"Chaleco de carreras con el logotipo del Premio iF en el lateral\" class=\"wp-image-2858\"\/><\/a><\/figure>\n\n\n\n<figure class=\"wp-block-image\"><img decoding=\"async\" src=\"https:\/\/e-cooline.de\/wp-content\/uploads\/2023\/03\/if_designaward2021_red_p_rgb-154x300.png\" alt=\"Premio IF de dise\u00f1o de logotipos 2021\" class=\"wp-image-6364\"\/><\/figure>\n\n\n\n<figure class=\"wp-block-image\"><a href=\"https:\/\/e-cooline.de\/shop\/kuehlshirts\/e-cooline-powercool-sx3-t-shirt\/\"><img decoding=\"async\" src=\"https:\/\/e-cooline.de\/wp-content\/uploads\/2023\/02\/Powercool-SX3-T-Shirt-Design-Award.webp\" alt=\"Camiseta Powercool SX3 con logotipo iF Design Award\" class=\"wp-image-2857\"\/><\/a><\/figure>\n\n\n\n<h5 class=\"wp-block-heading\">LISTO PARA USAR EN SEGUNDOS<\/h5>\n\n\n\n<p>Los productos E.COOLINE se activan con agua en segundos, se secan r\u00e1pidamente y est\u00e1n inmediatamente listos para su uso con una capacidad de refrigeraci\u00f3n de 660 vatios por litro.<\/p>\n\n\n\n<h5 class=\"wp-block-heading\">10 HORAS FR\u00cdO<\/h5>\n\n\n\n<p>El material COOLINE SX3 almacena suficiente agua para mantenerte seco y fresco durante todo el d\u00eda.<\/p>\n\n\n\n<h5 class=\"wp-block-heading\">LAVABLE<\/h5>\n\n\n\n<p>Los productos E.COOLINE son los \u00fanicos tejidos refrigerantes funcionales lavables con DEOXX fresh. Basta con lavarlos a mano o en la lavadora a 30 \u00b0C.<\/p>\n\n\n\n<p>POSIBLE DIFERENCIA DE REFRIGERACI\u00d3N<\/p>\n\n\n\n<p>12\u00b0C<\/p>\n\n\n\n<figure class=\"wp-block-image\"><img decoding=\"async\" src=\"https:\/\/e-cooline.de\/wp-content\/uploads\/2023\/02\/COOLINE-SX3-Hybrid-Technologie-1500x1500px.webp\" alt=\"COOLINE SX3 Tecnolog\u00eda h\u00edbrida\" class=\"wp-image-2967\"\/><\/figure>\n\n\n\n<h2 class=\"wp-block-heading\">ADAPTACI\u00d3N INDIVIDUAL A LA TEMPERATURA AMBIENTE<\/h2>\n\n\n\n<p>La tecnolog\u00eda 3D \u00fanica y patentada lo hace posible: cada producto con vell\u00f3n COOLINE SX3 puede ser personalizado por cada usuario seg\u00fan sus necesidades. En m\u00e1s de 90% de casos, E.COOLINE funciona seg\u00fan el principio de evaporaci\u00f3n 3D COOL. Si necesita m\u00e1s refrigeraci\u00f3n, por supuesto puede reforzar el sistema en cualquier momento seg\u00fan sus necesidades. Lea c\u00f3mo a continuaci\u00f3n.<\/p>\n\n\n\n<p>Lo mejor de ellos es que enfr\u00edan de forma eficaz y sostenible. S\u00f3lo utilizamos refrigerantes naturales como el agua y el aire. Adem\u00e1s, la tecnolog\u00eda es r\u00e1pida, f\u00e1cil, pr\u00e1ctica y m\u00f3vil, y puede utilizarse en cualquier lugar. Con los geniales dise\u00f1os de los&nbsp;<strong><a href=\"https:\/\/e-cooline.de\/shop\">E.COOLINE<\/a><\/strong>&nbsp;y SlimCOOL, t\u00fa tambi\u00e9n estar\u00e1s guapo.<\/p>\n\n\n\n<figure class=\"wp-block-image\"><img decoding=\"async\" src=\"https:\/\/e-cooline.de\/wp-content\/uploads\/2023\/02\/Logo-HNU-Award-150x150px-sw.webp\" alt=\"Premio Logo Employer Branding 2021\"\/><\/figure>\n\n\n\n<figure class=\"wp-block-image\"><img decoding=\"async\" src=\"https:\/\/e-cooline.de\/wp-content\/uploads\/2023\/02\/Logo-IFaward-150x150px-sw.webp\" alt=\"Logotipo iF Design Award 2021\"\/><\/figure>\n\n\n\n<figure class=\"wp-block-image\"><img decoding=\"async\" src=\"https:\/\/e-cooline.de\/wp-content\/uploads\/2023\/02\/Logo-Land-der-Ideen-150x150px.webp\" alt=\"Logotipo Land of Ideas-150x150px\"\/><\/figure>\n\n\n\n<figure class=\"wp-block-image\"><img decoding=\"async\" src=\"https:\/\/e-cooline.de\/wp-content\/uploads\/2023\/02\/Logo-PlusX-150x150px-sw.webp\" alt=\"Logotipo PlusX-150x150px-sw\"\/><\/figure>\n\n\n\n<figure class=\"wp-block-image\"><img decoding=\"async\" src=\"https:\/\/e-cooline.de\/wp-content\/uploads\/2023\/02\/LogoMarketing-for-Future-150x150px-sw.webp\" alt=\"LogoMarketing para el futuro-150x150px-sw\"\/><\/figure>\n\n\n\n<figure class=\"wp-block-image\"><img decoding=\"async\" src=\"https:\/\/e-cooline.de\/wp-content\/uploads\/2023\/02\/Logo-Excellent-Award-150x150px-sw.webp\" alt=\"Premio a la excelencia del logotipo\"\/><\/figure>\n\n\n\n<figure class=\"wp-block-image\"><img decoding=\"async\" src=\"https:\/\/e-cooline.de\/wp-content\/uploads\/2023\/02\/Logo-HNU-Award-150x150px-sw.webp\" alt=\"Premio Logo Employer Branding 2021\"\/><\/figure>\n\n\n\n<figure class=\"wp-block-image\"><img decoding=\"async\" src=\"https:\/\/e-cooline.de\/wp-content\/uploads\/2023\/02\/Logo-IFaward-150x150px-sw.webp\" alt=\"Logotipo iF Design Award 2021\"\/><\/figure>\n\n\n\n<figure class=\"wp-block-image\"><img decoding=\"async\" src=\"https:\/\/e-cooline.de\/wp-content\/uploads\/2023\/02\/Logo-Land-der-Ideen-150x150px.webp\" alt=\"Logotipo Land of Ideas-150x150px\"\/><\/figure>\n\n\n\n<figure class=\"wp-block-image\"><img decoding=\"async\" src=\"https:\/\/e-cooline.de\/wp-content\/uploads\/2023\/02\/Logo-PlusX-150x150px-sw.webp\" alt=\"Logotipo PlusX-150x150px-sw\"\/><\/figure>\n\n\n\n<figure class=\"wp-block-image\"><img decoding=\"async\" src=\"https:\/\/e-cooline.de\/wp-content\/uploads\/2023\/02\/LogoMarketing-for-Future-150x150px-sw.webp\" alt=\"LogoMarketing para el futuro-150x150px-sw\"\/><\/figure>\n\n\n\n<figure class=\"wp-block-image\"><img decoding=\"async\" src=\"https:\/\/e-cooline.de\/wp-content\/uploads\/2023\/02\/Logo-Excellent-Award-150x150px-sw.webp\" alt=\"Premio a la excelencia del logotipo\"\/><\/figure>\n\n\n\n<figure class=\"wp-block-image\"><img decoding=\"async\" src=\"https:\/\/e-cooline.de\/wp-content\/uploads\/2023\/02\/Logo-HNU-Award-150x150px-sw.webp\" alt=\"Premio Logo Employer Branding 2021\"\/><\/figure>\n\n\n\n<figure class=\"wp-block-image\"><img decoding=\"async\" src=\"https:\/\/e-cooline.de\/wp-content\/uploads\/2023\/02\/Logo-IFaward-150x150px-sw.webp\" alt=\"Logotipo iF Design Award 2021\"\/><\/figure>\n\n\n\n<figure class=\"wp-block-image\"><img decoding=\"async\" src=\"https:\/\/e-cooline.de\/wp-content\/uploads\/2023\/02\/Logo-Land-der-Ideen-150x150px.webp\" alt=\"Logotipo Land of Ideas-150x150px\"\/><\/figure>\n\n\n\n<figure class=\"wp-block-image\"><img decoding=\"async\" src=\"https:\/\/e-cooline.de\/wp-content\/uploads\/2023\/02\/Logo-PlusX-150x150px-sw.webp\" alt=\"Logotipo PlusX-150x150px-sw\"\/><\/figure>\n\n\n\n<h5 class=\"wp-block-heading\">LA TECNOLOG\u00cdA H\u00cdBRIDA DE PERVORMANCE<\/h5>\n\n\n\n<h2 class=\"wp-block-heading\">UNA TECNOLOG\u00cdA DE REFRIGERACI\u00d3N PARA TODAS LAS SITUACIONES T\u00c9RMICAS<\/h2>\n\n\n\n<h5 class=\"wp-block-heading\">TECNOLOG\u00cdA 3D COOL<\/h5>\n\n\n\n<p>Debido al desarrollo normal de calor de nuestro cuerpo, las mol\u00e9culas de agua unidas a las fibras del material 3D COOL COOLINE SX3 se evaporan tan eficazmente que se consigue una temperatura agradable de 16 - 20\u00b0C con una capacidad de refrigeraci\u00f3n de hasta 660 vatios\/l.<\/p>\n\n\n\n<p>Debido al principio f\u00edsico de la refrigeraci\u00f3n por evaporaci\u00f3n, COOLINE enfr\u00eda m\u00e1s a temperaturas m\u00e1s altas y menos a temperaturas m\u00e1s bajas. Esto produce siempre un resultado de refrigeraci\u00f3n \u00f3ptimo, de forma autom\u00e1tica. Y lo mejor de todo: no necesita una fuente de energ\u00eda externa, puede moverse libremente - usted decide d\u00f3nde y cu\u00e1ndo quiere refrescarse. Ya sea en el interior o en el exterior. As\u00ed dispondr\u00e1 de un aire acondicionado autosuficiente que podr\u00e1 utilizar r\u00e1pida y f\u00e1cilmente en cualquier lugar.<\/p>\n\n\n\n<h5 class=\"wp-block-heading\">3D COOL BOOSTER<\/h5>\n\n\n\n<p>Pero COOLINE puede hacer a\u00fan m\u00e1s. Mientras que en condiciones extremas hay que esperar horas con hielo o material PCM, la superficie 3D de COOLINE puede almacenar capacidad de fr\u00edo de 0 - 10\u00b0C en un tiempo r\u00e9cord de 5-20 minutos (seg\u00fan el producto) y liberarlo eficazmente adem\u00e1s de la refrigeraci\u00f3n evaporativa. Mediante el uso de bolsas de refrigeraci\u00f3n sencillas y m\u00f3viles y bolsas de hielo o hielo picado, E.COOLINE es eficaz incluso a temperaturas extremas y por encima de la humedad 90% o ropa de protecci\u00f3n herm\u00e9tica. El producto est\u00e1 siempre listo para su uso en cuesti\u00f3n de minutos. Los productos SlimCOOL tambi\u00e9n se benefician de ello.<\/p>\n\n\n\n<p>En las carcasas 90%, no necesitas el Cool Booster en absoluto. La tecnolog\u00eda 3D con refrigeraci\u00f3n por evaporaci\u00f3n por s\u00ed sola suele ser completamente suficiente. Lo mejor de todo: tienes un solo producto para todas las carcasas.<\/p>\n\n\n\n<p><strong>En 90% todas las aplicaciones, la tecnolog\u00eda 3D-COOL con refrigeraci\u00f3n evaporativa pura enfr\u00eda eficazmente el cuerpo hasta 12 \u00b0C con hasta 660 Wh. No necesita nevera ni congelador. \u00a1Ahorre 97% CO2 con \u00e9l!<\/strong><\/p>\n\n\n\n<p><strong>COOLINE SX3 tambi\u00e9n funciona perfectamente en condiciones extremas (m\u00e1s de 90% de humedad). En estos casos (s\u00f3lo aprox. 10%), basta con una simple bolsa refrigerante con bolsas de hielo o bolsas de hielo para el preenfriamiento.<\/strong><\/p>","protected":false},"excerpt":{"rendered":"<p>KLIMATECHNIK 5.0 COOLINE SX3 3D-HIGHTECHK\u00dcHLUNG PATENTIERTEINZIGARTIGAUSGEZEICHNET DIE KLIMAANLAGE ZUM ANZIEHEN Hohe Qualit\u00e4t, brillante 3D-Technologie, nat\u00fcrliche K\u00e4ltemittel, wie Wasser und Luft und eine hochwertige Verarbeitung in schickem Design: COOLINE SX3 bietet alles, was nachhaltige Klimatisierung der Spitzenklasse ben\u00f6tigt. Das COOLINE SX3 Hightech- Vlies hat die Eigenschaft, gro\u00dfe Mengen Wasser sekundenschnell im Innern zu binden und direkt [&hellip;]<\/p>\n","protected":false},"author":1,"featured_media":0,"parent":0,"menu_order":0,"comment_status":"closed","ping_status":"closed","template":"","meta":{"om_disable_all_campaigns":false,"_monsterinsights_skip_tracking":false,"_monsterinsights_sitenote_active":false,"_monsterinsights_sitenote_note":"","_monsterinsights_sitenote_category":0,"footnotes":""},"class_list":["post-284","page","type-page","status-publish","hentry"],"aioseo_notices":[],"_links":{"self":[{"href":"https:\/\/epar-service.com\/es\/wp-json\/wp\/v2\/pages\/284","targetHints":{"allow":["GET"]}}],"collection":[{"href":"https:\/\/epar-service.com\/es\/wp-json\/wp\/v2\/pages"}],"about":[{"href":"https:\/\/epar-service.com\/es\/wp-json\/wp\/v2\/types\/page"}],"author":[{"embeddable":true,"href":"https:\/\/epar-service.com\/es\/wp-json\/wp\/v2\/users\/1"}],"replies":[{"embeddable":true,"href":"https:\/\/epar-service.com\/es\/wp-json\/wp\/v2\/comments?post=284"}],"version-history":[{"count":1,"href":"https:\/\/epar-service.com\/es\/wp-json\/wp\/v2\/pages\/284\/revisions"}],"predecessor-version":[{"id":285,"href":"https:\/\/epar-service.com\/es\/wp-json\/wp\/v2\/pages\/284\/revisions\/285"}],"wp:attachment":[{"href":"https:\/\/epar-service.com\/es\/wp-json\/wp\/v2\/media?parent=284"}],"curies":[{"name":"wp","href":"https:\/\/api.w.org\/{rel}","templated":true}]}}