{"id":280,"date":"2025-01-25T19:49:26","date_gmt":"2025-01-25T19:49:26","guid":{"rendered":"https:\/\/epar-service.com\/?page_id=280"},"modified":"2025-01-25T20:08:21","modified_gmt":"2025-01-25T20:08:21","slug":"e-cooline-powercool-sx3-race-chaleco-chaleco-refrescante-tu-chaleco-refrescante-contra-el-calor","status":"publish","type":"page","link":"https:\/\/epar-service.com\/es\/e-cooline-powercool-sx3-race-chaleco-chaleco-refrescante-tu-chaleco-refrescante-contra-el-calor\/","title":{"rendered":"E.COOLINE Powercool SX3 RaceVest - chaleco refrigerante - tu chaleco refrigerante contra el estr\u00e9s t\u00e9rmico"},"content":{"rendered":"<h5 class=\"wp-block-heading\">Powercool SX3 RaceVest: el chaleco refrigerante perfecto para hacer deporte<\/h5>\n\n\n\n<p>Con el E.COOLINE&nbsp;<strong>Chaleco Powercool SX3 RaceVest<\/strong>&nbsp;Con la tecnolog\u00eda de refrigeraci\u00f3n COOLINE SX3 3D, te mantendr\u00e1s maravillosamente fresco incluso con calor. Ya sea en&nbsp;<strong>en el trabajo, haciendo footing, en moto o en bicicleta<\/strong>&nbsp;o simplemente&nbsp;<strong>en la barbacoa<\/strong>&nbsp;- Con hasta 660 vatios, el chaleco refrigerante garantiza un enfriamiento agradablemente seco y, por tanto, un clima de bienestar perfecto.&nbsp;<strong>Interior y exterior<\/strong>\u00a1! Alivia el estr\u00e9s t\u00e9rmico y los problemas de salud causados por las altas temperaturas y le proporciona una raci\u00f3n extra de energ\u00eda. Estudios cient\u00edficos han confirmado la eficacia de E.COOLINE.<\/p>\n\n\n\n<p>El material ligero y flexible con malla el\u00e1stica incorporada proporciona al chaleco deportivo de competici\u00f3n un ajuste c\u00f3modo y ofrece una comodidad de uso excepcional. Gracias al corte ce\u00f1ido y a la cremallera plana, el chaleco refrescante puede llevarse tanto encima como debajo de otras prendas, como el equipo de motorista, el traje de protecci\u00f3n de bombero o simplemente debajo de un traje en la oficina.<\/p>\n\n\n\n<p>El chaleco RaceVest tiene un corte corto deportivo. Tenga en cuenta la informaci\u00f3n sobre la longitud de la espalda del producto.<\/p>\n\n\n\n<p><strong>Material:&nbsp;<\/strong>Material exterior: poli\u00e9ster 100%; Material de malla: poli\u00e9ster 83% \/ elastano 17%; Relleno: poli\u00e9ster 100% COOLINE<\/p>\n\n\n\n<p>Mantente fresco con el chaleco de competici\u00f3n E.COOLINE&nbsp;<strong>neutralidad clim\u00e1tica<\/strong>&nbsp;con un&nbsp;<strong>Tecnolog\u00eda \"Made in Germany<\/strong>&nbsp;<br>&nbsp;<\/p>\n\n\n\n<hr class=\"wp-block-separator has-alpha-channel-opacity\"\/>\n\n\n\n<h5 class=\"wp-block-heading\">Vista 360\u00b0 - E.COOLINE Powercool SX3 RaceVest \/ chaleco refrigerante<\/h5>\n\n\n\n<figure class=\"wp-block-image\"><img decoding=\"async\" src=\"https:\/\/cdn02.plentymarkets.com\/07jvlffix7ng\/frontend\/Gifs\/E_COOLINE_Westen\/Powercool_SX3_Raceweste_-_animiert_WEB.gif\" alt=\"Vista 360\u00b0 - E.COOLINE Powercool SX3 RaceVest \/ chaleco refrigerante\"\/><\/figure>\n\n\n\n<h5 class=\"wp-block-heading\">TABLA DE TAMA\u00d1OS<\/h5>\n\n\n\n<figure class=\"wp-block-table\"><table class=\"has-fixed-layout\"><tbody><tr><td>&nbsp;Talla<\/td><td>&nbsp;Anchura\/circunferencia tor\u00e1cica<\/td><td>&nbsp;Longitud&nbsp;&nbsp;<\/td><\/tr><tr><td>XXS&nbsp;&nbsp;<\/td><td>77 - 84 cm<\/td><td>44 cm<\/td><\/tr><tr><td>XS<\/td><td>&nbsp;84 - 88 cm<\/td><td>46 cm<\/td><\/tr><tr><td>S<\/td><td>88 - 92 cm<\/td><td>48 cm<\/td><\/tr><tr><td>M<\/td><td>92 - 96 cm<\/td><td>50 cm<\/td><\/tr><tr><td>&nbsp;L<\/td><td>&nbsp;96 - 100 cm<\/td><td>52 cm<\/td><\/tr><tr><td>&nbsp;XL<\/td><td>&nbsp;100 - 106 cm<\/td><td>56 cm<\/td><\/tr><tr><td>&nbsp;XXL<\/td><td>&nbsp;106 - 114 cm<\/td><td>59 cm<\/td><\/tr><tr><td>&nbsp;3XL<\/td><td>&nbsp;114 - 120 cm<\/td><td>62 cm<\/td><\/tr><tr><td>4XL<\/td><td>&nbsp;120 - 126 cm<\/td><td>64 cm<\/td><\/tr><\/tbody><\/table><\/figure>\n\n\n\n<h5 class=\"wp-block-heading\">ACTIVACI\u00d3N<\/h5>\n\n\n\n<p>Activar los productos E.COOLINE es r\u00e1pido y sencillo. Aplicar agua - enrollar - secar.<\/p>\n\n\n\n<figure class=\"wp-block-embed is-type-video is-provider-youtube wp-block-embed-youtube wp-embed-aspect-16-9 wp-has-aspect-ratio\"><div class=\"wp-block-embed__wrapper\">\n<iframe loading=\"lazy\" title=\"C\u00f3mo activar su chaleco camisero E.COOLINE Powercool SX3\" width=\"500\" height=\"281\" src=\"https:\/\/www.youtube.com\/embed\/yaru7NmcFLo?feature=oembed\" frameborder=\"0\" allow=\"accelerometer; autoplay; clipboard-write; encrypted-media; gyroscope; picture-in-picture; web-share\" referrerpolicy=\"strict-origin-when-cross-origin\" allowfullscreen><\/iframe>\n<\/div><\/figure>\n\n\n\n<h5 class=\"wp-block-heading\">INSTRUCCIONES DE CUIDADO<\/h5>\n\n\n\n<p><strong>Ropa refrigerante E.COOLINE<\/strong>&nbsp;a diferencia de la mayor\u00eda de los tejidos refrigerantes funcionales&nbsp;<strong>lavable<\/strong>.<\/p>\n\n\n\n<figure class=\"wp-block-image is-resized\"><img decoding=\"async\" src=\"https:\/\/cdn02.plentymarkets.com\/07jvlffix7ng\/frontend\/E_COOLINE_E_COMMERCE\/Bilder_fuer_Produktbeschreibungen_allg\/Gluehbirne_pix_Artikeldetail1.png\" alt=\"Datos interesantes sobre activaci\u00f3n y tecnolog\u00eda\" style=\"width:41px;height:auto\"\/><\/figure>\n\n\n\n<p><strong><a href=\"https:\/\/epar-service.com\/es\/datos-interesantes-sobre-activacion-y-tecnologia\/\" title=\"Datos interesantes sobre activaci\u00f3n y tecnolog\u00eda\">Datos interesantes sobre activaci\u00f3n y tecnolog\u00eda<\/a><\/strong><\/p>\n\n\n\n<p><\/p>","protected":false},"excerpt":{"rendered":"<p>Powercool SX3 RaceWeste \u2013 die perfekte K\u00fchlweste beim Sport Mit der E.COOLINE&nbsp;Powercool SX3 RaceWeste&nbsp;mit der 3D -K\u00fchltechnologie COOLINE SX3 bleiben Sie auch bei Hitze herrlich cool. Ob bei&nbsp;der Arbeit, beim Joggen, Motorrad- oder Radfahren&nbsp;oder einfach&nbsp;beim Grillen&nbsp;\u2013 die K\u00fchlweste sorgt mit bis zu 660 Watt f\u00fcr eine angenehm trockene K\u00fchlung und damit f\u00fcr ein perfektes Wohlf\u00fchlklima.&nbsp;Indoor [&hellip;]<\/p>\n","protected":false},"author":1,"featured_media":0,"parent":0,"menu_order":0,"comment_status":"closed","ping_status":"closed","template":"","meta":{"om_disable_all_campaigns":false,"_monsterinsights_skip_tracking":false,"_monsterinsights_sitenote_active":false,"_monsterinsights_sitenote_note":"","_monsterinsights_sitenote_category":0,"footnotes":""},"class_list":["post-280","page","type-page","status-publish","hentry"],"aioseo_notices":[],"_links":{"self":[{"href":"https:\/\/epar-service.com\/es\/wp-json\/wp\/v2\/pages\/280","targetHints":{"allow":["GET"]}}],"collection":[{"href":"https:\/\/epar-service.com\/es\/wp-json\/wp\/v2\/pages"}],"about":[{"href":"https:\/\/epar-service.com\/es\/wp-json\/wp\/v2\/types\/page"}],"author":[{"embeddable":true,"href":"https:\/\/epar-service.com\/es\/wp-json\/wp\/v2\/users\/1"}],"replies":[{"embeddable":true,"href":"https:\/\/epar-service.com\/es\/wp-json\/wp\/v2\/comments?post=280"}],"version-history":[{"count":4,"href":"https:\/\/epar-service.com\/es\/wp-json\/wp\/v2\/pages\/280\/revisions"}],"predecessor-version":[{"id":289,"href":"https:\/\/epar-service.com\/es\/wp-json\/wp\/v2\/pages\/280\/revisions\/289"}],"wp:attachment":[{"href":"https:\/\/epar-service.com\/es\/wp-json\/wp\/v2\/media?parent=280"}],"curies":[{"name":"wp","href":"https:\/\/api.w.org\/{rel}","templated":true}]}}