{"id":213,"date":"2025-01-01T17:59:03","date_gmt":"2025-01-01T17:59:03","guid":{"rendered":"https:\/\/epar-service.com\/?page_id=213"},"modified":"2025-07-21T21:02:00","modified_gmt":"2025-07-21T21:02:00","slug":"mate-xb","status":"publish","type":"page","link":"https:\/\/epar-service.com\/es\/mate-xb\/","title":{"rendered":"MATE - XB"},"content":{"rendered":"<div class=\"wp-block-group alignfull has-white-color has-pale-cyan-blue-background-color has-text-color has-background has-global-padding is-layout-constrained wp-container-core-group-is-layout-6493990a wp-block-group-is-layout-constrained\" style=\"padding-top:0vw;padding-right:0vw;padding-bottom:0vw;padding-left:0vw\">\n<h1 class=\"wp-block-heading has-text-align-center\">Exoesqueleto con tecnolog\u00eda de soporte muscular<\/h1>\n\n\n\n<p class=\"has-text-align-center\">MATE-XB es un exoesqueleto sin motor dise\u00f1ado para reducir la fatiga en la regi\u00f3n lumbar de los trabajadores que mueven pesos. Sujeta al usuario cuando trabaja en varias posiciones est\u00e1ticas o cuando levanta cargas repetidamente.<\/p>\n\n\n\n<h2 class=\"wp-block-heading\" id=\"gf849df257f1a\">Exoesqueleto rob\u00f3tico port\u00e1til sin pilas<\/h2>\n\n\n\n<p>Descubra c\u00f3mo el exoesqueleto port\u00e1til no motorizado de Comau -&nbsp;<strong>MATE-XB<\/strong>&nbsp;- almacena la energ\u00eda humana en un muelle y ayuda as\u00ed a los trabajadores,<br>levantar objetos pesados y cargas voluminosas con menos esfuerzo f\u00edsico y<br>fatiga.<\/p>\n\n\n\n<div class=\"wp-block-buttons is-content-justification-center is-layout-flex wp-container-core-buttons-is-layout-a89b3969 wp-block-buttons-is-layout-flex\">\n<div class=\"wp-block-button is-style-outline is-style-outline--1\"><a class=\"wp-block-button__link has-white-color has-text-color wp-element-button\" href=\"https:\/\/epar-service.com\/es\/rueckerstattung_rueckgaben\/\">P\u00f3ngase en contacto con nosotros<\/a><\/div>\n<\/div>\n<\/div>\n\n\n\n<div class=\"wp-block-group alignfull has-white-background-color has-background has-global-padding is-layout-constrained wp-container-core-group-is-layout-a4e63d72 wp-block-group-is-layout-constrained\" style=\"margin-top:0px;padding-top:4vw;padding-right:4vw;padding-bottom:4vw;padding-left:4vw\">\n<div class=\"wp-block-columns alignwide is-layout-flex wp-container-core-columns-is-layout-828b44bc wp-block-columns-is-layout-flex\">\n<div class=\"wp-block-column is-layout-flow wp-block-column-is-layout-flow\">\n<figure class=\"wp-block-image size-large is-style-default\"><img decoding=\"async\" src=\"https:\/\/www.comau.com\/wp-content\/webp-express\/webp-images\/uploads\/2023\/06\/uomo-a-sx.png.webp\" alt=\"MATE - XB\"\/><\/figure>\n\n\n\n<p>Cadena mec\u00e1nico-cinem\u00e1tica<br>Estructura que facilita el libre movimiento del usuario.<br>El dispositivo permite al usuario mover la bota libremente<br>La cadena cinem\u00e1tica pasiva est\u00e1 dise\u00f1ada para ser compacta alrededor del cuerpo humano<br>La cadena cinem\u00e1tica pasiva est\u00e1 dise\u00f1ada para tener en cuenta la compatibilidad cinem\u00e1tica entre el ser humano y el exoesqueleto.<\/p>\n<\/div>\n\n\n\n<div class=\"wp-block-column is-layout-flow wp-block-column-is-layout-flow\">\n<figure class=\"wp-block-image size-large is-style-default\"><img decoding=\"async\" src=\"https:\/\/www.comau.com\/wp-content\/webp-express\/webp-images\/uploads\/2023\/06\/Comau_MATE-XT_Exoskeleton_Lumbar_Support-1.png.webp\" alt=\"MATE - XB\"\/><\/figure>\n\n\n\n<p><strong>Interfaz de ropa<\/strong><br>Todas las piezas est\u00e1n en contacto directo con el cuerpo del usuario.<br>Materiales transpirables y biocompatibles<br>Amplia superficie de contacto para distribuir las fuerzas de reacci\u00f3n sin crear puntos de fuerza elevados.<\/p>\n<\/div>\n\n\n\n<div class=\"wp-block-column is-layout-flow wp-block-column-is-layout-flow\">\n<figure class=\"wp-block-image size-large is-style-default\"><img decoding=\"async\" src=\"https:\/\/www.comau.com\/wp-content\/webp-express\/webp-images\/uploads\/2023\/06\/Comau_MATE-XT_Exoskeleton_Back_Body-2.png.webp\" alt=\"MATE - XB\"\/><\/figure>\n\n\n\n<p><strong>Caja de generaci\u00f3n de par (TGB)<\/strong><br>Mecanismo central que almacena y convierte la energ\u00eda mec\u00e1nica potencial para generar un par de apoyo ajustable.<br>El soporte es proporcional al par generado por la parte superior del cuerpo, soporte suave hasta 25 kg<br>Posibilidad de ajustar la altura del soporte en 5 niveles<br>Ning\u00fan obst\u00e1culo al caminar.<\/p>\n<\/div>\n<\/div>\n<\/div>\n\n\n\n<div class=\"wp-block-group alignfull has-white-color has-pale-cyan-blue-background-color has-text-color has-background has-global-padding is-layout-constrained wp-container-core-group-is-layout-5789501e wp-block-group-is-layout-constrained\" style=\"margin-top:0px;padding-top:4vw;padding-right:4vw;padding-bottom:4vw;padding-left:4vw\">\n<div class=\"wp-block-columns is-layout-flex wp-container-core-columns-is-layout-403af8ad wp-block-columns-is-layout-flex\">\n<div class=\"wp-block-column is-layout-flow wp-block-column-is-layout-flow\">\n<p class=\"has-text-align-center\" style=\"font-size:clamp(35.2px, 2.2rem + ((1vw - 3.2px) * 2.824), 64px);line-height:1\"><strong>2,4 kg<\/strong><\/p>\n\n\n\n<p class=\"has-text-align-center has-medium-font-size\">Peso<\/p>\n<\/div>\n\n\n\n<div class=\"wp-block-column is-layout-flow wp-block-column-is-layout-flow\">\n<p class=\"has-text-align-center\" style=\"font-size:clamp(35.2px, 2.2rem + ((1vw - 3.2px) * 2.824), 64px);line-height:1\"><strong>62%<\/strong><\/p>\n\n\n\n<p class=\"has-text-align-center has-medium-font-size\">Alivio para la espalda<\/p>\n<\/div>\n\n\n\n<div class=\"wp-block-column is-layout-flow wp-block-column-is-layout-flow\">\n<p class=\"has-text-align-center\" style=\"font-size:clamp(35.2px, 2.2rem + ((1vw - 3.2px) * 2.824), 64px);line-height:1\"><strong>84%<\/strong><\/p>\n\n\n\n<p class=\"has-text-align-center has-medium-font-size\">Reducci\u00f3n de la fatiga muscular<\/p>\n<\/div>\n\n\n\n<div class=\"wp-block-column is-layout-flow wp-block-column-is-layout-flow\">\n<p class=\"has-text-align-center\" style=\"font-size:clamp(35.2px, 2.2rem + ((1vw - 3.2px) * 2.824), 64px);line-height:1\"><strong>25%<\/strong><\/p>\n\n\n\n<p class=\"has-text-align-center has-medium-font-size\">M\u00e1s fuerza al levantar peso<\/p>\n<\/div>\n<\/div>\n<\/div>\n\n\n\n<h3 class=\"wp-block-heading\">\u00bfQU\u00c9 ES MATE-XB?<\/h3>\n\n\n\n<p>MATE-XB es un exoesqueleto sin motor para aliviar la musculatura de la zona lumbar de los trabajadores que tienen que mover pesos. Sirve de apoyo al usuario cuando trabaja en diferentes posiciones, por ejemplo, al agacharse con las piernas (en cuclillas), inclinarse hacia delante o levantar cargas repetidamente. El dispositivo se desarroll\u00f3 para reducir la tensi\u00f3n en la espalda durante estas actividades y mejorar la calidad del trabajo del usuario.<\/p>\n\n\n\n<h3 class=\"wp-block-heading\">MATE-XB LE OFRECE EXACTAMENTE EL APOYO NECESARIO<\/h3>\n\n\n\n<figure class=\"wp-block-image\"><img decoding=\"async\" src=\"https:\/\/www.comau.com\/wp-content\/uploads\/2023\/06\/Comau_MATE-XT_Exoskeleton_Lumbar_Support-2.png\" alt=\"MATE - XB\" class=\"wp-image-54474\"\/><\/figure>\n\n\n\n<p>El apoyo proporcionado por el exoesqueleto MATE-XB imita el efecto de la flexi\u00f3n del tronco en la zona lumbar.<\/p>\n\n\n\n<p>MATE-XB SE MUEVE EN ARMON\u00cdA CON TU CUERPO<\/p>\n\n\n\n<figure class=\"wp-block-image\"><img decoding=\"async\" src=\"https:\/\/www.comau.com\/wp-content\/uploads\/2023\/06\/Comau_MATE-XT_Exoskeleton_Back_Body-2.png\" alt=\"MATE - XB\" class=\"wp-image-54480\"\/><\/figure>\n\n\n\n<p>Gracias a una cadena de grados de libertad pasivos, el exoesqueleto permite al usuario plena libertad de movimientos.<\/p>\n\n\n\n<h2 class=\"wp-block-heading\">MATE-XB se adapta a tu cuerpo, d\u00e1ndote libertad de movimiento<\/h2>\n\n\n\n<figure class=\"wp-block-image\"><img decoding=\"async\" src=\"https:\/\/www.comau.com\/wp-content\/uploads\/2023\/06\/Comau_MATE-XT_Exoskeleton_Lumbar_Support-1.png\" alt=\"MATE - XB\" class=\"wp-image-54468\"\/><\/figure>\n\n\n\n<p><strong _msttexthash=\"1478854\" _msthash=\"5\">MATE-XB funciona cu\u00e1ndo, d\u00f3nde y c\u00f3mo lo hagas<\/strong><\/p>\n\n\n\n<p>El apoyo proporcionado por el exoesqueleto MATE-XB imita el efecto de la flexi\u00f3n del tronco en la zona lumbar.<\/p>\n\n\n\n<h3 class=\"wp-block-heading\">MATE-XB SE MUEVE EN ARMON\u00cdA CON TU CUERPO<\/h3>\n\n\n\n<p>Gracias a una cadena de grados de libertad pasivos, el exoesqueleto permite al usuario plena libertad de movimientos.<\/p>\n\n\n\n<p><strong>LA FORMA DE HACERLO MATE-XB SE AJUSTA A TU CUERPO<\/strong><\/p>\n\n\n\n<h3 class=\"wp-block-heading\">LA LIBERTAD DE MOVIMIENTO<\/h3>\n\n\n\n<h2 class=\"wp-block-heading\">EXTREMADAMENTE ERGON\u00d3MICO, EN TODAS PARTES<\/h2>\n\n\n\n<div class=\"wp-block-buttons is-content-justification-center is-layout-flex wp-container-core-buttons-is-layout-a89b3969 wp-block-buttons-is-layout-flex\">\n<div class=\"wp-block-button\"><a class=\"wp-block-button__link has-text-align-center wp-element-button\" href=\"https:\/\/epar-service.com\/es\/rueckerstattung_rueckgaben\/\">Contacto DEMO<\/a><\/div>\n<\/div>\n\n\n\n<div class=\"wp-block-group alignfull has-white-color has-pale-cyan-blue-background-color has-text-color has-background has-global-padding is-layout-constrained wp-container-core-group-is-layout-2b508e44 wp-block-group-is-layout-constrained\" style=\"margin-top:0px;padding-top:4vw;padding-right:4vw;padding-bottom:4vw;padding-left:4vw\">\n<h3 class=\"wp-block-heading has-text-align-center\">Al final est\u00e1 MATE<\/h3>\n\n\n\n<p>MATE son las siglas de Muscular Aiding Tech Exoskeleton.<\/p>\n\n\n\n<p>Se trata de un traje exoesqueleto pasivo, accionado por muelles (es decir, sin articulaciones motorizadas ni bater\u00edas), que proporciona a los trabajadores un apoyo antigravitatorio para la flexi\u00f3n y extensi\u00f3n de los hombros. MATE est\u00e1 especialmente indicado para trabajos por encima de la cabeza.<\/p>\n\n\n\n<div class=\"wp-block-buttons is-content-justification-center is-layout-flex wp-container-core-buttons-is-layout-766bf85b wp-block-buttons-is-layout-flex\">\n<div class=\"wp-block-button is-style-outline is-style-outline--2\"><a class=\"wp-block-button__link has-white-color has-text-color wp-element-button\" href=\"https:\/\/epar-service.com\/es\/rueckerstattung_rueckgaben\/\">P\u00f3ngase en contacto con nosotros<\/a><\/div>\n<\/div>\n<\/div>","protected":false},"excerpt":{"rendered":"<p>Muskelunterst\u00fctzende Technologie Exoskelett MATE-XB ist ein nicht angetriebenes Exoskelett zur Verringerung der Erm\u00fcdung im Lendenwirbelbereich f\u00fcr Arbeiter, die Gewichte bewegen. Es unterst\u00fctzt den Benutzer bei der Arbeit in verschiedenen statischen Positionen oder beim wiederholten Heben von Lasten. Batterieloses, tragbares Roboter-Exoskelett Erfahren Sie, wie das nicht angetriebene tragbare Exoskelett von Comau \u2013&nbsp;MATE-XB&nbsp;\u2013 menschliche Energie in einer [&hellip;]<\/p>\n","protected":false},"author":1,"featured_media":0,"parent":0,"menu_order":0,"comment_status":"closed","ping_status":"closed","template":"","meta":{"om_disable_all_campaigns":false,"_monsterinsights_skip_tracking":false,"_monsterinsights_sitenote_active":false,"_monsterinsights_sitenote_note":"","_monsterinsights_sitenote_category":0,"footnotes":""},"class_list":["post-213","page","type-page","status-publish","hentry"],"aioseo_notices":[],"_links":{"self":[{"href":"https:\/\/epar-service.com\/es\/wp-json\/wp\/v2\/pages\/213","targetHints":{"allow":["GET"]}}],"collection":[{"href":"https:\/\/epar-service.com\/es\/wp-json\/wp\/v2\/pages"}],"about":[{"href":"https:\/\/epar-service.com\/es\/wp-json\/wp\/v2\/types\/page"}],"author":[{"embeddable":true,"href":"https:\/\/epar-service.com\/es\/wp-json\/wp\/v2\/users\/1"}],"replies":[{"embeddable":true,"href":"https:\/\/epar-service.com\/es\/wp-json\/wp\/v2\/comments?post=213"}],"version-history":[{"count":14,"href":"https:\/\/epar-service.com\/es\/wp-json\/wp\/v2\/pages\/213\/revisions"}],"predecessor-version":[{"id":352,"href":"https:\/\/epar-service.com\/es\/wp-json\/wp\/v2\/pages\/213\/revisions\/352"}],"wp:attachment":[{"href":"https:\/\/epar-service.com\/es\/wp-json\/wp\/v2\/media?parent=213"}],"curies":[{"name":"wp","href":"https:\/\/api.w.org\/{rel}","templated":true}]}}