{"id":207,"date":"2024-12-31T15:27:18","date_gmt":"2024-12-31T15:27:18","guid":{"rendered":"https:\/\/epar-service.com\/?page_id=207"},"modified":"2025-08-23T16:07:26","modified_gmt":"2025-08-23T16:07:26","slug":"hombro-agadexo","status":"publish","type":"page","link":"https:\/\/epar-service.com\/es\/hombro-agadexo\/","title":{"rendered":"AGADEXO Hombro"},"content":{"rendered":"<div class=\"wp-block-group alignfull has-white-color has-pale-cyan-blue-background-color has-text-color has-background has-global-padding is-layout-constrained wp-container-core-group-is-layout-6493990a wp-block-group-is-layout-constrained\" style=\"padding-top:0vw;padding-right:0vw;padding-bottom:0vw;padding-left:0vw\">\n<h1 class=\"wp-block-heading has-text-align-center\">El primer exoesqueleto industrial inteligente, <\/h1>\n\n\n\n<p class=\"has-text-align-center has-medium-font-size\">est\u00e1 dise\u00f1ado para reducir el riesgo de dolencias musculares en los hombros durante las tareas de manipulaci\u00f3n manual de materiales.<\/p>\n\n\n\n<div class=\"wp-block-buttons is-content-justification-center is-layout-flex wp-container-core-buttons-is-layout-a89b3969 wp-block-buttons-is-layout-flex\">\n<div class=\"wp-block-button is-style-outline is-style-outline--1\"><a class=\"wp-block-button__link has-white-color has-text-color wp-element-button\" href=\"https:\/\/epar-service.com\/es\/rueckerstattung_rueckgaben\/\">P\u00f3ngase en contacto con nosotros<\/a><\/div>\n<\/div>\n<\/div>\n\n\n\n<div class=\"wp-block-group alignfull has-white-background-color has-background has-global-padding is-layout-constrained wp-container-core-group-is-layout-a4e63d72 wp-block-group-is-layout-constrained\" style=\"margin-top:0px;padding-top:4vw;padding-right:4vw;padding-bottom:4vw;padding-left:4vw\">\n<div class=\"wp-block-columns alignwide is-layout-flex wp-container-core-columns-is-layout-828b44bc wp-block-columns-is-layout-flex\">\n<div class=\"wp-block-column is-layout-flow wp-block-column-is-layout-flow\">\n<div class=\"wp-block-buttons is-layout-flex wp-block-buttons-is-layout-flex\">\n<div class=\"wp-block-button\"><a class=\"wp-block-button__link wp-element-button\">Dise\u00f1o ergon\u00f3mico y robusto<\/a><\/div>\n<\/div>\n<\/div>\n\n\n\n<div class=\"wp-block-column is-layout-flow wp-block-column-is-layout-flow\">\n<div class=\"wp-block-buttons is-layout-flex wp-block-buttons-is-layout-flex\">\n<div class=\"wp-block-button\"><a class=\"wp-block-button__link wp-element-button\">Tecnolog\u00eda h\u00edbrida eficiente<\/a><\/div>\n<\/div>\n<\/div>\n\n\n\n<div class=\"wp-block-column is-layout-flow wp-block-column-is-layout-flow\">\n<div class=\"wp-block-buttons is-layout-flex wp-block-buttons-is-layout-flex\">\n<div class=\"wp-block-button\"><a class=\"wp-block-button__link wp-element-button\">Control intuitivo y r\u00e1pido<\/a><\/div>\n<\/div>\n<\/div>\n<\/div>\n\n\n\n<h1 class=\"wp-block-heading\">Rob\u00f3tica vestible al servicio de los trabajadores<\/h1>\n\n\n\n<p><strong>Reducci\u00f3n del estr\u00e9s<\/strong><\/p>\n\n\n\n<p>Mejora el rendimiento f\u00edsico al reducir el estr\u00e9s y el riesgo de dolores musculares causados por actividades manuales extenuantes de recolecci\u00f3n.<\/p>\n\n\n\n<p><strong>Mejora del rendimiento<\/strong><\/p>\n\n\n\n<p>Dise\u00f1ado para ayudar a los usuarios sin obstaculizar sus actividades laborales, mejorando tanto el bienestar como la productividad.<\/p>\n\n\n\n<p><strong>Realizaci\u00f3n flexible<\/strong><\/p>\n\n\n\n<p>Adecuado para diversos escenarios de aplicaci\u00f3n con una gesti\u00f3n sencilla en varios turnos de trabajo.<\/p>\n\n\n\n<p><strong>Instalaci\u00f3n r\u00e1pida<\/strong><\/p>\n\n\n\n<p>Tiempo de familiarizaci\u00f3n r\u00e1pido para los usuarios sin necesidad de ajustes en los puestos de trabajo de la f\u00e1brica.<\/p>\n\n\n\n<figure class=\"wp-block-video\"><video autoplay loop muted preload=\"auto\" src=\"https:\/\/agade-exoskeletons.com\/wp-content\/uploads\/2023\/11\/agade.v3.mp4\" playsinline><\/video><\/figure>\n\n\n\n<h2 class=\"wp-block-heading\">El exoesqueleto ideal para tareas manuales de manipulaci\u00f3n de materiales<\/h2>\n\n\n\n<figure class=\"wp-block-image\"><img decoding=\"async\" src=\"https:\/\/agade-exoskeletons.com\/wp-content\/uploads\/2023\/10\/acade-immagine-logo.svg\" alt=\"AGADEXO Hombro\"\/><\/figure>\n\n\n\n<p>El primer exoesqueleto basado en tecnolog\u00eda semiactiva con inteligencia artificial integrada capaz de reconocer y apoyar autom\u00e1ticamente las actividades de picking.<\/p>\n\n\n\n<figure class=\"wp-block-image\"><img decoding=\"async\" src=\"https:\/\/agade-exoskeletons.com\/wp-content\/uploads\/2023\/11\/assistenza-digirale-icon.svg\" alt=\"AGADEXO Hombro\"\/><\/figure>\n\n\n\n<h2 class=\"wp-block-heading\">Asistencia inteligente<\/h2>\n\n\n\n<p>Las pulseras controladas por sensores con algoritmos de inteligencia artificial permiten a Agadexo Shoulder activarse autom\u00e1ticamente s\u00f3lo cuando el usuario levanta\/baja una carga y proporcionar asistencia cuando es necesario.<\/p>\n\n\n\n<figure class=\"wp-block-image\"><img decoding=\"async\" src=\"https:\/\/agade-exoskeletons.com\/wp-content\/uploads\/2023\/11\/Agade-prodotto.jpg\" alt=\"AGADEXO Hombro\"\/><\/figure>\n\n\n\n<figure class=\"wp-block-image\"><img decoding=\"async\" src=\"https:\/\/agade-exoskeletons.com\/wp-content\/uploads\/2023\/11\/tecnologia-ibrida-icon.svg\" alt=\"AGADEXO Hombro\"\/><\/figure>\n\n\n\n<h2 class=\"wp-block-heading\">Tecnolog\u00eda h\u00edbrida eficiente<\/h2>\n\n\n\n<p>Los actuadores semiactivos constan de un mecanismo el\u00e1stico acoplado a un motor el\u00e9ctrico y est\u00e1n dise\u00f1ados para minimizar el consumo de energ\u00eda, reducir el peso de motores y bater\u00edas y aumentar la comodidad del usuario.<\/p>\n\n\n\n<figure class=\"wp-block-image\"><img decoding=\"async\" src=\"https:\/\/agade-exoskeletons.com\/wp-content\/uploads\/2023\/11\/Agade-13-esoscheletro.jpg\" alt=\"AGADEXO Hombro\"\/><\/figure>\n\n\n\n<figure class=\"wp-block-image\"><img decoding=\"async\" src=\"https:\/\/agade-exoskeletons.com\/wp-content\/uploads\/2023\/11\/comando-icon.svg\" alt=\"AGADEXO Hombro\"\/><\/figure>\n\n\n\n<h2 class=\"wp-block-heading\">Control intuitivo y r\u00e1pido<\/h2>\n\n\n\n<p>Una interfaz de comandos f\u00e1cil de usar garantiza la m\u00e1xima comodidad a la hora de gestionar y controlar el dispositivo<\/p>\n\n\n\n<figure class=\"wp-block-image\"><img decoding=\"async\" src=\"https:\/\/agade-exoskeletons.com\/wp-content\/uploads\/2023\/11\/Agade-08-esoscheletro-1.jpg\" alt=\"AGADEXO Hombro\"\/><\/figure>\n\n\n\n<figure class=\"wp-block-image\"><img decoding=\"async\" src=\"https:\/\/agade-exoskeletons.com\/wp-content\/uploads\/2023\/11\/design-icon.svg\" alt=\"AGADEXO Hombro\"\/><\/figure>\n\n\n\n<h2 class=\"wp-block-heading\">Dise\u00f1o ergon\u00f3mico y robusto<\/h2>\n\n\n\n<p>La estructura mec\u00e1nica de fibra de carbono est\u00e1 dise\u00f1ada para garantizar la m\u00e1xima libertad de movimiento, ligereza y resistencia.<\/p>\n\n\n\n<figure class=\"wp-block-image\"><img decoding=\"async\" src=\"https:\/\/agade-exoskeletons.com\/wp-content\/uploads\/2023\/11\/Agade-09-esoscheletro-1.jpg\" alt=\"AGADEXO Hombro\"\/><\/figure>\n\n\n\n<figure class=\"wp-block-image\"><img decoding=\"async\" src=\"https:\/\/agade-exoskeletons.com\/wp-content\/uploads\/2023\/11\/Agade-17-esoscheletro-1-638x1024.png\" alt=\"AGADEXO Hombro\" title=\"Agade-17-esoscheletro\"\/><\/figure>\n\n\n\n<p><a href=\"https:\/\/agade-exoskeletons.com\/wp-content\/uploads\/2023\/11\/Agade-17-esoscheletro-1.png\"><\/a><\/p>\n\n\n\n<figure class=\"wp-block-image\"><img decoding=\"async\" src=\"https:\/\/agade-exoskeletons.com\/wp-content\/uploads\/2023\/11\/Agade-16-esoscheletro-1.png\" alt=\"AGADEXO Hombro\" title=\"Agade-16-esoscheletro\"\/><\/figure>\n\n\n\n<p><a href=\"https:\/\/agade-exoskeletons.com\/wp-content\/uploads\/2023\/11\/Agade-16-esoscheletro-1.png\"><\/a><\/p>\n\n\n\n<figure class=\"wp-block-image\"><img decoding=\"async\" src=\"https:\/\/agade-exoskeletons.com\/wp-content\/uploads\/2023\/11\/Agade-1-esoscheletro-1-750x1024.png\" alt=\"AGADEXO Hombro\" title=\"Agade-1-esoscheletro\"\/><\/figure>\n\n\n\n<p><a href=\"https:\/\/agade-exoskeletons.com\/wp-content\/uploads\/2023\/11\/Agade-1-esoscheletro-1.png\"><\/a><\/p>\n\n\n\n<figure class=\"wp-block-image\"><img decoding=\"async\" src=\"https:\/\/agade-exoskeletons.com\/wp-content\/uploads\/2023\/11\/Agade-18-esoscheletro-1.png\" alt=\"AGADEXO Hombro\" title=\"Agade-18-esoscheletro\"\/><\/figure>\n\n\n\n<p><a href=\"https:\/\/agade-exoskeletons.com\/wp-content\/uploads\/2023\/11\/Agade-18-esoscheletro-1.png\"><\/a><\/p>\n\n\n\n<figure class=\"wp-block-image\"><img decoding=\"async\" src=\"https:\/\/agade-exoskeletons.com\/wp-content\/uploads\/2023\/11\/Agade-05-esoscheletro-1.png\" alt=\"AGADEXO Hombro\" title=\"Agade-05-esoscheletro\"\/><\/figure>\n\n\n\n<p><a href=\"https:\/\/agade-exoskeletons.com\/wp-content\/uploads\/2023\/11\/Agade-05-esoscheletro-1.png\"><\/a><\/p>\n\n\n\n<figure class=\"wp-block-image\"><img decoding=\"async\" src=\"https:\/\/agade-exoskeletons.com\/wp-content\/uploads\/2023\/11\/Agade-10-esoscheletro-1-804x1024.png\" alt=\"AGADEXO Hombro\" title=\"Agade-10-esoscheletro\"\/><\/figure>\n\n\n\n<p><a href=\"https:\/\/agade-exoskeletons.com\/wp-content\/uploads\/2023\/11\/Agade-10-esoscheletro-1.png\"><\/a><\/p>\n\n\n\n<figure class=\"wp-block-image\"><img decoding=\"async\" src=\"https:\/\/agade-exoskeletons.com\/wp-content\/uploads\/2023\/11\/Agade-11-esoscheletro-1-837x1024.png\" alt=\"AGADEXO Hombro\" title=\"Agade-11-esoscheletro\"\/><\/figure>\n\n\n\n<p><a href=\"https:\/\/agade-exoskeletons.com\/wp-content\/uploads\/2023\/11\/Agade-11-esoscheletro-1.png\"><\/a><\/p>\n\n\n\n<figure class=\"wp-block-image\"><img decoding=\"async\" src=\"https:\/\/agade-exoskeletons.com\/wp-content\/uploads\/2023\/11\/Agade-12-esoscheletro-1.png\" alt=\"AGADEXO Hombro\" title=\"Agade-12-esoscheletro\"\/><\/figure>\n\n\n\n<p><a href=\"https:\/\/agade-exoskeletons.com\/wp-content\/uploads\/2023\/11\/Agade-12-esoscheletro-1.png\"><\/a><\/p>\n\n\n\n<h3 class=\"wp-block-heading\">Hasta 40 % de reducci\u00f3n de la tensi\u00f3n muscular a nivel de los hombros - M\u00e1s informaci\u00f3n sobre el estudio cient\u00edfico<\/h3>\n<\/div>\n\n\n\n<div class=\"wp-block-buttons is-content-justification-center is-layout-flex wp-container-core-buttons-is-layout-a89b3969 wp-block-buttons-is-layout-flex\">\n<div class=\"wp-block-button\"><a class=\"wp-block-button__link wp-element-button\" href=\"https:\/\/epar-service.com\/es\/rueckerstattung_rueckgaben\/\">Contacto DEMO<\/a><\/div>\n<\/div>\n\n\n\n<div class=\"wp-block-group alignfull has-white-color has-pale-cyan-blue-background-color has-text-color has-background has-global-padding is-layout-constrained wp-container-core-group-is-layout-2b508e44 wp-block-group-is-layout-constrained\" style=\"margin-top:0px;padding-top:4vw;padding-right:4vw;padding-bottom:4vw;padding-left:4vw\">\n<h3 class=\"wp-block-heading has-text-align-center\">Al final todo es m\u00e1s f\u00e1cil<\/h3>\n\n\n\n<h4 class=\"wp-block-heading\"><strong>Nuestro exoesqueleto de hombro impresiona por su rendimiento<\/strong><\/h4>\n\n\n\n<p>Agadexo Shoulder se desarroll\u00f3 para aliviar los hombros durante las tareas manuales de manipulaci\u00f3n de materiales y reducir as\u00ed el riesgo de trastornos musculoesquel\u00e9ticos y accidentes laborales. Est\u00e1 adaptado a las tareas de elevaci\u00f3n, transporte y descenso en la zona superior del cuerpo, desde la altura de la cadera hasta la de la cabeza, que suelen producirse en las plantas industriales.<\/p>\n\n\n\n<div class=\"wp-block-buttons is-content-justification-center is-layout-flex wp-container-core-buttons-is-layout-766bf85b wp-block-buttons-is-layout-flex\">\n<div class=\"wp-block-button is-style-outline is-style-outline--2\"><a class=\"wp-block-button__link has-white-color has-text-color wp-element-button\" href=\"https:\/\/epar-service.com\/es\/rueckerstattung_rueckgaben\/\">P\u00f3ngase en contacto con nosotros<\/a><\/div>\n<\/div>\n<\/div>","protected":false},"excerpt":{"rendered":"<p>Das erste intelligente industrielle Exoskelett, das Risiko von Schultermuskelbeschwerden bei manuellen Materialtransportaufgaben reduzieren soll. Tragbare Robotik im Dienste der Arbeitnehmer Reduzierter Stress Verbessert die k\u00f6rperliche Leistungsf\u00e4higkeit durch Reduzierung von Stress und dem Risiko von Muskelschmerzen, die durch anstrengende manuelle Pfl\u00fcckeaktivit\u00e4ten verursacht werden. Verbesserte Leistung Entwickelt, um Benutzer zu unterst\u00fctzen, ohne ihre Arbeitsaktivit\u00e4ten zu behindern, und [&hellip;]<\/p>\n","protected":false},"author":1,"featured_media":0,"parent":0,"menu_order":0,"comment_status":"closed","ping_status":"closed","template":"","meta":{"om_disable_all_campaigns":false,"_monsterinsights_skip_tracking":false,"_monsterinsights_sitenote_active":false,"_monsterinsights_sitenote_note":"","_monsterinsights_sitenote_category":0,"footnotes":""},"class_list":["post-207","page","type-page","status-publish","hentry"],"aioseo_notices":[],"_links":{"self":[{"href":"https:\/\/epar-service.com\/es\/wp-json\/wp\/v2\/pages\/207","targetHints":{"allow":["GET"]}}],"collection":[{"href":"https:\/\/epar-service.com\/es\/wp-json\/wp\/v2\/pages"}],"about":[{"href":"https:\/\/epar-service.com\/es\/wp-json\/wp\/v2\/types\/page"}],"author":[{"embeddable":true,"href":"https:\/\/epar-service.com\/es\/wp-json\/wp\/v2\/users\/1"}],"replies":[{"embeddable":true,"href":"https:\/\/epar-service.com\/es\/wp-json\/wp\/v2\/comments?post=207"}],"version-history":[{"count":4,"href":"https:\/\/epar-service.com\/es\/wp-json\/wp\/v2\/pages\/207\/revisions"}],"predecessor-version":[{"id":423,"href":"https:\/\/epar-service.com\/es\/wp-json\/wp\/v2\/pages\/207\/revisions\/423"}],"wp:attachment":[{"href":"https:\/\/epar-service.com\/es\/wp-json\/wp\/v2\/media?parent=207"}],"curies":[{"name":"wp","href":"https:\/\/api.w.org\/{rel}","templated":true}]}}