{"id":2,"date":"2024-12-22T19:48:28","date_gmt":"2024-12-22T19:48:28","guid":{"rendered":"https:\/\/epar-service.com\/?page_id=2"},"modified":"2024-12-24T15:46:01","modified_gmt":"2024-12-24T15:46:01","slug":"pagina-de-muestra","status":"publish","type":"page","link":"https:\/\/epar-service.com\/es\/pagina-de-muestra\/","title":{"rendered":"Condiciones generales AGB"},"content":{"rendered":"<p>EPAR-service GmbH CONDICIONES GENERALES DE VENTA, ENTREGA Y PAGO<\/p>\n\n\n\n<ul class=\"wp-block-list\">\n<li>Las siguientes condiciones de venta, entrega y pago se aplican a todos los contratos, entregas y otros servicios, incluidos los servicios de consultor\u00eda e informaci\u00f3n.<\/li>\n\n\n\n<li>Tambi\u00e9n se aplicar\u00e1n a todos los futuros contratos con el cliente, as\u00ed como a las futuras entregas y otros servicios que deban prestarse al cliente.<\/li>\n\n\n\n<li>Se rechaza cualquier condici\u00f3n contraria.<\/li>\n\n\n\n<li>S\u00f3lo suministramos a empresarios (art. 14 BGB), personas jur\u00eddicas de derecho p\u00fablico y fondos especiales de derecho p\u00fablico. No suministramos a consumidores finales privados.<\/li>\n\n\n\n<li>Nuestros productos est\u00e1n destinados exclusivamente a un uso profesional y no cumplen los requisitos que se aplican a los usuarios finales privados.<\/li>\n<\/ul>\n\n\n\n<p><strong>Celebraci\u00f3n del contrato<\/strong><br>Los pedidos que nos haga, las modificaciones y adiciones al contrato y los acuerdos accesorios deber\u00e1n realizarse por escrito. Los pedidos realizados por tel\u00e9fono o de cualquier otra forma se considerar\u00e1n aceptados en el momento del env\u00edo o la entrega de la mercanc\u00eda y la factura.<\/p>\n\n\n\n<p><strong>Precios, listas de precios<\/strong><\/p>\n\n\n\n<ul class=\"wp-block-list\">\n<li>Nuestros precios son franco f\u00e1brica m\u00e1s los gastos de eliminaci\u00f3n recaudados por el Sistema Dual y que figuran en la lista siguiente. Se aplicar\u00e1n los precios vigentes en el momento de realizar el pedido. El IVA no est\u00e1 incluido en el precio y se facturar\u00e1 por separado al tipo legal.<\/li>\n\n\n\n<li>Se cobra un servicio de env\u00edo de 17,90 euros por cada entrega.<\/li>\n\n\n\n<li>Env\u00edo gratuito a partir de un valor de compra de 1000\u20ac.<\/li>\n\n\n\n<li>Al utilizar el servicio expr\u00e9s, cobramos una tasa de servicio de 23,80 euros. EPAR-service GmbH est\u00e1 autorizada a cobrar tasas de servicio m\u00e1s elevadas en caso de manipulaci\u00f3n especial (por ejemplo, mercanc\u00edas voluminosas, pedidos urgentes, carga general).<\/li>\n\n\n\n<li>Si el plazo de entrega acordado es superior a un mes desde la celebraci\u00f3n del contrato, tendremos derecho a facturar los precios seg\u00fan nuestra lista de precios vigente el d\u00eda de la entrega.<\/li>\n\n\n\n<li>Al facturar, los precios por unidad de envase se redondean a c\u00e9ntimos enteros (el tercer decimal superior a 4 se redondea al alza; en caso contrario, se redondea a la baja) y se multiplican por la cantidad del pedido.<\/li>\n<\/ul>\n\n\n\n<p>Pago<\/p>\n\n\n\n<ul class=\"wp-block-list\">\n<li>Nuestras facturas son pagaderas en un plazo de 14 d\u00edas a partir de la fecha de facturaci\u00f3n, sin deducci\u00f3n alguna.<\/li>\n\n\n\n<li>Para pedidos superiores a 5000\u20ac se requiere un dep\u00f3sito de 50% del importe en el momento del pedido.<\/li>\n\n\n\n<li>Si Eparcare est\u00e1 autorizada a cobrar cr\u00e9ditos contra el Cliente mediante domiciliaci\u00f3n bancaria sobre la base de una orden de domiciliaci\u00f3n bancaria SEPA del Cliente, el Cliente acepta que Eparcare le env\u00ede una notificaci\u00f3n previa a m\u00e1s tardar tres (3) d\u00edas naturales antes de la fecha prevista para el cobro de una domiciliaci\u00f3n bancaria SEPA (fecha de ejecuci\u00f3n).<\/li>\n\n\n\n<li>El cliente incurrir\u00e1 en demora de pago tras la recepci\u00f3n del primer recordatorio o sin recordatorio 14 d\u00edas despu\u00e9s de la fecha de vencimiento y la recepci\u00f3n de una factura de conformidad con el art\u00edculo 286 (3) del BGB. En caso de demora, tendremos derecho a intereses de demora de conformidad con el art\u00edculo 288 del BGB, siempre que se demuestre la existencia de otros da\u00f1os causados por la demora.<\/li>\n\n\n\n<li>Queda excluida la compensaci\u00f3n con reclamaciones del cliente no reconocidas o no establecidas legalmente. Esto tambi\u00e9n se aplica a un derecho de retenci\u00f3n debido a dichas contrademandas, en la medida en que estas demandas no se basen en la misma relaci\u00f3n contractual.<\/li>\n<\/ul>\n\n\n\n<p><strong>entrega<\/strong><\/p>\n\n\n\n<ul class=\"wp-block-list\">\n<li>Nuestra obligaci\u00f3n de entrega est\u00e1 sujeta a la entrega completa y correcta a nosotros, a menos que seamos responsables de la falta de entrega o retraso.<\/li>\n\n\n\n<li>En el caso de los productos personalizados, se permiten entregas excesivas o cortas de hasta 10 %, que se tendr\u00e1n en cuenta en la factura.<\/li>\n\n\n\n<li>Con respecto a las dimensiones especificadas para nuestros art\u00edculos de entrega, nos reservamos el derecho a las desviaciones habituales, a menos que hayamos garantizado expresamente el cumplimiento de las dimensiones.<\/li>\n\n\n\n<li>Estamos autorizados a realizar entregas parciales razonables.<\/li>\n\n\n\n<li>Si el env\u00edo de los art\u00edculos solicitados se retrasa por causas imputables al cliente, el riesgo pasar\u00e1 al cliente en el momento de la recepci\u00f3n de la notificaci\u00f3n de disponibilidad para el env\u00edo.<\/li>\n\n\n\n<li>El env\u00edo fiable de la mercanc\u00eda solicitada estar\u00e1 garantizado por transportistas encargados por nosotros. Las partes acuerdan que, en caso de litigio, es responsabilidad del cliente demostrar la no llegada de una entrega.<\/li>\n\n\n\n<li>En caso de devoluci\u00f3n de la mercanc\u00eda como gesto de buena voluntad, tenemos derecho a cobrar una tasa de reposici\u00f3n de 15% del valor de la mercanc\u00eda retirada, con un m\u00ednimo de 15,00 euros y un m\u00e1ximo de 250,00 euros.<\/li>\n<\/ul>\n\n\n\n<p><strong>Plazo de entrega<\/strong><br>Los plazos de entrega acordados se prorrogar\u00e1n adecuadamente en caso de obst\u00e1culos imprevistos que escapen a nuestro control, como huelgas, cierres patronales, interrupciones operativas, retrasos en la entrega de materias primas, independientemente de que estos obst\u00e1culos se produzcan en nuestras instalaciones o en las de nuestros proveedores. No seremos responsables de tales circunstancias aunque ya estemos en mora. Si se producen, ambas partes tienen derecho a rescindir el contrato.<\/p>\n\n\n\n<p><strong>Conservaci\u00f3n del t\u00edtulo<\/strong><\/p>\n\n\n\n<ul class=\"wp-block-list\">\n<li>Los art\u00edculos entregados por nosotros seguir\u00e1n siendo de nuestra propiedad hasta que se hayan satisfecho todas nuestras reclamaciones actuales contra el cliente, as\u00ed como las reclamaciones futuras, en la medida en que est\u00e9n relacionadas con los art\u00edculos entregados.<\/li>\n\n\n\n<li>El cliente tendr\u00e1 derecho a revender los objetos de entrega (mercanc\u00eda sujeta a reserva de dominio) de nuestra propiedad en el curso ordinario de los negocios. No obstante, por la presente nos cede todas las reclamaciones derivadas de esta reventa, independientemente de si la mercanc\u00eda reservada se revende antes o despu\u00e9s de la transformaci\u00f3n o de si se combina o no con bienes inmuebles o muebles. Si la mercanc\u00eda reservada se revende despu\u00e9s de su transformaci\u00f3n o junto con otras mercanc\u00edas que no nos pertenecen, o si se combina con bienes muebles o inmuebles, el cr\u00e9dito del comprador frente a sus clientes se considerar\u00e1 cedido a nosotros por el importe del precio de entrega acordado entre el comprador y nosotros para la mercanc\u00eda reservada.<\/li>\n\n\n\n<li>El cliente est\u00e1 autorizado a cobrar este cr\u00e9dito incluso despu\u00e9s de la cesi\u00f3n. Nuestra autorizaci\u00f3n para cobrar el cr\u00e9dito nosotros mismos no se ver\u00e1 afectada por ello, pero nos comprometemos a no hacerlo mientras el cliente cumpla debidamente sus obligaciones de pago. Si el cliente hace uso de la autorizaci\u00f3n de cobro, tendremos derecho a los ingresos cobrados por el importe del precio de entrega acordado entre el cliente y nosotros para la mercanc\u00eda reservada.<\/li>\n\n\n\n<li>La transformaci\u00f3n o remodelaci\u00f3n de la mercanc\u00eda sujeta a reserva de dominio se realizar\u00e1 para nosotros como fabricante de conformidad con el art\u00edculo 950 del C\u00f3digo Civil alem\u00e1n (BGB) sin ninguna obligaci\u00f3n por nuestra parte. Si la mercanc\u00eda sujeta a reserva de dominio se transforma con otros objetos, adquiriremos la copropiedad del nuevo objeto en la proporci\u00f3n del valor de mercado de nuestra mercanc\u00eda con respecto al valor de los otros objetos transformados en el momento de la transformaci\u00f3n. El cliente almacenar\u00e1 gratuitamente el nuevo art\u00edculo para nosotros con el cuidado habitual en el comercio.<\/li>\n\n\n\n<li>Nos comprometemos a liberar las garant\u00edas a las que tenemos derecho a petici\u00f3n en la medida en que su valor realizable supere los cr\u00e9ditos a garantizar en m\u00e1s de 20 %.<\/li>\n\n\n\n<li>Si aceptamos letras de cambio como medio de pago, nuestra reserva de dominio seguir\u00e1 existiendo hasta que se establezca que ya no podemos ser considerados responsables en virtud de esta letra de cambio.<\/li>\n<\/ul>\n\n\n\n<ul class=\"wp-block-list\">\n<li><strong>Quejas<\/strong><br>Los defectos evidentes deben comunicarse por escrito y especificarse en un plazo de 10 d\u00edas a partir de la recepci\u00f3n de la mercanc\u00eda.<\/li>\n\n\n\n<li><strong>Garant\u00eda<\/strong><br>Concedemos al cliente derechos de garant\u00eda legal ilimitados, a pesar de las restricciones y atajos legales.<\/li>\n<\/ul>\n\n\n\n<p><strong>Exclusi\u00f3n de reclamaciones por da\u00f1os y perjuicios<\/strong><\/p>\n\n\n\n<ul id=\"block-866ea755-7669-48ad-afc8-4a9e9f48ff6a\" class=\"wp-block-list\">\n<li>S\u00f3lo seremos responsables -cualquiera que sea el motivo legal- de los da\u00f1os resultantes de la omisi\u00f3n o ejecuci\u00f3n incorrecta de sugerencias o consejos dados antes o despu\u00e9s de la celebraci\u00f3n del contrato o del incumplimiento de otras obligaciones contractuales accesorias -en particular instrucciones para el funcionamiento y mantenimiento del objeto de suministro- que no se hayan producido en el propio objeto de suministro.\n<ul class=\"wp-block-list\">\n<li>con intenci\u00f3n<\/li>\n\n\n\n<li>en caso de negligencia grave por parte de nuestros \u00f3rganos ejecutivos o de nuestros empleados ejecutivos<\/li>\n\n\n\n<li>en caso de lesi\u00f3n culposa de la vida, la integridad f\u00edsica y la salud,<\/li>\n\n\n\n<li>en caso de defectos que hayamos ocultado fraudulentamente o cuya ausencia hayamos garantizado,<\/li>\n\n\n\n<li>en caso de defectos en el objeto de suministro, en la medida en que exista responsabilidad en virtud de la Ley de Responsabilidad por Productos Defectuosos por da\u00f1os personales o materiales en objetos de uso privado.<\/li>\n\n\n\n<li>En caso de incumplimiento culposo de las obligaciones contractuales esenciales, responderemos tambi\u00e9n por negligencia grave de los empleados no ejecutivos y por negligencia leve, pero en este \u00faltimo caso limitada a los da\u00f1os razonablemente previsibles t\u00edpicos del contrato. Quedan excluidas otras reclamaciones por da\u00f1os y perjuicios.<\/li>\n\n\n\n<li>Eparcare responder\u00e1 de los da\u00f1os y perjuicios ocasionados por el retraso en la entrega de pedidos urgentes (\"entrega en el siguiente d\u00eda laborable\") hasta un importe m\u00e1ximo de 250 euros por pedido. Queda excluida la reclamaci\u00f3n de otros da\u00f1os causados por el retraso.<\/li>\n\n\n\n<li>No asumimos ninguna responsabilidad si el cliente pone a disposici\u00f3n de usuarios finales privados nuestros productos destinados a un uso profesional.<\/li>\n<\/ul>\n<\/li>\n<\/ul>\n\n\n\n<p><strong>Software<\/strong><br>Se conceder\u00e1 al cliente un derecho de usuario no exclusivo e intransferible sobre los programas y la documentaci\u00f3n asociada y los suplementos posteriores para uso interno con los productos para los que se suministran los programas. Todos los dem\u00e1s derechos sobre los programas y la documentaci\u00f3n, incluidas las copias y adiciones posteriores, seguir\u00e1n perteneciendo a nuestra empresa. El cliente deber\u00e1 asegurarse de que estos programas y documentos no sean accesibles a terceros sin el consentimiento previo de nuestra empresa. S\u00f3lo se podr\u00e1n realizar copias con fines de archivo como sustituci\u00f3n o para la localizaci\u00f3n de aver\u00edas. La cesi\u00f3n de programas fuente requiere un acuerdo por escrito aparte. Si los originales llevan un aviso de derechos de autor, \u00e9ste deber\u00e1 ser colocado en el original por el cliente. Salvo acuerdo en contrario, el derecho de uso se considerar\u00e1 concedido con la entrega del pedido y la entrega de los programas, la documentaci\u00f3n y los suplementos posteriores. No est\u00e1 permitido realizar modificaciones en los programas; si el cliente o terceros utilizan programas modificados, nuestra empresa no ser\u00e1 responsable de los da\u00f1os ocasionados.<br>Se advierte al cliente de que, dado el estado actual del desarrollo t\u00e9cnico, no pueden descartarse por completo errores en el programa de software. El cliente deber\u00e1 examinar el software inmediatamente despu\u00e9s de la entrega y notificar a nuestra empresa por escrito y de inmediato cualquier error evidente. Nuestra empresa garantiza que la funcionalidad del software se corresponde esencialmente con la descripci\u00f3n de la documentaci\u00f3n o las especificaciones de la confirmaci\u00f3n del pedido. Adem\u00e1s, nuestra empresa no garantiza determinadas propiedades de los programas de software ni su idoneidad para los fines o requisitos del cliente. Nuestra empresa no ser\u00e1 responsable de la recuperaci\u00f3n de datos a menos que nuestra empresa haya causado su destrucci\u00f3n por negligencia grave o dolo y el cliente haya garantizado que estos datos pueden reconstruirse a partir del material de datos, almacenado en formato legible por m\u00e1quina, con un esfuerzo razonable.<br>En la medida en que las exclusiones de responsabilidad de conformidad con los p\u00e1rrafos anteriores s\u00f3lo pueden acordarse de forma jur\u00eddicamente vinculante entre comerciantes plenamente cualificados, la posibilidad jur\u00eddicamente admisible de una amplia exclusi\u00f3n de responsabilidad se mantendr\u00e1 en el caso de una transacci\u00f3n con un no comerciante.<\/p>\n\n\n\n<p><strong>Caracter\u00edsticas<\/strong><br>La informaci\u00f3n, dibujos, ilustraciones, muestras, folletos, especificaciones t\u00e9cnicas y cat\u00e1logos y otros datos t\u00e9cnicos y recomendaciones de uso contenidos en folletos, cat\u00e1logos, anuncios y listas de precios o en los documentos pertenecientes a una oferta no son vinculantes; no eximen al cliente de comprobar la idoneidad de la mercanc\u00eda para los fines, procesos y aplicaciones previstos. S\u00f3lo formar\u00e1n parte del contrato en la medida en que hayan sido expresamente confirmados por nosotros como vinculantes. Las garant\u00edas de calidad son \u00fanicamente aquellas que se designan expresamente como tales en la confirmaci\u00f3n del pedido. La aplicaci\u00f3n, el uso y el procesamiento de la mercanc\u00eda adquirida son responsabilidad exclusiva del cliente. Nos reservamos los derechos de propiedad y de autor sobre ilustraciones, dibujos y otros documentos. S\u00f3lo podr\u00e1n utilizarse para el fin previsto contractualmente sin nuestro consentimiento y no podr\u00e1n ponerse a disposici\u00f3n de terceros.<\/p>\n\n\n\n<p><strong>Lugar de cumplimiento, fuero competente, legislaci\u00f3n aplicable<\/strong><\/p>\n\n\n\n<ul class=\"wp-block-list\">\n<li> El fuero competente para todos los litigios derivados de nuestra relaci\u00f3n jur\u00eddica con el cliente es Stuttgart. No obstante, tambi\u00e9n tendremos derecho a emprender acciones legales en la sede del cliente.<\/li>\n\n\n\n<li>Se aplicar\u00e1 el derecho alem\u00e1n; en casos excepcionales, tambi\u00e9n se aplicar\u00e1 el derecho de compraventa de la ONU.<\/li>\n<\/ul>","protected":false},"excerpt":{"rendered":"<p>EPAR-service GmbH ALLGEMEINE VERKAUFS-, LIEFERUNGS- UND ZAHLUNGSBEDINGUNGEN VertragsabschlussAuftr\u00e4ge an uns, Vertrags\u00e4nderungen und -erg\u00e4nzungen sowie Nebenabreden bed\u00fcrfen der Schriftform. Telefonisch oder in anderer Form erteilte Auftr\u00e4ge gelten als angenommen, wenn Versendung oder Aush\u00e4ndigung der Ware und Rechnung erfolgt. Preise, Preislisten Zahlung Lieferung LieferfristVereinbarte Lieferfristen verl\u00e4ngern sich angemessen beim Eintritt unvorhergesehener Hindernisse, die au\u00dferhalb unserer Einflussm\u00f6glichkeiten liegen, [&hellip;]<\/p>\n","protected":false},"author":1,"featured_media":0,"parent":0,"menu_order":0,"comment_status":"closed","ping_status":"open","template":"","meta":{"om_disable_all_campaigns":false,"_monsterinsights_skip_tracking":false,"_monsterinsights_sitenote_active":false,"_monsterinsights_sitenote_note":"","_monsterinsights_sitenote_category":0,"footnotes":""},"class_list":["post-2","page","type-page","status-publish","hentry"],"aioseo_notices":[],"_links":{"self":[{"href":"https:\/\/epar-service.com\/es\/wp-json\/wp\/v2\/pages\/2","targetHints":{"allow":["GET"]}}],"collection":[{"href":"https:\/\/epar-service.com\/es\/wp-json\/wp\/v2\/pages"}],"about":[{"href":"https:\/\/epar-service.com\/es\/wp-json\/wp\/v2\/types\/page"}],"author":[{"embeddable":true,"href":"https:\/\/epar-service.com\/es\/wp-json\/wp\/v2\/users\/1"}],"replies":[{"embeddable":true,"href":"https:\/\/epar-service.com\/es\/wp-json\/wp\/v2\/comments?post=2"}],"version-history":[{"count":1,"href":"https:\/\/epar-service.com\/es\/wp-json\/wp\/v2\/pages\/2\/revisions"}],"predecessor-version":[{"id":90,"href":"https:\/\/epar-service.com\/es\/wp-json\/wp\/v2\/pages\/2\/revisions\/90"}],"wp:attachment":[{"href":"https:\/\/epar-service.com\/es\/wp-json\/wp\/v2\/media?parent=2"}],"curies":[{"name":"wp","href":"https:\/\/api.w.org\/{rel}","templated":true}]}}