{"id":144,"date":"2024-12-25T20:26:42","date_gmt":"2024-12-25T20:26:42","guid":{"rendered":"https:\/\/epar-service.com\/?page_id=144"},"modified":"2024-12-27T07:48:16","modified_gmt":"2024-12-27T07:48:16","slug":"torax-ssm","status":"publish","type":"page","link":"https:\/\/epar-service.com\/es\/torax-ssm\/","title":{"rendered":"T\u00f3rax SSM"},"content":{"rendered":"<p class=\"has-text-align-center\"><strong>PROTEGE - SOSTIENE - ESTABILIZA<\/strong><\/p>\n\n\n\n<p><img alt=\"T\u00f3rax SSM\" decoding=\"async\" src=\"https:\/\/www.thorax-ssm.com\/media\/a0\/ea\/fc\/1699013021\/Carbon-Hintergrund-Slider-Element.png\" srcset=\"https:\/\/www.thorax-ssm.com\/thumbnail\/a0\/ea\/fc\/1699013021\/Carbon-Hintergrund-Slider-Element_1920x1920.png 1920w, https:\/\/www.thorax-ssm.com\/thumbnail\/a0\/ea\/fc\/1699013021\/Carbon-Hintergrund-Slider-Element_800x800.png 800w, https:\/\/www.thorax-ssm.com\/thumbnail\/a0\/ea\/fc\/1699013021\/Carbon-Hintergrund-Slider-Element_400x400.png 400w\"><\/p>\n\n\n\n<h2 class=\"wp-block-heading\"><strong>TECNOLOG\u00cdA DEL T\u00d3RAX SSM<\/strong><\/h2>\n\n\n\n<figure class=\"wp-block-image\"><img decoding=\"async\" src=\"https:\/\/www.thorax-ssm.com\/media\/e7\/ab\/b4\/1712127380\/Thorax-1000x1000-4mb.gif\" alt=\"T\u00f3rax SSM\"\/><\/figure>\n\n\n\n<p>En&nbsp;<strong>M\u00f3dulo de soporte de la columna tor\u00e1cica de ax-lightness<\/strong>&nbsp;es un soporte para la columna vertebral con gu\u00eda para la espalda desde la base de la pelvis hasta los hombros y proporciona apoyo cuando se est\u00e1 de pie, sentado, caminando y levantando peso.<br><br>El dise\u00f1o anat\u00f3mico garantiza que todos los grupos musculares se utilicen de forma espec\u00edfica, al tiempo que proporciona la m\u00e1xima seguridad para la columna vertebral. Una postura recta en todo tipo de movimientos contribuye as\u00ed a la estabilizaci\u00f3n.<br><br>La estructura y el dise\u00f1o de nuestro sistema estabilizan activamente todo el torso de forma din\u00e1mica. El armaz\u00f3n de carbono garantiza una distribuci\u00f3n \u00f3ptima de la carga al levantar y transportar cargas pesadas, as\u00ed como al llevar mochilas u otras cargas en la espalda. Al guiar activamente la columna vertebral en el sistema, se controlan din\u00e1micamente los movimientos de rotaci\u00f3n del torso y se protege la columna vertebral de da\u00f1os por rotaci\u00f3n. Se estimula a los m\u00fasculos para que trabajen activamente, lo que se traduce en una utilizaci\u00f3n significativamente mayor de los m\u00fasculos del tronco. El sistema activo protege especialmente las articulaciones afectadas. La cintura escapular, la columna vertebral, la pelvis y las caderas est\u00e1n sometidas a una carga anat\u00f3mica, lo que conduce a una mejor distribuci\u00f3n de la fuerza y, por tanto, a una postura m\u00e1s suave.<\/p>\n\n\n\n<h4 class=\"wp-block-heading\"><strong>#SProtegeApoyaEstabiliza<\/strong><\/h4>\n\n\n\n<figure class=\"wp-block-embed is-type-video is-provider-youtube wp-block-embed-youtube wp-embed-aspect-16-9 wp-has-aspect-ratio\"><div class=\"wp-block-embed__wrapper\">\n<iframe loading=\"lazy\" title=\"T\u00f3rax SSM por ax-lightness\" width=\"500\" height=\"281\" src=\"https:\/\/www.youtube.com\/embed\/GyBHTrOKfDs?feature=oembed\" frameborder=\"0\" allow=\"accelerometer; autoplay; clipboard-write; encrypted-media; gyroscope; picture-in-picture; web-share\" referrerpolicy=\"strict-origin-when-cross-origin\" allowfullscreen><\/iframe>\n<\/div><\/figure>\n\n\n\n<p><img alt=\"T\u00f3rax SSM\" decoding=\"async\" src=\"https:\/\/www.thorax-ssm.com\/media\/a0\/ea\/fc\/1699013021\/Carbon-Hintergrund-Slider-Element.png\" srcset=\"https:\/\/www.thorax-ssm.com\/thumbnail\/a0\/ea\/fc\/1699013021\/Carbon-Hintergrund-Slider-Element_1920x1920.png 1920w, https:\/\/www.thorax-ssm.com\/thumbnail\/a0\/ea\/fc\/1699013021\/Carbon-Hintergrund-Slider-Element_800x800.png 800w, https:\/\/www.thorax-ssm.com\/thumbnail\/a0\/ea\/fc\/1699013021\/Carbon-Hintergrund-Slider-Element_400x400.png 400w\"><\/p>\n\n\n\n<h2 class=\"wp-block-heading\"><strong>ESTRUCTURA DEL T\u00d3RAX SSM<\/strong><\/h2>\n\n\n\n<figure class=\"wp-block-image\"><img decoding=\"async\" src=\"https:\/\/www.thorax-ssm.com\/media\/b6\/5e\/70\/1707124126\/Thorax-Frontansicht_Beschriftung-2023%20-%20140x180mm.jpg\" alt=\"T\u00f3rax SSM\"\/><\/figure>\n\n\n\n<ul class=\"wp-block-list\">\n<li>Carbono T800 de alta calidad con refuerzo de aramida y fibra de vidrio<\/li>\n\n\n\n<li>Alto grado de ajuste gracias a los elementos traseros personalizados<\/li>\n\n\n\n<li>a partir de 690 gramos<\/li>\n\n\n\n<li>5 tama\u00f1os est\u00e1ndar y personalizables<\/li>\n\n\n\n<li>Cojines sustituibles y lavables hasta 60 \u00b0C<\/li>\n\n\n\n<li>Consta de 6 partes (correas de espalda y hombros, 2 cierres centrales, 1 cierre p\u00e9lvico, 1 placa de pecho y correas con cierre magn\u00e9tico)<\/li>\n<\/ul>\n\n\n\n<figure class=\"wp-block-image\"><img decoding=\"async\" src=\"https:\/\/www.thorax-ssm.com\/media\/96\/49\/7f\/1699020897\/IMG_0029.JPG\" alt=\"T\u00f3rax SSM\"\/><\/figure>\n\n\n\n<p><img alt=\"T\u00f3rax SSM\" decoding=\"async\" src=\"https:\/\/www.thorax-ssm.com\/media\/a0\/ea\/fc\/1699013021\/Carbon-Hintergrund-Slider-Element.png\" srcset=\"https:\/\/www.thorax-ssm.com\/thumbnail\/a0\/ea\/fc\/1699013021\/Carbon-Hintergrund-Slider-Element_1920x1920.png 1920w, https:\/\/www.thorax-ssm.com\/thumbnail\/a0\/ea\/fc\/1699013021\/Carbon-Hintergrund-Slider-Element_800x800.png 800w, https:\/\/www.thorax-ssm.com\/thumbnail\/a0\/ea\/fc\/1699013021\/Carbon-Hintergrund-Slider-Element_400x400.png 400w\"><\/p>\n\n\n\n<h2 class=\"wp-block-heading\"><strong>\u00c1MBITOS DE APLICACI\u00d3N DE LA SSM DE T\u00d3RAX<\/strong><\/h2>\n\n\n\n<p class=\"has-text-align-center\"><img alt=\"T\u00f3rax SSM\" decoding=\"async\" srcset=\"https:\/\/www.thorax-ssm.com\/thumbnail\/2a\/63\/59\/1712065332\/_DSC0196-beschnitten_web_400x400.jpg 400w, https:\/\/www.thorax-ssm.com\/thumbnail\/2a\/63\/59\/1712065332\/_DSC0196-beschnitten_web_800x800.jpg 800w, https:\/\/www.thorax-ssm.com\/thumbnail\/2a\/63\/59\/1712065332\/_DSC0196-beschnitten_web_1920x1920.jpg 1920w\" src=\"https:\/\/www.thorax-ssm.com\/media\/2a\/63\/59\/1712065332\/_DSC0196-beschnitten_web.jpg\"><strong>INDUSTRIE &amp; HANDWERK - Montaje, construcci\u00f3n de instalaciones, fabricaci\u00f3n y comercio<\/strong><img alt=\"T\u00f3rax SSM\" decoding=\"async\" srcset=\"https:\/\/www.thorax-ssm.com\/thumbnail\/dd\/d9\/c8\/1712228895\/_DSC0206_ohne-Logo_web_400x400.jpg 400w, https:\/\/www.thorax-ssm.com\/thumbnail\/dd\/d9\/c8\/1712228895\/_DSC0206_ohne-Logo_web_800x800.jpg 800w, https:\/\/www.thorax-ssm.com\/thumbnail\/dd\/d9\/c8\/1712228895\/_DSC0206_ohne-Logo_web_1920x1920.jpg 1920w\" src=\"https:\/\/www.thorax-ssm.com\/media\/dd\/d9\/c8\/1712228895\/_DSC0206_ohne-Logo_web.jpg\"><strong>LOG\u00cdSTICA - Almac\u00e9n, transporte, pick &amp; pack<\/strong><\/p>\n\n\n\n<p class=\"has-text-align-center\"><img alt=\"T\u00f3rax SSM\" decoding=\"async\" srcset=\"https:\/\/www.thorax-ssm.com\/thumbnail\/14\/59\/68\/1699021768\/IMG_0114_800x800.jpg 800w, https:\/\/www.thorax-ssm.com\/thumbnail\/14\/59\/68\/1699021768\/IMG_0114_400x400.jpg 400w, https:\/\/www.thorax-ssm.com\/thumbnail\/14\/59\/68\/1699021768\/IMG_0114_1920x1920.jpg 1920w\" src=\"https:\/\/www.thorax-ssm.com\/media\/14\/59\/68\/1699021768\/IMG_0114.jpg\"><strong>Sanidad - Bomberos, servicios de rescate y asistencia<\/strong><img alt=\"T\u00f3rax SSM\" decoding=\"async\" srcset=\"https:\/\/www.thorax-ssm.com\/thumbnail\/00\/f7\/bf\/1714036294\/DSC02641_web_400x400.jpg 400w, https:\/\/www.thorax-ssm.com\/thumbnail\/00\/f7\/bf\/1714036294\/DSC02641_web_800x800.jpg 800w, https:\/\/www.thorax-ssm.com\/thumbnail\/00\/f7\/bf\/1714036294\/DSC02641_web_1920x1920.jpg 1920w\" src=\"https:\/\/www.thorax-ssm.com\/media\/00\/f7\/bf\/1714036294\/DSC02641_web.jpg\"><strong>ADMINISTRACI\u00d3N Y OFICINA - Sentado y de pie<\/strong><\/p>\n\n\n\n<p><img alt=\"T\u00f3rax SSM\" decoding=\"async\" src=\"https:\/\/www.thorax-ssm.com\/media\/a0\/ea\/fc\/1699013021\/Carbon-Hintergrund-Slider-Element.png\" srcset=\"https:\/\/www.thorax-ssm.com\/thumbnail\/a0\/ea\/fc\/1699013021\/Carbon-Hintergrund-Slider-Element_1920x1920.png 1920w, https:\/\/www.thorax-ssm.com\/thumbnail\/a0\/ea\/fc\/1699013021\/Carbon-Hintergrund-Slider-Element_800x800.png 800w, https:\/\/www.thorax-ssm.com\/thumbnail\/a0\/ea\/fc\/1699013021\/Carbon-Hintergrund-Slider-Element_400x400.png 400w\"><\/p>\n\n\n\n<h2 class=\"wp-block-heading\"><strong>CERTIFICADO POR EL INSTITUT F\u00dcR GESUNDHEIT UND ERGONOMIE E.V. (IGR)<\/strong><\/h2>\n\n\n\n<figure class=\"wp-block-image\"><img decoding=\"async\" src=\"https:\/\/www.thorax-ssm.com\/media\/ab\/d5\/13\/1699273343\/IGR-Certificate_2022_07_2%20-%20DE.jpg\" alt=\"T\u00f3rax SSM\"\/><\/figure>\n\n\n\n<p>El Thorax SSM ha sido certificado conforme a la norma DIN EN ISO 26800 por el Institut f\u00fcr Gesundheit und Ergonomie e.V. (IGR). La norma DIN EN ISO 26800 representa el enfoque general de la ergonom\u00eda y define los principios y conceptos ergon\u00f3micos clave.<br><br>La ergonom\u00eda se ocupa de los factores humanos, tecnol\u00f3gicos, econ\u00f3micos y organizativos que influyen en el comportamiento, las actividades y el bienestar de las personas en el trabajo.<\/p>\n\n\n\n<figure class=\"wp-block-image\"><img decoding=\"async\" src=\"https:\/\/www.thorax-ssm.com\/media\/e7\/ab\/b4\/1712127380\/Thorax-1000x1000-4mb.gif\" alt=\"T\u00f3rax SSM\"\/><\/figure>\n\n\n\n<p><img alt=\"T\u00f3rax SSM\" decoding=\"async\" src=\"https:\/\/www.thorax-ssm.com\/media\/a0\/ea\/fc\/1699013021\/Carbon-Hintergrund-Slider-Element.png\" srcset=\"https:\/\/www.thorax-ssm.com\/thumbnail\/a0\/ea\/fc\/1699013021\/Carbon-Hintergrund-Slider-Element_1920x1920.png 1920w, https:\/\/www.thorax-ssm.com\/thumbnail\/a0\/ea\/fc\/1699013021\/Carbon-Hintergrund-Slider-Element_800x800.png 800w, https:\/\/www.thorax-ssm.com\/thumbnail\/a0\/ea\/fc\/1699013021\/Carbon-Hintergrund-Slider-Element_400x400.png 400w\"><\/p>","protected":false},"excerpt":{"rendered":"<p>SCH\u00dcTZT \u00b7 ST\u00dcTZT \u00b7 STABILISIERT TECHNOLOGIE DES THORAX SSM Das&nbsp;Thorax Spine Support Module by ax-lightness&nbsp;ist eine Wirbels\u00e4ulenst\u00fctze mit R\u00fcckenf\u00fchrung vom Beckenansatz bis zu den Schultern und unterst\u00fctzt beim Stehen, Sitzen, Laufen und Heben. Durch den anatomischen Aufbau wird eine gezielte Muskelbeanspruchung aller Muskelgruppen erreicht unter der h\u00f6chstm\u00f6glichen Sicherheit f\u00fcr die Wirbels\u00e4ule. Eine gerade K\u00f6rperhaltung in [&hellip;]<\/p>\n","protected":false},"author":1,"featured_media":0,"parent":0,"menu_order":0,"comment_status":"closed","ping_status":"closed","template":"","meta":{"om_disable_all_campaigns":false,"_monsterinsights_skip_tracking":false,"_monsterinsights_sitenote_active":false,"_monsterinsights_sitenote_note":"","_monsterinsights_sitenote_category":0,"footnotes":""},"class_list":["post-144","page","type-page","status-publish","hentry"],"aioseo_notices":[],"_links":{"self":[{"href":"https:\/\/epar-service.com\/es\/wp-json\/wp\/v2\/pages\/144","targetHints":{"allow":["GET"]}}],"collection":[{"href":"https:\/\/epar-service.com\/es\/wp-json\/wp\/v2\/pages"}],"about":[{"href":"https:\/\/epar-service.com\/es\/wp-json\/wp\/v2\/types\/page"}],"author":[{"embeddable":true,"href":"https:\/\/epar-service.com\/es\/wp-json\/wp\/v2\/users\/1"}],"replies":[{"embeddable":true,"href":"https:\/\/epar-service.com\/es\/wp-json\/wp\/v2\/comments?post=144"}],"version-history":[{"count":2,"href":"https:\/\/epar-service.com\/es\/wp-json\/wp\/v2\/pages\/144\/revisions"}],"predecessor-version":[{"id":153,"href":"https:\/\/epar-service.com\/es\/wp-json\/wp\/v2\/pages\/144\/revisions\/153"}],"wp:attachment":[{"href":"https:\/\/epar-service.com\/es\/wp-json\/wp\/v2\/media?parent=144"}],"curies":[{"name":"wp","href":"https:\/\/api.w.org\/{rel}","templated":true}]}}