{"id":378,"date":"2025-08-10T14:49:45","date_gmt":"2025-08-10T14:49:45","guid":{"rendered":"https:\/\/epar-service.com\/?page_id=378"},"modified":"2025-08-10T14:49:45","modified_gmt":"2025-08-10T14:49:45","slug":"exia-from-german-bionic","status":"publish","type":"page","link":"https:\/\/epar-service.com\/en\/exia-from-german-bionic\/","title":{"rendered":"EXIA from German Bionic"},"content":{"rendered":"<figure class=\"wp-block-image\"><img decoding=\"async\" src=\"https:\/\/framerusercontent.com\/images\/2HpIMMxn0cO3dSmhtr0t0lTWepg.jpg\" alt=\"GB Exia Hero Image\"\/><\/figure>\n\n\n\n<h3 class=\"wp-block-heading\">The world's most powerful exoskeleton<\/h3>\n\n\n\n<h3 class=\"wp-block-heading\">AI exoskeleton for all use cases: from the toughest job in industry to empathetic patient care<\/h3>\n\n\n\n<p>Exia - Augmented AI that understands how people work. Exia has been learning for years. From people. From billions of application data collected in real everyday working life. The result: it provides intelligent and personalised support, making people more efficient. It combines all use cases in a single high-performance exoskeleton. This is because Exia, which has been redesigned from the ground up, adapts flexibly to users, tasks and industries.<\/p>\n\n\n\n<figure class=\"wp-block-image\"><img decoding=\"async\" src=\"https:\/\/framerusercontent.com\/images\/s9V9e4zDbzVc3Oddsn7ARkdYpfw.jpg\" alt=\"AI-powered German Bionic Exia exoskeleton supporting a warehouse worker lifting heavy boxes to improve ergonomics and prevent back injuries in logistics\"\/><\/figure>\n\n\n\n<figure class=\"wp-block-image\"><img decoding=\"async\" src=\"https:\/\/framerusercontent.com\/images\/v7vYQaELJQwJFn61qziMts3VBw.jpg\" alt=\"German Bionic Exia robotic exoskeleton assisting industrial worker in bent-over tasks, providing lower back support and enhancing efficiency in warehousing operations.\"\/><\/figure>\n\n\n\n<figure class=\"wp-block-image\"><img decoding=\"async\" src=\"https:\/\/framerusercontent.com\/images\/eVguWHxDFW6zQ09rnGbirnnSwVs.jpg\" alt=\"German Bionic Exia robotic exoskeleton supporting heavy lifting tasks, helping prevent musculoskeletal disorders and boosting productivity.\"\/><\/figure>\n\n\n\n<h1 class=\"wp-block-heading\">AI power for all tasks<\/h1>\n\n\n\n<h2 class=\"wp-block-heading\">Less strain, better health - and therefore workplaces that are safer, more inclusive and more attractive: The Exia takes the strain off people who are physically challenged at work with weight compensation of up to 38 kg per lifting movement. This also counteracts the shortage of skilled labour. This is because it reduces absences due to illness, extends working lives and makes jobs more sustainable - whether in logistics, construction or care.<\/h2>\n\n\n\n<h2 class=\"wp-block-heading\">A tool that adapts to people.<\/h2>\n\n\n\n<p>Every person is different. Every task is unique. Exia is based on AI and machine learning and uses billions of anonymised data from real work situations - to understand individual movements and provide targeted support. It adapts to the person and activity in real time and provides support exactly where it is needed most.<\/p>\n\n\n\n<p>Advantages at a glance:<\/p>\n\n\n\n<ul class=\"wp-block-list\">\n<li>Supports up to 38 kg per lifting movement<\/li>\n\n\n\n<li>Relieves strain when lifting, walking, carrying and loading as well as when working in a bent-over position<\/li>\n\n\n\n<li>Helps to prevent injuries and musculoskeletal disorders (MSDs)<\/li>\n\n\n\n<li>Learns with every use and continuously improves through AI<\/li>\n\n\n\n<li>Receives regular over-the-air updates<\/li>\n\n\n\n<li>Integrated into digital workflows and data platforms<\/li>\n\n\n\n<li>Robust, dustproof and waterproof<\/li>\n\n\n\n<li>Tried and tested in real work situations in industry and care<\/li>\n<\/ul>\n\n\n\n<h1 class=\"wp-block-heading\">360\u00b0 human augmentation with AI<\/h1>\n\n\n\n<h2 class=\"wp-block-heading\">Fully networked and designed with a focus on people: The exoskeleton's application data flows into advanced machine learning. This is how AI makes it possible for the Exia to continuously adapt to the individual needs, movements and activities of people in their everyday working life.<\/h2>\n\n\n\n<p>Smart Safety Companion<\/p>\n\n\n\n<p>AI-supported early warning system for ergonomics<\/p>\n\n\n\n<p>German Bionic IO platform<\/p>\n\n\n\n<p>Extensive AI-driven data analysis, monitoring and reporting to optimise work processes<\/p>\n\n\n\n<p>German Bionic Connect app<\/p>\n\n\n\n<p>Integrates and recognises the user as an integral part of the system with bidirectional feedback<\/p>\n\n\n\n<figure class=\"wp-block-video\"><video height=\"1080\" style=\"aspect-ratio: 1920 \/ 1080;\" width=\"1920\" controls src=\"https:\/\/epar-service.com\/wp-content\/uploads\/2025\/08\/Suevch4oN7z26XXZBTL83XeeU.mp4\"><\/video><\/figure>","protected":false},"excerpt":{"rendered":"<p>Das weltweit leistungsst\u00e4rkste Exoskelett KI-Exoskelett f\u00fcr alle Use Cases: vom h\u00e4rtesten Job in der Industrie bis zur einf\u00fchlsamen Pflege von Patienten Exia \u2013 Augmented AI, die versteht, wie Menschen arbeiten. Das Exia hat jahrelang gelernt. Vom Menschen. Aus Milliarden von Anwendungsdaten, die im realen Arbeitsalltag gesammelt wurden. Das Ergebnis: Es unterst\u00fctzt intelligent und personalisiert und [&hellip;]<\/p>\n","protected":false},"author":1,"featured_media":0,"parent":0,"menu_order":0,"comment_status":"closed","ping_status":"closed","template":"","meta":{"om_disable_all_campaigns":false,"_monsterinsights_skip_tracking":false,"_monsterinsights_sitenote_active":false,"_monsterinsights_sitenote_note":"","_monsterinsights_sitenote_category":0,"footnotes":""},"class_list":["post-378","page","type-page","status-publish","hentry"],"aioseo_notices":[],"_links":{"self":[{"href":"https:\/\/epar-service.com\/en\/wp-json\/wp\/v2\/pages\/378","targetHints":{"allow":["GET"]}}],"collection":[{"href":"https:\/\/epar-service.com\/en\/wp-json\/wp\/v2\/pages"}],"about":[{"href":"https:\/\/epar-service.com\/en\/wp-json\/wp\/v2\/types\/page"}],"author":[{"embeddable":true,"href":"https:\/\/epar-service.com\/en\/wp-json\/wp\/v2\/users\/1"}],"replies":[{"embeddable":true,"href":"https:\/\/epar-service.com\/en\/wp-json\/wp\/v2\/comments?post=378"}],"version-history":[{"count":1,"href":"https:\/\/epar-service.com\/en\/wp-json\/wp\/v2\/pages\/378\/revisions"}],"predecessor-version":[{"id":380,"href":"https:\/\/epar-service.com\/en\/wp-json\/wp\/v2\/pages\/378\/revisions\/380"}],"wp:attachment":[{"href":"https:\/\/epar-service.com\/en\/wp-json\/wp\/v2\/media?parent=378"}],"curies":[{"name":"wp","href":"https:\/\/api.w.org\/{rel}","templated":true}]}}