{"id":284,"date":"2025-01-25T19:55:55","date_gmt":"2025-01-25T19:55:55","guid":{"rendered":"https:\/\/epar-service.com\/?page_id=284"},"modified":"2025-01-25T19:55:55","modified_gmt":"2025-01-25T19:55:55","slug":"interesting-facts-about-activation-and-technology","status":"publish","type":"page","link":"https:\/\/epar-service.com\/en\/interesting-facts-about-activation-and-technology\/","title":{"rendered":"Interesting facts about activation and technology"},"content":{"rendered":"<h6 class=\"wp-block-heading\"><br>AIR CONDITIONING 5.0<\/h6>\n\n\n\n<h2 class=\"wp-block-heading\">COOLINE SX3<\/h2>\n\n\n\n<h1 class=\"wp-block-heading\">3D-HIGHTECH<br>COOLING<\/h1>\n\n\n\n<p><strong>PATENTED<br><\/strong><strong>UNIQUE<br>EXCELLENT<\/strong><\/p>\n\n\n\n<figure class=\"wp-block-image\"><img decoding=\"async\" src=\"https:\/\/e-cooline.de\/wp-content\/uploads\/2023\/02\/Cooline-SX3-Technologie-Verdunstungsdarstellung-1024%C3%971024px.webp\" alt=\"COOLINE SX3 technology evaporation display\" class=\"wp-image-2931\"\/><\/figure>\n\n\n\n<h2 class=\"wp-block-heading\">THE AIR CONDITIONER TO WEAR<\/h2>\n\n\n\n<p>High quality, brilliant 3D technology, natural refrigerants such as water and air and a high-quality finish in a stylish design: COOLINE SX3 offers everything you need for sustainable, top-class air conditioning.<\/p>\n\n\n\n<p>The COOLINE SX3 high-tech fleece has the ability to bind large quantities of water within seconds and store it directly on the smart 3D fibres. The advantage: an enormously large surface area of water molecules is created, which can evaporate immediately and effectively cool. No water droplets or condensation form under pressure - even if you exert extreme pressure.<\/p>\n\n\n\n<figure class=\"wp-block-image\"><img decoding=\"async\" src=\"https:\/\/e-cooline.de\/wp-content\/uploads\/2023\/01\/UN-Woman-300x150px.jpg\" alt=\"Logo UN-Women\"\/><\/figure>\n\n\n\n<figure class=\"wp-block-image\"><img decoding=\"async\" src=\"https:\/\/e-cooline.de\/wp-content\/uploads\/2023\/02\/Logo-cool-coalition-300x150px.webp\" alt=\"Logo cool coalition-300x150px\"\/><\/figure>\n\n\n\n<figure class=\"wp-block-image\"><img decoding=\"async\" src=\"https:\/\/e-cooline.de\/wp-content\/uploads\/2023\/02\/Logo-Green-cooling-Initiative-300x150px.webp\" alt=\"Logo Green cooling Initiative-300x150px\"\/><\/figure>\n\n\n\n<figure class=\"wp-block-image\"><img decoding=\"async\" src=\"https:\/\/e-cooline.de\/wp-content\/uploads\/2024\/06\/E-COOLINE-CP-Klimaneutrale-Produkte.png\" alt=\"E-COOLINE-CP climate-neutral products\"\/><\/figure>\n\n\n\n<figure class=\"wp-block-image\"><img decoding=\"async\" src=\"https:\/\/e-cooline.de\/wp-content\/uploads\/2023\/01\/ecooline-made-in-germany.jpg\" alt=\"ecooline-made-in-germany\"\/><\/figure>\n\n\n\n<figure class=\"wp-block-image\"><img decoding=\"async\" src=\"https:\/\/e-cooline.de\/wp-content\/uploads\/2023\/01\/ecooline-patentierte-technologie.jpg\" alt=\"ecooline patented technology\"\/><\/figure>\n\n\n\n<figure class=\"wp-block-image\"><img decoding=\"async\" src=\"https:\/\/e-cooline.de\/wp-content\/uploads\/2023\/01\/Logo-ecooline-cooling-effekt-durch-hohenstein-bestaetigt.jpg\" alt=\"Logo-ecooline-cooling-effect-by-high-stone-confirmed\"\/><\/figure>\n\n\n\n<figure class=\"wp-block-image\"><img decoding=\"async\" src=\"https:\/\/e-cooline.de\/wp-content\/uploads\/2023\/01\/Caring-for-Climate-300x150uex.jpg\" alt=\"Caring-for-Climate-300x150\u00fcx\"\/><\/figure>\n\n\n\n<figure class=\"wp-block-image\"><img decoding=\"async\" src=\"https:\/\/e-cooline.de\/wp-content\/uploads\/2023\/01\/ecooline-alliance-for-climate-Kopie.jpg\" alt=\"ecooline-alliance-for-climate - Copy\"\/><\/figure>\n\n\n\n<figure class=\"wp-block-image\"><img decoding=\"async\" src=\"https:\/\/e-cooline.de\/wp-content\/uploads\/2023\/01\/Logo_Textilbuendnis-Kopie.png\" alt=\"Logo_Textilb\u00fcndnis - Copy\"\/><\/figure>\n\n\n\n<figure class=\"wp-block-image\"><img decoding=\"async\" src=\"https:\/\/e-cooline.de\/wp-content\/uploads\/2023\/01\/Senat-der-Wirtschaft-300x150px-Kopie.jpg\" alt=\"Senate-of-the-Economy-300x150px - Copy\"\/><\/figure>\n\n\n\n<figure class=\"wp-block-image\"><img decoding=\"async\" src=\"https:\/\/e-cooline.de\/wp-content\/uploads\/2023\/01\/suedwesttextil-Kopie.png\" alt=\"s\u00fcdwesttextil - Copy\"\/><\/figure>\n\n\n\n<figure class=\"wp-block-image\"><img decoding=\"async\" src=\"https:\/\/e-cooline.de\/wp-content\/uploads\/2023\/01\/UN-Woman-300x150px.jpg\" alt=\"Logo UN-Women\"\/><\/figure>\n\n\n\n<figure class=\"wp-block-image\"><img decoding=\"async\" src=\"https:\/\/e-cooline.de\/wp-content\/uploads\/2023\/02\/Logo-cool-coalition-300x150px.webp\" alt=\"Logo cool coalition-300x150px\"\/><\/figure>\n\n\n\n<figure class=\"wp-block-image\"><img decoding=\"async\" src=\"https:\/\/e-cooline.de\/wp-content\/uploads\/2023\/02\/Logo-Green-cooling-Initiative-300x150px.webp\" alt=\"Logo Green cooling Initiative-300x150px\"\/><\/figure>\n\n\n\n<figure class=\"wp-block-image\"><img decoding=\"async\" src=\"https:\/\/e-cooline.de\/wp-content\/uploads\/2024\/06\/E-COOLINE-CP-Klimaneutrale-Produkte.png\" alt=\"E-COOLINE-CP climate-neutral products\"\/><\/figure>\n\n\n\n<figure class=\"wp-block-image\"><img decoding=\"async\" src=\"https:\/\/e-cooline.de\/wp-content\/uploads\/2023\/01\/ecooline-made-in-germany.jpg\" alt=\"ecooline-made-in-germany\"\/><\/figure>\n\n\n\n<figure class=\"wp-block-image\"><img decoding=\"async\" src=\"https:\/\/e-cooline.de\/wp-content\/uploads\/2023\/01\/ecooline-patentierte-technologie.jpg\" alt=\"ecooline patented technology\"\/><\/figure>\n\n\n\n<figure class=\"wp-block-image\"><img decoding=\"async\" src=\"https:\/\/e-cooline.de\/wp-content\/uploads\/2023\/01\/Logo-ecooline-cooling-effekt-durch-hohenstein-bestaetigt.jpg\" alt=\"Logo-ecooline-cooling-effect-by-high-stone-confirmed\"\/><\/figure>\n\n\n\n<figure class=\"wp-block-image\"><img decoding=\"async\" src=\"https:\/\/e-cooline.de\/wp-content\/uploads\/2023\/01\/Caring-for-Climate-300x150uex.jpg\" alt=\"Caring-for-Climate-300x150\u00fcx\"\/><\/figure>\n\n\n\n<p>EFFECTIVELY COOL, BUT PLEASANTLY DRY<\/p>\n\n\n\n<h2 class=\"wp-block-heading\">CLIMATE TECHNOLOGY<br>WITH SMART FIBRES<\/h2>\n\n\n\n<p>The potential uses of the 3D-COOL material are immense and have already proved successful in many areas in recent years. When integrated into clothing, the high-tech fleece can be used like an air conditioning system. Simple, effective and climate-neutral - with a feel-good factor.<\/p>\n\n\n\n<p>Thanks to its excellent performance, the material is used by leading companies in the field of health protection at workplaces exposed to heat, in clinics and by doctors in the neurological field, e.g. in MS, but also in leisure and sports. The COOLINE SX3 material now also plays a leading role in weight loss.<\/p>\n\n\n\n<p>Processed in trendy designs, the material is quick to use and dry on the outside. Thanks to a natural antibacterial finish with DEOXX fresh, you not only stay cool, but also hygienically clean. It is precisely these advantages that set COOLINE SX3 apart from all other materials available on the market. For a wonderfully cool feeling of freshness.<\/p>\n\n\n\n<p><a href=\"https:\/\/e-cooline.de\/shop\">BUY NOW<\/a><\/p>\n\n\n\n<figure class=\"wp-block-image\"><a href=\"https:\/\/e-cooline.de\/shop\/kuehlwesten\/e-cooline-powercool-sx3-raceweste\/\"><img decoding=\"async\" src=\"https:\/\/e-cooline.de\/wp-content\/uploads\/2023\/02\/Raceweste_Site-IF-award-Logo-links-Kopie.webp\" alt=\"Race waistcoat with iF Award logo on the side\" class=\"wp-image-2858\"\/><\/a><\/figure>\n\n\n\n<figure class=\"wp-block-image\"><img decoding=\"async\" src=\"https:\/\/e-cooline.de\/wp-content\/uploads\/2023\/03\/if_designaward2021_red_p_rgb-154x300.png\" alt=\"Logo IF Design Award 2021\" class=\"wp-image-6364\"\/><\/figure>\n\n\n\n<figure class=\"wp-block-image\"><a href=\"https:\/\/e-cooline.de\/shop\/kuehlshirts\/e-cooline-powercool-sx3-t-shirt\/\"><img decoding=\"async\" src=\"https:\/\/e-cooline.de\/wp-content\/uploads\/2023\/02\/Powercool-SX3-T-Shirt-Design-Award.webp\" alt=\"Powercool SX3 T-shirt with iF Design Award logo\" class=\"wp-image-2857\"\/><\/a><\/figure>\n\n\n\n<h5 class=\"wp-block-heading\">READY FOR USE IN SECONDS<\/h5>\n\n\n\n<p>E.COOLINE products are activated with water in seconds, dry quickly and are immediately ready for use with a cooling capacity of 660 watts per litre.<\/p>\n\n\n\n<h5 class=\"wp-block-heading\">10 HOURS COOL<\/h5>\n\n\n\n<p>The COOLINE SX3 material stores enough water to keep you dry and cool throughout the day.<\/p>\n\n\n\n<h5 class=\"wp-block-heading\">WASHABLE<\/h5>\n\n\n\n<p>E.COOLINE products are the only washable functional cooling textiles with DEOXX fresh. Simply wash by hand or in the washing machine at 30\u00b0C.<\/p>\n\n\n\n<p>POSSIBLE COOLING DIFFERENCE<\/p>\n\n\n\n<p>12\u00b0C<\/p>\n\n\n\n<figure class=\"wp-block-image\"><img decoding=\"async\" src=\"https:\/\/e-cooline.de\/wp-content\/uploads\/2023\/02\/COOLINE-SX3-Hybrid-Technologie-1500x1500px.webp\" alt=\"COOLINE SX3 Hybrid technology\" class=\"wp-image-2967\"\/><\/figure>\n\n\n\n<h2 class=\"wp-block-heading\">INDIVIDUAL ADAPTATION TO THE AMBIENT TEMPERATURE<\/h2>\n\n\n\n<p>The unique and patented 3D technology makes it possible: every product with COOLINE SX3 fleece can be customised by each user as required. In over 90% of cases, E.COOLINE works according to the 3D COOL evaporation principle. If you need more cooling, you can of course boost the system at any time as required. Read how below.<\/p>\n\n\n\n<p>The great thing about them is that they cool effectively and sustainably. We only use natural refrigerants such as water and air. The technology is also quick, easy, practical and mobile and can be used anywhere. With the cool designs of the&nbsp;<strong><a href=\"https:\/\/e-cooline.de\/shop\">E.COOLINE<\/a><\/strong>&nbsp;and SlimCOOL collections, you'll look good too.<\/p>\n\n\n\n<figure class=\"wp-block-image\"><img decoding=\"async\" src=\"https:\/\/e-cooline.de\/wp-content\/uploads\/2023\/02\/Logo-HNU-Award-150x150px-sw.webp\" alt=\"Logo Employer Branding Award 2021\"\/><\/figure>\n\n\n\n<figure class=\"wp-block-image\"><img decoding=\"async\" src=\"https:\/\/e-cooline.de\/wp-content\/uploads\/2023\/02\/Logo-IFaward-150x150px-sw.webp\" alt=\"Logo iF Design Award 2021\"\/><\/figure>\n\n\n\n<figure class=\"wp-block-image\"><img decoding=\"async\" src=\"https:\/\/e-cooline.de\/wp-content\/uploads\/2023\/02\/Logo-Land-der-Ideen-150x150px.webp\" alt=\"Logo Land of Ideas-150x150px\"\/><\/figure>\n\n\n\n<figure class=\"wp-block-image\"><img decoding=\"async\" src=\"https:\/\/e-cooline.de\/wp-content\/uploads\/2023\/02\/Logo-PlusX-150x150px-sw.webp\" alt=\"Logo PlusX-150x150px-sw\"\/><\/figure>\n\n\n\n<figure class=\"wp-block-image\"><img decoding=\"async\" src=\"https:\/\/e-cooline.de\/wp-content\/uploads\/2023\/02\/LogoMarketing-for-Future-150x150px-sw.webp\" alt=\"LogoMarketing for Future-150x150px-sw\"\/><\/figure>\n\n\n\n<figure class=\"wp-block-image\"><img decoding=\"async\" src=\"https:\/\/e-cooline.de\/wp-content\/uploads\/2023\/02\/Logo-Excellent-Award-150x150px-sw.webp\" alt=\"Logo Excellence Award\"\/><\/figure>\n\n\n\n<figure class=\"wp-block-image\"><img decoding=\"async\" src=\"https:\/\/e-cooline.de\/wp-content\/uploads\/2023\/02\/Logo-HNU-Award-150x150px-sw.webp\" alt=\"Logo Employer Branding Award 2021\"\/><\/figure>\n\n\n\n<figure class=\"wp-block-image\"><img decoding=\"async\" src=\"https:\/\/e-cooline.de\/wp-content\/uploads\/2023\/02\/Logo-IFaward-150x150px-sw.webp\" alt=\"Logo iF Design Award 2021\"\/><\/figure>\n\n\n\n<figure class=\"wp-block-image\"><img decoding=\"async\" src=\"https:\/\/e-cooline.de\/wp-content\/uploads\/2023\/02\/Logo-Land-der-Ideen-150x150px.webp\" alt=\"Logo Land of Ideas-150x150px\"\/><\/figure>\n\n\n\n<figure class=\"wp-block-image\"><img decoding=\"async\" src=\"https:\/\/e-cooline.de\/wp-content\/uploads\/2023\/02\/Logo-PlusX-150x150px-sw.webp\" alt=\"Logo PlusX-150x150px-sw\"\/><\/figure>\n\n\n\n<figure class=\"wp-block-image\"><img decoding=\"async\" src=\"https:\/\/e-cooline.de\/wp-content\/uploads\/2023\/02\/LogoMarketing-for-Future-150x150px-sw.webp\" alt=\"LogoMarketing for Future-150x150px-sw\"\/><\/figure>\n\n\n\n<figure class=\"wp-block-image\"><img decoding=\"async\" src=\"https:\/\/e-cooline.de\/wp-content\/uploads\/2023\/02\/Logo-Excellent-Award-150x150px-sw.webp\" alt=\"Logo Excellence Award\"\/><\/figure>\n\n\n\n<figure class=\"wp-block-image\"><img decoding=\"async\" src=\"https:\/\/e-cooline.de\/wp-content\/uploads\/2023\/02\/Logo-HNU-Award-150x150px-sw.webp\" alt=\"Logo Employer Branding Award 2021\"\/><\/figure>\n\n\n\n<figure class=\"wp-block-image\"><img decoding=\"async\" src=\"https:\/\/e-cooline.de\/wp-content\/uploads\/2023\/02\/Logo-IFaward-150x150px-sw.webp\" alt=\"Logo iF Design Award 2021\"\/><\/figure>\n\n\n\n<figure class=\"wp-block-image\"><img decoding=\"async\" src=\"https:\/\/e-cooline.de\/wp-content\/uploads\/2023\/02\/Logo-Land-der-Ideen-150x150px.webp\" alt=\"Logo Land of Ideas-150x150px\"\/><\/figure>\n\n\n\n<figure class=\"wp-block-image\"><img decoding=\"async\" src=\"https:\/\/e-cooline.de\/wp-content\/uploads\/2023\/02\/Logo-PlusX-150x150px-sw.webp\" alt=\"Logo PlusX-150x150px-sw\"\/><\/figure>\n\n\n\n<h5 class=\"wp-block-heading\">THE HYBRID TECHNOLOGY FROM PERVORMANCE<\/h5>\n\n\n\n<h2 class=\"wp-block-heading\">ONE COOLING TECHNOLOGY FOR ALL HEAT SITUATIONS<\/h2>\n\n\n\n<h5 class=\"wp-block-heading\">3D COOL TECHNOLOGY<\/h5>\n\n\n\n<p>Due to the normal heat development of our body, the water molecules bound to the fibres of the 3D-COOL material COOLINE SX3 evaporate so effectively that a comfortable temperature of 16 - 20\u00b0C with a cooling capacity of up to 660 watts\/l is achieved.<\/p>\n\n\n\n<p>Due to the physical principle of evaporative cooling, COOLINE cools more at higher temperatures and less at lower temperatures. This always produces an optimum cooling result - automatically. And the great thing about it: you don't need an external energy source, you can move around freely - you decide where and when you want to cool yourself. Whether indoors or outdoors. This gives you self-sufficient air conditioning that can be used quickly and easily anywhere.<\/p>\n\n\n\n<h5 class=\"wp-block-heading\">3D COOL BOOSTER<\/h5>\n\n\n\n<p>But COOLINE can do even more. While you have to wait for hours in extreme conditions with ice or PCM material, the 3D surface of COOLINE can store cold capacity from 0 - 10\u00b0C in a record time of 5-20 minutes (depending on the product) and release it effectively in addition to evaporative cooling. By using simple, mobile cooling bags and ice packs or crushed ice, E.COOLINE is effective even at extreme temperatures and above 90% humidity or airtight protective clothing. The product is always ready for use within minutes. SlimCOOL products also benefit from this.<\/p>\n\n\n\n<p>In 90% cases, you don't need the Cool Booster at all. The 3D technology with evaporative cooling alone is usually completely sufficient. The great thing about it: you have one product for all cases.<\/p>\n\n\n\n<p><strong>In 90% all applications, the 3D-COOL technology with pure evaporative cooling effectively cools the body down to 12\u00b0C with up to 660 Wh. You don't need a fridge or freezer. Save 97% CO2 with it!<\/strong><\/p>\n\n\n\n<p><strong>COOLINE SX3 also works perfectly in extreme conditions (over 90% humidity). In these cases (only approx. 10%), all you need is a simple cool bag with ice packs or ice packs for pre-cooling.<\/strong><\/p>","protected":false},"excerpt":{"rendered":"<p>KLIMATECHNIK 5.0 COOLINE SX3 3D-HIGHTECHK\u00dcHLUNG PATENTIERTEINZIGARTIGAUSGEZEICHNET DIE KLIMAANLAGE ZUM ANZIEHEN Hohe Qualit\u00e4t, brillante 3D-Technologie, nat\u00fcrliche K\u00e4ltemittel, wie Wasser und Luft und eine hochwertige Verarbeitung in schickem Design: COOLINE SX3 bietet alles, was nachhaltige Klimatisierung der Spitzenklasse ben\u00f6tigt. Das COOLINE SX3 Hightech- Vlies hat die Eigenschaft, gro\u00dfe Mengen Wasser sekundenschnell im Innern zu binden und direkt [&hellip;]<\/p>\n","protected":false},"author":1,"featured_media":0,"parent":0,"menu_order":0,"comment_status":"closed","ping_status":"closed","template":"","meta":{"om_disable_all_campaigns":false,"_monsterinsights_skip_tracking":false,"_monsterinsights_sitenote_active":false,"_monsterinsights_sitenote_note":"","_monsterinsights_sitenote_category":0,"footnotes":""},"class_list":["post-284","page","type-page","status-publish","hentry"],"aioseo_notices":[],"_links":{"self":[{"href":"https:\/\/epar-service.com\/en\/wp-json\/wp\/v2\/pages\/284","targetHints":{"allow":["GET"]}}],"collection":[{"href":"https:\/\/epar-service.com\/en\/wp-json\/wp\/v2\/pages"}],"about":[{"href":"https:\/\/epar-service.com\/en\/wp-json\/wp\/v2\/types\/page"}],"author":[{"embeddable":true,"href":"https:\/\/epar-service.com\/en\/wp-json\/wp\/v2\/users\/1"}],"replies":[{"embeddable":true,"href":"https:\/\/epar-service.com\/en\/wp-json\/wp\/v2\/comments?post=284"}],"version-history":[{"count":1,"href":"https:\/\/epar-service.com\/en\/wp-json\/wp\/v2\/pages\/284\/revisions"}],"predecessor-version":[{"id":285,"href":"https:\/\/epar-service.com\/en\/wp-json\/wp\/v2\/pages\/284\/revisions\/285"}],"wp:attachment":[{"href":"https:\/\/epar-service.com\/en\/wp-json\/wp\/v2\/media?parent=284"}],"curies":[{"name":"wp","href":"https:\/\/api.w.org\/{rel}","templated":true}]}}