{"id":280,"date":"2025-01-25T19:49:26","date_gmt":"2025-01-25T19:49:26","guid":{"rendered":"https:\/\/epar-service.com\/?page_id=280"},"modified":"2025-01-25T20:08:21","modified_gmt":"2025-01-25T20:08:21","slug":"e-cooline-powercool-sx3-race-waistcoat-cooling-waistcoat-your-cooling-waistcoat-against-heat-stress","status":"publish","type":"page","link":"https:\/\/epar-service.com\/en\/e-cooline-powercool-sx3-race-waistcoat-cooling-waistcoat-your-cooling-waistcoat-against-heat-stress\/","title":{"rendered":"E.COOLINE Powercool SX3 RaceVest - cooling waistcoat - your cooling waistcoat against heat stress"},"content":{"rendered":"<h5 class=\"wp-block-heading\">Powercool SX3 RaceVest - the perfect cooling waistcoat for sports<\/h5>\n\n\n\n<p>With the E.COOLINE&nbsp;<strong>Powercool SX3 RaceVest<\/strong>&nbsp;With the COOLINE SX3 3D cooling technology, you stay wonderfully cool even in the heat. Whether at&nbsp;<strong>at work, while jogging, riding a motorbike or bicycle<\/strong>&nbsp;or simply&nbsp;<strong>at the barbecue<\/strong>&nbsp;- With up to 660 watts, the cooling waistcoat ensures pleasantly dry cooling and thus a perfect feel-good climate.&nbsp;<strong>Indoor and outdoor<\/strong>! It relieves heat stress and health problems caused by high temperatures and gives you an extra portion of energy. Scientific studies have confirmed the effectiveness of E.COOLINE.<\/p>\n\n\n\n<p>The lightweight, supple material with built-in, stretchy mesh gives the sporty race waistcoat a comfortable fit and offers outstanding wearer comfort! Thanks to the close-fitting cut and flat zip, the cooling waistcoat can be worn both over and under other clothing such as motorbike gear, a firefighter's protective suit or simply under a suit at the office.<\/p>\n\n\n\n<p>The RaceVest has a sporty short cut. Please note the back length information for the product.<\/p>\n\n\n\n<p><strong>Material:&nbsp;<\/strong>Outer material: 100% polyester; Mesh material: 83% polyester \/17% elastane; Filling: 100% COOLINE polyester<\/p>\n\n\n\n<p>Keep cool with the E.COOLINE race waistcoat&nbsp;<strong>climate neutral<\/strong>&nbsp;with a&nbsp;<strong>Technology \"Made in Germany\"<\/strong>&nbsp;<br>&nbsp;<\/p>\n\n\n\n<hr class=\"wp-block-separator has-alpha-channel-opacity\"\/>\n\n\n\n<h5 class=\"wp-block-heading\">360\u00b0 view - E.COOLINE Powercool SX3 RaceVest \/ cooling waistcoat<\/h5>\n\n\n\n<figure class=\"wp-block-image\"><img decoding=\"async\" src=\"https:\/\/cdn02.plentymarkets.com\/07jvlffix7ng\/frontend\/Gifs\/E_COOLINE_Westen\/Powercool_SX3_Raceweste_-_animiert_WEB.gif\" alt=\"360\u00b0 view - E.COOLINE Powercool SX3 RaceVest \/ cooling waistcoat\"\/><\/figure>\n\n\n\n<h5 class=\"wp-block-heading\">SIZE TABLE<\/h5>\n\n\n\n<figure class=\"wp-block-table\"><table class=\"has-fixed-layout\"><tbody><tr><td>&nbsp;Size<\/td><td>&nbsp;Width\/chest circumference<\/td><td>&nbsp;Length&nbsp;&nbsp;<\/td><\/tr><tr><td>XXS&nbsp;&nbsp;<\/td><td>77 - 84 cm<\/td><td>44 cm<\/td><\/tr><tr><td>XS<\/td><td>&nbsp;84 - 88 cm<\/td><td>46 cm<\/td><\/tr><tr><td>S<\/td><td>88 - 92 cm<\/td><td>48 cm<\/td><\/tr><tr><td>M<\/td><td>92 - 96 cm<\/td><td>50 cm<\/td><\/tr><tr><td>&nbsp;L<\/td><td>&nbsp;96 - 100 cm<\/td><td>52 cm<\/td><\/tr><tr><td>&nbsp;XL<\/td><td>&nbsp;100 - 106 cm<\/td><td>56 cm<\/td><\/tr><tr><td>&nbsp;XXL<\/td><td>&nbsp;106 - 114 cm<\/td><td>59 cm<\/td><\/tr><tr><td>&nbsp;3XL<\/td><td>&nbsp;114 - 120 cm<\/td><td>62 cm<\/td><\/tr><tr><td>4XL<\/td><td>&nbsp;120 - 126 cm<\/td><td>64 cm<\/td><\/tr><\/tbody><\/table><\/figure>\n\n\n\n<h5 class=\"wp-block-heading\">ACTIVATION<\/h5>\n\n\n\n<p>Activating E.COOLINE products is quick and easy. Apply water - roll up - dry off.<\/p>\n\n\n\n<figure class=\"wp-block-embed is-type-video is-provider-youtube wp-block-embed-youtube wp-embed-aspect-16-9 wp-has-aspect-ratio\"><div class=\"wp-block-embed__wrapper\">\n<iframe loading=\"lazy\" title=\"How to activate your E.COOLINE Powercool SX3 shirt waistcoat\" width=\"500\" height=\"281\" src=\"https:\/\/www.youtube.com\/embed\/yaru7NmcFLo?feature=oembed\" frameborder=\"0\" allow=\"accelerometer; autoplay; clipboard-write; encrypted-media; gyroscope; picture-in-picture; web-share\" referrerpolicy=\"strict-origin-when-cross-origin\" allowfullscreen><\/iframe>\n<\/div><\/figure>\n\n\n\n<h5 class=\"wp-block-heading\">CARE INSTRUCTIONS<\/h5>\n\n\n\n<p><strong>E.COOLINE cooling clothing<\/strong>&nbsp;is - in contrast to most other functional cooling textiles&nbsp;<strong>washable<\/strong>.<\/p>\n\n\n\n<figure class=\"wp-block-image is-resized\"><img decoding=\"async\" src=\"https:\/\/cdn02.plentymarkets.com\/07jvlffix7ng\/frontend\/E_COOLINE_E_COMMERCE\/Bilder_fuer_Produktbeschreibungen_allg\/Gluehbirne_pix_Artikeldetail1.png\" alt=\"Interesting facts about activation and technology\" style=\"width:41px;height:auto\"\/><\/figure>\n\n\n\n<p><strong><a href=\"https:\/\/epar-service.com\/en\/interesting-facts-about-activation-and-technology\/\" title=\"Interesting facts about activation and technology\">Interesting facts about activation and technology<\/a><\/strong><\/p>\n\n\n\n<p><\/p>","protected":false},"excerpt":{"rendered":"<p>Powercool SX3 RaceWeste \u2013 die perfekte K\u00fchlweste beim Sport Mit der E.COOLINE&nbsp;Powercool SX3 RaceWeste&nbsp;mit der 3D -K\u00fchltechnologie COOLINE SX3 bleiben Sie auch bei Hitze herrlich cool. Ob bei&nbsp;der Arbeit, beim Joggen, Motorrad- oder Radfahren&nbsp;oder einfach&nbsp;beim Grillen&nbsp;\u2013 die K\u00fchlweste sorgt mit bis zu 660 Watt f\u00fcr eine angenehm trockene K\u00fchlung und damit f\u00fcr ein perfektes Wohlf\u00fchlklima.&nbsp;Indoor [&hellip;]<\/p>\n","protected":false},"author":1,"featured_media":0,"parent":0,"menu_order":0,"comment_status":"closed","ping_status":"closed","template":"","meta":{"om_disable_all_campaigns":false,"_monsterinsights_skip_tracking":false,"_monsterinsights_sitenote_active":false,"_monsterinsights_sitenote_note":"","_monsterinsights_sitenote_category":0,"footnotes":""},"class_list":["post-280","page","type-page","status-publish","hentry"],"aioseo_notices":[],"_links":{"self":[{"href":"https:\/\/epar-service.com\/en\/wp-json\/wp\/v2\/pages\/280","targetHints":{"allow":["GET"]}}],"collection":[{"href":"https:\/\/epar-service.com\/en\/wp-json\/wp\/v2\/pages"}],"about":[{"href":"https:\/\/epar-service.com\/en\/wp-json\/wp\/v2\/types\/page"}],"author":[{"embeddable":true,"href":"https:\/\/epar-service.com\/en\/wp-json\/wp\/v2\/users\/1"}],"replies":[{"embeddable":true,"href":"https:\/\/epar-service.com\/en\/wp-json\/wp\/v2\/comments?post=280"}],"version-history":[{"count":4,"href":"https:\/\/epar-service.com\/en\/wp-json\/wp\/v2\/pages\/280\/revisions"}],"predecessor-version":[{"id":289,"href":"https:\/\/epar-service.com\/en\/wp-json\/wp\/v2\/pages\/280\/revisions\/289"}],"wp:attachment":[{"href":"https:\/\/epar-service.com\/en\/wp-json\/wp\/v2\/media?parent=280"}],"curies":[{"name":"wp","href":"https:\/\/api.w.org\/{rel}","templated":true}]}}