{"id":415,"date":"2025-08-23T15:58:20","date_gmt":"2025-08-23T15:58:20","guid":{"rendered":"https:\/\/epar-service.com\/?page_id=415"},"modified":"2025-08-23T16:04:47","modified_gmt":"2025-08-23T16:04:47","slug":"uplift-leight","status":"publish","type":"page","link":"https:\/\/epar-service.com\/de_de\/uplift-leight\/","title":{"rendered":"UPLIFT Leight"},"content":{"rendered":"\n<div class=\"wp-block-group alignfull has-white-color has-pale-cyan-blue-background-color has-text-color has-background has-global-padding is-layout-constrained wp-container-core-group-is-layout-6493990a wp-block-group-is-layout-constrained\" style=\"padding-top:0vw;padding-right:0vw;padding-bottom:0vw;padding-left:0vw\">\n<h1 class=\"wp-block-heading has-text-align-center\">Unser leichtes, \u00e4u\u00dferst bequemes Exoskelett,<\/h1>\n\n\n\n<p class=\"has-text-align-center has-medium-font-size\">Mechanik im Dienste des menschlichen Bewegungsapparates<\/p>\n\n\n\n<div class=\"wp-block-buttons is-content-justification-center is-layout-flex wp-container-core-buttons-is-layout-a89b3969 wp-block-buttons-is-layout-flex\">\n<div class=\"wp-block-button is-style-outline is-style-outline--1\"><a class=\"wp-block-button__link has-white-color has-text-color wp-element-button\" href=\"https:\/\/epar-service.com\/rueckerstattung_rueckgaben\/\">Kontakt<\/a><\/div>\n<\/div>\n<\/div>\n\n\n\n<figure class=\"wp-block-image size-full\"><img loading=\"lazy\" decoding=\"async\" width=\"487\" height=\"608\" src=\"https:\/\/epar-service.com\/wp-content\/uploads\/2025\/08\/UPLIFT-Leight-1.jpg\" alt=\"UPLIFT Leight\" class=\"wp-image-417\" srcset=\"https:\/\/epar-service.com\/wp-content\/uploads\/2025\/08\/UPLIFT-Leight-1.jpg 487w, https:\/\/epar-service.com\/wp-content\/uploads\/2025\/08\/UPLIFT-Leight-1-240x300.jpg 240w, https:\/\/epar-service.com\/wp-content\/uploads\/2025\/08\/UPLIFT-Leight-1-10x12.jpg 10w\" sizes=\"auto, (max-width: 487px) 100vw, 487px\" \/><\/figure>\n\n\n\n<h2 class=\"wp-block-heading\">10 Gr\u00fcnde, sich f\u00fcr das von Mawashi entwickelte Exoskelett UPLIFT\u2122 Lite zu entscheiden<\/h2>\n\n\n\n<figure class=\"wp-block-image\"><img decoding=\"async\" src=\"https:\/\/uplift.mawashi.ca\/wp-content\/uploads\/2023\/07\/separator-left.svg\" alt=\"UPLIFT Leight\" class=\"wp-image-2712\" title=\"separator-left\"\/><\/figure>\n\n\n\n<ul class=\"wp-block-list\">\n<li>Mehr Vielseitigkeit<\/li>\n\n\n\n<li>Gr\u00f6\u00dfere Bewegungsfreiheit<\/li>\n\n\n\n<li>Verbesserte Ergonomie und Komfort<\/li>\n\n\n\n<li>Unbegrenzte Autonomie<\/li>\n\n\n\n<li>Intuitive und nat\u00fcrliche Unterst\u00fctzung, die den biomechanischen Prinzipien des menschlichen K\u00f6rpers folgt<\/li>\n<\/ul>\n\n\n\n<ul class=\"wp-block-list\">\n<li>Eine ma\u00dfgeschneiderte L\u00f6sung<\/li>\n\n\n\n<li>Ein Exoskelett von h\u00f6chster Qualit\u00e4t<\/li>\n\n\n\n<li>Unterst\u00fctzung und ein Netzwerk f\u00fcr Hilfe<\/li>\n\n\n\n<li>Eine Technologie, die von einem f\u00fchrenden Unternehmen auf diesem Gebiet entwickelt wurde<\/li>\n\n\n\n<li>Eine praktische und benutzerfreundliche L\u00f6sung<\/li>\n\n\n\n<li><\/li>\n<\/ul>\n\n\n\n<figure class=\"wp-block-embed is-type-video is-provider-youtube wp-block-embed-youtube wp-embed-aspect-16-9 wp-has-aspect-ratio\"><div class=\"wp-block-embed__wrapper\">\n<iframe loading=\"lazy\" title=\"Mawashi | UPLIFT Lite Launch\" width=\"500\" height=\"281\" src=\"https:\/\/www.youtube.com\/embed\/JC-URQKIaBc?feature=oembed\" frameborder=\"0\" allow=\"accelerometer; autoplay; clipboard-write; encrypted-media; gyroscope; picture-in-picture; web-share\" referrerpolicy=\"strict-origin-when-cross-origin\" allowfullscreen><\/iframe>\n<\/div><\/figure>\n\n\n\n<h2 class=\"wp-block-heading\">Wichtigste Merkmale<\/h2>\n\n\n\n<figure class=\"wp-block-image\"><img decoding=\"async\" src=\"https:\/\/uplift.mawashi.ca\/wp-content\/uploads\/2023\/07\/shape-angle-2.svg\" alt=\"UPLIFT Leight\" class=\"wp-image-2723\" title=\"shape-angle\"\/><\/figure>\n\n\n\n<ul class=\"wp-block-list\">\n<li>Anpassbare Unterst\u00fctzung, die sich in Echtzeit anpasst<\/li>\n\n\n\n<li>Schnelle und intuitive manuelle Steuerung zum Aktivieren oder Deaktivieren der Unterst\u00fctzung f\u00fcr alle Hilfsmodule<\/li>\n\n\n\n<li>Intuitiv, einfach zu bedienen und anzulegen<\/li>\n\n\n\n<li>F\u00fcr jedes Budget erschwinglich<\/li>\n<\/ul>\n\n\n\n<ul class=\"wp-block-list\">\n<li>Hochwertige Materialien<\/li>\n\n\n\n<li>Ultraleicht, nur 1,6 kg (3,5 lbs)<\/li>\n\n\n\n<li>Atmungsaktive Materialien f\u00f6rdern die Luftzirkulation f\u00fcr eine optimale Regulierung der K\u00f6rperw\u00e4rme<\/li>\n<\/ul>\n","protected":false},"excerpt":{"rendered":"<p>Unser leichtes, \u00e4u\u00dferst bequemes Exoskelett, Mechanik im Dienste des menschlichen Bewegungsapparates 10 Gr\u00fcnde, sich f\u00fcr das von Mawashi entwickelte Exoskelett UPLIFT\u2122 Lite zu entscheiden Wichtigste Merkmale<\/p>\n","protected":false},"author":1,"featured_media":0,"parent":0,"menu_order":0,"comment_status":"closed","ping_status":"closed","template":"","meta":{"om_disable_all_campaigns":false,"_monsterinsights_skip_tracking":false,"_monsterinsights_sitenote_active":false,"_monsterinsights_sitenote_note":"","_monsterinsights_sitenote_category":0,"footnotes":""},"class_list":["post-415","page","type-page","status-publish","hentry"],"aioseo_notices":[],"_links":{"self":[{"href":"https:\/\/epar-service.com\/de_de\/wp-json\/wp\/v2\/pages\/415","targetHints":{"allow":["GET"]}}],"collection":[{"href":"https:\/\/epar-service.com\/de_de\/wp-json\/wp\/v2\/pages"}],"about":[{"href":"https:\/\/epar-service.com\/de_de\/wp-json\/wp\/v2\/types\/page"}],"author":[{"embeddable":true,"href":"https:\/\/epar-service.com\/de_de\/wp-json\/wp\/v2\/users\/1"}],"replies":[{"embeddable":true,"href":"https:\/\/epar-service.com\/de_de\/wp-json\/wp\/v2\/comments?post=415"}],"version-history":[{"count":2,"href":"https:\/\/epar-service.com\/de_de\/wp-json\/wp\/v2\/pages\/415\/revisions"}],"predecessor-version":[{"id":422,"href":"https:\/\/epar-service.com\/de_de\/wp-json\/wp\/v2\/pages\/415\/revisions\/422"}],"wp:attachment":[{"href":"https:\/\/epar-service.com\/de_de\/wp-json\/wp\/v2\/media?parent=415"}],"curies":[{"name":"wp","href":"https:\/\/api.w.org\/{rel}","templated":true}]}}