{"id":378,"date":"2025-08-10T14:49:45","date_gmt":"2025-08-10T14:49:45","guid":{"rendered":"https:\/\/epar-service.com\/?page_id=378"},"modified":"2025-08-10T14:49:45","modified_gmt":"2025-08-10T14:49:45","slug":"exia-von-german-bionic","status":"publish","type":"page","link":"https:\/\/epar-service.com\/de_de\/exia-von-german-bionic\/","title":{"rendered":"EXIA von German Bionic"},"content":{"rendered":"\n<figure class=\"wp-block-image\"><img decoding=\"async\" src=\"https:\/\/framerusercontent.com\/images\/2HpIMMxn0cO3dSmhtr0t0lTWepg.jpg\" alt=\"GB-Exia-Hero-Image\"\/><\/figure>\n\n\n\n<h3 class=\"wp-block-heading\">Das weltweit leistungsst\u00e4rkste Exoskelett<\/h3>\n\n\n\n<h3 class=\"wp-block-heading\">KI-Exoskelett f\u00fcr alle Use Cases: vom h\u00e4rtesten Job in der Industrie bis zur einf\u00fchlsamen Pflege von Patienten<\/h3>\n\n\n\n<p>Exia \u2013 Augmented AI, die versteht, wie Menschen arbeiten. Das Exia hat jahrelang gelernt. Vom Menschen. Aus Milliarden von Anwendungsdaten, die im realen Arbeitsalltag gesammelt wurden. Das Ergebnis: Es unterst\u00fctzt intelligent und personalisiert und macht so die Menschen leistungsf\u00e4higer. Dabei vereint es s\u00e4mtliche Use Cases in einem einzigen leistungsstarken Exoskelett. Denn das von Grund auf neu konzipierte Exia passt sich flexibel den Nutzenden, Aufgaben und Branchen an.<\/p>\n\n\n\n<figure class=\"wp-block-image\"><img decoding=\"async\" src=\"https:\/\/framerusercontent.com\/images\/s9V9e4zDbzVc3Oddsn7ARkdYpfw.jpg\" alt=\"AI-powered German Bionic Exia exoskeleton supporting a warehouse worker lifting heavy boxes to improve ergonomics and prevent back injuries in logistics\"\/><\/figure>\n\n\n\n<figure class=\"wp-block-image\"><img decoding=\"async\" src=\"https:\/\/framerusercontent.com\/images\/v7vYQaELJQwJFn61qziMts3VBw.jpg\" alt=\"German Bionic Exia robotic exoskeleton assisting industrial worker in bent-over tasks, providing lower back support and enhancing efficiency in warehousing operations.\"\/><\/figure>\n\n\n\n<figure class=\"wp-block-image\"><img decoding=\"async\" src=\"https:\/\/framerusercontent.com\/images\/eVguWHxDFW6zQ09rnGbirnnSwVs.jpg\" alt=\"German Bionic Exia robotic exoskeleton supporting heavy lifting tasks, helping prevent musculoskeletal disorders and boosting productivity.\"\/><\/figure>\n\n\n\n<h1 class=\"wp-block-heading\">KI-Power f\u00fcr alle Aufgaben<\/h1>\n\n\n\n<h2 class=\"wp-block-heading\">Weniger Belastung, mehr Gesundheit \u2013 und damit Arbeitspl\u00e4tze, die sicherer, inklusiver und attraktiver sind: Das Exia entlastet Menschen, die im Job k\u00f6rperlich stark gefordert sind, mit einer Gewichtskompensation von bis zu 38\u202fkg pro Hebebewegung. Damit wirkt es auch dem Fachkr\u00e4ftemangel entgegen. Denn es senkt krankheitsbedingte Ausf\u00e4lle, verl\u00e4ngert das Berufsleben und macht Jobs nachhaltiger \u2013 ob in der Logistik, auf dem Bau oder in der Pflege.<\/h2>\n\n\n\n<h2 class=\"wp-block-heading\">Ein Tool, das sich dem Menschen anpasst.<\/h2>\n\n\n\n<p>Jeder Mensch ist anders. Jede Aufgabe ist einzigartig. Das Exia basiert auf KI und maschinellem Lernen und nutzt Milliarden anonymisierter Daten aus realen Arbeitssituationen \u2013 um individuelle Bewegungen zu verstehen und so gezielt zu unterst\u00fctzen. Es passt sich in Echtzeit an Person und T\u00e4tigkeit an und bietet genau dort Unterst\u00fctzung, wo sie am meisten gebraucht wird.<\/p>\n\n\n\n<p>Vorteile auf einen Blick:<\/p>\n\n\n\n<ul class=\"wp-block-list\">\n<li>Unterst\u00fctzt mit bis zu 38\u202fkg pro Hebebewegung<\/li>\n\n\n\n<li>Entlastet beim Heben, Gehen, Tragen und Beladen sowie beim Arbeiten in vorgebeugter Haltung<\/li>\n\n\n\n<li>Hilft dabei, Verletzungen und Muskel-Skelett-Erkrankungen (MSE) vorzubeugen<\/li>\n\n\n\n<li>Lernt mit jeder Nutzung hinzu und verbessert sich kontinuierlich durch KI<\/li>\n\n\n\n<li>Bekommt regelm\u00e4\u00dfig Over-the-Air-Updates<\/li>\n\n\n\n<li>Eingebunden in digitale Workflows und Datenplattformen<\/li>\n\n\n\n<li>Robust, staub- und wasserdicht<\/li>\n\n\n\n<li>Erprobt und bew\u00e4hrt in realen Arbeitssituationen in Industrie und Pflege<\/li>\n<\/ul>\n\n\n\n<h1 class=\"wp-block-heading\">360\u00b0 human augmentation mit KI<\/h1>\n\n\n\n<h2 class=\"wp-block-heading\">Komplett vernetzt und mit Fokus Mensch gestaltet: Die Anwendungsdaten der Exoskelette flie\u00dfen in fortschrittliches Machine Learning ein. So macht KI es m\u00f6glich, dass das Exia sich kontinuierlich den individuellen Bed\u00fcrfnissen, Bewegungen und T\u00e4tigkeiten der Menschen im realen Arbeitsalltag anpasst.<\/h2>\n\n\n\n<p>Smart Safety Companion<\/p>\n\n\n\n<p>KI-gest\u00fctztes Fr\u00fchwarnsystem f\u00fcr Ergonomie<\/p>\n\n\n\n<p>German Bionic IO-Plattform<\/p>\n\n\n\n<p>Umfangreiche KI-gesteuerte Datenanalysen, \u00dcberwachung und Berichterstattung zur Optimierung von Arbeitsprozessen<\/p>\n\n\n\n<p>German Bionic Connect-App<\/p>\n\n\n\n<p>Integriert und erkennt den Benutzer als integralen Bestandteil des Systems mit bidirektionalem Feedback<\/p>\n\n\n\n<figure class=\"wp-block-video\"><video height=\"1080\" style=\"aspect-ratio: 1920 \/ 1080;\" width=\"1920\" controls src=\"https:\/\/epar-service.com\/wp-content\/uploads\/2025\/08\/Suevch4oN7z26XXZBTL83XeeU.mp4\"><\/video><\/figure>\n","protected":false},"excerpt":{"rendered":"<p>Das weltweit leistungsst\u00e4rkste Exoskelett KI-Exoskelett f\u00fcr alle Use Cases: vom h\u00e4rtesten Job in der Industrie bis zur einf\u00fchlsamen Pflege von Patienten Exia \u2013 Augmented AI, die versteht, wie Menschen arbeiten. Das Exia hat jahrelang gelernt. Vom Menschen. Aus Milliarden von Anwendungsdaten, die im realen Arbeitsalltag gesammelt wurden. Das Ergebnis: Es unterst\u00fctzt intelligent und personalisiert und [&hellip;]<\/p>\n","protected":false},"author":1,"featured_media":0,"parent":0,"menu_order":0,"comment_status":"closed","ping_status":"closed","template":"","meta":{"om_disable_all_campaigns":false,"_monsterinsights_skip_tracking":false,"_monsterinsights_sitenote_active":false,"_monsterinsights_sitenote_note":"","_monsterinsights_sitenote_category":0,"footnotes":""},"class_list":["post-378","page","type-page","status-publish","hentry"],"aioseo_notices":[],"_links":{"self":[{"href":"https:\/\/epar-service.com\/de_de\/wp-json\/wp\/v2\/pages\/378","targetHints":{"allow":["GET"]}}],"collection":[{"href":"https:\/\/epar-service.com\/de_de\/wp-json\/wp\/v2\/pages"}],"about":[{"href":"https:\/\/epar-service.com\/de_de\/wp-json\/wp\/v2\/types\/page"}],"author":[{"embeddable":true,"href":"https:\/\/epar-service.com\/de_de\/wp-json\/wp\/v2\/users\/1"}],"replies":[{"embeddable":true,"href":"https:\/\/epar-service.com\/de_de\/wp-json\/wp\/v2\/comments?post=378"}],"version-history":[{"count":1,"href":"https:\/\/epar-service.com\/de_de\/wp-json\/wp\/v2\/pages\/378\/revisions"}],"predecessor-version":[{"id":380,"href":"https:\/\/epar-service.com\/de_de\/wp-json\/wp\/v2\/pages\/378\/revisions\/380"}],"wp:attachment":[{"href":"https:\/\/epar-service.com\/de_de\/wp-json\/wp\/v2\/media?parent=378"}],"curies":[{"name":"wp","href":"https:\/\/api.w.org\/{rel}","templated":true}]}}