{"id":284,"date":"2025-01-25T19:55:55","date_gmt":"2025-01-25T19:55:55","guid":{"rendered":"https:\/\/epar-service.com\/?page_id=284"},"modified":"2025-01-25T19:55:55","modified_gmt":"2025-01-25T19:55:55","slug":"wissenswertes-zur-aktivierung-und-technologie","status":"publish","type":"page","link":"https:\/\/epar-service.com\/de_de\/wissenswertes-zur-aktivierung-und-technologie\/","title":{"rendered":"Wissenswertes zur\u00a0Aktivierung und Technologie"},"content":{"rendered":"\n<h6 class=\"wp-block-heading\"><br>KLIMATECHNIK 5.0<\/h6>\n\n\n\n<h2 class=\"wp-block-heading\">COOLINE SX3<\/h2>\n\n\n\n<h1 class=\"wp-block-heading\">3D-HIGHTECH<br>K\u00dcHLUNG<\/h1>\n\n\n\n<p><strong>PATENTIERT<br><\/strong><strong>EINZIGARTIG<br>AUSGEZEICHNET<\/strong><\/p>\n\n\n\n<figure class=\"wp-block-image\"><img decoding=\"async\" src=\"https:\/\/e-cooline.de\/wp-content\/uploads\/2023\/02\/Cooline-SX3-Technologie-Verdunstungsdarstellung-1024%C3%971024px.webp\" alt=\"COOLINE SX3 Technologie-Verdunstungsdarstellung\" class=\"wp-image-2931\"\/><\/figure>\n\n\n\n<h2 class=\"wp-block-heading\">DIE KLIMAANLAGE ZUM ANZIEHEN<\/h2>\n\n\n\n<p>Hohe Qualit\u00e4t, brillante 3D-Technologie, nat\u00fcrliche K\u00e4ltemittel, wie Wasser und Luft und eine hochwertige Verarbeitung in schickem Design: COOLINE SX3 bietet alles, was nachhaltige Klimatisierung der Spitzenklasse ben\u00f6tigt.<\/p>\n\n\n\n<p>Das COOLINE SX3 Hightech- Vlies hat die Eigenschaft, gro\u00dfe Mengen Wasser sekundenschnell im Innern zu binden und direkt auf den smarten 3D-Fasern fest zu speichern. Der Vorteil: es entsteht eine enorm gro\u00dfe Oberfl\u00e4che an Wassermolek\u00fclen, die sofort hochaktiv verdunsten und effektiv k\u00fchlen k\u00f6nnen. Es bilden sich auf Druck keinerlei Wassertropfen oder Kondenswasser \u2013 selbst wenn Sie extremen Druck aus\u00fcben.<\/p>\n\n\n\n<figure class=\"wp-block-image\"><img decoding=\"async\" src=\"https:\/\/e-cooline.de\/wp-content\/uploads\/2023\/01\/UN-Woman-300x150px.jpg\" alt=\"Logo UN-Women\"\/><\/figure>\n\n\n\n<figure class=\"wp-block-image\"><img decoding=\"async\" src=\"https:\/\/e-cooline.de\/wp-content\/uploads\/2023\/02\/Logo-cool-coalition-300x150px.webp\" alt=\"Logo cool coalition-300x150px\"\/><\/figure>\n\n\n\n<figure class=\"wp-block-image\"><img decoding=\"async\" src=\"https:\/\/e-cooline.de\/wp-content\/uploads\/2023\/02\/Logo-Green-cooling-Initiative-300x150px.webp\" alt=\"Logo Green cooling Initiative-300x150px\"\/><\/figure>\n\n\n\n<figure class=\"wp-block-image\"><img decoding=\"async\" src=\"https:\/\/e-cooline.de\/wp-content\/uploads\/2024\/06\/E-COOLINE-CP-Klimaneutrale-Produkte.png\" alt=\"E-COOLINE-CP-Klimaneutrale-Produkte\"\/><\/figure>\n\n\n\n<figure class=\"wp-block-image\"><img decoding=\"async\" src=\"https:\/\/e-cooline.de\/wp-content\/uploads\/2023\/01\/ecooline-made-in-germany.jpg\" alt=\"ecooline-made-in-germany\"\/><\/figure>\n\n\n\n<figure class=\"wp-block-image\"><img decoding=\"async\" src=\"https:\/\/e-cooline.de\/wp-content\/uploads\/2023\/01\/ecooline-patentierte-technologie.jpg\" alt=\"ecooline-patentierte-technologie\"\/><\/figure>\n\n\n\n<figure class=\"wp-block-image\"><img decoding=\"async\" src=\"https:\/\/e-cooline.de\/wp-content\/uploads\/2023\/01\/Logo-ecooline-cooling-effekt-durch-hohenstein-bestaetigt.jpg\" alt=\"Logo-ecooline-cooling-effekt-durch-hohenstein-best\u00e4tigt\"\/><\/figure>\n\n\n\n<figure class=\"wp-block-image\"><img decoding=\"async\" src=\"https:\/\/e-cooline.de\/wp-content\/uploads\/2023\/01\/Caring-for-Climate-300x150uex.jpg\" alt=\"Caring-for-Climate-300x150\u00fcx\"\/><\/figure>\n\n\n\n<figure class=\"wp-block-image\"><img decoding=\"async\" src=\"https:\/\/e-cooline.de\/wp-content\/uploads\/2023\/01\/ecooline-alliance-for-climate-Kopie.jpg\" alt=\"ecooline-alliance-for-climate - Kopie\"\/><\/figure>\n\n\n\n<figure class=\"wp-block-image\"><img decoding=\"async\" src=\"https:\/\/e-cooline.de\/wp-content\/uploads\/2023\/01\/Logo_Textilbuendnis-Kopie.png\" alt=\"Logo_Textilb\u00fcndnis - Kopie\"\/><\/figure>\n\n\n\n<figure class=\"wp-block-image\"><img decoding=\"async\" src=\"https:\/\/e-cooline.de\/wp-content\/uploads\/2023\/01\/Senat-der-Wirtschaft-300x150px-Kopie.jpg\" alt=\"Senat-der-Wirtschaft-300x150px - Kopie\"\/><\/figure>\n\n\n\n<figure class=\"wp-block-image\"><img decoding=\"async\" src=\"https:\/\/e-cooline.de\/wp-content\/uploads\/2023\/01\/suedwesttextil-Kopie.png\" alt=\"s\u00fcdwesttextil - Kopie\"\/><\/figure>\n\n\n\n<figure class=\"wp-block-image\"><img decoding=\"async\" src=\"https:\/\/e-cooline.de\/wp-content\/uploads\/2023\/01\/UN-Woman-300x150px.jpg\" alt=\"Logo UN-Women\"\/><\/figure>\n\n\n\n<figure class=\"wp-block-image\"><img decoding=\"async\" src=\"https:\/\/e-cooline.de\/wp-content\/uploads\/2023\/02\/Logo-cool-coalition-300x150px.webp\" alt=\"Logo cool coalition-300x150px\"\/><\/figure>\n\n\n\n<figure class=\"wp-block-image\"><img decoding=\"async\" src=\"https:\/\/e-cooline.de\/wp-content\/uploads\/2023\/02\/Logo-Green-cooling-Initiative-300x150px.webp\" alt=\"Logo Green cooling Initiative-300x150px\"\/><\/figure>\n\n\n\n<figure class=\"wp-block-image\"><img decoding=\"async\" src=\"https:\/\/e-cooline.de\/wp-content\/uploads\/2024\/06\/E-COOLINE-CP-Klimaneutrale-Produkte.png\" alt=\"E-COOLINE-CP-Klimaneutrale-Produkte\"\/><\/figure>\n\n\n\n<figure class=\"wp-block-image\"><img decoding=\"async\" src=\"https:\/\/e-cooline.de\/wp-content\/uploads\/2023\/01\/ecooline-made-in-germany.jpg\" alt=\"ecooline-made-in-germany\"\/><\/figure>\n\n\n\n<figure class=\"wp-block-image\"><img decoding=\"async\" src=\"https:\/\/e-cooline.de\/wp-content\/uploads\/2023\/01\/ecooline-patentierte-technologie.jpg\" alt=\"ecooline-patentierte-technologie\"\/><\/figure>\n\n\n\n<figure class=\"wp-block-image\"><img decoding=\"async\" src=\"https:\/\/e-cooline.de\/wp-content\/uploads\/2023\/01\/Logo-ecooline-cooling-effekt-durch-hohenstein-bestaetigt.jpg\" alt=\"Logo-ecooline-cooling-effekt-durch-hohenstein-best\u00e4tigt\"\/><\/figure>\n\n\n\n<figure class=\"wp-block-image\"><img decoding=\"async\" src=\"https:\/\/e-cooline.de\/wp-content\/uploads\/2023\/01\/Caring-for-Climate-300x150uex.jpg\" alt=\"Caring-for-Climate-300x150\u00fcx\"\/><\/figure>\n\n\n\n<p>EFFEKTIV K\u00dcHL, ABER ANGENEHM TROCKEN<\/p>\n\n\n\n<h2 class=\"wp-block-heading\">KLIMATECHNIK<br>MIT SMARTEN FASERN<\/h2>\n\n\n\n<p>Die Einsatzm\u00f6glichkeiten des 3D-COOL Materials sind immens und haben sich in den vergangenen Jahren bereits in vielen Bereichen erfolgreich bew\u00e4hrt. In Kleidung integriert kann das Hightech-Vlies wie eine Klimaanlage zum Anziehen genutzt werden. Einfach, effektiv und klimaneutral \u2013 mit Wohlf\u00fchlfaktor.<\/p>\n\n\n\n<p>Dank seiner exzellenten Performance ist das Material bei f\u00fchrenden Unternehmen im Bereich Gesundheitsschutz an hitzebelasteten Arbeitspl\u00e4tzen, in Kliniken und bei \u00c4rzten im neurologischen Bereich wie z.B. bei MS, aber auch in der Freizeit und im Sportbereich im Einsatz. Auch beim Thema Abnehmen spielt das COOLINE SX3 \u2013 Material mittlerweile eine f\u00fchrende Rolle.<\/p>\n\n\n\n<p>Verarbeitet in trendigen Designs ist das Material schnell im Einsatz und nach au\u00dfen trocken. Durch ein nat\u00fcrliches antibakterielles Finish mit DEOXX fresh bleiben Sie zudem nicht nur k\u00fchl, sondern auch hygienisch sauber. Genau diese Vorteile unterscheidet COOLINE SX3 von allen anderen im Markt erh\u00e4ltlichen Materialien. F\u00fcr ein wunderbar k\u00fchles Frischegef\u00fchl.<\/p>\n\n\n\n<p><a href=\"https:\/\/e-cooline.de\/shop\">JETZT KAUFEN<\/a><\/p>\n\n\n\n<figure class=\"wp-block-image\"><a href=\"https:\/\/e-cooline.de\/shop\/kuehlwesten\/e-cooline-powercool-sx3-raceweste\/\"><img decoding=\"async\" src=\"https:\/\/e-cooline.de\/wp-content\/uploads\/2023\/02\/Raceweste_Site-IF-award-Logo-links-Kopie.webp\" alt=\"RaceWeste mit iF Award Logo seitlich\" class=\"wp-image-2858\"\/><\/a><\/figure>\n\n\n\n<figure class=\"wp-block-image\"><img decoding=\"async\" src=\"https:\/\/e-cooline.de\/wp-content\/uploads\/2023\/03\/if_designaward2021_red_p_rgb-154x300.png\" alt=\"Logo IF Design Award 2021\" class=\"wp-image-6364\"\/><\/figure>\n\n\n\n<figure class=\"wp-block-image\"><a href=\"https:\/\/e-cooline.de\/shop\/kuehlshirts\/e-cooline-powercool-sx3-t-shirt\/\"><img decoding=\"async\" src=\"https:\/\/e-cooline.de\/wp-content\/uploads\/2023\/02\/Powercool-SX3-T-Shirt-Design-Award.webp\" alt=\"Powercool SX3 T-Shirt mit iF Design Award Logo\" class=\"wp-image-2857\"\/><\/a><\/figure>\n\n\n\n<h5 class=\"wp-block-heading\">EINSATZBEREIT IN SEKUNDEN<\/h5>\n\n\n\n<p>E.COOLINE Produkte sind in Sekunden mit Wasser aktiviert, schnell trocken und sofort mit 660 Watth\/l K\u00fchlleistung einsatzbereit.<\/p>\n\n\n\n<h5 class=\"wp-block-heading\">10 STUNDEN K\u00dcHL<\/h5>\n\n\n\n<p>Das COOLINE SX3 Material speichert soviel Wasser, dass Sie trocken und k\u00fchl durch den ganzen Tag kommen.<\/p>\n\n\n\n<h5 class=\"wp-block-heading\">WASCHBAR<\/h5>\n\n\n\n<p>E.COOLINE Produkte sind die einzig waschbaren K\u00fchlfunktionstextilien mit DEOXX fresh. Einfach per Hand oder Waschmaschine bei 30\u00b0C .<\/p>\n\n\n\n<p>M\u00d6GLICHE K\u00dcHLDIFFERENZ<\/p>\n\n\n\n<p>12\u00b0C<\/p>\n\n\n\n<figure class=\"wp-block-image\"><img decoding=\"async\" src=\"https:\/\/e-cooline.de\/wp-content\/uploads\/2023\/02\/COOLINE-SX3-Hybrid-Technologie-1500x1500px.webp\" alt=\"COOLINE SX3 Hybrid Technologie\" class=\"wp-image-2967\"\/><\/figure>\n\n\n\n<h2 class=\"wp-block-heading\">INDIVIDUELLE ANPASSUNG AN DIE UMGEBUNGSTEMPERATUR<\/h2>\n\n\n\n<p>Die einzigartige und patentierte 3D-Technologie macht es m\u00f6glich: Jedes Produkt mit COOLINE SX3 Vlies kann je nach Bedarf von jedem Benutzer selbst angepasst werden. In \u00fcber 90% der F\u00e4lle funktioniert E.COOLINE nach dem 3D COOL- Verdunstungsprinzip. Bei mehr K\u00fchlbedarf k\u00f6nnen Sie das System nat\u00fcrlich jederzeit nach Bedarf boosten. Lesen Sie weiter unten wie.<\/p>\n\n\n\n<p>Das Sch\u00f6ne daran: Sie k\u00fchlen effektiv und nachhaltig. Wir verwenden nur nat\u00fcrliche K\u00e4ltemittel, wie Wasser und Luft. Au\u00dferdem ist die Technologie schnell, einfach, praktisch und mobil \u00fcberall einsetzbar. Mit den coolen Designs der&nbsp;<strong><a href=\"https:\/\/e-cooline.de\/shop\">E.COOLINE<\/a><\/strong>&nbsp;und SlimCOOL Kollektionen sehen Sie auch noch gut aus.<\/p>\n\n\n\n<figure class=\"wp-block-image\"><img decoding=\"async\" src=\"https:\/\/e-cooline.de\/wp-content\/uploads\/2023\/02\/Logo-HNU-Award-150x150px-sw.webp\" alt=\"Logo Employer Branding Award 2021\"\/><\/figure>\n\n\n\n<figure class=\"wp-block-image\"><img decoding=\"async\" src=\"https:\/\/e-cooline.de\/wp-content\/uploads\/2023\/02\/Logo-IFaward-150x150px-sw.webp\" alt=\"Logo iF Design Award 2021\"\/><\/figure>\n\n\n\n<figure class=\"wp-block-image\"><img decoding=\"async\" src=\"https:\/\/e-cooline.de\/wp-content\/uploads\/2023\/02\/Logo-Land-der-Ideen-150x150px.webp\" alt=\"Logo Land der Ideen-150x150px\"\/><\/figure>\n\n\n\n<figure class=\"wp-block-image\"><img decoding=\"async\" src=\"https:\/\/e-cooline.de\/wp-content\/uploads\/2023\/02\/Logo-PlusX-150x150px-sw.webp\" alt=\"Logo PlusX-150x150px-sw\"\/><\/figure>\n\n\n\n<figure class=\"wp-block-image\"><img decoding=\"async\" src=\"https:\/\/e-cooline.de\/wp-content\/uploads\/2023\/02\/LogoMarketing-for-Future-150x150px-sw.webp\" alt=\"LogoMarketing for Future-150x150px-sw\"\/><\/figure>\n\n\n\n<figure class=\"wp-block-image\"><img decoding=\"async\" src=\"https:\/\/e-cooline.de\/wp-content\/uploads\/2023\/02\/Logo-Excellent-Award-150x150px-sw.webp\" alt=\"Logo Excellence Award\"\/><\/figure>\n\n\n\n<figure class=\"wp-block-image\"><img decoding=\"async\" src=\"https:\/\/e-cooline.de\/wp-content\/uploads\/2023\/02\/Logo-HNU-Award-150x150px-sw.webp\" alt=\"Logo Employer Branding Award 2021\"\/><\/figure>\n\n\n\n<figure class=\"wp-block-image\"><img decoding=\"async\" src=\"https:\/\/e-cooline.de\/wp-content\/uploads\/2023\/02\/Logo-IFaward-150x150px-sw.webp\" alt=\"Logo iF Design Award 2021\"\/><\/figure>\n\n\n\n<figure class=\"wp-block-image\"><img decoding=\"async\" src=\"https:\/\/e-cooline.de\/wp-content\/uploads\/2023\/02\/Logo-Land-der-Ideen-150x150px.webp\" alt=\"Logo Land der Ideen-150x150px\"\/><\/figure>\n\n\n\n<figure class=\"wp-block-image\"><img decoding=\"async\" src=\"https:\/\/e-cooline.de\/wp-content\/uploads\/2023\/02\/Logo-PlusX-150x150px-sw.webp\" alt=\"Logo PlusX-150x150px-sw\"\/><\/figure>\n\n\n\n<figure class=\"wp-block-image\"><img decoding=\"async\" src=\"https:\/\/e-cooline.de\/wp-content\/uploads\/2023\/02\/LogoMarketing-for-Future-150x150px-sw.webp\" alt=\"LogoMarketing for Future-150x150px-sw\"\/><\/figure>\n\n\n\n<figure class=\"wp-block-image\"><img decoding=\"async\" src=\"https:\/\/e-cooline.de\/wp-content\/uploads\/2023\/02\/Logo-Excellent-Award-150x150px-sw.webp\" alt=\"Logo Excellence Award\"\/><\/figure>\n\n\n\n<figure class=\"wp-block-image\"><img decoding=\"async\" src=\"https:\/\/e-cooline.de\/wp-content\/uploads\/2023\/02\/Logo-HNU-Award-150x150px-sw.webp\" alt=\"Logo Employer Branding Award 2021\"\/><\/figure>\n\n\n\n<figure class=\"wp-block-image\"><img decoding=\"async\" src=\"https:\/\/e-cooline.de\/wp-content\/uploads\/2023\/02\/Logo-IFaward-150x150px-sw.webp\" alt=\"Logo iF Design Award 2021\"\/><\/figure>\n\n\n\n<figure class=\"wp-block-image\"><img decoding=\"async\" src=\"https:\/\/e-cooline.de\/wp-content\/uploads\/2023\/02\/Logo-Land-der-Ideen-150x150px.webp\" alt=\"Logo Land der Ideen-150x150px\"\/><\/figure>\n\n\n\n<figure class=\"wp-block-image\"><img decoding=\"async\" src=\"https:\/\/e-cooline.de\/wp-content\/uploads\/2023\/02\/Logo-PlusX-150x150px-sw.webp\" alt=\"Logo PlusX-150x150px-sw\"\/><\/figure>\n\n\n\n<h5 class=\"wp-block-heading\">DIE HYBRID-TECHNOLOGIE VON PERVORMANCE<\/h5>\n\n\n\n<h2 class=\"wp-block-heading\">EINE K\u00dcHLTECHNOLOGIE F\u00dcR ALLE HITZEF\u00c4LLE<\/h2>\n\n\n\n<h5 class=\"wp-block-heading\">3D COOL TECHNOLOGY<\/h5>\n\n\n\n<p>Aufgrund der normalen W\u00e4rmeentwicklung unseres K\u00f6rpers verdunsten die auf den Fasern des 3D-COOL-Materials COOLINE SX3 gebundenen Wassermolek\u00fcle so effektiv, dass sich damit eine angenehme Temperatur von 16 \u2013 20\u00b0C mit einer K\u00fchlkapazit\u00e4t von bis zu 660 Watt\/l einstellt.<\/p>\n\n\n\n<p>Aufgrund des physikalischen Prinzips der Verdunstungsk\u00e4lte k\u00fchlt COOLINE damit bei h\u00f6heren Temperaturen st\u00e4rker, bei niedrigen Temperaturen weniger stark. Dadurch entsteht immer ein optimales K\u00fchlergebnis \u2013 automatisch. Und das Sch\u00f6ne daran: Sie brauchen keine externe Energiequelle, Sie k\u00f6nnen sich frei bewegen \u2013 Sie selbst bestimmen, wo und wann Sie sich k\u00fchlen. Ob in Geb\u00e4uden oder im Freien. Damit haben Sie eine autarke Klimatisierung, die schnell und einfach \u00fcberall einsetzbar ist.<\/p>\n\n\n\n<h5 class=\"wp-block-heading\">3D COOL BOOSTER<\/h5>\n\n\n\n<p>COOLINE kann aber noch mehr. W\u00e4hrend Sie bei extremen Bedingungen mit Eis- oder PCM-Material stundenlang warten m\u00fcssen, kann die 3D\u2013Oberfl\u00e4che von COOLINE K\u00e4ltekapazit\u00e4t von 0 \u2013 10\u00b0C in Rekordzeit von 5-20 Minuten (je nach Produkt) speichern und diese zus\u00e4tzlich zur Verdunstungsk\u00e4lte effektiv abgeben. Durch den Einsatz von einfachen, mobilen K\u00fchltaschen und Eispacks oder Crushed Ice ist E.COOLINE so auch bei extremen Temperaturen und \u00fcber 90% Luftfeuchtigkeit oder luftdichter Schutzkleidung wirksam. Innerhalb von Minuten ist das Produkt immer wieder einsatzbereit. Auch die SlimCOOL Produkte profitieren davon.<\/p>\n\n\n\n<p>In 90% der F\u00e4lle brauchen Sie den Cool-Booster gar nicht. Die 3D-Technologie alleine mit Verdunstungsk\u00e4lte reicht in der Regel v\u00f6llig aus. Das Sch\u00f6ne daran: Sie haben ein Produkt f\u00fcr alle F\u00e4lle.<\/p>\n\n\n\n<p><strong>In 90% aller Anwendungen k\u00fchlt die 3D-COOL Technologie mit reiner Verdunstungsk\u00e4lte effektiv mit bis zu 660 Wh den K\u00f6rper bis zu 12\u00b0C. Sie brauchen weder K\u00fchlschrank noch Eisschrank. Sparen Sie damit 97% CO2!<\/strong><\/p>\n\n\n\n<p><strong>Auch bei Extrembedingungen (\u00fcber 90% Luftfeuchtigkeit) funktioniert COOLINE SX3 perfekt. In diesen F\u00e4llen (nur ca. 10%) ben\u00f6tigen Sie lediglich eine einfache K\u00fchltasche mit K\u00fchlakkus oder Eisbeuteln zum Vork\u00fchlen.<\/strong><\/p>\n","protected":false},"excerpt":{"rendered":"<p>KLIMATECHNIK 5.0 COOLINE SX3 3D-HIGHTECHK\u00dcHLUNG PATENTIERTEINZIGARTIGAUSGEZEICHNET DIE KLIMAANLAGE ZUM ANZIEHEN Hohe Qualit\u00e4t, brillante 3D-Technologie, nat\u00fcrliche K\u00e4ltemittel, wie Wasser und Luft und eine hochwertige Verarbeitung in schickem Design: COOLINE SX3 bietet alles, was nachhaltige Klimatisierung der Spitzenklasse ben\u00f6tigt. Das COOLINE SX3 Hightech- Vlies hat die Eigenschaft, gro\u00dfe Mengen Wasser sekundenschnell im Innern zu binden und direkt [&hellip;]<\/p>\n","protected":false},"author":1,"featured_media":0,"parent":0,"menu_order":0,"comment_status":"closed","ping_status":"closed","template":"","meta":{"om_disable_all_campaigns":false,"_monsterinsights_skip_tracking":false,"_monsterinsights_sitenote_active":false,"_monsterinsights_sitenote_note":"","_monsterinsights_sitenote_category":0,"footnotes":""},"class_list":["post-284","page","type-page","status-publish","hentry"],"aioseo_notices":[],"_links":{"self":[{"href":"https:\/\/epar-service.com\/de_de\/wp-json\/wp\/v2\/pages\/284","targetHints":{"allow":["GET"]}}],"collection":[{"href":"https:\/\/epar-service.com\/de_de\/wp-json\/wp\/v2\/pages"}],"about":[{"href":"https:\/\/epar-service.com\/de_de\/wp-json\/wp\/v2\/types\/page"}],"author":[{"embeddable":true,"href":"https:\/\/epar-service.com\/de_de\/wp-json\/wp\/v2\/users\/1"}],"replies":[{"embeddable":true,"href":"https:\/\/epar-service.com\/de_de\/wp-json\/wp\/v2\/comments?post=284"}],"version-history":[{"count":1,"href":"https:\/\/epar-service.com\/de_de\/wp-json\/wp\/v2\/pages\/284\/revisions"}],"predecessor-version":[{"id":285,"href":"https:\/\/epar-service.com\/de_de\/wp-json\/wp\/v2\/pages\/284\/revisions\/285"}],"wp:attachment":[{"href":"https:\/\/epar-service.com\/de_de\/wp-json\/wp\/v2\/media?parent=284"}],"curies":[{"name":"wp","href":"https:\/\/api.w.org\/{rel}","templated":true}]}}