{"id":280,"date":"2025-01-25T19:49:26","date_gmt":"2025-01-25T19:49:26","guid":{"rendered":"https:\/\/epar-service.com\/?page_id=280"},"modified":"2025-01-25T20:08:21","modified_gmt":"2025-01-25T20:08:21","slug":"e-cooline-powercool-sx3-raceweste-kuehlende-weste-ihre-kuehlweste-gegen-hitzestress","status":"publish","type":"page","link":"https:\/\/epar-service.com\/de_de\/e-cooline-powercool-sx3-raceweste-kuehlende-weste-ihre-kuehlweste-gegen-hitzestress\/","title":{"rendered":"E.COOLINE Powercool SX3 RaceWeste \u2013 k\u00fchlende Weste \u2013 Ihre K\u00fchlweste gegen Hitzestress"},"content":{"rendered":"\n<h5 class=\"wp-block-heading\">Powercool SX3 RaceWeste \u2013 die perfekte K\u00fchlweste beim Sport<\/h5>\n\n\n\n<p>Mit der E.COOLINE&nbsp;<strong>Powercool SX3 RaceWeste<\/strong>&nbsp;mit der 3D -K\u00fchltechnologie COOLINE SX3 bleiben Sie auch bei Hitze herrlich cool. Ob bei&nbsp;<strong>der Arbeit, beim Joggen, Motorrad- oder Radfahren<\/strong>&nbsp;oder einfach&nbsp;<strong>beim Grillen<\/strong>&nbsp;\u2013 die K\u00fchlweste sorgt mit bis zu 660 Watt f\u00fcr eine angenehm trockene K\u00fchlung und damit f\u00fcr ein perfektes Wohlf\u00fchlklima.&nbsp;<strong>Indoor und Outdoor<\/strong>! Sie lindert Hitzestress und gesundheitliche Probleme durch hohe Temperaturen und verhilft Ihnen zu einer Extraportion Energie. Wissenschaftliche Studien haben die Wirksamkeit von E.COOLINE best\u00e4tigt.<\/p>\n\n\n\n<p>Das leichte, geschmeidige Material mit eingebautem, dehnbaren Mesh verleiht der sportlichen RaceWeste eine angenehme Passform und bietet einen hervorragenden Tragekomfort! Durch den k\u00f6rpernahen Schnitt und den flachen Rei\u00dfverschluss kann die K\u00fchlweste sowohl \u00fcber als auch unter anderer Kleidung wie zum Beispiel einer Motorradausr\u00fcstung, eine Feuerwehrschutzanzug oder einfach unter einem Anzug im B\u00fcro getragen werden.<\/p>\n\n\n\n<p>Die RaceWeste hat einen sportlich kurzen&nbsp;Schnitt. Bitte beachten Sie daher die R\u00fccken-L\u00e4ngenangaben f\u00fcr das Produkt.<\/p>\n\n\n\n<p><strong>Material:&nbsp;<\/strong>Obermaterial: 100% Polyester; Mesh-Material: 83% Polyester \/17% Elasthan; F\u00fcllung: 100% COOLINE Polyester<\/p>\n\n\n\n<p>Mit der E.COOLINE Raceweste k\u00fchlen Sie sich&nbsp;<strong>klimaneutral<\/strong>&nbsp;mit einer&nbsp;<strong>Technologie \u201cMade in Germany\u201d<\/strong>&nbsp;<br>&nbsp;<\/p>\n\n\n\n<hr class=\"wp-block-separator has-alpha-channel-opacity\"\/>\n\n\n\n<h5 class=\"wp-block-heading\">360\u00b0-Ansicht \u2013 E.COOLINE Powercool SX3 RaceWeste \/ k\u00fchlende Weste<\/h5>\n\n\n\n<figure class=\"wp-block-image\"><img decoding=\"async\" src=\"https:\/\/cdn02.plentymarkets.com\/07jvlffix7ng\/frontend\/Gifs\/E_COOLINE_Westen\/Powercool_SX3_Raceweste_-_animiert_WEB.gif\" alt=\"360\u00b0-Ansicht - E.COOLINE Powercool SX3 RaceWeste \/ k\u00fchlende Weste\"\/><\/figure>\n\n\n\n<h5 class=\"wp-block-heading\">GR\u00d6SSENTABELLE<\/h5>\n\n\n\n<figure class=\"wp-block-table\"><table class=\"has-fixed-layout\"><tbody><tr><td>&nbsp;Gr\u00f6\u00dfe<\/td><td>&nbsp;Weite\/Brustumfang<\/td><td>&nbsp;L\u00e4nge&nbsp;&nbsp;<\/td><\/tr><tr><td>XXS&nbsp;&nbsp;<\/td><td>77 \u2013 84 cm<\/td><td>44 cm<\/td><\/tr><tr><td>XS<\/td><td>&nbsp;84 \u2013 88 cm<\/td><td>46 cm<\/td><\/tr><tr><td>S<\/td><td>88 \u2013 92 cm<\/td><td>48 cm<\/td><\/tr><tr><td>M<\/td><td>92 \u2013 96 cm<\/td><td>50 cm<\/td><\/tr><tr><td>&nbsp;L<\/td><td>&nbsp;96 \u2013 100 cm<\/td><td>52 cm<\/td><\/tr><tr><td>&nbsp;XL<\/td><td>&nbsp;100 \u2013 106 cm<\/td><td>56 cm<\/td><\/tr><tr><td>&nbsp;XXL<\/td><td>&nbsp;106 \u2013 114 cm<\/td><td>59 cm<\/td><\/tr><tr><td>&nbsp;3XL<\/td><td>&nbsp;114 \u2013 120 cm<\/td><td>62 cm<\/td><\/tr><tr><td>4XL<\/td><td>&nbsp;120 \u2013 126 cm<\/td><td>64 cm<\/td><\/tr><\/tbody><\/table><\/figure>\n\n\n\n<h5 class=\"wp-block-heading\">AKTIVIERUNG<\/h5>\n\n\n\n<p>E.COOLINE Produkte zu aktivieren ist einfach und schnell. Wasser drauf \u2013 einrollen \u2013 abtrocknen.<\/p>\n\n\n\n<figure class=\"wp-block-embed is-type-video is-provider-youtube wp-block-embed-youtube wp-embed-aspect-16-9 wp-has-aspect-ratio\"><div class=\"wp-block-embed__wrapper\">\n<iframe loading=\"lazy\" title=\"So aktivieren Sie Ihre E.COOLINE Powercool SX3 Shirtweste\" width=\"500\" height=\"281\" src=\"https:\/\/www.youtube.com\/embed\/yaru7NmcFLo?feature=oembed\" frameborder=\"0\" allow=\"accelerometer; autoplay; clipboard-write; encrypted-media; gyroscope; picture-in-picture; web-share\" referrerpolicy=\"strict-origin-when-cross-origin\" allowfullscreen><\/iframe>\n<\/div><\/figure>\n\n\n\n<h5 class=\"wp-block-heading\">PFLEGEHINWEISE<\/h5>\n\n\n\n<p><strong>E.COOLINE K\u00fchlkleidung<\/strong>&nbsp;ist &nbsp;\u2013 im Gegensatz zu den meisten anderen K\u00fchlfunktionstextilien \u2013&nbsp;<strong>waschbar<\/strong>.<\/p>\n\n\n\n<figure class=\"wp-block-image is-resized\"><img decoding=\"async\" src=\"https:\/\/cdn02.plentymarkets.com\/07jvlffix7ng\/frontend\/E_COOLINE_E_COMMERCE\/Bilder_fuer_Produktbeschreibungen_allg\/Gluehbirne_pix_Artikeldetail1.png\" alt=\"Wissenswertes zur Aktivierung und Technologie\" style=\"width:41px;height:auto\"\/><\/figure>\n\n\n\n<p><strong><a href=\"https:\/\/epar-service.com\/wissenswertes-zur-aktivierung-und-technologie\/\" title=\"Wissenswertes zur&nbsp;Aktivierung und Technologie\">Wissenswertes zur&nbsp;Aktivierung und Technologie<\/a><\/strong><\/p>\n\n\n\n<p><\/p>\n","protected":false},"excerpt":{"rendered":"<p>Powercool SX3 RaceWeste \u2013 die perfekte K\u00fchlweste beim Sport Mit der E.COOLINE&nbsp;Powercool SX3 RaceWeste&nbsp;mit der 3D -K\u00fchltechnologie COOLINE SX3 bleiben Sie auch bei Hitze herrlich cool. Ob bei&nbsp;der Arbeit, beim Joggen, Motorrad- oder Radfahren&nbsp;oder einfach&nbsp;beim Grillen&nbsp;\u2013 die K\u00fchlweste sorgt mit bis zu 660 Watt f\u00fcr eine angenehm trockene K\u00fchlung und damit f\u00fcr ein perfektes Wohlf\u00fchlklima.&nbsp;Indoor [&hellip;]<\/p>\n","protected":false},"author":1,"featured_media":0,"parent":0,"menu_order":0,"comment_status":"closed","ping_status":"closed","template":"","meta":{"om_disable_all_campaigns":false,"_monsterinsights_skip_tracking":false,"_monsterinsights_sitenote_active":false,"_monsterinsights_sitenote_note":"","_monsterinsights_sitenote_category":0,"footnotes":""},"class_list":["post-280","page","type-page","status-publish","hentry"],"aioseo_notices":[],"_links":{"self":[{"href":"https:\/\/epar-service.com\/de_de\/wp-json\/wp\/v2\/pages\/280","targetHints":{"allow":["GET"]}}],"collection":[{"href":"https:\/\/epar-service.com\/de_de\/wp-json\/wp\/v2\/pages"}],"about":[{"href":"https:\/\/epar-service.com\/de_de\/wp-json\/wp\/v2\/types\/page"}],"author":[{"embeddable":true,"href":"https:\/\/epar-service.com\/de_de\/wp-json\/wp\/v2\/users\/1"}],"replies":[{"embeddable":true,"href":"https:\/\/epar-service.com\/de_de\/wp-json\/wp\/v2\/comments?post=280"}],"version-history":[{"count":4,"href":"https:\/\/epar-service.com\/de_de\/wp-json\/wp\/v2\/pages\/280\/revisions"}],"predecessor-version":[{"id":289,"href":"https:\/\/epar-service.com\/de_de\/wp-json\/wp\/v2\/pages\/280\/revisions\/289"}],"wp:attachment":[{"href":"https:\/\/epar-service.com\/de_de\/wp-json\/wp\/v2\/media?parent=280"}],"curies":[{"name":"wp","href":"https:\/\/api.w.org\/{rel}","templated":true}]}}