{"id":213,"date":"2025-01-01T17:59:03","date_gmt":"2025-01-01T17:59:03","guid":{"rendered":"https:\/\/epar-service.com\/?page_id=213"},"modified":"2025-07-21T21:02:00","modified_gmt":"2025-07-21T21:02:00","slug":"mate-xb","status":"publish","type":"page","link":"https:\/\/epar-service.com\/de_de\/mate-xb\/","title":{"rendered":"MATE &#8211; XB"},"content":{"rendered":"\n<div class=\"wp-block-group alignfull has-white-color has-pale-cyan-blue-background-color has-text-color has-background has-global-padding is-layout-constrained wp-container-core-group-is-layout-6493990a wp-block-group-is-layout-constrained\" style=\"padding-top:0vw;padding-right:0vw;padding-bottom:0vw;padding-left:0vw\">\n<h1 class=\"wp-block-heading has-text-align-center\">Muskelunterst\u00fctzende Technologie Exoskelett<\/h1>\n\n\n\n<p class=\"has-text-align-center\">MATE-XB ist ein nicht angetriebenes Exoskelett zur Verringerung der Erm\u00fcdung im Lendenwirbelbereich f\u00fcr Arbeiter, die Gewichte bewegen. Es unterst\u00fctzt den Benutzer bei der Arbeit in verschiedenen statischen Positionen oder beim wiederholten Heben von Lasten.<\/p>\n\n\n\n<h2 class=\"wp-block-heading\" id=\"gf849df257f1a\">Batterieloses, tragbares Roboter-Exoskelett<\/h2>\n\n\n\n<p>Erfahren Sie, wie das nicht angetriebene tragbare Exoskelett von Comau \u2013&nbsp;<strong>MATE-XB<\/strong>&nbsp;\u2013 menschliche Energie in einer Feder speichert und so Arbeitern hilft,<br>schwere Gegenst\u00e4nde zu heben und sperrige Lasten mit weniger k\u00f6rperlicher Anstrengung und<br>Erm\u00fcdung zu bewegen.<\/p>\n\n\n\n<div class=\"wp-block-buttons is-content-justification-center is-layout-flex wp-container-core-buttons-is-layout-a89b3969 wp-block-buttons-is-layout-flex\">\n<div class=\"wp-block-button is-style-outline is-style-outline--1\"><a class=\"wp-block-button__link has-white-color has-text-color wp-element-button\" href=\"https:\/\/epar-service.com\/rueckerstattung_rueckgaben\/\">Kontakt<\/a><\/div>\n<\/div>\n<\/div>\n\n\n\n<div class=\"wp-block-group alignfull has-white-background-color has-background has-global-padding is-layout-constrained wp-container-core-group-is-layout-a4e63d72 wp-block-group-is-layout-constrained\" style=\"margin-top:0px;padding-top:4vw;padding-right:4vw;padding-bottom:4vw;padding-left:4vw\">\n<div class=\"wp-block-columns alignwide is-layout-flex wp-container-core-columns-is-layout-828b44bc wp-block-columns-is-layout-flex\">\n<div class=\"wp-block-column is-layout-flow wp-block-column-is-layout-flow\">\n<figure class=\"wp-block-image size-large is-style-default\"><img decoding=\"async\" src=\"https:\/\/www.comau.com\/wp-content\/webp-express\/webp-images\/uploads\/2023\/06\/uomo-a-sx.png.webp\" alt=\"MATE - XB\"\/><\/figure>\n\n\n\n<p>Mechanisch-kinematische Kette<br>Struktur, die die freie Bewegung des Benutzers erleichtert.<br>Das Ger\u00e4t erm\u00f6glicht es dem Benutzer, den Kofferraum frei zu bewegen<br>Die passive kinematische Kette ist so konzipiert, dass sie kompakt um den menschlichen K\u00f6rper herum ist<br>Die passive kinematische Kette ist so konzipiert, dass sie die kinematische Kompatibilit\u00e4t zwischen Mensch und Exoskelett ber\u00fccksichtigt.<\/p>\n<\/div>\n\n\n\n<div class=\"wp-block-column is-layout-flow wp-block-column-is-layout-flow\">\n<figure class=\"wp-block-image size-large is-style-default\"><img decoding=\"async\" src=\"https:\/\/www.comau.com\/wp-content\/webp-express\/webp-images\/uploads\/2023\/06\/Comau_MATE-XT_Exoskeleton_Lumbar_Support-1.png.webp\" alt=\"MATE - XB\"\/><\/figure>\n\n\n\n<p><strong>Bekleidungs-Schnittstelle<\/strong><br>Alle Teile stehen in direktem Kontakt mit dem K\u00f6rper des Benutzers.<br>Atmungsaktive und biokompatible Materialien<br>Breite Auflagefl\u00e4che zur Verteilung der Reaktionskr\u00e4fte, ohne dass hohe Kraftpunkte entstehen.<\/p>\n<\/div>\n\n\n\n<div class=\"wp-block-column is-layout-flow wp-block-column-is-layout-flow\">\n<figure class=\"wp-block-image size-large is-style-default\"><img decoding=\"async\" src=\"https:\/\/www.comau.com\/wp-content\/webp-express\/webp-images\/uploads\/2023\/06\/Comau_MATE-XT_Exoskeleton_Back_Body-2.png.webp\" alt=\"MATE - XB\"\/><\/figure>\n\n\n\n<p><strong>Drehmoment-Erzeugungsbox (TGB)<\/strong><br>Kernmechanismus, der potenzielle mechanische Energie speichert und umwandelt, um ein einstellbares Unterst\u00fctzungsmoment zu erzeugen.<br>Die Unterst\u00fctzung ist proportional zum vom Oberk\u00f6rper erzeugten Drehmoment, sanfte Unterst\u00fctzung bis 25 kg<br>M\u00f6glichkeit, die H\u00f6he der Unterst\u00fctzung \u00fcber 5 Stufen einzustellen<br>Kein Hindernis beim Gehen.<\/p>\n<\/div>\n<\/div>\n<\/div>\n\n\n\n<div class=\"wp-block-group alignfull has-white-color has-pale-cyan-blue-background-color has-text-color has-background has-global-padding is-layout-constrained wp-container-core-group-is-layout-5789501e wp-block-group-is-layout-constrained\" style=\"margin-top:0px;padding-top:4vw;padding-right:4vw;padding-bottom:4vw;padding-left:4vw\">\n<div class=\"wp-block-columns is-layout-flex wp-container-core-columns-is-layout-403af8ad wp-block-columns-is-layout-flex\">\n<div class=\"wp-block-column is-layout-flow wp-block-column-is-layout-flow\">\n<p class=\"has-text-align-center\" style=\"font-size:clamp(35.2px, 2.2rem + ((1vw - 3.2px) * 2.824), 64px);line-height:1\"><strong>2,4 Kg<\/strong><\/p>\n\n\n\n<p class=\"has-text-align-center has-medium-font-size\">Gewicht<\/p>\n<\/div>\n\n\n\n<div class=\"wp-block-column is-layout-flow wp-block-column-is-layout-flow\">\n<p class=\"has-text-align-center\" style=\"font-size:clamp(35.2px, 2.2rem + ((1vw - 3.2px) * 2.824), 64px);line-height:1\"><strong>62%<\/strong><\/p>\n\n\n\n<p class=\"has-text-align-center has-medium-font-size\">R\u00fccken Entlastung<\/p>\n<\/div>\n\n\n\n<div class=\"wp-block-column is-layout-flow wp-block-column-is-layout-flow\">\n<p class=\"has-text-align-center\" style=\"font-size:clamp(35.2px, 2.2rem + ((1vw - 3.2px) * 2.824), 64px);line-height:1\"><strong>84%<\/strong><\/p>\n\n\n\n<p class=\"has-text-align-center has-medium-font-size\">Muskelerm\u00fcdung reduziert<\/p>\n<\/div>\n\n\n\n<div class=\"wp-block-column is-layout-flow wp-block-column-is-layout-flow\">\n<p class=\"has-text-align-center\" style=\"font-size:clamp(35.2px, 2.2rem + ((1vw - 3.2px) * 2.824), 64px);line-height:1\"><strong>25%<\/strong><\/p>\n\n\n\n<p class=\"has-text-align-center has-medium-font-size\">Mehr Kraft beim Heben<\/p>\n<\/div>\n<\/div>\n<\/div>\n\n\n\n<h3 class=\"wp-block-heading\">WAS IST MATE-XB?<\/h3>\n\n\n\n<p>MATE-XB ist ein nicht angetriebenes Exoskelett zur Entlastung der Muskulatur im Lendenwirbelbereich f\u00fcr Arbeiter, die Gewichte bewegen m\u00fcssen. Es unterst\u00fctzt den Benutzer bei der Arbeit in verschiedenen Positionen, z. B. beim B\u00fccken mit den Beinen (Hocken), beim Vorw\u00e4rtsbeugen oder beim wiederholten Heben von Lasten. Das Ger\u00e4t wurde entwickelt, um die Belastung des R\u00fcckens bei diesen T\u00e4tigkeiten zu verringern und die Arbeitsqualit\u00e4t des Benutzers zu verbessern.<\/p>\n\n\n\n<h3 class=\"wp-block-heading\">MATE-XB BIETET IHNEN GENAU DAS RICHTIGE MASS AN UNTERST\u00dcTZUNG<\/h3>\n\n\n\n<figure class=\"wp-block-image\"><img decoding=\"async\" src=\"https:\/\/www.comau.com\/wp-content\/uploads\/2023\/06\/Comau_MATE-XT_Exoskeleton_Lumbar_Support-2.png\" alt=\"MATE - XB\" class=\"wp-image-54474\"\/><\/figure>\n\n\n\n<p>Die Unterst\u00fctzung durch das MATE-XB Exoskelett ahmt die Wirkung der Rumpfbeugung auf den unteren R\u00fccken nach.<\/p>\n\n\n\n<p>MATE-XB BEWEGT SICH IM EINKLANG MIT IHREM K\u00d6RPER<\/p>\n\n\n\n<figure class=\"wp-block-image\"><img decoding=\"async\" src=\"https:\/\/www.comau.com\/wp-content\/uploads\/2023\/06\/Comau_MATE-XT_Exoskeleton_Back_Body-2.png\" alt=\"MATE - XB\" class=\"wp-image-54480\"\/><\/figure>\n\n\n\n<p>Dank einer Kette von passiven Freiheitsgraden erm\u00f6glicht das Exoskelett die volle Bewegungsfreiheit des Benutzers.<\/p>\n\n\n\n<h2 class=\"wp-block-heading\">MATE-XB passt sich Ihrem K\u00f6rper an, gibt Ihnen die Freiheit, sich zu bewegen<\/h2>\n\n\n\n<figure class=\"wp-block-image\"><img decoding=\"async\" src=\"https:\/\/www.comau.com\/wp-content\/uploads\/2023\/06\/Comau_MATE-XT_Exoskeleton_Lumbar_Support-1.png\" alt=\"MATE - XB\" class=\"wp-image-54468\"\/><\/figure>\n\n\n\n<p><strong _msttexthash=\"1478854\" _msthash=\"5\">MATE-XB funktioniert, wann, wo und wie Sie es tun<\/strong><\/p>\n\n\n\n<p>Die Unterst\u00fctzung durch das MATE-XB Exoskelett ahmt die Wirkung der Rumpfbeugung auf den unteren R\u00fccken nach.<\/p>\n\n\n\n<h3 class=\"wp-block-heading\">MATE-XB BEWEGT SICH IM EINKLANG MIT IHREM K\u00d6RPER<\/h3>\n\n\n\n<p>Dank einer Kette von passiven Freiheitsgraden erm\u00f6glicht das Exoskelett die volle Bewegungsfreiheit des Benutzers.<\/p>\n\n\n\n<p><strong>SO WIE SIE ES TUN MATE-XB FIT YOUR BODY<\/strong><\/p>\n\n\n\n<h3 class=\"wp-block-heading\">DIE FREIHEIT DER BEWEGUNG<\/h3>\n\n\n\n<h2 class=\"wp-block-heading\">EXTREM ERGONOMISCH, \u00dcBERALL<\/h2>\n\n\n\n<div class=\"wp-block-buttons is-content-justification-center is-layout-flex wp-container-core-buttons-is-layout-a89b3969 wp-block-buttons-is-layout-flex\">\n<div class=\"wp-block-button\"><a class=\"wp-block-button__link has-text-align-center wp-element-button\" href=\"https:\/\/epar-service.com\/rueckerstattung_rueckgaben\/\">Kontakt DEMO<\/a><\/div>\n<\/div>\n\n\n\n<div class=\"wp-block-group alignfull has-white-color has-pale-cyan-blue-background-color has-text-color has-background has-global-padding is-layout-constrained wp-container-core-group-is-layout-2b508e44 wp-block-group-is-layout-constrained\" style=\"margin-top:0px;padding-top:4vw;padding-right:4vw;padding-bottom:4vw;padding-left:4vw\">\n<h3 class=\"wp-block-heading has-text-align-center\">Am Ende steht MATE<\/h3>\n\n\n\n<p>MATE steht f\u00fcr Muscular Aiding Tech Exoskeleton.<\/p>\n\n\n\n<p>Es handelt sich um einen passiven, federbelasteten Exoskelett-Anzug (d. h. ohne motorisierte Gelenke oder Batterien), der Arbeitnehmern eine Antigravitationsunterst\u00fctzung f\u00fcr die Beugung und Streckung der Schultern bietet. MATE ist besonders f\u00fcr \u00dcberkopfarbeiten geeignet.<\/p>\n\n\n\n<div class=\"wp-block-buttons is-content-justification-center is-layout-flex wp-container-core-buttons-is-layout-766bf85b wp-block-buttons-is-layout-flex\">\n<div class=\"wp-block-button is-style-outline is-style-outline--2\"><a class=\"wp-block-button__link has-white-color has-text-color wp-element-button\" href=\"https:\/\/epar-service.com\/rueckerstattung_rueckgaben\/\">Kontakt<\/a><\/div>\n<\/div>\n<\/div>\n","protected":false},"excerpt":{"rendered":"<p>Muskelunterst\u00fctzende Technologie Exoskelett MATE-XB ist ein nicht angetriebenes Exoskelett zur Verringerung der Erm\u00fcdung im Lendenwirbelbereich f\u00fcr Arbeiter, die Gewichte bewegen. Es unterst\u00fctzt den Benutzer bei der Arbeit in verschiedenen statischen Positionen oder beim wiederholten Heben von Lasten. Batterieloses, tragbares Roboter-Exoskelett Erfahren Sie, wie das nicht angetriebene tragbare Exoskelett von Comau \u2013&nbsp;MATE-XB&nbsp;\u2013 menschliche Energie in einer [&hellip;]<\/p>\n","protected":false},"author":1,"featured_media":0,"parent":0,"menu_order":0,"comment_status":"closed","ping_status":"closed","template":"","meta":{"om_disable_all_campaigns":false,"_monsterinsights_skip_tracking":false,"_monsterinsights_sitenote_active":false,"_monsterinsights_sitenote_note":"","_monsterinsights_sitenote_category":0,"footnotes":""},"class_list":["post-213","page","type-page","status-publish","hentry"],"aioseo_notices":[],"_links":{"self":[{"href":"https:\/\/epar-service.com\/de_de\/wp-json\/wp\/v2\/pages\/213","targetHints":{"allow":["GET"]}}],"collection":[{"href":"https:\/\/epar-service.com\/de_de\/wp-json\/wp\/v2\/pages"}],"about":[{"href":"https:\/\/epar-service.com\/de_de\/wp-json\/wp\/v2\/types\/page"}],"author":[{"embeddable":true,"href":"https:\/\/epar-service.com\/de_de\/wp-json\/wp\/v2\/users\/1"}],"replies":[{"embeddable":true,"href":"https:\/\/epar-service.com\/de_de\/wp-json\/wp\/v2\/comments?post=213"}],"version-history":[{"count":14,"href":"https:\/\/epar-service.com\/de_de\/wp-json\/wp\/v2\/pages\/213\/revisions"}],"predecessor-version":[{"id":352,"href":"https:\/\/epar-service.com\/de_de\/wp-json\/wp\/v2\/pages\/213\/revisions\/352"}],"wp:attachment":[{"href":"https:\/\/epar-service.com\/de_de\/wp-json\/wp\/v2\/media?parent=213"}],"curies":[{"name":"wp","href":"https:\/\/api.w.org\/{rel}","templated":true}]}}