{"id":144,"date":"2024-12-25T20:26:42","date_gmt":"2024-12-25T20:26:42","guid":{"rendered":"https:\/\/epar-service.com\/?page_id=144"},"modified":"2024-12-27T07:48:16","modified_gmt":"2024-12-27T07:48:16","slug":"thorax-ssm","status":"publish","type":"page","link":"https:\/\/epar-service.com\/de_de\/thorax-ssm\/","title":{"rendered":"Thorax SSM"},"content":{"rendered":"\n<p class=\"has-text-align-center\"><strong>SCH\u00dcTZT \u00b7 ST\u00dcTZT \u00b7 STABILISIERT<\/strong><\/p>\n\n\n\n<p><img alt=\"Thorax SSM\" decoding=\"async\" src=\"https:\/\/www.thorax-ssm.com\/media\/a0\/ea\/fc\/1699013021\/Carbon-Hintergrund-Slider-Element.png\" srcset=\"https:\/\/www.thorax-ssm.com\/thumbnail\/a0\/ea\/fc\/1699013021\/Carbon-Hintergrund-Slider-Element_1920x1920.png 1920w, https:\/\/www.thorax-ssm.com\/thumbnail\/a0\/ea\/fc\/1699013021\/Carbon-Hintergrund-Slider-Element_800x800.png 800w, https:\/\/www.thorax-ssm.com\/thumbnail\/a0\/ea\/fc\/1699013021\/Carbon-Hintergrund-Slider-Element_400x400.png 400w\"><\/p>\n\n\n\n<h2 class=\"wp-block-heading\"><strong>TECHNOLOGIE DES THORAX SSM<\/strong><\/h2>\n\n\n\n<figure class=\"wp-block-image\"><img decoding=\"async\" src=\"https:\/\/www.thorax-ssm.com\/media\/e7\/ab\/b4\/1712127380\/Thorax-1000x1000-4mb.gif\" alt=\"Thorax SSM\"\/><\/figure>\n\n\n\n<p>Das&nbsp;<strong>Thorax Spine Support Module by ax-lightness<\/strong>&nbsp;ist eine Wirbels\u00e4ulenst\u00fctze mit R\u00fcckenf\u00fchrung vom Beckenansatz bis zu den Schultern und unterst\u00fctzt beim Stehen, Sitzen, Laufen und Heben.<br><br>Durch den anatomischen Aufbau wird eine gezielte Muskelbeanspruchung aller Muskelgruppen erreicht unter der h\u00f6chstm\u00f6glichen Sicherheit f\u00fcr die Wirbels\u00e4ule. Eine gerade K\u00f6rperhaltung in allen Bewegungsarten tr\u00e4gt damit zur Stabilisierung bei.<br><br>Unser System schafft es durch den Aufbau und die Konstruktion den gesamten Rumpf dynamisch aktiv zu stabilisieren. Der Carbonrahmen gew\u00e4hrleistet eine optimale Traglastverteilung beim Heben und Tragen von schweren Lasten genauso wie beim Tragen von Rucks\u00e4cken oder anderen R\u00fccken getragenen Lasten. Durch die aktive F\u00fchrung der Wirbels\u00e4ule im System sind Drehbewegungen des Rumpfes dynamisch gesteuert und die Wirbels\u00e4ule wird vor Rotationsbesch\u00e4digungen gesch\u00fctzt. Die Muskulatur wird zu aktivem Arbeiten angeregt, was eine deutlich h\u00f6here Auslastung der Rumpfmuskulatur zur Folge hat. Hierbei werden die betroffenen Gelenke durch das aktive System besonders gesch\u00fctzt. Schulterg\u00fcrtel, Wirbels\u00e4ule, Becken und H\u00fcfte erfahren eine anatomische Belastung, was zu besserer Kraftverteilung und damit zu schonenderer K\u00f6rperhaltung f\u00fchrt.<\/p>\n\n\n\n<h4 class=\"wp-block-heading\"><strong>#Sch\u00fctztSt\u00fctztStabilisiert<\/strong><\/h4>\n\n\n\n<figure class=\"wp-block-embed is-type-video is-provider-youtube wp-block-embed-youtube wp-embed-aspect-16-9 wp-has-aspect-ratio\"><div class=\"wp-block-embed__wrapper\">\n<iframe loading=\"lazy\" title=\"Thorax SSM by ax-lightness\" width=\"500\" height=\"281\" src=\"https:\/\/www.youtube.com\/embed\/GyBHTrOKfDs?feature=oembed\" frameborder=\"0\" allow=\"accelerometer; autoplay; clipboard-write; encrypted-media; gyroscope; picture-in-picture; web-share\" referrerpolicy=\"strict-origin-when-cross-origin\" allowfullscreen><\/iframe>\n<\/div><\/figure>\n\n\n\n<p><img alt=\"Thorax SSM\" decoding=\"async\" src=\"https:\/\/www.thorax-ssm.com\/media\/a0\/ea\/fc\/1699013021\/Carbon-Hintergrund-Slider-Element.png\" srcset=\"https:\/\/www.thorax-ssm.com\/thumbnail\/a0\/ea\/fc\/1699013021\/Carbon-Hintergrund-Slider-Element_1920x1920.png 1920w, https:\/\/www.thorax-ssm.com\/thumbnail\/a0\/ea\/fc\/1699013021\/Carbon-Hintergrund-Slider-Element_800x800.png 800w, https:\/\/www.thorax-ssm.com\/thumbnail\/a0\/ea\/fc\/1699013021\/Carbon-Hintergrund-Slider-Element_400x400.png 400w\"><\/p>\n\n\n\n<h2 class=\"wp-block-heading\"><strong>AUFBAU DES THORAX SSM<\/strong><\/h2>\n\n\n\n<figure class=\"wp-block-image\"><img decoding=\"async\" src=\"https:\/\/www.thorax-ssm.com\/media\/b6\/5e\/70\/1707124126\/Thorax-Frontansicht_Beschriftung-2023%20-%20140x180mm.jpg\" alt=\"Thorax SSM\"\/><\/figure>\n\n\n\n<ul class=\"wp-block-list\">\n<li>Hochwertiges Carbon T800 mit Aramid-und Glasfaserverst\u00e4rkung<\/li>\n\n\n\n<li>Hoher Grad an Passform durch die individuellen R\u00fcckenelemente<\/li>\n\n\n\n<li>ab 690 Gramm<\/li>\n\n\n\n<li>5 Standardgr\u00f6\u00dfen sowie individuell anpassbar<\/li>\n\n\n\n<li>Polster austauschbar und waschbar bis 60 \u00b0C<\/li>\n\n\n\n<li>Bestehend aus 6 Teilen (R\u00fccken-und Schultertr\u00e4ger, 2&nbsp;mittlere&nbsp;Spangen,&nbsp;1&nbsp;Beckenspange,&nbsp;1&nbsp;Brustplatte und&nbsp;Halteriemen mit Magnetverschluss)<\/li>\n<\/ul>\n\n\n\n<figure class=\"wp-block-image\"><img decoding=\"async\" src=\"https:\/\/www.thorax-ssm.com\/media\/96\/49\/7f\/1699020897\/IMG_0029.JPG\" alt=\"Thorax SSM\"\/><\/figure>\n\n\n\n<p><img alt=\"Thorax SSM\" decoding=\"async\" src=\"https:\/\/www.thorax-ssm.com\/media\/a0\/ea\/fc\/1699013021\/Carbon-Hintergrund-Slider-Element.png\" srcset=\"https:\/\/www.thorax-ssm.com\/thumbnail\/a0\/ea\/fc\/1699013021\/Carbon-Hintergrund-Slider-Element_1920x1920.png 1920w, https:\/\/www.thorax-ssm.com\/thumbnail\/a0\/ea\/fc\/1699013021\/Carbon-Hintergrund-Slider-Element_800x800.png 800w, https:\/\/www.thorax-ssm.com\/thumbnail\/a0\/ea\/fc\/1699013021\/Carbon-Hintergrund-Slider-Element_400x400.png 400w\"><\/p>\n\n\n\n<h2 class=\"wp-block-heading\"><strong>EINSATZBEREICHE DES THORAX SSM<\/strong><\/h2>\n\n\n\n<p class=\"has-text-align-center\"><img alt=\"Thorax SSM\" decoding=\"async\" srcset=\"https:\/\/www.thorax-ssm.com\/thumbnail\/2a\/63\/59\/1712065332\/_DSC0196-beschnitten_web_400x400.jpg 400w, https:\/\/www.thorax-ssm.com\/thumbnail\/2a\/63\/59\/1712065332\/_DSC0196-beschnitten_web_800x800.jpg 800w, https:\/\/www.thorax-ssm.com\/thumbnail\/2a\/63\/59\/1712065332\/_DSC0196-beschnitten_web_1920x1920.jpg 1920w\" src=\"https:\/\/www.thorax-ssm.com\/media\/2a\/63\/59\/1712065332\/_DSC0196-beschnitten_web.jpg\"><strong>INDUSTRIE &amp; HANDWERK &#8211; Montage, Anlagenbau, Fertigung &amp; Handwerk<\/strong><img alt=\"Thorax SSM\" decoding=\"async\" srcset=\"https:\/\/www.thorax-ssm.com\/thumbnail\/dd\/d9\/c8\/1712228895\/_DSC0206_ohne-Logo_web_400x400.jpg 400w, https:\/\/www.thorax-ssm.com\/thumbnail\/dd\/d9\/c8\/1712228895\/_DSC0206_ohne-Logo_web_800x800.jpg 800w, https:\/\/www.thorax-ssm.com\/thumbnail\/dd\/d9\/c8\/1712228895\/_DSC0206_ohne-Logo_web_1920x1920.jpg 1920w\" src=\"https:\/\/www.thorax-ssm.com\/media\/dd\/d9\/c8\/1712228895\/_DSC0206_ohne-Logo_web.jpg\"><strong>LOGISTIK &#8211; Lager, Transport, Pick &amp; Pack<\/strong><\/p>\n\n\n\n<p class=\"has-text-align-center\"><img alt=\"Thorax SSM\" decoding=\"async\" srcset=\"https:\/\/www.thorax-ssm.com\/thumbnail\/14\/59\/68\/1699021768\/IMG_0114_800x800.jpg 800w, https:\/\/www.thorax-ssm.com\/thumbnail\/14\/59\/68\/1699021768\/IMG_0114_400x400.jpg 400w, https:\/\/www.thorax-ssm.com\/thumbnail\/14\/59\/68\/1699021768\/IMG_0114_1920x1920.jpg 1920w\" src=\"https:\/\/www.thorax-ssm.com\/media\/14\/59\/68\/1699021768\/IMG_0114.jpg\"><strong>Gesundheitswesen &#8211; Feuerwehr, Rettungsdienst &amp; Pflege<\/strong><img alt=\"Thorax SSM\" decoding=\"async\" srcset=\"https:\/\/www.thorax-ssm.com\/thumbnail\/00\/f7\/bf\/1714036294\/DSC02641_web_400x400.jpg 400w, https:\/\/www.thorax-ssm.com\/thumbnail\/00\/f7\/bf\/1714036294\/DSC02641_web_800x800.jpg 800w, https:\/\/www.thorax-ssm.com\/thumbnail\/00\/f7\/bf\/1714036294\/DSC02641_web_1920x1920.jpg 1920w\" src=\"https:\/\/www.thorax-ssm.com\/media\/00\/f7\/bf\/1714036294\/DSC02641_web.jpg\"><strong>VERWALTUNG &amp; B\u00dcRO &#8211; Im Sitzen &amp; im Stehen<\/strong><\/p>\n\n\n\n<p><img alt=\"Thorax SSM\" decoding=\"async\" src=\"https:\/\/www.thorax-ssm.com\/media\/a0\/ea\/fc\/1699013021\/Carbon-Hintergrund-Slider-Element.png\" srcset=\"https:\/\/www.thorax-ssm.com\/thumbnail\/a0\/ea\/fc\/1699013021\/Carbon-Hintergrund-Slider-Element_1920x1920.png 1920w, https:\/\/www.thorax-ssm.com\/thumbnail\/a0\/ea\/fc\/1699013021\/Carbon-Hintergrund-Slider-Element_800x800.png 800w, https:\/\/www.thorax-ssm.com\/thumbnail\/a0\/ea\/fc\/1699013021\/Carbon-Hintergrund-Slider-Element_400x400.png 400w\"><\/p>\n\n\n\n<h2 class=\"wp-block-heading\"><strong>ZERTIFIZIERT DURCH DAS INSTITUT F\u00dcR GESUNDHEIT UND ERGONOMIE E.V. (IGR)<\/strong><\/h2>\n\n\n\n<figure class=\"wp-block-image\"><img decoding=\"async\" src=\"https:\/\/www.thorax-ssm.com\/media\/ab\/d5\/13\/1699273343\/IGR-Certificate_2022_07_2%20-%20DE.jpg\" alt=\"Thorax SSM\"\/><\/figure>\n\n\n\n<p>Der Thorax SSM wurde nach der DIN EN ISO 26800 durch das Institut f\u00fcr Gesundheit und Ergonomie e.V. (IGR) zertifiziert. Die DIN EN ISO 26800 stellt den allgemeinen Denkansatz der Ergonomie dar und legt wesentliche ergonomische Prinzipien und Konzepte fest.<br><br>Die Ergonomie besch\u00e4ftigt sich mit menschlichen, technologischen, wirtschaftlichen und organisationsbezogenen Faktoren, die das Verhalten, die T\u00e4tigkeiten und das Wohlbefinden von Menschen bei der Arbeit beeinflussen.<\/p>\n\n\n\n<figure class=\"wp-block-image\"><img decoding=\"async\" src=\"https:\/\/www.thorax-ssm.com\/media\/e7\/ab\/b4\/1712127380\/Thorax-1000x1000-4mb.gif\" alt=\"Thorax SSM\"\/><\/figure>\n\n\n\n<p><img alt=\"Thorax SSM\" decoding=\"async\" src=\"https:\/\/www.thorax-ssm.com\/media\/a0\/ea\/fc\/1699013021\/Carbon-Hintergrund-Slider-Element.png\" srcset=\"https:\/\/www.thorax-ssm.com\/thumbnail\/a0\/ea\/fc\/1699013021\/Carbon-Hintergrund-Slider-Element_1920x1920.png 1920w, https:\/\/www.thorax-ssm.com\/thumbnail\/a0\/ea\/fc\/1699013021\/Carbon-Hintergrund-Slider-Element_800x800.png 800w, https:\/\/www.thorax-ssm.com\/thumbnail\/a0\/ea\/fc\/1699013021\/Carbon-Hintergrund-Slider-Element_400x400.png 400w\"><\/p>\n","protected":false},"excerpt":{"rendered":"<p>SCH\u00dcTZT \u00b7 ST\u00dcTZT \u00b7 STABILISIERT TECHNOLOGIE DES THORAX SSM Das&nbsp;Thorax Spine Support Module by ax-lightness&nbsp;ist eine Wirbels\u00e4ulenst\u00fctze mit R\u00fcckenf\u00fchrung vom Beckenansatz bis zu den Schultern und unterst\u00fctzt beim Stehen, Sitzen, Laufen und Heben. Durch den anatomischen Aufbau wird eine gezielte Muskelbeanspruchung aller Muskelgruppen erreicht unter der h\u00f6chstm\u00f6glichen Sicherheit f\u00fcr die Wirbels\u00e4ule. Eine gerade K\u00f6rperhaltung in [&hellip;]<\/p>\n","protected":false},"author":1,"featured_media":0,"parent":0,"menu_order":0,"comment_status":"closed","ping_status":"closed","template":"","meta":{"om_disable_all_campaigns":false,"_monsterinsights_skip_tracking":false,"_monsterinsights_sitenote_active":false,"_monsterinsights_sitenote_note":"","_monsterinsights_sitenote_category":0,"footnotes":""},"class_list":["post-144","page","type-page","status-publish","hentry"],"aioseo_notices":[],"_links":{"self":[{"href":"https:\/\/epar-service.com\/de_de\/wp-json\/wp\/v2\/pages\/144","targetHints":{"allow":["GET"]}}],"collection":[{"href":"https:\/\/epar-service.com\/de_de\/wp-json\/wp\/v2\/pages"}],"about":[{"href":"https:\/\/epar-service.com\/de_de\/wp-json\/wp\/v2\/types\/page"}],"author":[{"embeddable":true,"href":"https:\/\/epar-service.com\/de_de\/wp-json\/wp\/v2\/users\/1"}],"replies":[{"embeddable":true,"href":"https:\/\/epar-service.com\/de_de\/wp-json\/wp\/v2\/comments?post=144"}],"version-history":[{"count":2,"href":"https:\/\/epar-service.com\/de_de\/wp-json\/wp\/v2\/pages\/144\/revisions"}],"predecessor-version":[{"id":153,"href":"https:\/\/epar-service.com\/de_de\/wp-json\/wp\/v2\/pages\/144\/revisions\/153"}],"wp:attachment":[{"href":"https:\/\/epar-service.com\/de_de\/wp-json\/wp\/v2\/media?parent=144"}],"curies":[{"name":"wp","href":"https:\/\/api.w.org\/{rel}","templated":true}]}}