{"id":415,"date":"2025-08-23T15:58:20","date_gmt":"2025-08-23T15:58:20","guid":{"rendered":"https:\/\/epar-service.com\/?page_id=415"},"modified":"2025-08-23T16:04:47","modified_gmt":"2025-08-23T16:04:47","slug":"oploftende-lys","status":"publish","type":"page","link":"https:\/\/epar-service.com\/da\/oploftende-lys\/","title":{"rendered":"UPLIFT Leight"},"content":{"rendered":"<div class=\"wp-block-group alignfull has-white-color has-pale-cyan-blue-background-color has-text-color has-background has-global-padding is-layout-constrained wp-container-core-group-is-layout-6493990a wp-block-group-is-layout-constrained\" style=\"padding-top:0vw;padding-right:0vw;padding-bottom:0vw;padding-left:0vw\">\n<h1 class=\"wp-block-heading has-text-align-center\">Vores lette, ekstremt komfortable exoskelet,<\/h1>\n\n\n\n<p class=\"has-text-align-center has-medium-font-size\">Mekanik i det menneskelige bev\u00e6geapparats tjeneste<\/p>\n\n\n\n<div class=\"wp-block-buttons is-content-justification-center is-layout-flex wp-container-core-buttons-is-layout-a89b3969 wp-block-buttons-is-layout-flex\">\n<div class=\"wp-block-button is-style-outline is-style-outline--1\"><a class=\"wp-block-button__link has-white-color has-text-color wp-element-button\" href=\"https:\/\/epar-service.com\/da\/rueckerstattung_rueckgaben\/\">Kontakt os<\/a><\/div>\n<\/div>\n<\/div>\n\n\n\n<figure class=\"wp-block-image size-full\"><img loading=\"lazy\" decoding=\"async\" width=\"487\" height=\"608\" src=\"https:\/\/epar-service.com\/wp-content\/uploads\/2025\/08\/UPLIFT-Leight-1.jpg\" alt=\"UPLIFT Leight\" class=\"wp-image-417\" srcset=\"https:\/\/epar-service.com\/wp-content\/uploads\/2025\/08\/UPLIFT-Leight-1.jpg 487w, https:\/\/epar-service.com\/wp-content\/uploads\/2025\/08\/UPLIFT-Leight-1-240x300.jpg 240w, https:\/\/epar-service.com\/wp-content\/uploads\/2025\/08\/UPLIFT-Leight-1-10x12.jpg 10w\" sizes=\"auto, (max-width: 487px) 100vw, 487px\" \/><\/figure>\n\n\n\n<h2 class=\"wp-block-heading\">10 grunde til at v\u00e6lge UPLIFT\u2122 Lite-eksoskelettet udviklet af Mawashi<\/h2>\n\n\n\n<figure class=\"wp-block-image\"><img decoding=\"async\" src=\"https:\/\/uplift.mawashi.ca\/wp-content\/uploads\/2023\/07\/separator-left.svg\" alt=\"UPLIFT Leight\" class=\"wp-image-2712\" title=\"separator-venstre\"\/><\/figure>\n\n\n\n<ul class=\"wp-block-list\">\n<li>Mere alsidighed<\/li>\n\n\n\n<li>St\u00f8rre bev\u00e6gelsesfrihed<\/li>\n\n\n\n<li>Forbedret ergonomi og komfort<\/li>\n\n\n\n<li>Ubegr\u00e6nset selvst\u00e6ndighed<\/li>\n\n\n\n<li>Intuitiv og naturlig st\u00f8tte, der f\u00f8lger menneskekroppens biomekaniske principper<\/li>\n<\/ul>\n\n\n\n<ul class=\"wp-block-list\">\n<li>En skr\u00e6ddersyet l\u00f8sning<\/li>\n\n\n\n<li>Et exoskelet af h\u00f8jeste kvalitet<\/li>\n\n\n\n<li>St\u00f8tte og et netv\u00e6rk til hj\u00e6lp<\/li>\n\n\n\n<li>En teknologi udviklet af en f\u00f8rende virksomhed inden for dette omr\u00e5de<\/li>\n\n\n\n<li>En praktisk og brugervenlig l\u00f8sning<\/li>\n\n\n\n<li><\/li>\n<\/ul>\n\n\n\n<figure class=\"wp-block-embed is-type-video is-provider-youtube wp-block-embed-youtube wp-embed-aspect-16-9 wp-has-aspect-ratio\"><div class=\"wp-block-embed__wrapper\">\n<iframe loading=\"lazy\" title=\"Mawashi | UPLIFT Lite-lancering\" width=\"500\" height=\"281\" src=\"https:\/\/www.youtube.com\/embed\/JC-URQKIaBc?feature=oembed\" frameborder=\"0\" allow=\"accelerometer; autoplay; clipboard-write; encrypted-media; gyroscope; picture-in-picture; web-share\" referrerpolicy=\"strict-origin-when-cross-origin\" allowfullscreen><\/iframe>\n<\/div><\/figure>\n\n\n\n<h2 class=\"wp-block-heading\">De vigtigste funktioner<\/h2>\n\n\n\n<figure class=\"wp-block-image\"><img decoding=\"async\" src=\"https:\/\/uplift.mawashi.ca\/wp-content\/uploads\/2023\/07\/shape-angle-2.svg\" alt=\"UPLIFT Leight\" class=\"wp-image-2723\" title=\"form-vinkel\"\/><\/figure>\n\n\n\n<ul class=\"wp-block-list\">\n<li>Brugertilpasset support, der tilpasser sig i realtid<\/li>\n\n\n\n<li>Hurtig og intuitiv manuel kontrol til at aktivere eller deaktivere underst\u00f8ttelse af alle hj\u00e6lpemoduler<\/li>\n\n\n\n<li>Intuitiv, nem at bruge og skabe<\/li>\n\n\n\n<li>Overkommelig for ethvert budget<\/li>\n<\/ul>\n\n\n\n<ul class=\"wp-block-list\">\n<li>Materialer af h\u00f8j kvalitet<\/li>\n\n\n\n<li>Ultralet, kun 1,6 kg (3,5 lbs)<\/li>\n\n\n\n<li>\u00c5ndbare materialer fremmer luftcirkulationen for optimal regulering af kropsvarmen<\/li>\n<\/ul>","protected":false},"excerpt":{"rendered":"<p>Vores lette, ekstremt komfortable exoskelet, mekanik til gavn for det menneskelige bev\u00e6geapparat 10 grunde til at v\u00e6lge UPLIFT\u2122 Lite exoskelet udviklet af Mawashi N\u00f8glefunktioner<\/p>","protected":false},"author":1,"featured_media":0,"parent":0,"menu_order":0,"comment_status":"closed","ping_status":"closed","template":"","meta":{"om_disable_all_campaigns":false,"_monsterinsights_skip_tracking":false,"_monsterinsights_sitenote_active":false,"_monsterinsights_sitenote_note":"","_monsterinsights_sitenote_category":0,"footnotes":""},"class_list":["post-415","page","type-page","status-publish","hentry"],"aioseo_notices":[],"_links":{"self":[{"href":"https:\/\/epar-service.com\/da\/wp-json\/wp\/v2\/pages\/415","targetHints":{"allow":["GET"]}}],"collection":[{"href":"https:\/\/epar-service.com\/da\/wp-json\/wp\/v2\/pages"}],"about":[{"href":"https:\/\/epar-service.com\/da\/wp-json\/wp\/v2\/types\/page"}],"author":[{"embeddable":true,"href":"https:\/\/epar-service.com\/da\/wp-json\/wp\/v2\/users\/1"}],"replies":[{"embeddable":true,"href":"https:\/\/epar-service.com\/da\/wp-json\/wp\/v2\/comments?post=415"}],"version-history":[{"count":2,"href":"https:\/\/epar-service.com\/da\/wp-json\/wp\/v2\/pages\/415\/revisions"}],"predecessor-version":[{"id":422,"href":"https:\/\/epar-service.com\/da\/wp-json\/wp\/v2\/pages\/415\/revisions\/422"}],"wp:attachment":[{"href":"https:\/\/epar-service.com\/da\/wp-json\/wp\/v2\/media?parent=415"}],"curies":[{"name":"wp","href":"https:\/\/api.w.org\/{rel}","templated":true}]}}