{"id":378,"date":"2025-08-10T14:49:45","date_gmt":"2025-08-10T14:49:45","guid":{"rendered":"https:\/\/epar-service.com\/?page_id=378"},"modified":"2025-08-10T14:49:45","modified_gmt":"2025-08-10T14:49:45","slug":"exia-fra-tyske-bionic","status":"publish","type":"page","link":"https:\/\/epar-service.com\/da\/exia-fra-tyske-bionic\/","title":{"rendered":"EXIA fra tyske Bionic"},"content":{"rendered":"<figure class=\"wp-block-image\"><img decoding=\"async\" src=\"https:\/\/framerusercontent.com\/images\/2HpIMMxn0cO3dSmhtr0t0lTWepg.jpg\" alt=\"GB Exia Hero-billede\"\/><\/figure>\n\n\n\n<h3 class=\"wp-block-heading\">Verdens mest kraftfulde exoskelet<\/h3>\n\n\n\n<h3 class=\"wp-block-heading\">AI-eksoskeletter til alle brugssituationer: fra det h\u00e5rdeste job i industrien til empatisk patientpleje<\/h3>\n\n\n\n<p>Exia - Augmented AI, der forst\u00e5r, hvordan mennesker arbejder. Exia har l\u00e6rt i \u00e5revis. Fra mennesker. Fra milliarder af applikationsdata indsamlet i det virkelige arbejdsliv. Resultatet: Den giver intelligent og personlig st\u00f8tte, som g\u00f8r folk mere effektive. Den kombinerer alle brugsscenarier i et enkelt h\u00f8jtydende exoskelet. Det skyldes, at Exia, som er blevet redesignet helt fra bunden, tilpasser sig fleksibelt til brugere, opgaver og brancher.<\/p>\n\n\n\n<figure class=\"wp-block-image\"><img decoding=\"async\" src=\"https:\/\/framerusercontent.com\/images\/s9V9e4zDbzVc3Oddsn7ARkdYpfw.jpg\" alt=\"Det AI-drevne tyske exoskelet Bionic Exia st\u00f8tter en lagerarbejder, der l\u00f8fter tunge kasser, for at forbedre ergonomien og forebygge rygskader i logistikken.\"\/><\/figure>\n\n\n\n<figure class=\"wp-block-image\"><img decoding=\"async\" src=\"https:\/\/framerusercontent.com\/images\/v7vYQaELJQwJFn61qziMts3VBw.jpg\" alt=\"Det tyske Bionic Exia-robotskelet hj\u00e6lper industriarbejdere med foroverb\u00f8jede opgaver, giver st\u00f8tte til l\u00e6nden og \u00f8ger effektiviteten i lagerarbejdet.\"\/><\/figure>\n\n\n\n<figure class=\"wp-block-image\"><img decoding=\"async\" src=\"https:\/\/framerusercontent.com\/images\/eVguWHxDFW6zQ09rnGbirnnSwVs.jpg\" alt=\"Det tyske Bionic Exia-robotskelet underst\u00f8tter tunge l\u00f8fteopgaver, hj\u00e6lper med at forebygge muskel- og skeletlidelser og \u00f8ger produktiviteten.\"\/><\/figure>\n\n\n\n<h1 class=\"wp-block-heading\">AI-kraft til alle opgaver<\/h1>\n\n\n\n<h2 class=\"wp-block-heading\">Mindre belastning, bedre helbred - og derfor arbejdspladser, der er sikrere, mere inkluderende og mere attraktive: Exia aflaster mennesker, der er fysisk udfordrede p\u00e5 arbejdet, med v\u00e6gtkompensation p\u00e5 op til 38 kg pr. l\u00f8ftebev\u00e6gelse. Dette modvirker ogs\u00e5 manglen p\u00e5 kvalificeret arbejdskraft. Det reducerer nemlig sygefrav\u00e6ret, forl\u00e6nger arbejdslivet og g\u00f8r arbejdspladserne mere b\u00e6redygtige - uanset om det er inden for logistik, byggeri eller pleje.<\/h2>\n\n\n\n<h2 class=\"wp-block-heading\">Et v\u00e6rkt\u00f8j, der tilpasser sig mennesker.<\/h2>\n\n\n\n<p>Alle mennesker er forskellige. Hver opgave er unik. Exia er baseret p\u00e5 AI og maskinl\u00e6ring og bruger milliarder af anonymiserede data fra virkelige arbejdssituationer - til at forst\u00e5 individuelle bev\u00e6gelser og give m\u00e5lrettet st\u00f8tte. Den tilpasser sig personen og aktiviteten i realtid og giver st\u00f8tte pr\u00e6cis der, hvor der er mest brug for den.<\/p>\n\n\n\n<p>Fordele p\u00e5 et \u00f8jeblik:<\/p>\n\n\n\n<ul class=\"wp-block-list\">\n<li>Underst\u00f8tter op til 38 kg pr. l\u00f8ftebev\u00e6gelse<\/li>\n\n\n\n<li>Aflaster ved l\u00f8ft, gang, b\u00e6ring og l\u00e6sning samt ved arbejde i foroverb\u00f8jet stilling<\/li>\n\n\n\n<li>Hj\u00e6lper med at forebygge skader og muskel- og skeletbesv\u00e6r (MSD)<\/li>\n\n\n\n<li>L\u00e6rer med hver brug og forbedrer sig l\u00f8bende gennem AI<\/li>\n\n\n\n<li>Modtager regelm\u00e6ssige over-the-air opdateringer<\/li>\n\n\n\n<li>Integreret i digitale arbejdsgange og dataplatforme<\/li>\n\n\n\n<li>Robust, st\u00f8vt\u00e6t og vandt\u00e6t<\/li>\n\n\n\n<li>Afpr\u00f8vet og testet i virkelige arbejdssituationer i industrien og plejesektoren<\/li>\n<\/ul>\n\n\n\n<h1 class=\"wp-block-heading\">360\u00b0 menneskelig forst\u00e6rkning med AI<\/h1>\n\n\n\n<h2 class=\"wp-block-heading\">Fuldt netv\u00e6rksforbundet og designet med fokus p\u00e5 mennesker: Exoskelettets applikationsdata str\u00f8mmer ind i avanceret maskinl\u00e6ring. Det er s\u00e5dan, AI g\u00f8r det muligt for Exia l\u00f8bende at tilpasse sig menneskers individuelle behov, bev\u00e6gelser og aktiviteter i deres daglige arbejdsliv.<\/h2>\n\n\n\n<p>Smart sikkerhedskompagnon<\/p>\n\n\n\n<p>AI-underst\u00f8ttet tidligt varslingssystem for ergonomi<\/p>\n\n\n\n<p>Tysk Bionic IO-platform<\/p>\n\n\n\n<p>Omfattende AI-drevet dataanalyse, overv\u00e5gning og rapportering for at optimere arbejdsprocesser<\/p>\n\n\n\n<p>Tysk Bionic Connect-app<\/p>\n\n\n\n<p>Integrerer og anerkender brugeren som en integreret del af systemet med tovejs feedback<\/p>\n\n\n\n<figure class=\"wp-block-video\"><video height=\"1080\" style=\"aspect-ratio: 1920 \/ 1080;\" width=\"1920\" controls src=\"https:\/\/epar-service.com\/wp-content\/uploads\/2025\/08\/Suevch4oN7z26XXZBTL83XeeU.mp4\"><\/video><\/figure>","protected":false},"excerpt":{"rendered":"<p>Das weltweit leistungsst\u00e4rkste Exoskelett KI-Exoskelett f\u00fcr alle Use Cases: vom h\u00e4rtesten Job in der Industrie bis zur einf\u00fchlsamen Pflege von Patienten Exia \u2013 Augmented AI, die versteht, wie Menschen arbeiten. Das Exia hat jahrelang gelernt. Vom Menschen. Aus Milliarden von Anwendungsdaten, die im realen Arbeitsalltag gesammelt wurden. Das Ergebnis: Es unterst\u00fctzt intelligent und personalisiert und [&hellip;]<\/p>\n","protected":false},"author":1,"featured_media":0,"parent":0,"menu_order":0,"comment_status":"closed","ping_status":"closed","template":"","meta":{"om_disable_all_campaigns":false,"_monsterinsights_skip_tracking":false,"_monsterinsights_sitenote_active":false,"_monsterinsights_sitenote_note":"","_monsterinsights_sitenote_category":0,"footnotes":""},"class_list":["post-378","page","type-page","status-publish","hentry"],"aioseo_notices":[],"_links":{"self":[{"href":"https:\/\/epar-service.com\/da\/wp-json\/wp\/v2\/pages\/378","targetHints":{"allow":["GET"]}}],"collection":[{"href":"https:\/\/epar-service.com\/da\/wp-json\/wp\/v2\/pages"}],"about":[{"href":"https:\/\/epar-service.com\/da\/wp-json\/wp\/v2\/types\/page"}],"author":[{"embeddable":true,"href":"https:\/\/epar-service.com\/da\/wp-json\/wp\/v2\/users\/1"}],"replies":[{"embeddable":true,"href":"https:\/\/epar-service.com\/da\/wp-json\/wp\/v2\/comments?post=378"}],"version-history":[{"count":1,"href":"https:\/\/epar-service.com\/da\/wp-json\/wp\/v2\/pages\/378\/revisions"}],"predecessor-version":[{"id":380,"href":"https:\/\/epar-service.com\/da\/wp-json\/wp\/v2\/pages\/378\/revisions\/380"}],"wp:attachment":[{"href":"https:\/\/epar-service.com\/da\/wp-json\/wp\/v2\/media?parent=378"}],"curies":[{"name":"wp","href":"https:\/\/api.w.org\/{rel}","templated":true}]}}